{"id":11825,"date":"2021-03-31T09:04:50","date_gmt":"2021-03-31T08:04:50","guid":{"rendered":"https:\/\/www.voltabelting.com\/?page_id=11825"},"modified":"2024-10-31T13:24:27","modified_gmt":"2024-10-31T13:24:27","slug":"elevators","status":"publish","type":"page","link":"https:\/\/www.voltabelting.com\/de\/solutions-by-conveyor-type\/elevators\/","title":{"rendered":"Elevatoren"},"content":{"rendered":"\t\t<div data-elementor-type=\"wp-page\" data-elementor-id=\"11825\" class=\"elementor elementor-11825 elementor-3068\" data-elementor-post-type=\"page\">\n\t\t\t\t\t\t<section class=\"elementor-section elementor-top-section elementor-element elementor-element-d031fc3 elementor-section-height-min-height elementor-section-items-stretch elementor-reverse-mobile elementor-section-boxed elementor-section-height-default\" data-id=\"d031fc3\" data-element_type=\"section\" data-e-type=\"section\" data-settings=\"{&quot;background_background&quot;:&quot;classic&quot;}\">\n\t\t\t\t\t\t\t<div class=\"elementor-background-overlay\"><\/div>\n\t\t\t\t\t\t\t<div class=\"elementor-container elementor-column-gap-no\">\n\t\t\t\t\t<div class=\"elementor-column elementor-col-50 elementor-top-column elementor-element elementor-element-6bac44d\" data-id=\"6bac44d\" data-element_type=\"column\" data-e-type=\"column\" data-settings=\"{&quot;background_background&quot;:&quot;classic&quot;}\">\n\t\t\t<div class=\"elementor-widget-wrap elementor-element-populated\">\n\t\t\t\t\t\t<div class=\"elementor-element elementor-element-d34f70d elementor-hidden-phone elementor-widget elementor-widget-breadcrumbs\" data-id=\"d34f70d\" data-element_type=\"widget\" data-e-type=\"widget\" data-widget_type=\"breadcrumbs.default\">\n\t\t\t\t<div class=\"elementor-widget-container\">\n\t\t\t\t\t<p id=\"breadcrumbs\"><span><span><a href=\"https:\/\/www.voltabelting.com\/de\/\">Startseite<\/a><\/span><\/span><\/p>\t\t\t\t<\/div>\n\t\t\t\t<\/div>\n\t\t\t\t<div class=\"elementor-element elementor-element-70f8e87 elementor-widget__width-initial elementor-widget elementor-widget-heading\" data-id=\"70f8e87\" data-element_type=\"widget\" data-e-type=\"widget\" data-widget_type=\"heading.default\">\n\t\t\t\t<div class=\"elementor-widget-container\">\n\t\t\t\t\t<h1 class=\"elementor-heading-title elementor-size-default\">Elevatoren<\/h1>\t\t\t\t<\/div>\n\t\t\t\t<\/div>\n\t\t\t\t<div class=\"elementor-element elementor-element-77eceac elementor-widget__width-initial elementor-widget elementor-widget-text-editor\" data-id=\"77eceac\" data-element_type=\"widget\" data-e-type=\"widget\" data-widget_type=\"text-editor.default\">\n\t\t\t\t<div class=\"elementor-widget-container\">\n\t\t\t\t\t\t\t\t\t<p>Elevatoren mit Stollen- oder Wellenkanten\/Drachenwellen sind eine anerkannte L\u00f6sung f\u00fcr den Transport von Produkten von einer H\u00f6he auf eine andere. Sie k\u00f6nnen zum Anheben oder als Absenkvorrichtungen verwendet werden, um ein Produkt wie ein IQ-Gefrierschrankauslauf herunterzufahren. Elevatoren k\u00f6nnen einen geneigten Abschnitt oder zus\u00e4tzliche horizontale Abschnitte haben, die erfordern, dass das Band von einer Ausrichtung in eine andere \u201e\u00fcbergeht\u201c. Elevatoren k\u00f6nnen einfache zweiachsige F\u00f6rderer sein oder sie k\u00f6nnen einen horizontalen Abschnitt (L-f\u00f6rmig) oder zwei horizontale Abschnitte (Z oder Schwanenhals) haben.<\/p>\t\t\t\t\t\t\t\t<\/div>\n\t\t\t\t<\/div>\n\t\t\t\t\t<\/div>\n\t\t<\/div>\n\t\t\t\t<div class=\"elementor-column elementor-col-50 elementor-top-column elementor-element elementor-element-21fce7c\" data-id=\"21fce7c\" data-element_type=\"column\" data-e-type=\"column\">\n\t\t\t<div class=\"elementor-widget-wrap\">\n\t\t\t\t\t\t\t<\/div>\n\t\t<\/div>\n\t\t\t\t\t<\/div>\n\t\t<\/section>\n\t\t\t\t<section class=\"elementor-section elementor-top-section elementor-element elementor-element-3f589b5 elementor-section-height-min-height elementor-reverse-mobile elementor-section-boxed elementor-section-height-default elementor-section-items-middle\" data-id=\"3f589b5\" data-element_type=\"section\" data-e-type=\"section\">\n\t\t\t\t\t\t<div class=\"elementor-container elementor-column-gap-default\">\n\t\t\t\t\t<div class=\"elementor-column elementor-col-33 elementor-top-column elementor-element elementor-element-6ae4492 vbt-no-bg-mob\" data-id=\"6ae4492\" data-element_type=\"column\" data-e-type=\"column\" data-settings=\"{&quot;background_background&quot;:&quot;classic&quot;}\">\n\t\t\t<div class=\"elementor-widget-wrap elementor-element-populated\">\n\t\t\t\t\t\t<div class=\"elementor-element elementor-element-7d5fcff vbt-image-carousel  elementor-arrows-position-inside elementor-pagination-position-outside elementor-widget elementor-widget-image-carousel\" data-id=\"7d5fcff\" data-element_type=\"widget\" data-e-type=\"widget\" data-settings=\"{&quot;slides_to_show&quot;:&quot;1&quot;,&quot;slides_to_show_tablet&quot;:&quot;1&quot;,&quot;effect&quot;:&quot;fade&quot;,&quot;navigation&quot;:&quot;both&quot;,&quot;autoplay&quot;:&quot;yes&quot;,&quot;pause_on_hover&quot;:&quot;yes&quot;,&quot;pause_on_interaction&quot;:&quot;yes&quot;,&quot;autoplay_speed&quot;:5000,&quot;infinite&quot;:&quot;yes&quot;,&quot;speed&quot;:500}\" data-widget_type=\"image-carousel.default\">\n\t\t\t\t<div class=\"elementor-widget-container\">\n\t\t\t\t\t\t\t<div class=\"elementor-image-carousel-wrapper swiper\" role=\"region\" aria-roledescription=\"carousel\" aria-label=\"Bild Karussell\" dir=\"ltr\">\n\t\t\t<div class=\"elementor-image-carousel swiper-wrapper swiper-image-stretch\" aria-live=\"off\">\n\t\t\t\t\t\t\t\t<div class=\"swiper-slide\" role=\"group\" aria-roledescription=\"slide\" aria-label=\"1 von 1\"><figure class=\"swiper-slide-inner\"><img decoding=\"async\" class=\"swiper-slide-image\" src=\"https:\/\/www.voltabelting.com\/wp-content\/uploads\/elevators-1-min.jpg\" alt=\"elevators\" \/><\/figure><\/div>\t\t\t<\/div>\n\t\t\t\t\t<\/div>\n\t\t\t\t\t\t<\/div>\n\t\t\t\t<\/div>\n\t\t\t\t\t<\/div>\n\t\t<\/div>\n\t\t\t\t<div class=\"elementor-column elementor-col-33 elementor-top-column elementor-element elementor-element-ebc33c1\" data-id=\"ebc33c1\" data-element_type=\"column\" data-e-type=\"column\">\n\t\t\t<div class=\"elementor-widget-wrap\">\n\t\t\t\t\t\t\t<\/div>\n\t\t<\/div>\n\t\t\t\t<div class=\"elementor-column elementor-col-33 elementor-top-column elementor-element elementor-element-254cc00\" data-id=\"254cc00\" data-element_type=\"column\" data-e-type=\"column\">\n\t\t\t<div class=\"elementor-widget-wrap elementor-element-populated\">\n\t\t\t\t\t\t<div class=\"elementor-element elementor-element-86925d3 elementor-widget elementor-widget-heading\" data-id=\"86925d3\" data-element_type=\"widget\" data-e-type=\"widget\" data-widget_type=\"heading.default\">\n\t\t\t\t<div class=\"elementor-widget-container\">\n\t\t\t\t\t<h2 class=\"elementor-heading-title elementor-size-default\">Konstruktion des F\u00f6rderers<\/h2>\t\t\t\t<\/div>\n\t\t\t\t<\/div>\n\t\t\t\t<div class=\"elementor-element elementor-element-f56598a elementor-widget__width-initial elementor-widget elementor-widget-text-editor\" data-id=\"f56598a\" data-element_type=\"widget\" data-e-type=\"widget\" data-widget_type=\"text-editor.default\">\n\t\t\t\t<div class=\"elementor-widget-container\">\n\t\t\t\t\t\t\t\t\t<p>Die \u00dcbergangsbereiche sind in der Regel im R\u00fccklauf des Bandes und in der Zone, in der sich das Band auf der Tragseite um einen Bogen biegt, in umgekehrter Form ausgebildet. Es biegt sich in der gleichen Zone unter dem F\u00f6rderer zur\u00fcck. Die richtige Gestaltung dieser Bereiche ist entscheidend, um einen Bandausfall zu vermeiden. Dar\u00fcber hinaus sind gr\u00f6\u00dfere Scheiben erforderlich, damit sich der Band aufgrund des Hinzuf\u00fcgens von gefertigten Elementen wie Stollen, Seitenw\u00e4nden oder oberen F\u00fchrungen biegen kann.<\/p>\t\t\t\t\t\t\t\t<\/div>\n\t\t\t\t<\/div>\n\t\t\t\t\t<\/div>\n\t\t<\/div>\n\t\t\t\t\t<\/div>\n\t\t<\/section>\n\t\t\t\t<section class=\"elementor-section elementor-top-section elementor-element elementor-element-1548bd8 elementor-section-height-min-height elementor-section-boxed elementor-section-height-default elementor-section-items-middle\" data-id=\"1548bd8\" data-element_type=\"section\" data-e-type=\"section\">\n\t\t\t\t\t\t<div class=\"elementor-container elementor-column-gap-default\">\n\t\t\t\t\t<div class=\"elementor-column elementor-col-33 elementor-top-column elementor-element elementor-element-3bded3e\" data-id=\"3bded3e\" data-element_type=\"column\" data-e-type=\"column\">\n\t\t\t<div class=\"elementor-widget-wrap elementor-element-populated\">\n\t\t\t\t\t\t<div class=\"elementor-element elementor-element-cf159d7 elementor-widget elementor-widget-heading\" data-id=\"cf159d7\" data-element_type=\"widget\" data-e-type=\"widget\" data-widget_type=\"heading.default\">\n\t\t\t\t<div class=\"elementor-widget-container\">\n\t\t\t\t\t<h2 class=\"elementor-heading-title elementor-size-default\">Wie Sie Ihren Gurt nach verschiedenen Kriterien ausw\u00e4hlen<\/h2>\t\t\t\t<\/div>\n\t\t\t\t<\/div>\n\t\t\t\t<div class=\"elementor-element elementor-element-98e8fcc elementor-widget__width-initial elementor-widget elementor-widget-text-editor\" data-id=\"98e8fcc\" data-element_type=\"widget\" data-e-type=\"widget\" data-widget_type=\"text-editor.default\">\n\t\t\t\t<div class=\"elementor-widget-container\">\n\t\t\t\t\t\t\t\t\t<p>Das Serviceteam von Volta hilft Konstrukteuren und Anwendern, diese Optionen zu verstehen und zu nutzen sowie Fehler zu vermeiden, indem sie ihre Auswirkungen auf die Auswahl des Bandtypen nicht untersch\u00e4tzen. Volta bietet zahlreiche Optionen von Stollentypen an, die das Produkt auch bei starken Winkeln\u00a0 halten k\u00f6nnen. Senkrechte Elevatorenb\u00e4nder in Verbindung mit Volta Positive Drive B\u00e4ndern ersetzen Modul- und Becherwerksb\u00e4nder. Die Vorteile dieser Kombination minimieren den Reinigungs- und Wartungsaufwand, verringern die Motorleistung, senken den Ger\u00e4uschpegel und reduzieren die Gesamtbetriebskosten.<\/p>\t\t\t\t\t\t\t\t<\/div>\n\t\t\t\t<\/div>\n\t\t\t\t\t<\/div>\n\t\t<\/div>\n\t\t\t\t<div class=\"elementor-column elementor-col-33 elementor-top-column elementor-element elementor-element-66cc749\" data-id=\"66cc749\" data-element_type=\"column\" data-e-type=\"column\">\n\t\t\t<div class=\"elementor-widget-wrap\">\n\t\t\t\t\t\t\t<\/div>\n\t\t<\/div>\n\t\t\t\t<div class=\"elementor-column elementor-col-33 elementor-top-column elementor-element elementor-element-e5509b9 vbt-no-bg-mob\" data-id=\"e5509b9\" data-element_type=\"column\" data-e-type=\"column\" data-settings=\"{&quot;background_background&quot;:&quot;classic&quot;}\">\n\t\t\t<div class=\"elementor-widget-wrap elementor-element-populated\">\n\t\t\t\t\t\t<div class=\"elementor-element elementor-element-2313066 vbt-image-carousel vbt-image-carousel--right elementor-arrows-position-inside elementor-pagination-position-outside elementor-widget elementor-widget-image-carousel\" data-id=\"2313066\" data-element_type=\"widget\" data-e-type=\"widget\" data-settings=\"{&quot;slides_to_show&quot;:&quot;1&quot;,&quot;slides_to_show_tablet&quot;:&quot;1&quot;,&quot;effect&quot;:&quot;fade&quot;,&quot;navigation&quot;:&quot;both&quot;,&quot;autoplay&quot;:&quot;yes&quot;,&quot;pause_on_hover&quot;:&quot;yes&quot;,&quot;pause_on_interaction&quot;:&quot;yes&quot;,&quot;autoplay_speed&quot;:5000,&quot;infinite&quot;:&quot;yes&quot;,&quot;speed&quot;:500}\" data-widget_type=\"image-carousel.default\">\n\t\t\t\t<div class=\"elementor-widget-container\">\n\t\t\t\t\t\t\t<div class=\"elementor-image-carousel-wrapper swiper\" role=\"region\" aria-roledescription=\"carousel\" aria-label=\"Bild Karussell\" dir=\"ltr\">\n\t\t\t<div class=\"elementor-image-carousel swiper-wrapper swiper-image-stretch\" aria-live=\"off\">\n\t\t\t\t\t\t\t\t<div class=\"swiper-slide\" role=\"group\" aria-roledescription=\"slide\" aria-label=\"1 von 2\"><figure class=\"swiper-slide-inner\"><img decoding=\"async\" class=\"swiper-slide-image\" src=\"https:\/\/www.voltabelting.com\/wp-content\/uploads\/elevators-3-min.jpg\" alt=\"elevators\" \/><\/figure><\/div><div class=\"swiper-slide\" role=\"group\" aria-roledescription=\"slide\" aria-label=\"2 von 2\"><figure class=\"swiper-slide-inner\"><img decoding=\"async\" class=\"swiper-slide-image\" src=\"https:\/\/www.voltabelting.com\/wp-content\/uploads\/elevators-2-min.jpg\" alt=\"elevators\" \/><\/figure><\/div>\t\t\t<\/div>\n\t\t\t\t\t\t\t\t\t\t\t\t<div class=\"elementor-swiper-button elementor-swiper-button-prev\" role=\"button\" tabindex=\"0\">\n\t\t\t\t\t\t<svg aria-hidden=\"true\" class=\"e-font-icon-svg e-eicon-chevron-left\" viewBox=\"0 0 1000 1000\" xmlns=\"http:\/\/www.w3.org\/2000\/svg\"><path d=\"M646 125C629 125 613 133 604 142L308 442C296 454 292 471 292 487 292 504 296 521 308 533L604 854C617 867 629 875 646 875 663 875 679 871 692 858 704 846 713 829 713 812 713 796 708 779 692 767L438 487 692 225C700 217 708 204 708 187 708 171 704 154 692 142 675 129 663 125 646 125Z\"><\/path><\/svg>\t\t\t\t\t<\/div>\n\t\t\t\t\t<div class=\"elementor-swiper-button elementor-swiper-button-next\" role=\"button\" tabindex=\"0\">\n\t\t\t\t\t\t<svg aria-hidden=\"true\" class=\"e-font-icon-svg e-eicon-chevron-right\" viewBox=\"0 0 1000 1000\" xmlns=\"http:\/\/www.w3.org\/2000\/svg\"><path d=\"M696 533C708 521 713 504 713 487 713 471 708 454 696 446L400 146C388 133 375 125 354 125 338 125 325 129 313 142 300 154 292 171 292 187 292 204 296 221 308 233L563 492 304 771C292 783 288 800 288 817 288 833 296 850 308 863 321 871 338 875 354 875 371 875 388 867 400 854L696 533Z\"><\/path><\/svg>\t\t\t\t\t<\/div>\n\t\t\t\t\n\t\t\t\t\t\t\t\t\t<div class=\"swiper-pagination\"><\/div>\n\t\t\t\t\t\t\t\t\t<\/div>\n\t\t\t\t\t\t<\/div>\n\t\t\t\t<\/div>\n\t\t\t\t\t<\/div>\n\t\t<\/div>\n\t\t\t\t\t<\/div>\n\t\t<\/section>\n\t\t\t\t<\/div>\n\t\t","protected":false},"excerpt":{"rendered":"<p>Elevatoren mit Stollen- oder Wellenkanten\/Drachenwellen sind eine anerkannte L\u00f6sung f\u00fcr den Transport von Produkten von einer H\u00f6he auf eine andere. Sie k\u00f6nnen zum Anheben oder als Absenkvorrichtungen verwendet werden, um ein Produkt wie ein IQ-Gefrierschrankauslauf herunterzufahren. Elevatoren k\u00f6nnen einen geneigten Abschnitt oder zus\u00e4tzliche horizontale Abschnitte haben, die erfordern, dass das Band von einer Ausrichtung in [&hellip;]<\/p>\n","protected":false},"author":5,"featured_media":0,"parent":10767,"menu_order":0,"comment_status":"closed","ping_status":"closed","template":"elementor_header_footer","meta":{"_acf_changed":false,"footnotes":""},"class_list":["post-11825","page","type-page","status-publish","hentry"],"acf":[],"yoast_head":"<!-- This site is optimized with the Yoast SEO plugin v27.3 - https:\/\/yoast.com\/product\/yoast-seo-wordpress\/ -->\n<title>Elevatoren - Volta Belting<\/title>\n<meta name=\"robots\" content=\"index, follow, max-snippet:-1, max-image-preview:large, max-video-preview:-1\" \/>\n<link rel=\"canonical\" href=\"https:\/\/www.voltabelting.com\/de\/solutions-by-conveyor-type\/elevators\/\" \/>\n<meta property=\"og:locale\" content=\"de_DE\" \/>\n<meta property=\"og:type\" content=\"article\" \/>\n<meta property=\"og:title\" content=\"Elevatoren - Volta Belting\" \/>\n<meta property=\"og:description\" content=\"Elevatoren mit Stollen- oder Wellenkanten\/Drachenwellen sind eine anerkannte L\u00f6sung f\u00fcr den Transport von Produkten von einer H\u00f6he auf eine andere. Sie k\u00f6nnen zum Anheben oder als Absenkvorrichtungen verwendet werden, um ein Produkt wie ein IQ-Gefrierschrankauslauf herunterzufahren. Elevatoren k\u00f6nnen einen geneigten Abschnitt oder zus\u00e4tzliche horizontale Abschnitte haben, die erfordern, dass das Band von einer Ausrichtung in [&hellip;]\" \/>\n<meta property=\"og:url\" content=\"https:\/\/www.voltabelting.com\/de\/solutions-by-conveyor-type\/elevators\/\" \/>\n<meta property=\"og:site_name\" content=\"Volta Belting\" \/>\n<meta property=\"article:publisher\" content=\"https:\/\/www.facebook.com\/BeltingTechnology\/\" \/>\n<meta property=\"article:modified_time\" content=\"2024-10-31T13:24:27+00:00\" \/>\n<meta property=\"og:image\" content=\"https:\/\/www.voltabelting.com\/wp-content\/uploads\/elevators-1-min.jpg\" \/>\n<meta name=\"twitter:card\" content=\"summary_large_image\" \/>\n<meta name=\"twitter:label1\" content=\"Gesch\u00e4tzte Lesezeit\" \/>\n\t<meta name=\"twitter:data1\" content=\"3\u00a0Minuten\" \/>\n<script type=\"application\/ld+json\" class=\"yoast-schema-graph\">{\"@context\":\"https:\\\/\\\/schema.org\",\"@graph\":[{\"@type\":\"WebPage\",\"@id\":\"https:\\\/\\\/www.voltabelting.com\\\/de\\\/solutions-by-conveyor-type\\\/elevators\\\/\",\"url\":\"https:\\\/\\\/www.voltabelting.com\\\/de\\\/solutions-by-conveyor-type\\\/elevators\\\/\",\"name\":\"Elevatoren - Volta Belting\",\"isPartOf\":{\"@id\":\"https:\\\/\\\/www.voltabelting.com\\\/de\\\/#website\"},\"primaryImageOfPage\":{\"@id\":\"https:\\\/\\\/www.voltabelting.com\\\/de\\\/solutions-by-conveyor-type\\\/elevators\\\/#primaryimage\"},\"image\":{\"@id\":\"https:\\\/\\\/www.voltabelting.com\\\/de\\\/solutions-by-conveyor-type\\\/elevators\\\/#primaryimage\"},\"thumbnailUrl\":\"https:\\\/\\\/www.voltabelting.com\\\/wp-content\\\/uploads\\\/elevators-1-min.jpg\",\"datePublished\":\"2021-03-31T08:04:50+00:00\",\"dateModified\":\"2024-10-31T13:24:27+00:00\",\"breadcrumb\":{\"@id\":\"https:\\\/\\\/www.voltabelting.com\\\/de\\\/solutions-by-conveyor-type\\\/elevators\\\/#breadcrumb\"},\"inLanguage\":\"de\",\"potentialAction\":[{\"@type\":\"ReadAction\",\"target\":[\"https:\\\/\\\/www.voltabelting.com\\\/de\\\/solutions-by-conveyor-type\\\/elevators\\\/\"]}]},{\"@type\":\"ImageObject\",\"inLanguage\":\"de\",\"@id\":\"https:\\\/\\\/www.voltabelting.com\\\/de\\\/solutions-by-conveyor-type\\\/elevators\\\/#primaryimage\",\"url\":\"https:\\\/\\\/www.voltabelting.com\\\/wp-content\\\/uploads\\\/elevators-1-min.jpg\",\"contentUrl\":\"https:\\\/\\\/www.voltabelting.com\\\/wp-content\\\/uploads\\\/elevators-1-min.jpg\"},{\"@type\":\"BreadcrumbList\",\"@id\":\"https:\\\/\\\/www.voltabelting.com\\\/de\\\/solutions-by-conveyor-type\\\/elevators\\\/#breadcrumb\",\"itemListElement\":[{\"@type\":\"ListItem\",\"position\":1,\"name\":\"Startseite\",\"item\":\"https:\\\/\\\/www.voltabelting.com\\\/de\\\/\"},{\"@type\":\"ListItem\",\"position\":2,\"name\":\"L\u00f6sungen Nach F\u00f6rderbandtyp\",\"item\":\"https:\\\/\\\/www.voltabelting.com\\\/de\\\/solutions-by-conveyor-type\\\/\"},{\"@type\":\"ListItem\",\"position\":3,\"name\":\"Elevatoren\"}]},{\"@type\":\"WebSite\",\"@id\":\"https:\\\/\\\/www.voltabelting.com\\\/de\\\/#website\",\"url\":\"https:\\\/\\\/www.voltabelting.com\\\/de\\\/\",\"name\":\"Volta Belting\",\"description\":\"The next step in belting\",\"publisher\":{\"@id\":\"https:\\\/\\\/www.voltabelting.com\\\/de\\\/#organization\"},\"alternateName\":\"Volta Belting\",\"potentialAction\":[{\"@type\":\"SearchAction\",\"target\":{\"@type\":\"EntryPoint\",\"urlTemplate\":\"https:\\\/\\\/www.voltabelting.com\\\/de\\\/?s={search_term_string}\"},\"query-input\":{\"@type\":\"PropertyValueSpecification\",\"valueRequired\":true,\"valueName\":\"search_term_string\"}}],\"inLanguage\":\"de\"},{\"@type\":\"Organization\",\"@id\":\"https:\\\/\\\/www.voltabelting.com\\\/de\\\/#organization\",\"name\":\"Volta Belting\",\"alternateName\":\"Volta Belting - The next step in belting\",\"url\":\"https:\\\/\\\/www.voltabelting.com\\\/de\\\/\",\"logo\":{\"@type\":\"ImageObject\",\"inLanguage\":\"de\",\"@id\":\"https:\\\/\\\/www.voltabelting.com\\\/de\\\/#\\\/schema\\\/logo\\\/image\\\/\",\"url\":\"https:\\\/\\\/www.voltabelting.com\\\/wp-content\\\/uploads\\\/Logo.svg\",\"contentUrl\":\"https:\\\/\\\/www.voltabelting.com\\\/wp-content\\\/uploads\\\/Logo.svg\",\"caption\":\"Volta Belting\"},\"image\":{\"@id\":\"https:\\\/\\\/www.voltabelting.com\\\/de\\\/#\\\/schema\\\/logo\\\/image\\\/\"},\"sameAs\":[\"https:\\\/\\\/www.facebook.com\\\/BeltingTechnology\\\/\",\"https:\\\/\\\/www.instagram.com\\\/voltabelting\\\/\",\"https:\\\/\\\/www.linkedin.com\\\/company\\\/volta-belting-technology\\\/\",\"https:\\\/\\\/www.youtube.com\\\/user\\\/VOLTABELTING\"]}]}<\/script>\n<!-- \/ Yoast SEO plugin. -->","yoast_head_json":{"title":"Elevatoren - Volta Belting","robots":{"index":"index","follow":"follow","max-snippet":"max-snippet:-1","max-image-preview":"max-image-preview:large","max-video-preview":"max-video-preview:-1"},"canonical":"https:\/\/www.voltabelting.com\/de\/solutions-by-conveyor-type\/elevators\/","og_locale":"de_DE","og_type":"article","og_title":"Elevatoren - Volta Belting","og_description":"Elevatoren mit Stollen- oder Wellenkanten\/Drachenwellen sind eine anerkannte L\u00f6sung f\u00fcr den Transport von Produkten von einer H\u00f6he auf eine andere. Sie k\u00f6nnen zum Anheben oder als Absenkvorrichtungen verwendet werden, um ein Produkt wie ein IQ-Gefrierschrankauslauf herunterzufahren. Elevatoren k\u00f6nnen einen geneigten Abschnitt oder zus\u00e4tzliche horizontale Abschnitte haben, die erfordern, dass das Band von einer Ausrichtung in [&hellip;]","og_url":"https:\/\/www.voltabelting.com\/de\/solutions-by-conveyor-type\/elevators\/","og_site_name":"Volta Belting","article_publisher":"https:\/\/www.facebook.com\/BeltingTechnology\/","article_modified_time":"2024-10-31T13:24:27+00:00","og_image":[{"url":"https:\/\/www.voltabelting.com\/wp-content\/uploads\/elevators-1-min.jpg","type":"","width":"","height":""}],"twitter_card":"summary_large_image","twitter_misc":{"Gesch\u00e4tzte Lesezeit":"3\u00a0Minuten"},"schema":{"@context":"https:\/\/schema.org","@graph":[{"@type":"WebPage","@id":"https:\/\/www.voltabelting.com\/de\/solutions-by-conveyor-type\/elevators\/","url":"https:\/\/www.voltabelting.com\/de\/solutions-by-conveyor-type\/elevators\/","name":"Elevatoren - Volta Belting","isPartOf":{"@id":"https:\/\/www.voltabelting.com\/de\/#website"},"primaryImageOfPage":{"@id":"https:\/\/www.voltabelting.com\/de\/solutions-by-conveyor-type\/elevators\/#primaryimage"},"image":{"@id":"https:\/\/www.voltabelting.com\/de\/solutions-by-conveyor-type\/elevators\/#primaryimage"},"thumbnailUrl":"https:\/\/www.voltabelting.com\/wp-content\/uploads\/elevators-1-min.jpg","datePublished":"2021-03-31T08:04:50+00:00","dateModified":"2024-10-31T13:24:27+00:00","breadcrumb":{"@id":"https:\/\/www.voltabelting.com\/de\/solutions-by-conveyor-type\/elevators\/#breadcrumb"},"inLanguage":"de","potentialAction":[{"@type":"ReadAction","target":["https:\/\/www.voltabelting.com\/de\/solutions-by-conveyor-type\/elevators\/"]}]},{"@type":"ImageObject","inLanguage":"de","@id":"https:\/\/www.voltabelting.com\/de\/solutions-by-conveyor-type\/elevators\/#primaryimage","url":"https:\/\/www.voltabelting.com\/wp-content\/uploads\/elevators-1-min.jpg","contentUrl":"https:\/\/www.voltabelting.com\/wp-content\/uploads\/elevators-1-min.jpg"},{"@type":"BreadcrumbList","@id":"https:\/\/www.voltabelting.com\/de\/solutions-by-conveyor-type\/elevators\/#breadcrumb","itemListElement":[{"@type":"ListItem","position":1,"name":"Startseite","item":"https:\/\/www.voltabelting.com\/de\/"},{"@type":"ListItem","position":2,"name":"L\u00f6sungen Nach F\u00f6rderbandtyp","item":"https:\/\/www.voltabelting.com\/de\/solutions-by-conveyor-type\/"},{"@type":"ListItem","position":3,"name":"Elevatoren"}]},{"@type":"WebSite","@id":"https:\/\/www.voltabelting.com\/de\/#website","url":"https:\/\/www.voltabelting.com\/de\/","name":"Volta Belting","description":"The next step in belting","publisher":{"@id":"https:\/\/www.voltabelting.com\/de\/#organization"},"alternateName":"Volta Belting","potentialAction":[{"@type":"SearchAction","target":{"@type":"EntryPoint","urlTemplate":"https:\/\/www.voltabelting.com\/de\/?s={search_term_string}"},"query-input":{"@type":"PropertyValueSpecification","valueRequired":true,"valueName":"search_term_string"}}],"inLanguage":"de"},{"@type":"Organization","@id":"https:\/\/www.voltabelting.com\/de\/#organization","name":"Volta Belting","alternateName":"Volta Belting - The next step in belting","url":"https:\/\/www.voltabelting.com\/de\/","logo":{"@type":"ImageObject","inLanguage":"de","@id":"https:\/\/www.voltabelting.com\/de\/#\/schema\/logo\/image\/","url":"https:\/\/www.voltabelting.com\/wp-content\/uploads\/Logo.svg","contentUrl":"https:\/\/www.voltabelting.com\/wp-content\/uploads\/Logo.svg","caption":"Volta Belting"},"image":{"@id":"https:\/\/www.voltabelting.com\/de\/#\/schema\/logo\/image\/"},"sameAs":["https:\/\/www.facebook.com\/BeltingTechnology\/","https:\/\/www.instagram.com\/voltabelting\/","https:\/\/www.linkedin.com\/company\/volta-belting-technology\/","https:\/\/www.youtube.com\/user\/VOLTABELTING"]}]}},"_links":{"self":[{"href":"https:\/\/www.voltabelting.com\/de\/wp-json\/wp\/v2\/pages\/11825","targetHints":{"allow":["GET"]}}],"collection":[{"href":"https:\/\/www.voltabelting.com\/de\/wp-json\/wp\/v2\/pages"}],"about":[{"href":"https:\/\/www.voltabelting.com\/de\/wp-json\/wp\/v2\/types\/page"}],"author":[{"embeddable":true,"href":"https:\/\/www.voltabelting.com\/de\/wp-json\/wp\/v2\/users\/5"}],"replies":[{"embeddable":true,"href":"https:\/\/www.voltabelting.com\/de\/wp-json\/wp\/v2\/comments?post=11825"}],"version-history":[{"count":0,"href":"https:\/\/www.voltabelting.com\/de\/wp-json\/wp\/v2\/pages\/11825\/revisions"}],"up":[{"embeddable":true,"href":"https:\/\/www.voltabelting.com\/de\/wp-json\/wp\/v2\/pages\/10767"}],"wp:attachment":[{"href":"https:\/\/www.voltabelting.com\/de\/wp-json\/wp\/v2\/media?parent=11825"}],"curies":[{"name":"wp","href":"https:\/\/api.w.org\/{rel}","templated":true}]}}