{"id":11830,"date":"2021-03-31T09:09:40","date_gmt":"2021-03-31T08:09:40","guid":{"rendered":"https:\/\/www.voltabelting.com\/?page_id=11830"},"modified":"2024-10-31T13:20:43","modified_gmt":"2024-10-31T13:20:43","slug":"center-drives","status":"publish","type":"page","link":"https:\/\/www.voltabelting.com\/de\/solutions-by-conveyor-type\/center-drives\/","title":{"rendered":"Mittelantriebe"},"content":{"rendered":"\t\t<div data-elementor-type=\"wp-page\" data-elementor-id=\"11830\" class=\"elementor elementor-11830 elementor-3072\" data-elementor-post-type=\"page\">\n\t\t\t\t\t\t<section class=\"elementor-section elementor-top-section elementor-element elementor-element-2732268 elementor-section-height-min-height elementor-section-items-stretch elementor-reverse-mobile elementor-section-boxed elementor-section-height-default\" data-id=\"2732268\" data-element_type=\"section\" data-e-type=\"section\" data-settings=\"{&quot;background_background&quot;:&quot;classic&quot;}\">\n\t\t\t\t\t\t\t<div class=\"elementor-background-overlay\"><\/div>\n\t\t\t\t\t\t\t<div class=\"elementor-container elementor-column-gap-no\">\n\t\t\t\t\t<div class=\"elementor-column elementor-col-50 elementor-top-column elementor-element elementor-element-f7dab79\" data-id=\"f7dab79\" data-element_type=\"column\" data-e-type=\"column\" data-settings=\"{&quot;background_background&quot;:&quot;classic&quot;}\">\n\t\t\t<div class=\"elementor-widget-wrap elementor-element-populated\">\n\t\t\t\t\t\t<div class=\"elementor-element elementor-element-0d0629b elementor-hidden-phone elementor-widget elementor-widget-breadcrumbs\" data-id=\"0d0629b\" data-element_type=\"widget\" data-e-type=\"widget\" data-widget_type=\"breadcrumbs.default\">\n\t\t\t\t<div class=\"elementor-widget-container\">\n\t\t\t\t\t<p id=\"breadcrumbs\"><span><span><a href=\"https:\/\/www.voltabelting.com\/de\/\">Startseite<\/a><\/span><\/span><\/p>\t\t\t\t<\/div>\n\t\t\t\t<\/div>\n\t\t\t\t<div class=\"elementor-element elementor-element-70f8e87 elementor-widget__width-initial elementor-widget elementor-widget-heading\" data-id=\"70f8e87\" data-element_type=\"widget\" data-e-type=\"widget\" data-widget_type=\"heading.default\">\n\t\t\t\t<div class=\"elementor-widget-container\">\n\t\t\t\t\t<h1 class=\"elementor-heading-title elementor-size-default\">Mittelantriebe<\/h1>\t\t\t\t<\/div>\n\t\t\t\t<\/div>\n\t\t\t\t<div class=\"elementor-element elementor-element-77eceac elementor-widget__width-initial elementor-widget elementor-widget-text-editor\" data-id=\"77eceac\" data-element_type=\"widget\" data-e-type=\"widget\" data-widget_type=\"text-editor.default\">\n\t\t\t\t<div class=\"elementor-widget-container\">\n\t\t\t\t\t\t\t\t\t<p>Mittelantriebe(Omega) \u00a0sind am h\u00e4ufigsten bei Horizontalf\u00f6rderern zu finden. Dieser Stil wird verwendet, wenn Verarbeiter nach Vorteilen, wie den Abstand zwischen F\u00f6rderern zu sparen, zwei Richtungen oder enge \u00dcbertragung, sucht.<\/p><p>Dazu muss sich der Motor und der Spanner auf derselben Achse unter dem F\u00f6rderer befinden. Diese Konstruktion ist auch kritisch, wenn sich Rollen mit kleinem Durchmesser an beiden Enden des F\u00f6rderers befinden. Wenn sie nicht gro\u00df genug sind, um motorisiert zu werden, oder es sich um ballige \u201c handelt (h\u00e4ufig in B\u00e4ckereien verwendet), muss der Motor auf einer dritten Achse sitzen. <\/p>\t\t\t\t\t\t\t\t<\/div>\n\t\t\t\t<\/div>\n\t\t\t\t\t<\/div>\n\t\t<\/div>\n\t\t\t\t<div class=\"elementor-column elementor-col-50 elementor-top-column elementor-element elementor-element-0ab0e32\" data-id=\"0ab0e32\" data-element_type=\"column\" data-e-type=\"column\">\n\t\t\t<div class=\"elementor-widget-wrap\">\n\t\t\t\t\t\t\t<\/div>\n\t\t<\/div>\n\t\t\t\t\t<\/div>\n\t\t<\/section>\n\t\t\t\t<section class=\"elementor-section elementor-top-section elementor-element elementor-element-5f7e195 elementor-section-height-min-height elementor-reverse-mobile elementor-section-boxed elementor-section-height-default elementor-section-items-middle\" data-id=\"5f7e195\" data-element_type=\"section\" data-e-type=\"section\">\n\t\t\t\t\t\t<div class=\"elementor-container elementor-column-gap-default\">\n\t\t\t\t\t<div class=\"elementor-column elementor-col-33 elementor-top-column elementor-element elementor-element-d0aac86 vbt-no-bg-mob\" data-id=\"d0aac86\" data-element_type=\"column\" data-e-type=\"column\" data-settings=\"{&quot;background_background&quot;:&quot;classic&quot;}\">\n\t\t\t<div class=\"elementor-widget-wrap elementor-element-populated\">\n\t\t\t\t\t\t<div class=\"elementor-element elementor-element-eea91cc vbt-image-carousel elementor-arrows-position-inside elementor-pagination-position-outside elementor-widget elementor-widget-image-carousel\" data-id=\"eea91cc\" data-element_type=\"widget\" data-e-type=\"widget\" data-settings=\"{&quot;slides_to_show&quot;:&quot;1&quot;,&quot;slides_to_show_tablet&quot;:&quot;1&quot;,&quot;effect&quot;:&quot;fade&quot;,&quot;navigation&quot;:&quot;both&quot;,&quot;autoplay&quot;:&quot;yes&quot;,&quot;pause_on_hover&quot;:&quot;yes&quot;,&quot;pause_on_interaction&quot;:&quot;yes&quot;,&quot;autoplay_speed&quot;:5000,&quot;infinite&quot;:&quot;yes&quot;,&quot;speed&quot;:500}\" data-widget_type=\"image-carousel.default\">\n\t\t\t\t<div class=\"elementor-widget-container\">\n\t\t\t\t\t\t\t<div class=\"elementor-image-carousel-wrapper swiper\" role=\"region\" aria-roledescription=\"carousel\" aria-label=\"Bild Karussell\" dir=\"ltr\">\n\t\t\t<div class=\"elementor-image-carousel swiper-wrapper swiper-image-stretch\" aria-live=\"off\">\n\t\t\t\t\t\t\t\t<div class=\"swiper-slide\" role=\"group\" aria-roledescription=\"slide\" aria-label=\"1 von 2\"><figure class=\"swiper-slide-inner\"><img decoding=\"async\" class=\"swiper-slide-image\" src=\"https:\/\/www.voltabelting.com\/wp-content\/uploads\/center-drives-2-min.jpg\" alt=\"center drives\" \/><\/figure><\/div><div class=\"swiper-slide\" role=\"group\" aria-roledescription=\"slide\" aria-label=\"2 von 2\"><figure class=\"swiper-slide-inner\"><img decoding=\"async\" class=\"swiper-slide-image\" src=\"https:\/\/www.voltabelting.com\/wp-content\/uploads\/center-drives-min.jpg\" alt=\"center drives\" \/><\/figure><\/div>\t\t\t<\/div>\n\t\t\t\t\t\t\t\t\t\t\t\t<div class=\"elementor-swiper-button elementor-swiper-button-prev\" role=\"button\" tabindex=\"0\">\n\t\t\t\t\t\t<svg aria-hidden=\"true\" class=\"e-font-icon-svg e-eicon-chevron-left\" viewBox=\"0 0 1000 1000\" xmlns=\"http:\/\/www.w3.org\/2000\/svg\"><path d=\"M646 125C629 125 613 133 604 142L308 442C296 454 292 471 292 487 292 504 296 521 308 533L604 854C617 867 629 875 646 875 663 875 679 871 692 858 704 846 713 829 713 812 713 796 708 779 692 767L438 487 692 225C700 217 708 204 708 187 708 171 704 154 692 142 675 129 663 125 646 125Z\"><\/path><\/svg>\t\t\t\t\t<\/div>\n\t\t\t\t\t<div class=\"elementor-swiper-button elementor-swiper-button-next\" role=\"button\" tabindex=\"0\">\n\t\t\t\t\t\t<svg aria-hidden=\"true\" class=\"e-font-icon-svg e-eicon-chevron-right\" viewBox=\"0 0 1000 1000\" xmlns=\"http:\/\/www.w3.org\/2000\/svg\"><path d=\"M696 533C708 521 713 504 713 487 713 471 708 454 696 446L400 146C388 133 375 125 354 125 338 125 325 129 313 142 300 154 292 171 292 187 292 204 296 221 308 233L563 492 304 771C292 783 288 800 288 817 288 833 296 850 308 863 321 871 338 875 354 875 371 875 388 867 400 854L696 533Z\"><\/path><\/svg>\t\t\t\t\t<\/div>\n\t\t\t\t\n\t\t\t\t\t\t\t\t\t<div class=\"swiper-pagination\"><\/div>\n\t\t\t\t\t\t\t\t\t<\/div>\n\t\t\t\t\t\t<\/div>\n\t\t\t\t<\/div>\n\t\t\t\t\t<\/div>\n\t\t<\/div>\n\t\t\t\t<div class=\"elementor-column elementor-col-33 elementor-top-column elementor-element elementor-element-638a94b\" data-id=\"638a94b\" data-element_type=\"column\" data-e-type=\"column\">\n\t\t\t<div class=\"elementor-widget-wrap\">\n\t\t\t\t\t\t\t<\/div>\n\t\t<\/div>\n\t\t\t\t<div class=\"elementor-column elementor-col-33 elementor-top-column elementor-element elementor-element-2341b55\" data-id=\"2341b55\" data-element_type=\"column\" data-e-type=\"column\">\n\t\t\t<div class=\"elementor-widget-wrap elementor-element-populated\">\n\t\t\t\t\t\t<div class=\"elementor-element elementor-element-86925d3 elementor-widget elementor-widget-heading\" data-id=\"86925d3\" data-element_type=\"widget\" data-e-type=\"widget\" data-widget_type=\"heading.default\">\n\t\t\t\t<div class=\"elementor-widget-container\">\n\t\t\t\t\t<h2 class=\"elementor-heading-title elementor-size-default\">Volta Positiv Antrieb B\u00e4nder sind die L\u00f6sung<\/h2>\t\t\t\t<\/div>\n\t\t\t\t<\/div>\n\t\t\t\t<div class=\"elementor-element elementor-element-f56598a elementor-widget__width-initial elementor-widget elementor-widget-text-editor\" data-id=\"f56598a\" data-element_type=\"widget\" data-e-type=\"widget\" data-widget_type=\"text-editor.default\">\n\t\t\t\t<div class=\"elementor-widget-container\">\n\t\t\t\t\t\t\t\t\t<p>Der Mittelantrieb (Omega ) der Volta Positiv Antrieb B\u00e4nder erm\u00f6glicht einen bidirektionalen Einsatz ohne Springen, wenn das F\u00f6rderband die Richtung \u00e4ndert. Ein Mittelantrieb f\u00fcgt einer F\u00f6rderbandkonstruktion mindestens 3 zus\u00e4tzliche Antriebe hinzu. Es gibt einen zus\u00e4tzlichen Bandlauf und zus\u00e4tzliche Biegung um die Scheiben, einschlie\u00dflich einer R\u00fcckbiegung. Diese zus\u00e4tzliche Belastung \u00a0des Bandmaterials ist eine der Hauptursachen f\u00fcr das Versagen der Antriebe\/Umlenkungen bei\u00a0 B\u00e4ndern die geweblagig sind. Die langlebigen Schwei\u00dfverbindungen von Volta ersparen mehrere Bandwechsel und das homogene Bandmaterial von Volta bew\u00e4ltigt die Biegebelastung bei den zus\u00e4tzlichen Scheiben, wodurch Bandwartung und mehrere Bandwechsel gespart werden.<\/p>\t\t\t\t\t\t\t\t<\/div>\n\t\t\t\t<\/div>\n\t\t\t\t\t<\/div>\n\t\t<\/div>\n\t\t\t\t\t<\/div>\n\t\t<\/section>\n\t\t\t\t<\/div>\n\t\t","protected":false},"excerpt":{"rendered":"<p>Mittelantriebe(Omega) \u00a0sind am h\u00e4ufigsten bei Horizontalf\u00f6rderern zu finden. Dieser Stil wird verwendet, wenn Verarbeiter nach Vorteilen, wie den Abstand zwischen F\u00f6rderern zu sparen, zwei Richtungen oder enge \u00dcbertragung, sucht. Dazu muss sich der Motor und der Spanner auf derselben Achse unter dem F\u00f6rderer befinden. Diese Konstruktion ist auch kritisch, wenn sich Rollen mit kleinem Durchmesser [&hellip;]<\/p>\n","protected":false},"author":569,"featured_media":0,"parent":10767,"menu_order":0,"comment_status":"closed","ping_status":"closed","template":"elementor_header_footer","meta":{"footnotes":""},"class_list":["post-11830","page","type-page","status-publish","hentry"],"yoast_head":"<!-- This site is optimized with the Yoast SEO plugin v27.1.1 - https:\/\/yoast.com\/product\/yoast-seo-wordpress\/ -->\n<title>Mittelantriebe - Volta Belting<\/title>\n<meta name=\"robots\" content=\"index, follow, max-snippet:-1, max-image-preview:large, max-video-preview:-1\" \/>\n<link rel=\"canonical\" href=\"https:\/\/www.voltabelting.com\/de\/solutions-by-conveyor-type\/center-drives\/\" \/>\n<meta property=\"og:locale\" content=\"de_DE\" \/>\n<meta property=\"og:type\" content=\"article\" \/>\n<meta property=\"og:title\" content=\"Mittelantriebe - Volta Belting\" \/>\n<meta property=\"og:description\" content=\"Mittelantriebe(Omega) \u00a0sind am h\u00e4ufigsten bei Horizontalf\u00f6rderern zu finden. Dieser Stil wird verwendet, wenn Verarbeiter nach Vorteilen, wie den Abstand zwischen F\u00f6rderern zu sparen, zwei Richtungen oder enge \u00dcbertragung, sucht. Dazu muss sich der Motor und der Spanner auf derselben Achse unter dem F\u00f6rderer befinden. Diese Konstruktion ist auch kritisch, wenn sich Rollen mit kleinem Durchmesser [&hellip;]\" \/>\n<meta property=\"og:url\" content=\"https:\/\/www.voltabelting.com\/de\/solutions-by-conveyor-type\/center-drives\/\" \/>\n<meta property=\"og:site_name\" content=\"Volta Belting\" \/>\n<meta property=\"article:publisher\" content=\"https:\/\/www.facebook.com\/BeltingTechnology\/\" \/>\n<meta property=\"article:modified_time\" content=\"2024-10-31T13:20:43+00:00\" \/>\n<meta property=\"og:image\" content=\"https:\/\/www.voltabelting.com\/wp-content\/uploads\/center-drives-2-min.jpg\" \/>\n<meta name=\"twitter:card\" content=\"summary_large_image\" \/>\n<meta name=\"twitter:label1\" content=\"Gesch\u00e4tzte Lesezeit\" \/>\n\t<meta name=\"twitter:data1\" content=\"2\u00a0Minuten\" \/>\n<script type=\"application\/ld+json\" class=\"yoast-schema-graph\">{\"@context\":\"https:\/\/schema.org\",\"@graph\":[{\"@type\":\"WebPage\",\"@id\":\"https:\/\/www.voltabelting.com\/de\/solutions-by-conveyor-type\/center-drives\/\",\"url\":\"https:\/\/www.voltabelting.com\/de\/solutions-by-conveyor-type\/center-drives\/\",\"name\":\"Mittelantriebe - Volta Belting\",\"isPartOf\":{\"@id\":\"https:\/\/www.voltabelting.com\/de\/#website\"},\"primaryImageOfPage\":{\"@id\":\"https:\/\/www.voltabelting.com\/de\/solutions-by-conveyor-type\/center-drives\/#primaryimage\"},\"image\":{\"@id\":\"https:\/\/www.voltabelting.com\/de\/solutions-by-conveyor-type\/center-drives\/#primaryimage\"},\"thumbnailUrl\":\"https:\/\/www.voltabelting.com\/wp-content\/uploads\/center-drives-2-min.jpg\",\"datePublished\":\"2021-03-31T08:09:40+00:00\",\"dateModified\":\"2024-10-31T13:20:43+00:00\",\"breadcrumb\":{\"@id\":\"https:\/\/www.voltabelting.com\/de\/solutions-by-conveyor-type\/center-drives\/#breadcrumb\"},\"inLanguage\":\"de\",\"potentialAction\":[{\"@type\":\"ReadAction\",\"target\":[\"https:\/\/www.voltabelting.com\/de\/solutions-by-conveyor-type\/center-drives\/\"]}]},{\"@type\":\"ImageObject\",\"inLanguage\":\"de\",\"@id\":\"https:\/\/www.voltabelting.com\/de\/solutions-by-conveyor-type\/center-drives\/#primaryimage\",\"url\":\"https:\/\/www.voltabelting.com\/wp-content\/uploads\/center-drives-2-min.jpg\",\"contentUrl\":\"https:\/\/www.voltabelting.com\/wp-content\/uploads\/center-drives-2-min.jpg\"},{\"@type\":\"BreadcrumbList\",\"@id\":\"https:\/\/www.voltabelting.com\/de\/solutions-by-conveyor-type\/center-drives\/#breadcrumb\",\"itemListElement\":[{\"@type\":\"ListItem\",\"position\":1,\"name\":\"Startseite\",\"item\":\"https:\/\/www.voltabelting.com\/de\/\"},{\"@type\":\"ListItem\",\"position\":2,\"name\":\"L\u00f6sungen Nach F\u00f6rderbandtyp\",\"item\":\"https:\/\/www.voltabelting.com\/de\/solutions-by-conveyor-type\/\"},{\"@type\":\"ListItem\",\"position\":3,\"name\":\"Mittelantriebe\"}]},{\"@type\":\"WebSite\",\"@id\":\"https:\/\/www.voltabelting.com\/de\/#website\",\"url\":\"https:\/\/www.voltabelting.com\/de\/\",\"name\":\"Volta Belting\",\"description\":\"The next step in belting\",\"publisher\":{\"@id\":\"https:\/\/www.voltabelting.com\/de\/#organization\"},\"alternateName\":\"Volta Belting\",\"potentialAction\":[{\"@type\":\"SearchAction\",\"target\":{\"@type\":\"EntryPoint\",\"urlTemplate\":\"https:\/\/www.voltabelting.com\/de\/?s={search_term_string}\"},\"query-input\":{\"@type\":\"PropertyValueSpecification\",\"valueRequired\":true,\"valueName\":\"search_term_string\"}}],\"inLanguage\":\"de\"},{\"@type\":\"Organization\",\"@id\":\"https:\/\/www.voltabelting.com\/de\/#organization\",\"name\":\"Volta Belting\",\"alternateName\":\"Volta Belting - The next step in belting\",\"url\":\"https:\/\/www.voltabelting.com\/de\/\",\"logo\":{\"@type\":\"ImageObject\",\"inLanguage\":\"de\",\"@id\":\"https:\/\/www.voltabelting.com\/de\/#\/schema\/logo\/image\/\",\"url\":\"https:\/\/www.voltabelting.com\/wp-content\/uploads\/Logo.svg\",\"contentUrl\":\"https:\/\/www.voltabelting.com\/wp-content\/uploads\/Logo.svg\",\"caption\":\"Volta Belting\"},\"image\":{\"@id\":\"https:\/\/www.voltabelting.com\/de\/#\/schema\/logo\/image\/\"},\"sameAs\":[\"https:\/\/www.facebook.com\/BeltingTechnology\/\",\"https:\/\/www.instagram.com\/voltabelting\/\",\"https:\/\/www.linkedin.com\/company\/volta-belting-technology\/\",\"https:\/\/www.youtube.com\/user\/VOLTABELTING\"]}]}<\/script>\n<!-- \/ Yoast SEO plugin. -->","yoast_head_json":{"title":"Mittelantriebe - Volta Belting","robots":{"index":"index","follow":"follow","max-snippet":"max-snippet:-1","max-image-preview":"max-image-preview:large","max-video-preview":"max-video-preview:-1"},"canonical":"https:\/\/www.voltabelting.com\/de\/solutions-by-conveyor-type\/center-drives\/","og_locale":"de_DE","og_type":"article","og_title":"Mittelantriebe - Volta Belting","og_description":"Mittelantriebe(Omega) \u00a0sind am h\u00e4ufigsten bei Horizontalf\u00f6rderern zu finden. Dieser Stil wird verwendet, wenn Verarbeiter nach Vorteilen, wie den Abstand zwischen F\u00f6rderern zu sparen, zwei Richtungen oder enge \u00dcbertragung, sucht. Dazu muss sich der Motor und der Spanner auf derselben Achse unter dem F\u00f6rderer befinden. Diese Konstruktion ist auch kritisch, wenn sich Rollen mit kleinem Durchmesser [&hellip;]","og_url":"https:\/\/www.voltabelting.com\/de\/solutions-by-conveyor-type\/center-drives\/","og_site_name":"Volta Belting","article_publisher":"https:\/\/www.facebook.com\/BeltingTechnology\/","article_modified_time":"2024-10-31T13:20:43+00:00","og_image":[{"url":"https:\/\/www.voltabelting.com\/wp-content\/uploads\/center-drives-2-min.jpg","type":"","width":"","height":""}],"twitter_card":"summary_large_image","twitter_misc":{"Gesch\u00e4tzte Lesezeit":"2\u00a0Minuten"},"schema":{"@context":"https:\/\/schema.org","@graph":[{"@type":"WebPage","@id":"https:\/\/www.voltabelting.com\/de\/solutions-by-conveyor-type\/center-drives\/","url":"https:\/\/www.voltabelting.com\/de\/solutions-by-conveyor-type\/center-drives\/","name":"Mittelantriebe - Volta Belting","isPartOf":{"@id":"https:\/\/www.voltabelting.com\/de\/#website"},"primaryImageOfPage":{"@id":"https:\/\/www.voltabelting.com\/de\/solutions-by-conveyor-type\/center-drives\/#primaryimage"},"image":{"@id":"https:\/\/www.voltabelting.com\/de\/solutions-by-conveyor-type\/center-drives\/#primaryimage"},"thumbnailUrl":"https:\/\/www.voltabelting.com\/wp-content\/uploads\/center-drives-2-min.jpg","datePublished":"2021-03-31T08:09:40+00:00","dateModified":"2024-10-31T13:20:43+00:00","breadcrumb":{"@id":"https:\/\/www.voltabelting.com\/de\/solutions-by-conveyor-type\/center-drives\/#breadcrumb"},"inLanguage":"de","potentialAction":[{"@type":"ReadAction","target":["https:\/\/www.voltabelting.com\/de\/solutions-by-conveyor-type\/center-drives\/"]}]},{"@type":"ImageObject","inLanguage":"de","@id":"https:\/\/www.voltabelting.com\/de\/solutions-by-conveyor-type\/center-drives\/#primaryimage","url":"https:\/\/www.voltabelting.com\/wp-content\/uploads\/center-drives-2-min.jpg","contentUrl":"https:\/\/www.voltabelting.com\/wp-content\/uploads\/center-drives-2-min.jpg"},{"@type":"BreadcrumbList","@id":"https:\/\/www.voltabelting.com\/de\/solutions-by-conveyor-type\/center-drives\/#breadcrumb","itemListElement":[{"@type":"ListItem","position":1,"name":"Startseite","item":"https:\/\/www.voltabelting.com\/de\/"},{"@type":"ListItem","position":2,"name":"L\u00f6sungen Nach F\u00f6rderbandtyp","item":"https:\/\/www.voltabelting.com\/de\/solutions-by-conveyor-type\/"},{"@type":"ListItem","position":3,"name":"Mittelantriebe"}]},{"@type":"WebSite","@id":"https:\/\/www.voltabelting.com\/de\/#website","url":"https:\/\/www.voltabelting.com\/de\/","name":"Volta Belting","description":"The next step in belting","publisher":{"@id":"https:\/\/www.voltabelting.com\/de\/#organization"},"alternateName":"Volta Belting","potentialAction":[{"@type":"SearchAction","target":{"@type":"EntryPoint","urlTemplate":"https:\/\/www.voltabelting.com\/de\/?s={search_term_string}"},"query-input":{"@type":"PropertyValueSpecification","valueRequired":true,"valueName":"search_term_string"}}],"inLanguage":"de"},{"@type":"Organization","@id":"https:\/\/www.voltabelting.com\/de\/#organization","name":"Volta Belting","alternateName":"Volta Belting - The next step in belting","url":"https:\/\/www.voltabelting.com\/de\/","logo":{"@type":"ImageObject","inLanguage":"de","@id":"https:\/\/www.voltabelting.com\/de\/#\/schema\/logo\/image\/","url":"https:\/\/www.voltabelting.com\/wp-content\/uploads\/Logo.svg","contentUrl":"https:\/\/www.voltabelting.com\/wp-content\/uploads\/Logo.svg","caption":"Volta Belting"},"image":{"@id":"https:\/\/www.voltabelting.com\/de\/#\/schema\/logo\/image\/"},"sameAs":["https:\/\/www.facebook.com\/BeltingTechnology\/","https:\/\/www.instagram.com\/voltabelting\/","https:\/\/www.linkedin.com\/company\/volta-belting-technology\/","https:\/\/www.youtube.com\/user\/VOLTABELTING"]}]}},"_links":{"self":[{"href":"https:\/\/www.voltabelting.com\/de\/wp-json\/wp\/v2\/pages\/11830","targetHints":{"allow":["GET"]}}],"collection":[{"href":"https:\/\/www.voltabelting.com\/de\/wp-json\/wp\/v2\/pages"}],"about":[{"href":"https:\/\/www.voltabelting.com\/de\/wp-json\/wp\/v2\/types\/page"}],"author":[{"embeddable":true,"href":"https:\/\/www.voltabelting.com\/de\/wp-json\/wp\/v2\/users\/569"}],"replies":[{"embeddable":true,"href":"https:\/\/www.voltabelting.com\/de\/wp-json\/wp\/v2\/comments?post=11830"}],"version-history":[{"count":0,"href":"https:\/\/www.voltabelting.com\/de\/wp-json\/wp\/v2\/pages\/11830\/revisions"}],"up":[{"embeddable":true,"href":"https:\/\/www.voltabelting.com\/de\/wp-json\/wp\/v2\/pages\/10767"}],"wp:attachment":[{"href":"https:\/\/www.voltabelting.com\/de\/wp-json\/wp\/v2\/media?parent=11830"}],"curies":[{"name":"wp","href":"https:\/\/api.w.org\/{rel}","templated":true}]}}