{"id":11838,"date":"2021-03-31T09:27:20","date_gmt":"2021-03-31T08:27:20","guid":{"rendered":"https:\/\/www.voltabelting.com\/?page_id=11838"},"modified":"2024-10-31T13:30:53","modified_gmt":"2024-10-31T13:30:53","slug":"trough-conveyors","status":"publish","type":"page","link":"https:\/\/www.voltabelting.com\/de\/solutions-by-conveyor-type\/trough-conveyors\/","title":{"rendered":"Trogf\u00f6rderer"},"content":{"rendered":"\t\t<div data-elementor-type=\"wp-page\" data-elementor-id=\"11838\" class=\"elementor elementor-11838 elementor-3085\" data-elementor-post-type=\"page\">\n\t\t\t\t\t\t<section class=\"elementor-section elementor-top-section elementor-element elementor-element-a65a09e elementor-section-height-min-height elementor-section-items-stretch elementor-reverse-mobile elementor-section-boxed elementor-section-height-default\" data-id=\"a65a09e\" data-element_type=\"section\" data-settings=\"{&quot;background_background&quot;:&quot;classic&quot;}\">\n\t\t\t\t\t\t\t<div class=\"elementor-background-overlay\"><\/div>\n\t\t\t\t\t\t\t<div class=\"elementor-container elementor-column-gap-no\">\n\t\t\t\t\t<div class=\"elementor-column elementor-col-50 elementor-top-column elementor-element elementor-element-5dd3702\" data-id=\"5dd3702\" data-element_type=\"column\" data-settings=\"{&quot;background_background&quot;:&quot;classic&quot;}\">\n\t\t\t<div class=\"elementor-widget-wrap elementor-element-populated\">\n\t\t\t\t\t\t<div class=\"elementor-element elementor-element-84b9c2f elementor-hidden-phone elementor-widget elementor-widget-breadcrumbs\" data-id=\"84b9c2f\" data-element_type=\"widget\" data-widget_type=\"breadcrumbs.default\">\n\t\t\t\t<div class=\"elementor-widget-container\">\n\t\t\t\t\t<p id=\"breadcrumbs\"><span><span><a href=\"https:\/\/www.voltabelting.com\/de\/\">Startseite<\/a><\/span><\/span><\/p>\t\t\t\t<\/div>\n\t\t\t\t<\/div>\n\t\t\t\t<div class=\"elementor-element elementor-element-70f8e87 elementor-widget elementor-widget-heading\" data-id=\"70f8e87\" data-element_type=\"widget\" data-widget_type=\"heading.default\">\n\t\t\t\t<div class=\"elementor-widget-container\">\n\t\t\t\t\t<h1 class=\"elementor-heading-title elementor-size-default\">Trogf\u00f6rderer<\/h1>\t\t\t\t<\/div>\n\t\t\t\t<\/div>\n\t\t\t\t<div class=\"elementor-element elementor-element-77eceac elementor-widget__width-initial elementor-widget elementor-widget-text-editor\" data-id=\"77eceac\" data-element_type=\"widget\" data-widget_type=\"text-editor.default\">\n\t\t\t\t<div class=\"elementor-widget-container\">\n\t\t\t\t\t\t\t\t\t<p>Trogf\u00f6rderer werden \u00fcblicherweise auf Transferlinien, beim Handling von Kleinteilen und bei der Lebensmittelverarbeitung eingesetzt. Sie teilen die meisten Konstruktionsmerkmale der zweiachsigen F\u00f6rderer mit zus\u00e4tzlichen erh\u00f6hten Kanten, um das Produkt auf dem Band zu halten. Dieses Merkmal erfordert, dass die B\u00e4nder flexibel sind und ihre Form \u00fcber die Antrieb\/Umlenkungen\u00a0 beibehalten. Sie werden h\u00e4ufig auf Steigf\u00f6rderern\/Z-F\u00f6rderern verwendet, um das Produkt hygienisch einzuschlie\u00dfen.<\/p>\t\t\t\t\t\t\t\t<\/div>\n\t\t\t\t<\/div>\n\t\t\t\t\t<\/div>\n\t\t<\/div>\n\t\t\t\t<div class=\"elementor-column elementor-col-50 elementor-top-column elementor-element elementor-element-b2bd234\" data-id=\"b2bd234\" data-element_type=\"column\">\n\t\t\t<div class=\"elementor-widget-wrap\">\n\t\t\t\t\t\t\t<\/div>\n\t\t<\/div>\n\t\t\t\t\t<\/div>\n\t\t<\/section>\n\t\t\t\t<section class=\"elementor-section elementor-top-section elementor-element elementor-element-3f589b5 elementor-section-height-min-height elementor-reverse-mobile elementor-section-boxed elementor-section-height-default elementor-section-items-middle\" data-id=\"3f589b5\" data-element_type=\"section\">\n\t\t\t\t\t\t<div class=\"elementor-container elementor-column-gap-default\">\n\t\t\t\t\t<div class=\"elementor-column elementor-col-33 elementor-top-column elementor-element elementor-element-6ae4492 vbt-no-bg-mob\" data-id=\"6ae4492\" data-element_type=\"column\" data-settings=\"{&quot;background_background&quot;:&quot;classic&quot;}\">\n\t\t\t<div class=\"elementor-widget-wrap elementor-element-populated\">\n\t\t\t\t\t\t<div class=\"elementor-element elementor-element-7d5fcff vbt-image-carousel  elementor-arrows-position-inside elementor-pagination-position-outside elementor-widget elementor-widget-image-carousel\" data-id=\"7d5fcff\" data-element_type=\"widget\" data-settings=\"{&quot;slides_to_show&quot;:&quot;1&quot;,&quot;slides_to_show_tablet&quot;:&quot;1&quot;,&quot;effect&quot;:&quot;fade&quot;,&quot;navigation&quot;:&quot;both&quot;,&quot;autoplay&quot;:&quot;yes&quot;,&quot;pause_on_hover&quot;:&quot;yes&quot;,&quot;pause_on_interaction&quot;:&quot;yes&quot;,&quot;autoplay_speed&quot;:5000,&quot;infinite&quot;:&quot;yes&quot;,&quot;speed&quot;:500}\" data-widget_type=\"image-carousel.default\">\n\t\t\t\t<div class=\"elementor-widget-container\">\n\t\t\t\t\t\t\t<div class=\"elementor-image-carousel-wrapper swiper\" role=\"region\" aria-roledescription=\"carousel\" aria-label=\"Bild Karussell\" dir=\"ltr\">\n\t\t\t<div class=\"elementor-image-carousel swiper-wrapper swiper-image-stretch\" aria-live=\"off\">\n\t\t\t\t\t\t\t\t<div class=\"swiper-slide\" role=\"group\" aria-roledescription=\"slide\" aria-label=\"1 von 2\"><figure class=\"swiper-slide-inner\"><img decoding=\"async\" class=\"swiper-slide-image\" src=\"https:\/\/www.voltabelting.com\/wp-content\/uploads\/trough-conveyor-construction-min.jpg\" alt=\"Trough Conveyors\" \/><\/figure><\/div><div class=\"swiper-slide\" role=\"group\" aria-roledescription=\"slide\" aria-label=\"2 von 2\"><figure class=\"swiper-slide-inner\"><img decoding=\"async\" class=\"swiper-slide-image\" src=\"https:\/\/www.voltabelting.com\/wp-content\/uploads\/trough-conveyors-min.jpg\" alt=\"Trough Conveyors\" \/><\/figure><\/div>\t\t\t<\/div>\n\t\t\t\t\t\t\t\t\t\t\t\t<div class=\"elementor-swiper-button elementor-swiper-button-prev\" role=\"button\" tabindex=\"0\">\n\t\t\t\t\t\t<i aria-hidden=\"true\" class=\"eicon-chevron-left\"><\/i>\t\t\t\t\t<\/div>\n\t\t\t\t\t<div class=\"elementor-swiper-button elementor-swiper-button-next\" role=\"button\" tabindex=\"0\">\n\t\t\t\t\t\t<i aria-hidden=\"true\" class=\"eicon-chevron-right\"><\/i>\t\t\t\t\t<\/div>\n\t\t\t\t\n\t\t\t\t\t\t\t\t\t<div class=\"swiper-pagination\"><\/div>\n\t\t\t\t\t\t\t\t\t<\/div>\n\t\t\t\t\t\t<\/div>\n\t\t\t\t<\/div>\n\t\t\t\t\t<\/div>\n\t\t<\/div>\n\t\t\t\t<div class=\"elementor-column elementor-col-33 elementor-top-column elementor-element elementor-element-ebc33c1\" data-id=\"ebc33c1\" data-element_type=\"column\">\n\t\t\t<div class=\"elementor-widget-wrap\">\n\t\t\t\t\t\t\t<\/div>\n\t\t<\/div>\n\t\t\t\t<div class=\"elementor-column elementor-col-33 elementor-top-column elementor-element elementor-element-254cc00\" data-id=\"254cc00\" data-element_type=\"column\">\n\t\t\t<div class=\"elementor-widget-wrap elementor-element-populated\">\n\t\t\t\t\t\t<div class=\"elementor-element elementor-element-86925d3 elementor-widget elementor-widget-heading\" data-id=\"86925d3\" data-element_type=\"widget\" data-widget_type=\"heading.default\">\n\t\t\t\t<div class=\"elementor-widget-container\">\n\t\t\t\t\t<h2 class=\"elementor-heading-title elementor-size-default\">Konstruktion des F\u00f6rderers<\/h2>\t\t\t\t<\/div>\n\t\t\t\t<\/div>\n\t\t\t\t<div class=\"elementor-element elementor-element-f56598a elementor-widget__width-initial elementor-widget elementor-widget-text-editor\" data-id=\"f56598a\" data-element_type=\"widget\" data-widget_type=\"text-editor.default\">\n\t\t\t\t<div class=\"elementor-widget-container\">\n\t\t\t\t\t\t\t\t\t<p>Mulden ist eine der besten L\u00f6sungen zur Aufnahme von Sch\u00fcttg\u00fctern, insbesondere bei pulverf\u00f6rmigen oder k\u00f6rnigen Produkten. Es bewirkt, dass sich Produkte n\u00e4her an der Bandmitte ansammeln. Dies steht zwar im Gegensatz zur gleichm\u00e4\u00dfigen Verteilung des Produkts \u00fcber die Bandoberfl\u00e4che, verleiht dem Band jedoch eine bessere Spurstabilit\u00e4t und macht Seitenf\u00fchrung \u00fcberfl\u00fcssig, wodurch ein Versch\u00fctten oder ein Produktverlust verhindert wird. Die Tiefe der Mulde kann flach oder tief sein, aber der Winkel, in dem die Bandseiten erfolgreich Mulden k\u00f6nnen, wird durch mechanische Faktoren wie Banddicke, Flexibilit\u00e4t und Breite bestimmt.<\/p>\t\t\t\t\t\t\t\t<\/div>\n\t\t\t\t<\/div>\n\t\t\t\t\t<\/div>\n\t\t<\/div>\n\t\t\t\t\t<\/div>\n\t\t<\/section>\n\t\t\t\t<section class=\"elementor-section elementor-top-section elementor-element elementor-element-1548bd8 elementor-section-height-min-height elementor-section-boxed elementor-section-height-default elementor-section-items-middle\" data-id=\"1548bd8\" data-element_type=\"section\">\n\t\t\t\t\t\t<div class=\"elementor-container elementor-column-gap-default\">\n\t\t\t\t\t<div class=\"elementor-column elementor-col-33 elementor-top-column elementor-element elementor-element-3bded3e\" data-id=\"3bded3e\" data-element_type=\"column\">\n\t\t\t<div class=\"elementor-widget-wrap elementor-element-populated\">\n\t\t\t\t\t\t<div class=\"elementor-element elementor-element-cf159d7 elementor-widget elementor-widget-heading\" data-id=\"cf159d7\" data-element_type=\"widget\" data-widget_type=\"heading.default\">\n\t\t\t\t<div class=\"elementor-widget-container\">\n\t\t\t\t\t<h2 class=\"elementor-heading-title elementor-size-default\">Warum Volta die Wahl ist<\/h2>\t\t\t\t<\/div>\n\t\t\t\t<\/div>\n\t\t\t\t<div class=\"elementor-element elementor-element-98e8fcc elementor-widget__width-initial elementor-widget elementor-widget-text-editor\" data-id=\"98e8fcc\" data-element_type=\"widget\" data-widget_type=\"text-editor.default\">\n\t\t\t\t<div class=\"elementor-widget-container\">\n\t\t\t\t\t\t\t\t\t<p>Das Volta-Bandmaterial kann dazu beitragen, viele der Fallstricke von Bandausf\u00e4llen zu vermeiden und damit Ausfallzeiten und Wartungskosten zu sparen. Es bietet Ihnen eine hygienische und reinigungsf\u00e4hige Arbeitsumgebung f\u00fcr F\u00f6rderb\u00e4nder in der Lebensmittelverarbeitung. Die langlebigen Schwei\u00dfverbindungen von Volta k\u00f6nnen mehrere Bandwechsel ersparen und das homogene Bandmaterial von Volta widersteht den Belastungen beim Biegen in und aus der Muldenform.<\/p><p>Volta SuperDrive\u2122 und Mini SuperDrive\u2122 eignen sich besonders f\u00fcr Muldenf\u00f6rderer.Richtlinien zu deren Gestaltung finden Sie in unseren technischen Handb\u00fcchern. \u00a0<\/p>\t\t\t\t\t\t\t\t<\/div>\n\t\t\t\t<\/div>\n\t\t\t\t\t<\/div>\n\t\t<\/div>\n\t\t\t\t<div class=\"elementor-column elementor-col-33 elementor-top-column elementor-element elementor-element-66cc749\" data-id=\"66cc749\" data-element_type=\"column\">\n\t\t\t<div class=\"elementor-widget-wrap\">\n\t\t\t\t\t\t\t<\/div>\n\t\t<\/div>\n\t\t\t\t<div class=\"elementor-column elementor-col-33 elementor-top-column elementor-element elementor-element-e5509b9 vbt-no-bg-mob\" data-id=\"e5509b9\" data-element_type=\"column\" data-settings=\"{&quot;background_background&quot;:&quot;classic&quot;}\">\n\t\t\t<div class=\"elementor-widget-wrap elementor-element-populated\">\n\t\t\t\t\t\t<div class=\"elementor-element elementor-element-2313066 vbt-image-carousel vbt-image-carousel--right elementor-arrows-position-inside elementor-pagination-position-outside elementor-widget elementor-widget-image-carousel\" data-id=\"2313066\" data-element_type=\"widget\" data-settings=\"{&quot;slides_to_show&quot;:&quot;1&quot;,&quot;slides_to_show_tablet&quot;:&quot;1&quot;,&quot;effect&quot;:&quot;fade&quot;,&quot;navigation&quot;:&quot;both&quot;,&quot;autoplay&quot;:&quot;yes&quot;,&quot;pause_on_hover&quot;:&quot;yes&quot;,&quot;pause_on_interaction&quot;:&quot;yes&quot;,&quot;autoplay_speed&quot;:5000,&quot;infinite&quot;:&quot;yes&quot;,&quot;speed&quot;:500}\" data-widget_type=\"image-carousel.default\">\n\t\t\t\t<div class=\"elementor-widget-container\">\n\t\t\t\t\t\t\t<div class=\"elementor-image-carousel-wrapper swiper\" role=\"region\" aria-roledescription=\"carousel\" aria-label=\"Bild Karussell\" dir=\"ltr\">\n\t\t\t<div class=\"elementor-image-carousel swiper-wrapper swiper-image-stretch\" aria-live=\"off\">\n\t\t\t\t\t\t\t\t<div class=\"swiper-slide\" role=\"group\" aria-roledescription=\"slide\" aria-label=\"1 von 1\"><figure class=\"swiper-slide-inner\"><img decoding=\"async\" class=\"swiper-slide-image\" src=\"https:\/\/www.voltabelting.com\/wp-content\/uploads\/trough-why-volta-min.jpg\" alt=\"Trough Conveyors\" \/><\/figure><\/div>\t\t\t<\/div>\n\t\t\t\t\t<\/div>\n\t\t\t\t\t\t<\/div>\n\t\t\t\t<\/div>\n\t\t\t\t\t<\/div>\n\t\t<\/div>\n\t\t\t\t\t<\/div>\n\t\t<\/section>\n\t\t\t\t<\/div>\n\t\t","protected":false},"excerpt":{"rendered":"<p>Trogf\u00f6rderer werden \u00fcblicherweise auf Transferlinien, beim Handling von Kleinteilen und bei der Lebensmittelverarbeitung eingesetzt. Sie teilen die meisten Konstruktionsmerkmale der zweiachsigen F\u00f6rderer mit zus\u00e4tzlichen erh\u00f6hten Kanten, um das Produkt auf dem Band zu halten. Dieses Merkmal erfordert, dass die B\u00e4nder flexibel sind und ihre Form \u00fcber die Antrieb\/Umlenkungen\u00a0 beibehalten. Sie werden h\u00e4ufig auf Steigf\u00f6rderern\/Z-F\u00f6rderern verwendet, [&hellip;]<\/p>\n","protected":false},"author":5,"featured_media":0,"parent":10767,"menu_order":0,"comment_status":"closed","ping_status":"closed","template":"elementor_header_footer","meta":{"footnotes":""},"class_list":["post-11838","page","type-page","status-publish","hentry"],"yoast_head":"<!-- This site is optimized with the Yoast SEO plugin v26.0 - https:\/\/yoast.com\/wordpress\/plugins\/seo\/ -->\n<title>Trogf\u00f6rderer - Volta Belting<\/title>\n<meta name=\"robots\" content=\"index, follow, max-snippet:-1, max-image-preview:large, max-video-preview:-1\" \/>\n<link rel=\"canonical\" href=\"https:\/\/www.voltabelting.com\/de\/solutions-by-conveyor-type\/trough-conveyors\/\" \/>\n<meta property=\"og:locale\" content=\"de_DE\" \/>\n<meta property=\"og:type\" content=\"article\" \/>\n<meta property=\"og:title\" content=\"Trogf\u00f6rderer - Volta Belting\" \/>\n<meta property=\"og:description\" content=\"Trogf\u00f6rderer werden \u00fcblicherweise auf Transferlinien, beim Handling von Kleinteilen und bei der Lebensmittelverarbeitung eingesetzt. Sie teilen die meisten Konstruktionsmerkmale der zweiachsigen F\u00f6rderer mit zus\u00e4tzlichen erh\u00f6hten Kanten, um das Produkt auf dem Band zu halten. Dieses Merkmal erfordert, dass die B\u00e4nder flexibel sind und ihre Form \u00fcber die Antrieb\/Umlenkungen\u00a0 beibehalten. Sie werden h\u00e4ufig auf Steigf\u00f6rderern\/Z-F\u00f6rderern verwendet, [&hellip;]\" \/>\n<meta property=\"og:url\" content=\"https:\/\/www.voltabelting.com\/de\/solutions-by-conveyor-type\/trough-conveyors\/\" \/>\n<meta property=\"og:site_name\" content=\"Volta Belting\" \/>\n<meta property=\"article:publisher\" content=\"https:\/\/www.facebook.com\/BeltingTechnology\/\" \/>\n<meta property=\"article:modified_time\" content=\"2024-10-31T13:30:53+00:00\" \/>\n<meta property=\"og:image\" content=\"https:\/\/www.voltabelting.com\/wp-content\/uploads\/trough-conveyor-construction-min.jpg\" \/>\n<meta name=\"twitter:card\" content=\"summary_large_image\" \/>\n<meta name=\"twitter:label1\" content=\"Gesch\u00e4tzte Lesezeit\" \/>\n\t<meta name=\"twitter:data1\" content=\"3\u00a0Minuten\" \/>\n<script type=\"application\/ld+json\" class=\"yoast-schema-graph\">{\"@context\":\"https:\/\/schema.org\",\"@graph\":[{\"@type\":\"WebPage\",\"@id\":\"https:\/\/www.voltabelting.com\/de\/solutions-by-conveyor-type\/trough-conveyors\/\",\"url\":\"https:\/\/www.voltabelting.com\/de\/solutions-by-conveyor-type\/trough-conveyors\/\",\"name\":\"Trogf\u00f6rderer - Volta Belting\",\"isPartOf\":{\"@id\":\"https:\/\/www.voltabelting.com\/de\/#website\"},\"primaryImageOfPage\":{\"@id\":\"https:\/\/www.voltabelting.com\/de\/solutions-by-conveyor-type\/trough-conveyors\/#primaryimage\"},\"image\":{\"@id\":\"https:\/\/www.voltabelting.com\/de\/solutions-by-conveyor-type\/trough-conveyors\/#primaryimage\"},\"thumbnailUrl\":\"https:\/\/www.voltabelting.com\/wp-content\/uploads\/trough-conveyor-construction-min.jpg\",\"datePublished\":\"2021-03-31T08:27:20+00:00\",\"dateModified\":\"2024-10-31T13:30:53+00:00\",\"breadcrumb\":{\"@id\":\"https:\/\/www.voltabelting.com\/de\/solutions-by-conveyor-type\/trough-conveyors\/#breadcrumb\"},\"inLanguage\":\"de\",\"potentialAction\":[{\"@type\":\"ReadAction\",\"target\":[\"https:\/\/www.voltabelting.com\/de\/solutions-by-conveyor-type\/trough-conveyors\/\"]}]},{\"@type\":\"ImageObject\",\"inLanguage\":\"de\",\"@id\":\"https:\/\/www.voltabelting.com\/de\/solutions-by-conveyor-type\/trough-conveyors\/#primaryimage\",\"url\":\"https:\/\/www.voltabelting.com\/wp-content\/uploads\/trough-conveyor-construction-min.jpg\",\"contentUrl\":\"https:\/\/www.voltabelting.com\/wp-content\/uploads\/trough-conveyor-construction-min.jpg\"},{\"@type\":\"BreadcrumbList\",\"@id\":\"https:\/\/www.voltabelting.com\/de\/solutions-by-conveyor-type\/trough-conveyors\/#breadcrumb\",\"itemListElement\":[{\"@type\":\"ListItem\",\"position\":1,\"name\":\"Startseite\",\"item\":\"https:\/\/www.voltabelting.com\/de\/\"},{\"@type\":\"ListItem\",\"position\":2,\"name\":\"L\u00f6sungen Nach F\u00f6rderbandtyp\",\"item\":\"https:\/\/www.voltabelting.com\/de\/solutions-by-conveyor-type\/\"},{\"@type\":\"ListItem\",\"position\":3,\"name\":\"Trogf\u00f6rderer\"}]},{\"@type\":\"WebSite\",\"@id\":\"https:\/\/www.voltabelting.com\/de\/#website\",\"url\":\"https:\/\/www.voltabelting.com\/de\/\",\"name\":\"Volta Belting\",\"description\":\"The next step in belting\",\"publisher\":{\"@id\":\"https:\/\/www.voltabelting.com\/de\/#organization\"},\"alternateName\":\"Volta Belting\",\"potentialAction\":[{\"@type\":\"SearchAction\",\"target\":{\"@type\":\"EntryPoint\",\"urlTemplate\":\"https:\/\/www.voltabelting.com\/de\/?s={search_term_string}\"},\"query-input\":{\"@type\":\"PropertyValueSpecification\",\"valueRequired\":true,\"valueName\":\"search_term_string\"}}],\"inLanguage\":\"de\"},{\"@type\":\"Organization\",\"@id\":\"https:\/\/www.voltabelting.com\/de\/#organization\",\"name\":\"Volta Belting\",\"alternateName\":\"Volta Belting - The next step in belting\",\"url\":\"https:\/\/www.voltabelting.com\/de\/\",\"logo\":{\"@type\":\"ImageObject\",\"inLanguage\":\"de\",\"@id\":\"https:\/\/www.voltabelting.com\/de\/#\/schema\/logo\/image\/\",\"url\":\"https:\/\/www.voltabelting.com\/wp-content\/uploads\/Logo.svg\",\"contentUrl\":\"https:\/\/www.voltabelting.com\/wp-content\/uploads\/Logo.svg\",\"caption\":\"Volta Belting\"},\"image\":{\"@id\":\"https:\/\/www.voltabelting.com\/de\/#\/schema\/logo\/image\/\"},\"sameAs\":[\"https:\/\/www.facebook.com\/BeltingTechnology\/\",\"https:\/\/www.instagram.com\/voltabelting\/\",\"https:\/\/www.linkedin.com\/company\/volta-belting-technology\/\",\"https:\/\/www.youtube.com\/user\/VOLTABELTING\"]}]}<\/script>\n<!-- \/ Yoast SEO plugin. -->","yoast_head_json":{"title":"Trogf\u00f6rderer - Volta Belting","robots":{"index":"index","follow":"follow","max-snippet":"max-snippet:-1","max-image-preview":"max-image-preview:large","max-video-preview":"max-video-preview:-1"},"canonical":"https:\/\/www.voltabelting.com\/de\/solutions-by-conveyor-type\/trough-conveyors\/","og_locale":"de_DE","og_type":"article","og_title":"Trogf\u00f6rderer - Volta Belting","og_description":"Trogf\u00f6rderer werden \u00fcblicherweise auf Transferlinien, beim Handling von Kleinteilen und bei der Lebensmittelverarbeitung eingesetzt. Sie teilen die meisten Konstruktionsmerkmale der zweiachsigen F\u00f6rderer mit zus\u00e4tzlichen erh\u00f6hten Kanten, um das Produkt auf dem Band zu halten. Dieses Merkmal erfordert, dass die B\u00e4nder flexibel sind und ihre Form \u00fcber die Antrieb\/Umlenkungen\u00a0 beibehalten. Sie werden h\u00e4ufig auf Steigf\u00f6rderern\/Z-F\u00f6rderern verwendet, [&hellip;]","og_url":"https:\/\/www.voltabelting.com\/de\/solutions-by-conveyor-type\/trough-conveyors\/","og_site_name":"Volta Belting","article_publisher":"https:\/\/www.facebook.com\/BeltingTechnology\/","article_modified_time":"2024-10-31T13:30:53+00:00","og_image":[{"url":"https:\/\/www.voltabelting.com\/wp-content\/uploads\/trough-conveyor-construction-min.jpg","type":"","width":"","height":""}],"twitter_card":"summary_large_image","twitter_misc":{"Gesch\u00e4tzte Lesezeit":"3\u00a0Minuten"},"schema":{"@context":"https:\/\/schema.org","@graph":[{"@type":"WebPage","@id":"https:\/\/www.voltabelting.com\/de\/solutions-by-conveyor-type\/trough-conveyors\/","url":"https:\/\/www.voltabelting.com\/de\/solutions-by-conveyor-type\/trough-conveyors\/","name":"Trogf\u00f6rderer - Volta Belting","isPartOf":{"@id":"https:\/\/www.voltabelting.com\/de\/#website"},"primaryImageOfPage":{"@id":"https:\/\/www.voltabelting.com\/de\/solutions-by-conveyor-type\/trough-conveyors\/#primaryimage"},"image":{"@id":"https:\/\/www.voltabelting.com\/de\/solutions-by-conveyor-type\/trough-conveyors\/#primaryimage"},"thumbnailUrl":"https:\/\/www.voltabelting.com\/wp-content\/uploads\/trough-conveyor-construction-min.jpg","datePublished":"2021-03-31T08:27:20+00:00","dateModified":"2024-10-31T13:30:53+00:00","breadcrumb":{"@id":"https:\/\/www.voltabelting.com\/de\/solutions-by-conveyor-type\/trough-conveyors\/#breadcrumb"},"inLanguage":"de","potentialAction":[{"@type":"ReadAction","target":["https:\/\/www.voltabelting.com\/de\/solutions-by-conveyor-type\/trough-conveyors\/"]}]},{"@type":"ImageObject","inLanguage":"de","@id":"https:\/\/www.voltabelting.com\/de\/solutions-by-conveyor-type\/trough-conveyors\/#primaryimage","url":"https:\/\/www.voltabelting.com\/wp-content\/uploads\/trough-conveyor-construction-min.jpg","contentUrl":"https:\/\/www.voltabelting.com\/wp-content\/uploads\/trough-conveyor-construction-min.jpg"},{"@type":"BreadcrumbList","@id":"https:\/\/www.voltabelting.com\/de\/solutions-by-conveyor-type\/trough-conveyors\/#breadcrumb","itemListElement":[{"@type":"ListItem","position":1,"name":"Startseite","item":"https:\/\/www.voltabelting.com\/de\/"},{"@type":"ListItem","position":2,"name":"L\u00f6sungen Nach F\u00f6rderbandtyp","item":"https:\/\/www.voltabelting.com\/de\/solutions-by-conveyor-type\/"},{"@type":"ListItem","position":3,"name":"Trogf\u00f6rderer"}]},{"@type":"WebSite","@id":"https:\/\/www.voltabelting.com\/de\/#website","url":"https:\/\/www.voltabelting.com\/de\/","name":"Volta Belting","description":"The next step in belting","publisher":{"@id":"https:\/\/www.voltabelting.com\/de\/#organization"},"alternateName":"Volta Belting","potentialAction":[{"@type":"SearchAction","target":{"@type":"EntryPoint","urlTemplate":"https:\/\/www.voltabelting.com\/de\/?s={search_term_string}"},"query-input":{"@type":"PropertyValueSpecification","valueRequired":true,"valueName":"search_term_string"}}],"inLanguage":"de"},{"@type":"Organization","@id":"https:\/\/www.voltabelting.com\/de\/#organization","name":"Volta Belting","alternateName":"Volta Belting - The next step in belting","url":"https:\/\/www.voltabelting.com\/de\/","logo":{"@type":"ImageObject","inLanguage":"de","@id":"https:\/\/www.voltabelting.com\/de\/#\/schema\/logo\/image\/","url":"https:\/\/www.voltabelting.com\/wp-content\/uploads\/Logo.svg","contentUrl":"https:\/\/www.voltabelting.com\/wp-content\/uploads\/Logo.svg","caption":"Volta Belting"},"image":{"@id":"https:\/\/www.voltabelting.com\/de\/#\/schema\/logo\/image\/"},"sameAs":["https:\/\/www.facebook.com\/BeltingTechnology\/","https:\/\/www.instagram.com\/voltabelting\/","https:\/\/www.linkedin.com\/company\/volta-belting-technology\/","https:\/\/www.youtube.com\/user\/VOLTABELTING"]}]}},"_links":{"self":[{"href":"https:\/\/www.voltabelting.com\/de\/wp-json\/wp\/v2\/pages\/11838","targetHints":{"allow":["GET"]}}],"collection":[{"href":"https:\/\/www.voltabelting.com\/de\/wp-json\/wp\/v2\/pages"}],"about":[{"href":"https:\/\/www.voltabelting.com\/de\/wp-json\/wp\/v2\/types\/page"}],"author":[{"embeddable":true,"href":"https:\/\/www.voltabelting.com\/de\/wp-json\/wp\/v2\/users\/5"}],"replies":[{"embeddable":true,"href":"https:\/\/www.voltabelting.com\/de\/wp-json\/wp\/v2\/comments?post=11838"}],"version-history":[{"count":0,"href":"https:\/\/www.voltabelting.com\/de\/wp-json\/wp\/v2\/pages\/11838\/revisions"}],"up":[{"embeddable":true,"href":"https:\/\/www.voltabelting.com\/de\/wp-json\/wp\/v2\/pages\/10767"}],"wp:attachment":[{"href":"https:\/\/www.voltabelting.com\/de\/wp-json\/wp\/v2\/media?parent=11838"}],"curies":[{"name":"wp","href":"https:\/\/api.w.org\/{rel}","templated":true}]}}