{"id":11852,"date":"2021-02-28T13:11:00","date_gmt":"2021-02-28T13:11:00","guid":{"rendered":"https:\/\/www.voltabelting.com\/?page_id=11852"},"modified":"2024-12-22T11:04:04","modified_gmt":"2024-12-22T11:04:04","slug":"food-grade-accessories","status":"publish","type":"page","link":"https:\/\/www.voltabelting.com\/de\/solutions-by-application-type\/food-grade-accessories\/","title":{"rendered":"Lebensmittelvertr\u00e4gliches Zubeh\u00f6r"},"content":{"rendered":"\t\t<div data-elementor-type=\"wp-page\" data-elementor-id=\"11852\" class=\"elementor elementor-11852 elementor-978\" data-elementor-post-type=\"page\">\n\t\t\t\t\t\t<section class=\"elementor-section elementor-top-section elementor-element elementor-element-b856dc9 elementor-section-height-min-height elementor-section-items-stretch elementor-reverse-mobile elementor-section-boxed elementor-section-height-default\" data-id=\"b856dc9\" data-element_type=\"section\" data-e-type=\"section\" data-settings=\"{&quot;background_background&quot;:&quot;classic&quot;}\">\n\t\t\t\t\t\t\t<div class=\"elementor-background-overlay\"><\/div>\n\t\t\t\t\t\t\t<div class=\"elementor-container elementor-column-gap-no\">\n\t\t\t\t\t<div class=\"elementor-column elementor-col-50 elementor-top-column elementor-element elementor-element-f076475\" data-id=\"f076475\" data-element_type=\"column\" data-e-type=\"column\" data-settings=\"{&quot;background_background&quot;:&quot;classic&quot;}\">\n\t\t\t<div class=\"elementor-widget-wrap elementor-element-populated\">\n\t\t\t\t\t\t<div class=\"elementor-element elementor-element-730cdcf elementor-hidden-phone elementor-widget elementor-widget-breadcrumbs\" data-id=\"730cdcf\" data-element_type=\"widget\" data-e-type=\"widget\" data-widget_type=\"breadcrumbs.default\">\n\t\t\t\t<div class=\"elementor-widget-container\">\n\t\t\t\t\t<nav aria-label=\"breadcrumbs\" class=\"rank-math-breadcrumb\"><p><span class=\"last\">Home<\/span><\/p><\/nav>\t\t\t\t<\/div>\n\t\t\t\t<\/div>\n\t\t\t\t<div class=\"elementor-element elementor-element-70f8e87 elementor-widget__width-initial elementor-widget elementor-widget-heading\" data-id=\"70f8e87\" data-element_type=\"widget\" data-e-type=\"widget\" data-widget_type=\"heading.default\">\n\t\t\t\t<div class=\"elementor-widget-container\">\n\t\t\t\t\t<h1 class=\"elementor-heading-title elementor-size-default\">Lebensmittelvertr\u00e4gliches Zubeh\u00f6r<\/h1>\t\t\t\t<\/div>\n\t\t\t\t<\/div>\n\t\t\t\t<div class=\"elementor-element elementor-element-77eceac elementor-widget__width-initial elementor-widget elementor-widget-text-editor\" data-id=\"77eceac\" data-element_type=\"widget\" data-e-type=\"widget\" data-widget_type=\"text-editor.default\">\n\t\t\t\t<div class=\"elementor-widget-container\">\n\t\t\t\t\t\t\t\t\t<p>Volta-Produkte eignen sich f\u00fcr statische Installationen, zum Schutz von Maschinen oder dem gef\u00f6rderten Produkt. Riemen k\u00f6nnen als Sockelleiste zu F\u00f6rderb\u00e4ndern hinzugef\u00fcgt oder zu Sch\u00fcrzen oder Spenderklappen geformt werden. Dieses verhindert das R\u00fccklaufen des Produktes und hilft bei der Eind\u00e4mmung von Produktversch\u00fcttungen bei Mehrkopfwaagen. In der hochabrasiven S\u00fc\u00dfwarenindustrie werden \u201eH\u00e4ngematten\u201c mit Kaskadentransfer verwendet. Hier wird h\u00e4ufig metalldetektierbares Bandmaterial verwendet, da sich die angesetzte Kunststoffelemente bei der Reinigung und Wartung versehentlich l\u00f6sen k\u00f6nnen. Eine weitere h\u00e4ufige Verwendung ist die Auskleidung von Einlaufrinnen, die das Quetschen von Gem\u00fcse verhindert. Die Auskleidung von Lagersilos mit Volta reduziert den Abrieb des Metalls.\u00a0<\/p>\t\t\t\t\t\t\t\t<\/div>\n\t\t\t\t<\/div>\n\t\t\t\t<div class=\"elementor-element elementor-element-ee559a5 elementor-widget__width-auto elementor-widget elementor-widget-button\" data-id=\"ee559a5\" data-element_type=\"widget\" data-e-type=\"widget\" data-widget_type=\"button.default\">\n\t\t\t\t<div class=\"elementor-widget-container\">\n\t\t\t\t\t\t\t\t\t<div class=\"elementor-button-wrapper\">\n\t\t\t\t\t<a class=\"elementor-button elementor-button-link elementor-size-sm\" href=\"https:\/\/www.voltabelting.com\/wp-content\/uploads\/Food-Grade-Accessories-CAT556EN00-ver-B-August-2024-min.pdf\" download=\"\">\n\t\t\t\t\t\t<span class=\"elementor-button-content-wrapper\">\n\t\t\t\t\t\t<span class=\"elementor-button-icon\">\n\t\t\t\t<svg xmlns=\"http:\/\/www.w3.org\/2000\/svg\" id=\"ac1a5c3c-144e-4f6b-b3f6-639d28460183\" data-name=\"bc1bf4d7-bc28-4faa-85e6-408a63d5ecda\" width=\"14\" height=\"17\" viewBox=\"0 0 14 17\"><path d=\"M14,6H10V0H4V6H0l7,7ZM0,15v2H14V15Z\" style=\"fill:#fff\"><\/path><\/svg>\t\t\t<\/span>\n\t\t\t\t\t\t\t\t\t<span class=\"elementor-button-text\">Brosch\u00fcre zu Lebensmittelvertr\u00e4glichem Z\u00fcbeh\u00f6r<\/span>\n\t\t\t\t\t<\/span>\n\t\t\t\t\t<\/a>\n\t\t\t\t<\/div>\n\t\t\t\t\t\t\t\t<\/div>\n\t\t\t\t<\/div>\n\t\t\t\t\t<\/div>\n\t\t<\/div>\n\t\t\t\t<div class=\"elementor-column elementor-col-50 elementor-top-column elementor-element elementor-element-5891f09\" data-id=\"5891f09\" data-element_type=\"column\" data-e-type=\"column\">\n\t\t\t<div class=\"elementor-widget-wrap elementor-element-populated\">\n\t\t\t\t\t\t<div class=\"elementor-element elementor-element-217e79a elementor-hidden-desktop elementor-hidden-tablet elementor-hidden-phone elementor-widget elementor-widget-image\" data-id=\"217e79a\" data-element_type=\"widget\" data-e-type=\"widget\" data-widget_type=\"image.default\">\n\t\t\t\t<div class=\"elementor-widget-container\">\n\t\t\t\t\t\t\t\t\t\t\t\t\t\t\t\t<a href=\"#elementor-action%3Aaction%3Dlightbox%26settings%3DeyJ0eXBlIjoidmlkZW8iLCJ2aWRlb1R5cGUiOiJ5b3V0dWJlIiwidXJsIjoiaHR0cHM6XC9cL3d3dy55b3V0dWJlLmNvbVwvZW1iZWRcL19FLVBjVjBvaTcwP2ZlYXR1cmU9b2VtYmVkIn0%3D\">\n\t\t\t\t\t\t\t<img decoding=\"async\" src=\"https:\/\/www.voltabelting.com\/wp-content\/uploads\/Play-2.svg\" class=\"attachment-large size-large wp-image-10902\" alt=\"\" \/>\t\t\t\t\t\t\t\t<\/a>\n\t\t\t\t\t\t\t\t\t\t\t\t\t\t\t<\/div>\n\t\t\t\t<\/div>\n\t\t\t\t\t<\/div>\n\t\t<\/div>\n\t\t\t\t\t<\/div>\n\t\t<\/section>\n\t\t\t\t<section class=\"elementor-section elementor-top-section elementor-element elementor-element-10b593e elementor-section-boxed elementor-section-height-default elementor-section-height-default\" data-id=\"10b593e\" data-element_type=\"section\" data-e-type=\"section\">\n\t\t\t\t\t\t<div class=\"elementor-container elementor-column-gap-no\">\n\t\t\t\t\t<div class=\"elementor-column elementor-col-100 elementor-top-column elementor-element elementor-element-780336a\" data-id=\"780336a\" data-element_type=\"column\" data-e-type=\"column\">\n\t\t\t<div class=\"elementor-widget-wrap elementor-element-populated\">\n\t\t\t\t\t\t<div class=\"elementor-element elementor-element-0e8d04c elementor-widget elementor-widget-heading\" data-id=\"0e8d04c\" data-element_type=\"widget\" data-e-type=\"widget\" data-widget_type=\"heading.default\">\n\t\t\t\t<div class=\"elementor-widget-container\">\n\t\t\t\t\t<h2 class=\"elementor-heading-title elementor-size-default\">TPU-Vorteile<\/h2>\t\t\t\t<\/div>\n\t\t\t\t<\/div>\n\t\t\t\t<section class=\"elementor-section elementor-inner-section elementor-element elementor-element-499fb01 elementor-section-boxed elementor-section-height-default elementor-section-height-default\" data-id=\"499fb01\" data-element_type=\"section\" data-e-type=\"section\">\n\t\t\t\t\t\t<div class=\"elementor-container elementor-column-gap-default\">\n\t\t\t\t\t<div class=\"elementor-column elementor-col-25 elementor-inner-column elementor-element elementor-element-7f30e55\" data-id=\"7f30e55\" data-element_type=\"column\" data-e-type=\"column\">\n\t\t\t<div class=\"elementor-widget-wrap elementor-element-populated\">\n\t\t\t\t\t\t<div class=\"elementor-element elementor-element-b2171d3 elementor-position-top elementor-widget elementor-widget-image-box\" data-id=\"b2171d3\" data-element_type=\"widget\" data-e-type=\"widget\" data-widget_type=\"image-box.default\">\n\t\t\t\t<div class=\"elementor-widget-container\">\n\t\t\t\t\t<div class=\"elementor-image-box-wrapper\"><figure class=\"elementor-image-box-img\"><img decoding=\"async\" src=\"https:\/\/www.voltabelting.com\/wp-content\/uploads\/LessExpensive.svg\" class=\"attachment-full size-full wp-image-11361\" alt=\"\" \/><\/figure><div class=\"elementor-image-box-content\"><div class=\"elementor-image-box-title\">_<\/div><p class=\"elementor-image-box-description\">G\u00fcnstiger<\/p><\/div><\/div>\t\t\t\t<\/div>\n\t\t\t\t<\/div>\n\t\t\t\t\t<\/div>\n\t\t<\/div>\n\t\t\t\t<div class=\"elementor-column elementor-col-25 elementor-inner-column elementor-element elementor-element-4e67d4d\" data-id=\"4e67d4d\" data-element_type=\"column\" data-e-type=\"column\">\n\t\t\t<div class=\"elementor-widget-wrap elementor-element-populated\">\n\t\t\t\t\t\t<div class=\"elementor-element elementor-element-4086a85 elementor-position-top elementor-widget elementor-widget-image-box\" data-id=\"4086a85\" data-element_type=\"widget\" data-e-type=\"widget\" data-widget_type=\"image-box.default\">\n\t\t\t\t<div class=\"elementor-widget-container\">\n\t\t\t\t\t<div class=\"elementor-image-box-wrapper\"><figure class=\"elementor-image-box-img\"><img decoding=\"async\" src=\"https:\/\/www.voltabelting.com\/wp-content\/uploads\/WeightLess.svg\" class=\"attachment-full size-full wp-image-11362\" alt=\"\" \/><\/figure><div class=\"elementor-image-box-content\"><div class=\"elementor-image-box-title\">_<\/div><p class=\"elementor-image-box-description\">Wiegt weniger und erleichtert dadurch die Installation <\/p><\/div><\/div>\t\t\t\t<\/div>\n\t\t\t\t<\/div>\n\t\t\t\t\t<\/div>\n\t\t<\/div>\n\t\t\t\t<div class=\"elementor-column elementor-col-25 elementor-inner-column elementor-element elementor-element-50d971c\" data-id=\"50d971c\" data-element_type=\"column\" data-e-type=\"column\">\n\t\t\t<div class=\"elementor-widget-wrap elementor-element-populated\">\n\t\t\t\t\t\t<div class=\"elementor-element elementor-element-a5ae416 elementor-position-top elementor-widget elementor-widget-image-box\" data-id=\"a5ae416\" data-element_type=\"widget\" data-e-type=\"widget\" data-widget_type=\"image-box.default\">\n\t\t\t\t<div class=\"elementor-widget-container\">\n\t\t\t\t\t<div class=\"elementor-image-box-wrapper\"><figure class=\"elementor-image-box-img\"><img decoding=\"async\" src=\"https:\/\/www.voltabelting.com\/wp-content\/uploads\/Flexible.svg\" class=\"attachment-full size-full wp-image-11363\" alt=\"\" \/><\/figure><div class=\"elementor-image-box-content\"><div class=\"elementor-image-box-title\">_<\/div><p class=\"elementor-image-box-description\">Flexibel und reparierbar<\/p><\/div><\/div>\t\t\t\t<\/div>\n\t\t\t\t<\/div>\n\t\t\t\t\t<\/div>\n\t\t<\/div>\n\t\t\t\t<div class=\"elementor-column elementor-col-25 elementor-inner-column elementor-element elementor-element-2f0956b\" data-id=\"2f0956b\" data-element_type=\"column\" data-e-type=\"column\">\n\t\t\t<div class=\"elementor-widget-wrap elementor-element-populated\">\n\t\t\t\t\t\t<div class=\"elementor-element elementor-element-f30609d elementor-position-top elementor-widget elementor-widget-image-box\" data-id=\"f30609d\" data-element_type=\"widget\" data-e-type=\"widget\" data-widget_type=\"image-box.default\">\n\t\t\t\t<div class=\"elementor-widget-container\">\n\t\t\t\t\t<div class=\"elementor-image-box-wrapper\"><figure class=\"elementor-image-box-img\"><img decoding=\"async\" src=\"https:\/\/www.voltabelting.com\/wp-content\/uploads\/Transparent.svg\" class=\"attachment-full size-full wp-image-11364\" alt=\"\" \/><\/figure><div class=\"elementor-image-box-content\"><div class=\"elementor-image-box-title\">_<\/div><p class=\"elementor-image-box-description\">Transparentes Material erm\u00f6glicht Sichtinpektion.   <\/p><\/div><\/div>\t\t\t\t<\/div>\n\t\t\t\t<\/div>\n\t\t\t\t\t<\/div>\n\t\t<\/div>\n\t\t\t\t\t<\/div>\n\t\t<\/section>\n\t\t\t\t\t<\/div>\n\t\t<\/div>\n\t\t\t\t\t<\/div>\n\t\t<\/section>\n\t\t\t\t<\/div>\n\t\t","protected":false},"excerpt":{"rendered":"<p>Volta-Produkte eignen sich f\u00fcr statische Installationen, zum Schutz von Maschinen oder dem gef\u00f6rderten Produkt. Riemen k\u00f6nnen als Sockelleiste zu F\u00f6rderb\u00e4ndern hinzugef\u00fcgt oder zu Sch\u00fcrzen oder Spenderklappen geformt werden. Dieses verhindert das R\u00fccklaufen des Produktes und hilft bei der Eind\u00e4mmung von Produktversch\u00fcttungen bei Mehrkopfwaagen. In der hochabrasiven S\u00fc\u00dfwarenindustrie werden \u201eH\u00e4ngematten\u201c mit Kaskadentransfer verwendet. Hier wird h\u00e4ufig [&hellip;]<\/p>\n","protected":false},"author":569,"featured_media":0,"parent":12058,"menu_order":0,"comment_status":"closed","ping_status":"closed","template":"elementor_header_footer","meta":{"footnotes":""},"class_list":["post-11852","page","type-page","status-publish","hentry"],"_links":{"self":[{"href":"https:\/\/www.voltabelting.com\/de\/wp-json\/wp\/v2\/pages\/11852","targetHints":{"allow":["GET"]}}],"collection":[{"href":"https:\/\/www.voltabelting.com\/de\/wp-json\/wp\/v2\/pages"}],"about":[{"href":"https:\/\/www.voltabelting.com\/de\/wp-json\/wp\/v2\/types\/page"}],"author":[{"embeddable":true,"href":"https:\/\/www.voltabelting.com\/de\/wp-json\/wp\/v2\/users\/569"}],"replies":[{"embeddable":true,"href":"https:\/\/www.voltabelting.com\/de\/wp-json\/wp\/v2\/comments?post=11852"}],"version-history":[{"count":0,"href":"https:\/\/www.voltabelting.com\/de\/wp-json\/wp\/v2\/pages\/11852\/revisions"}],"up":[{"embeddable":true,"href":"https:\/\/www.voltabelting.com\/de\/wp-json\/wp\/v2\/pages\/12058"}],"wp:attachment":[{"href":"https:\/\/www.voltabelting.com\/de\/wp-json\/wp\/v2\/media?parent=11852"}],"curies":[{"name":"wp","href":"https:\/\/api.w.org\/{rel}","templated":true}]}}