{"id":11889,"date":"2021-03-31T09:56:36","date_gmt":"2021-03-31T08:56:36","guid":{"rendered":"https:\/\/www.voltabelting.com\/?page_id=11889"},"modified":"2025-03-12T10:01:01","modified_gmt":"2025-03-12T10:01:01","slug":"fabricated-timing-applications","status":"publish","type":"page","link":"https:\/\/www.voltabelting.com\/de\/solutions-by-application-type\/fabricated-timing-applications\/","title":{"rendered":"Vorgefertigte Zahnriemenanwendungen"},"content":{"rendered":"\t\t<div data-elementor-type=\"wp-page\" data-elementor-id=\"11889\" class=\"elementor elementor-11889 elementor-3107\" data-elementor-post-type=\"page\">\n\t\t\t\t\t\t<section class=\"elementor-section elementor-top-section elementor-element elementor-element-17055eb elementor-section-height-min-height elementor-section-items-stretch elementor-reverse-mobile elementor-section-boxed elementor-section-height-default\" data-id=\"17055eb\" data-element_type=\"section\" data-e-type=\"section\" data-settings=\"{&quot;background_background&quot;:&quot;classic&quot;}\">\n\t\t\t\t\t\t\t<div class=\"elementor-background-overlay\"><\/div>\n\t\t\t\t\t\t\t<div class=\"elementor-container elementor-column-gap-no\">\n\t\t\t\t\t<div class=\"elementor-column elementor-col-50 elementor-top-column elementor-element elementor-element-189ebbd\" data-id=\"189ebbd\" data-element_type=\"column\" data-e-type=\"column\" data-settings=\"{&quot;background_background&quot;:&quot;classic&quot;}\">\n\t\t\t<div class=\"elementor-widget-wrap elementor-element-populated\">\n\t\t\t\t\t\t<div class=\"elementor-element elementor-element-f286c1f elementor-hidden-phone elementor-widget elementor-widget-breadcrumbs\" data-id=\"f286c1f\" data-element_type=\"widget\" data-e-type=\"widget\" data-widget_type=\"breadcrumbs.default\">\n\t\t\t\t<div class=\"elementor-widget-container\">\n\t\t\t\t\t<p id=\"breadcrumbs\"><span><span><a href=\"https:\/\/www.voltabelting.com\/de\/\">Startseite<\/a><\/span><\/span><\/p>\t\t\t\t<\/div>\n\t\t\t\t<\/div>\n\t\t\t\t<div class=\"elementor-element elementor-element-9a89143 elementor-widget__width-initial elementor-widget elementor-widget-heading\" data-id=\"9a89143\" data-element_type=\"widget\" data-e-type=\"widget\" data-widget_type=\"heading.default\">\n\t\t\t\t<div class=\"elementor-widget-container\">\n\t\t\t\t\t<h1 class=\"elementor-heading-title elementor-size-default\">Anwendungen f\u00fcr konfektionierte Zahnriemen<\/h1>\t\t\t\t<\/div>\n\t\t\t\t<\/div>\n\t\t\t\t<div class=\"elementor-element elementor-element-d5b8afa elementor-widget__width-initial elementor-widget elementor-widget-text-editor\" data-id=\"d5b8afa\" data-element_type=\"widget\" data-e-type=\"widget\" data-widget_type=\"text-editor.default\">\n\t\t\t\t<div class=\"elementor-widget-container\">\n\t\t\t\t\t\t\t\t\t<p>Die offenen Zahnriemen sind eine perfekte Wahl f\u00fcr Anwendungen, die ein hohes Ma\u00df an Flexibilit\u00e4t erfordern, z.B. bei synchronem F\u00f6rdern und linearen Positionieren. Volta stellt lineare Zahnriemen in verschiedenen Zahntypen, Teilungen und L\u00e4ngen her. Die TPE-Materialzusammensetzung bietet einen hervorragenden Verschlei\u00df, ist abriebfest und kann leicht hergestellt werden.<\/p>\t\t\t\t\t\t\t\t<\/div>\n\t\t\t\t<\/div>\n\t\t\t\t<div class=\"elementor-element elementor-element-c474247 elementor-widget elementor-widget-button\" data-id=\"c474247\" data-element_type=\"widget\" data-e-type=\"widget\" data-widget_type=\"button.default\">\n\t\t\t\t<div class=\"elementor-widget-container\">\n\t\t\t\t\t\t\t\t\t<div class=\"elementor-button-wrapper\">\n\t\t\t\t\t<a class=\"elementor-button elementor-button-link elementor-size-sm\" href=\"https:\/\/www.voltabelting.com\/wp-content\/uploads\/Fabrication_CAT500EN00-Ver.J.-February-2025.pdf\">\n\t\t\t\t\t\t<span class=\"elementor-button-content-wrapper\">\n\t\t\t\t\t\t\t\t\t<span class=\"elementor-button-text\">Zahnriemen<\/span>\n\t\t\t\t\t<\/span>\n\t\t\t\t\t<\/a>\n\t\t\t\t<\/div>\n\t\t\t\t\t\t\t\t<\/div>\n\t\t\t\t<\/div>\n\t\t\t\t\t<\/div>\n\t\t<\/div>\n\t\t\t\t<div class=\"elementor-column elementor-col-50 elementor-top-column elementor-element elementor-element-463535a\" data-id=\"463535a\" data-element_type=\"column\" data-e-type=\"column\">\n\t\t\t<div class=\"elementor-widget-wrap elementor-element-populated\">\n\t\t\t\t\t\t<div class=\"elementor-element elementor-element-f7378d1 elementor-hidden-desktop elementor-hidden-tablet elementor-hidden-phone elementor-widget elementor-widget-image\" data-id=\"f7378d1\" data-element_type=\"widget\" data-e-type=\"widget\" data-widget_type=\"image.default\">\n\t\t\t\t<div class=\"elementor-widget-container\">\n\t\t\t\t\t\t\t\t\t\t\t\t\t\t\t\t<a href=\"#elementor-action%3Aaction%3Dlightbox%26settings%3DeyJ0eXBlIjoidmlkZW8iLCJ2aWRlb1R5cGUiOiJ5b3V0dWJlIiwidXJsIjoiaHR0cHM6XC9cL3d3dy55b3V0dWJlLmNvbVwvZW1iZWRcL19FLVBjVjBvaTcwP2ZlYXR1cmU9b2VtYmVkIn0%3D\">\n\t\t\t\t\t\t\t<img decoding=\"async\" src=\"https:\/\/www.voltabelting.com\/wp-content\/uploads\/Play-2.svg\" class=\"attachment-large size-large wp-image-10902\" alt=\"\" \/>\t\t\t\t\t\t\t\t<\/a>\n\t\t\t\t\t\t\t\t\t\t\t\t\t\t\t<\/div>\n\t\t\t\t<\/div>\n\t\t\t\t\t<\/div>\n\t\t<\/div>\n\t\t\t\t\t<\/div>\n\t\t<\/section>\n\t\t\t\t<section class=\"elementor-section elementor-top-section elementor-element elementor-element-e849590 elementor-section-height-min-height elementor-section-boxed elementor-section-height-default elementor-section-items-middle\" data-id=\"e849590\" data-element_type=\"section\" data-e-type=\"section\">\n\t\t\t\t\t\t<div class=\"elementor-container elementor-column-gap-default\">\n\t\t\t\t\t<div class=\"elementor-column elementor-col-33 elementor-top-column elementor-element elementor-element-d8280a9 vbt-no-bg-mob\" data-id=\"d8280a9\" data-element_type=\"column\" data-e-type=\"column\" data-settings=\"{&quot;background_background&quot;:&quot;classic&quot;}\">\n\t\t\t<div class=\"elementor-widget-wrap elementor-element-populated\">\n\t\t\t\t\t\t<div class=\"elementor-element elementor-element-6dd79d4 vbt-image-carousel vbt-image-carousel--left elementor-pagination-position-inside elementor-arrows-position-inside elementor-widget elementor-widget-image-carousel\" data-id=\"6dd79d4\" data-element_type=\"widget\" data-e-type=\"widget\" data-settings=\"{&quot;slides_to_show&quot;:&quot;1&quot;,&quot;slides_to_show_tablet&quot;:&quot;1&quot;,&quot;effect&quot;:&quot;fade&quot;,&quot;navigation&quot;:&quot;both&quot;,&quot;autoplay&quot;:&quot;yes&quot;,&quot;pause_on_hover&quot;:&quot;yes&quot;,&quot;pause_on_interaction&quot;:&quot;yes&quot;,&quot;autoplay_speed&quot;:5000,&quot;infinite&quot;:&quot;yes&quot;,&quot;speed&quot;:500}\" data-widget_type=\"image-carousel.default\">\n\t\t\t\t<div class=\"elementor-widget-container\">\n\t\t\t\t\t\t\t<div class=\"elementor-image-carousel-wrapper swiper\" role=\"region\" aria-roledescription=\"carousel\" aria-label=\"Bild Karussell\" dir=\"ltr\">\n\t\t\t<div class=\"elementor-image-carousel swiper-wrapper swiper-image-stretch\" aria-live=\"off\">\n\t\t\t\t\t\t\t\t<div class=\"swiper-slide\" role=\"group\" aria-roledescription=\"slide\" aria-label=\"1 von 4\"><figure class=\"swiper-slide-inner\"><img decoding=\"async\" class=\"swiper-slide-image\" src=\"https:\/\/www.voltabelting.com\/wp-content\/uploads\/UTR00.jpg\" alt=\"UTR00\" \/><\/figure><\/div><div class=\"swiper-slide\" role=\"group\" aria-roledescription=\"slide\" aria-label=\"2 von 4\"><figure class=\"swiper-slide-inner\"><img decoding=\"async\" class=\"swiper-slide-image\" src=\"https:\/\/www.voltabelting.com\/wp-content\/uploads\/UTR01.jpg\" alt=\"UTR01\" \/><\/figure><\/div><div class=\"swiper-slide\" role=\"group\" aria-roledescription=\"slide\" aria-label=\"3 von 4\"><figure class=\"swiper-slide-inner\"><img decoding=\"async\" class=\"swiper-slide-image\" src=\"https:\/\/www.voltabelting.com\/wp-content\/uploads\/UTR02.jpg\" alt=\"UTR02\" \/><\/figure><\/div><div class=\"swiper-slide\" role=\"group\" aria-roledescription=\"slide\" aria-label=\"4 von 4\"><figure class=\"swiper-slide-inner\"><img decoding=\"async\" class=\"swiper-slide-image\" src=\"https:\/\/www.voltabelting.com\/wp-content\/uploads\/UTR03.jpg\" alt=\"UTR03\" \/><\/figure><\/div>\t\t\t<\/div>\n\t\t\t\t\t\t\t\t\t\t\t\t<div class=\"elementor-swiper-button elementor-swiper-button-prev\" role=\"button\" tabindex=\"0\">\n\t\t\t\t\t\t<svg aria-hidden=\"true\" class=\"e-font-icon-svg e-eicon-chevron-left\" viewBox=\"0 0 1000 1000\" xmlns=\"http:\/\/www.w3.org\/2000\/svg\"><path d=\"M646 125C629 125 613 133 604 142L308 442C296 454 292 471 292 487 292 504 296 521 308 533L604 854C617 867 629 875 646 875 663 875 679 871 692 858 704 846 713 829 713 812 713 796 708 779 692 767L438 487 692 225C700 217 708 204 708 187 708 171 704 154 692 142 675 129 663 125 646 125Z\"><\/path><\/svg>\t\t\t\t\t<\/div>\n\t\t\t\t\t<div class=\"elementor-swiper-button elementor-swiper-button-next\" role=\"button\" tabindex=\"0\">\n\t\t\t\t\t\t<svg aria-hidden=\"true\" class=\"e-font-icon-svg e-eicon-chevron-right\" viewBox=\"0 0 1000 1000\" xmlns=\"http:\/\/www.w3.org\/2000\/svg\"><path d=\"M696 533C708 521 713 504 713 487 713 471 708 454 696 446L400 146C388 133 375 125 354 125 338 125 325 129 313 142 300 154 292 171 292 187 292 204 296 221 308 233L563 492 304 771C292 783 288 800 288 817 288 833 296 850 308 863 321 871 338 875 354 875 371 875 388 867 400 854L696 533Z\"><\/path><\/svg>\t\t\t\t\t<\/div>\n\t\t\t\t\n\t\t\t\t\t\t\t\t\t<div class=\"swiper-pagination\"><\/div>\n\t\t\t\t\t\t\t\t\t<\/div>\n\t\t\t\t\t\t<\/div>\n\t\t\t\t<\/div>\n\t\t\t\t\t<\/div>\n\t\t<\/div>\n\t\t\t\t<div class=\"elementor-column elementor-col-33 elementor-top-column elementor-element elementor-element-6d5e83b\" data-id=\"6d5e83b\" data-element_type=\"column\" data-e-type=\"column\">\n\t\t\t<div class=\"elementor-widget-wrap\">\n\t\t\t\t\t\t\t<\/div>\n\t\t<\/div>\n\t\t\t\t<div class=\"elementor-column elementor-col-33 elementor-top-column elementor-element elementor-element-26352ce\" data-id=\"26352ce\" data-element_type=\"column\" data-e-type=\"column\">\n\t\t\t<div class=\"elementor-widget-wrap elementor-element-populated\">\n\t\t\t\t\t\t<div class=\"elementor-element elementor-element-7ae194a elementor-widget elementor-widget-heading\" data-id=\"7ae194a\" data-element_type=\"widget\" data-e-type=\"widget\" data-widget_type=\"heading.default\">\n\t\t\t\t<div class=\"elementor-widget-container\">\n\t\t\t\t\t<p class=\"elementor-heading-title elementor-size-default\">Schienen f\u00fcr unbemannte terrestrische Roboter<\/p>\t\t\t\t<\/div>\n\t\t\t\t<\/div>\n\t\t\t\t<div class=\"elementor-element elementor-element-e6ce404 elementor-widget__width-initial elementor-widget elementor-widget-text-editor\" data-id=\"e6ce404\" data-element_type=\"widget\" data-e-type=\"widget\" data-widget_type=\"text-editor.default\">\n\t\t\t\t<div class=\"elementor-widget-container\">\n\t\t\t\t\t\t\t\t\t<p>Volta entwickelte eine Schienen-Produktionslinie f\u00fcr unbemannte Landroboter und autonom gef\u00fchrte Systeme, die von Milit\u00e4r, Polizei und in der Landwirtschaft eingesetzt werden.<\/p><p>Die Schienen basieren auf Voltas einzigartigem thermoplastischen Bandsystem.<\/p><p>Sie arbeiten mit einem positiven Antriebsengagement, um Schlupf, in Drehmomentanforderungen die \u00fcber die Griffigkeit eines normalen Flachmaterials hinaussteigen, zu verhindern. Einige Modelle sind an der Au\u00dfenseite mit kundenspezifischen hochfrequenzgeschwei\u00dften Paddeln ausgestattet, die das Fahrzeug auf unebenem Boden stabil halten.<\/p><p>Wir freuen uns diese Art von Engineering-Projekten durchzuf\u00fchren und die kombinierte Erfahrung in Material und Mechanik zu verbinden, um fortschrittliche L\u00f6sungen zu bieten.<\/p>\t\t\t\t\t\t\t\t<\/div>\n\t\t\t\t<\/div>\n\t\t\t\t<div class=\"elementor-element elementor-element-c4c2574 elementor-widget elementor-widget-button\" data-id=\"c4c2574\" data-element_type=\"widget\" data-e-type=\"widget\" data-widget_type=\"button.default\">\n\t\t\t\t<div class=\"elementor-widget-container\">\n\t\t\t\t\t\t\t\t\t<div class=\"elementor-button-wrapper\">\n\t\t\t\t\t<a class=\"elementor-button elementor-button-link elementor-size-sm\" href=\"https:\/\/voltabelting.com\/wp-content\/uploads\/Tracks-for-unmanned-vehicles-CAT000EN00-Ver.B-April-2020-min.pdf\">\n\t\t\t\t\t\t<span class=\"elementor-button-content-wrapper\">\n\t\t\t\t\t\t\t\t\t<span class=\"elementor-button-text\">Schienen f\u00fcr unbemannte terrestrische Roboter<\/span>\n\t\t\t\t\t<\/span>\n\t\t\t\t\t<\/a>\n\t\t\t\t<\/div>\n\t\t\t\t\t\t\t\t<\/div>\n\t\t\t\t<\/div>\n\t\t\t\t\t<\/div>\n\t\t<\/div>\n\t\t\t\t\t<\/div>\n\t\t<\/section>\n\t\t\t\t<\/div>\n\t\t","protected":false},"excerpt":{"rendered":"<p>Anwendungen f\u00fcr konfektionierte Zahnriemen Die offenen Zahnriemen sind eine perfekte Wahl f\u00fcr Anwendungen, die ein hohes Ma\u00df an Flexibilit\u00e4t erfordern, z.B. bei synchronem F\u00f6rdern und linearen Positionieren. Volta stellt lineare Zahnriemen in verschiedenen Zahntypen, Teilungen und L\u00e4ngen her. Die TPE-Materialzusammensetzung bietet einen hervorragenden Verschlei\u00df, ist abriebfest und kann leicht hergestellt werden. Zahnriemen Schienen f\u00fcr unbemannte [&hellip;]<\/p>\n","protected":false},"author":569,"featured_media":0,"parent":12058,"menu_order":0,"comment_status":"closed","ping_status":"closed","template":"elementor_header_footer","meta":{"footnotes":""},"class_list":["post-11889","page","type-page","status-publish","hentry"],"yoast_head":"<!-- This site is optimized with the Yoast SEO plugin v27.1.1 - https:\/\/yoast.com\/product\/yoast-seo-wordpress\/ -->\n<title>Vorgefertigte Zahnriemenanwendungen - Volta Belting<\/title>\n<meta name=\"robots\" content=\"index, follow, max-snippet:-1, max-image-preview:large, max-video-preview:-1\" \/>\n<link rel=\"canonical\" href=\"https:\/\/www.voltabelting.com\/de\/solutions-by-application-type\/fabricated-timing-applications\/\" \/>\n<meta property=\"og:locale\" content=\"de_DE\" \/>\n<meta property=\"og:type\" content=\"article\" \/>\n<meta property=\"og:title\" content=\"Vorgefertigte Zahnriemenanwendungen - Volta Belting\" \/>\n<meta property=\"og:description\" content=\"Anwendungen f\u00fcr konfektionierte Zahnriemen Die offenen Zahnriemen sind eine perfekte Wahl f\u00fcr Anwendungen, die ein hohes Ma\u00df an Flexibilit\u00e4t erfordern, z.B. bei synchronem F\u00f6rdern und linearen Positionieren. Volta stellt lineare Zahnriemen in verschiedenen Zahntypen, Teilungen und L\u00e4ngen her. Die TPE-Materialzusammensetzung bietet einen hervorragenden Verschlei\u00df, ist abriebfest und kann leicht hergestellt werden. Zahnriemen Schienen f\u00fcr unbemannte [&hellip;]\" \/>\n<meta property=\"og:url\" content=\"https:\/\/www.voltabelting.com\/de\/solutions-by-application-type\/fabricated-timing-applications\/\" \/>\n<meta property=\"og:site_name\" content=\"Volta Belting\" \/>\n<meta property=\"article:publisher\" content=\"https:\/\/www.facebook.com\/BeltingTechnology\/\" \/>\n<meta property=\"article:modified_time\" content=\"2025-03-12T10:01:01+00:00\" \/>\n<meta property=\"og:image\" content=\"https:\/\/www.voltabelting.com\/wp-content\/uploads\/Play-2.svg\" \/>\n<meta name=\"twitter:card\" content=\"summary_large_image\" \/>\n<meta name=\"twitter:label1\" content=\"Gesch\u00e4tzte Lesezeit\" \/>\n\t<meta name=\"twitter:data1\" content=\"3\u00a0Minuten\" \/>\n<script type=\"application\/ld+json\" class=\"yoast-schema-graph\">{\"@context\":\"https:\/\/schema.org\",\"@graph\":[{\"@type\":\"WebPage\",\"@id\":\"https:\/\/www.voltabelting.com\/de\/solutions-by-application-type\/fabricated-timing-applications\/\",\"url\":\"https:\/\/www.voltabelting.com\/de\/solutions-by-application-type\/fabricated-timing-applications\/\",\"name\":\"Vorgefertigte Zahnriemenanwendungen - Volta Belting\",\"isPartOf\":{\"@id\":\"https:\/\/www.voltabelting.com\/de\/#website\"},\"primaryImageOfPage\":{\"@id\":\"https:\/\/www.voltabelting.com\/de\/solutions-by-application-type\/fabricated-timing-applications\/#primaryimage\"},\"image\":{\"@id\":\"https:\/\/www.voltabelting.com\/de\/solutions-by-application-type\/fabricated-timing-applications\/#primaryimage\"},\"thumbnailUrl\":\"https:\/\/www.voltabelting.com\/wp-content\/uploads\/Play-2.svg\",\"datePublished\":\"2021-03-31T08:56:36+00:00\",\"dateModified\":\"2025-03-12T10:01:01+00:00\",\"breadcrumb\":{\"@id\":\"https:\/\/www.voltabelting.com\/de\/solutions-by-application-type\/fabricated-timing-applications\/#breadcrumb\"},\"inLanguage\":\"de\",\"potentialAction\":[{\"@type\":\"ReadAction\",\"target\":[\"https:\/\/www.voltabelting.com\/de\/solutions-by-application-type\/fabricated-timing-applications\/\"]}]},{\"@type\":\"ImageObject\",\"inLanguage\":\"de\",\"@id\":\"https:\/\/www.voltabelting.com\/de\/solutions-by-application-type\/fabricated-timing-applications\/#primaryimage\",\"url\":\"https:\/\/www.voltabelting.com\/wp-content\/uploads\/Play-2.svg\",\"contentUrl\":\"https:\/\/www.voltabelting.com\/wp-content\/uploads\/Play-2.svg\"},{\"@type\":\"BreadcrumbList\",\"@id\":\"https:\/\/www.voltabelting.com\/de\/solutions-by-application-type\/fabricated-timing-applications\/#breadcrumb\",\"itemListElement\":[{\"@type\":\"ListItem\",\"position\":1,\"name\":\"Startseite\",\"item\":\"https:\/\/www.voltabelting.com\/de\/\"},{\"@type\":\"ListItem\",\"position\":2,\"name\":\"Solutions by application type\",\"item\":\"https:\/\/www.voltabelting.com\/de\/solutions-by-application-type\/\"},{\"@type\":\"ListItem\",\"position\":3,\"name\":\"Vorgefertigte Zahnriemenanwendungen\"}]},{\"@type\":\"WebSite\",\"@id\":\"https:\/\/www.voltabelting.com\/de\/#website\",\"url\":\"https:\/\/www.voltabelting.com\/de\/\",\"name\":\"Volta Belting\",\"description\":\"The next step in belting\",\"publisher\":{\"@id\":\"https:\/\/www.voltabelting.com\/de\/#organization\"},\"alternateName\":\"Volta Belting\",\"potentialAction\":[{\"@type\":\"SearchAction\",\"target\":{\"@type\":\"EntryPoint\",\"urlTemplate\":\"https:\/\/www.voltabelting.com\/de\/?s={search_term_string}\"},\"query-input\":{\"@type\":\"PropertyValueSpecification\",\"valueRequired\":true,\"valueName\":\"search_term_string\"}}],\"inLanguage\":\"de\"},{\"@type\":\"Organization\",\"@id\":\"https:\/\/www.voltabelting.com\/de\/#organization\",\"name\":\"Volta Belting\",\"alternateName\":\"Volta Belting - The next step in belting\",\"url\":\"https:\/\/www.voltabelting.com\/de\/\",\"logo\":{\"@type\":\"ImageObject\",\"inLanguage\":\"de\",\"@id\":\"https:\/\/www.voltabelting.com\/de\/#\/schema\/logo\/image\/\",\"url\":\"https:\/\/www.voltabelting.com\/wp-content\/uploads\/Logo.svg\",\"contentUrl\":\"https:\/\/www.voltabelting.com\/wp-content\/uploads\/Logo.svg\",\"caption\":\"Volta Belting\"},\"image\":{\"@id\":\"https:\/\/www.voltabelting.com\/de\/#\/schema\/logo\/image\/\"},\"sameAs\":[\"https:\/\/www.facebook.com\/BeltingTechnology\/\",\"https:\/\/www.instagram.com\/voltabelting\/\",\"https:\/\/www.linkedin.com\/company\/volta-belting-technology\/\",\"https:\/\/www.youtube.com\/user\/VOLTABELTING\"]}]}<\/script>\n<!-- \/ Yoast SEO plugin. -->","yoast_head_json":{"title":"Vorgefertigte Zahnriemenanwendungen - Volta Belting","robots":{"index":"index","follow":"follow","max-snippet":"max-snippet:-1","max-image-preview":"max-image-preview:large","max-video-preview":"max-video-preview:-1"},"canonical":"https:\/\/www.voltabelting.com\/de\/solutions-by-application-type\/fabricated-timing-applications\/","og_locale":"de_DE","og_type":"article","og_title":"Vorgefertigte Zahnriemenanwendungen - Volta Belting","og_description":"Anwendungen f\u00fcr konfektionierte Zahnriemen Die offenen Zahnriemen sind eine perfekte Wahl f\u00fcr Anwendungen, die ein hohes Ma\u00df an Flexibilit\u00e4t erfordern, z.B. bei synchronem F\u00f6rdern und linearen Positionieren. Volta stellt lineare Zahnriemen in verschiedenen Zahntypen, Teilungen und L\u00e4ngen her. Die TPE-Materialzusammensetzung bietet einen hervorragenden Verschlei\u00df, ist abriebfest und kann leicht hergestellt werden. Zahnriemen Schienen f\u00fcr unbemannte [&hellip;]","og_url":"https:\/\/www.voltabelting.com\/de\/solutions-by-application-type\/fabricated-timing-applications\/","og_site_name":"Volta Belting","article_publisher":"https:\/\/www.facebook.com\/BeltingTechnology\/","article_modified_time":"2025-03-12T10:01:01+00:00","og_image":[{"url":"https:\/\/www.voltabelting.com\/wp-content\/uploads\/Play-2.svg","type":"","width":"","height":""}],"twitter_card":"summary_large_image","twitter_misc":{"Gesch\u00e4tzte Lesezeit":"3\u00a0Minuten"},"schema":{"@context":"https:\/\/schema.org","@graph":[{"@type":"WebPage","@id":"https:\/\/www.voltabelting.com\/de\/solutions-by-application-type\/fabricated-timing-applications\/","url":"https:\/\/www.voltabelting.com\/de\/solutions-by-application-type\/fabricated-timing-applications\/","name":"Vorgefertigte Zahnriemenanwendungen - Volta Belting","isPartOf":{"@id":"https:\/\/www.voltabelting.com\/de\/#website"},"primaryImageOfPage":{"@id":"https:\/\/www.voltabelting.com\/de\/solutions-by-application-type\/fabricated-timing-applications\/#primaryimage"},"image":{"@id":"https:\/\/www.voltabelting.com\/de\/solutions-by-application-type\/fabricated-timing-applications\/#primaryimage"},"thumbnailUrl":"https:\/\/www.voltabelting.com\/wp-content\/uploads\/Play-2.svg","datePublished":"2021-03-31T08:56:36+00:00","dateModified":"2025-03-12T10:01:01+00:00","breadcrumb":{"@id":"https:\/\/www.voltabelting.com\/de\/solutions-by-application-type\/fabricated-timing-applications\/#breadcrumb"},"inLanguage":"de","potentialAction":[{"@type":"ReadAction","target":["https:\/\/www.voltabelting.com\/de\/solutions-by-application-type\/fabricated-timing-applications\/"]}]},{"@type":"ImageObject","inLanguage":"de","@id":"https:\/\/www.voltabelting.com\/de\/solutions-by-application-type\/fabricated-timing-applications\/#primaryimage","url":"https:\/\/www.voltabelting.com\/wp-content\/uploads\/Play-2.svg","contentUrl":"https:\/\/www.voltabelting.com\/wp-content\/uploads\/Play-2.svg"},{"@type":"BreadcrumbList","@id":"https:\/\/www.voltabelting.com\/de\/solutions-by-application-type\/fabricated-timing-applications\/#breadcrumb","itemListElement":[{"@type":"ListItem","position":1,"name":"Startseite","item":"https:\/\/www.voltabelting.com\/de\/"},{"@type":"ListItem","position":2,"name":"Solutions by application type","item":"https:\/\/www.voltabelting.com\/de\/solutions-by-application-type\/"},{"@type":"ListItem","position":3,"name":"Vorgefertigte Zahnriemenanwendungen"}]},{"@type":"WebSite","@id":"https:\/\/www.voltabelting.com\/de\/#website","url":"https:\/\/www.voltabelting.com\/de\/","name":"Volta Belting","description":"The next step in belting","publisher":{"@id":"https:\/\/www.voltabelting.com\/de\/#organization"},"alternateName":"Volta Belting","potentialAction":[{"@type":"SearchAction","target":{"@type":"EntryPoint","urlTemplate":"https:\/\/www.voltabelting.com\/de\/?s={search_term_string}"},"query-input":{"@type":"PropertyValueSpecification","valueRequired":true,"valueName":"search_term_string"}}],"inLanguage":"de"},{"@type":"Organization","@id":"https:\/\/www.voltabelting.com\/de\/#organization","name":"Volta Belting","alternateName":"Volta Belting - The next step in belting","url":"https:\/\/www.voltabelting.com\/de\/","logo":{"@type":"ImageObject","inLanguage":"de","@id":"https:\/\/www.voltabelting.com\/de\/#\/schema\/logo\/image\/","url":"https:\/\/www.voltabelting.com\/wp-content\/uploads\/Logo.svg","contentUrl":"https:\/\/www.voltabelting.com\/wp-content\/uploads\/Logo.svg","caption":"Volta Belting"},"image":{"@id":"https:\/\/www.voltabelting.com\/de\/#\/schema\/logo\/image\/"},"sameAs":["https:\/\/www.facebook.com\/BeltingTechnology\/","https:\/\/www.instagram.com\/voltabelting\/","https:\/\/www.linkedin.com\/company\/volta-belting-technology\/","https:\/\/www.youtube.com\/user\/VOLTABELTING"]}]}},"_links":{"self":[{"href":"https:\/\/www.voltabelting.com\/de\/wp-json\/wp\/v2\/pages\/11889","targetHints":{"allow":["GET"]}}],"collection":[{"href":"https:\/\/www.voltabelting.com\/de\/wp-json\/wp\/v2\/pages"}],"about":[{"href":"https:\/\/www.voltabelting.com\/de\/wp-json\/wp\/v2\/types\/page"}],"author":[{"embeddable":true,"href":"https:\/\/www.voltabelting.com\/de\/wp-json\/wp\/v2\/users\/569"}],"replies":[{"embeddable":true,"href":"https:\/\/www.voltabelting.com\/de\/wp-json\/wp\/v2\/comments?post=11889"}],"version-history":[{"count":0,"href":"https:\/\/www.voltabelting.com\/de\/wp-json\/wp\/v2\/pages\/11889\/revisions"}],"up":[{"embeddable":true,"href":"https:\/\/www.voltabelting.com\/de\/wp-json\/wp\/v2\/pages\/12058"}],"wp:attachment":[{"href":"https:\/\/www.voltabelting.com\/de\/wp-json\/wp\/v2\/media?parent=11889"}],"curies":[{"name":"wp","href":"https:\/\/api.w.org\/{rel}","templated":true}]}}