{"id":12002,"date":"2021-03-31T08:58:51","date_gmt":"2021-03-31T07:58:51","guid":{"rendered":"https:\/\/www.voltabelting.com\/?page_id=12002"},"modified":"2024-10-31T13:26:56","modified_gmt":"2024-10-31T13:26:56","slug":"horizontal-conveyors","status":"publish","type":"page","link":"https:\/\/www.voltabelting.com\/de\/solutions-by-conveyor-type\/horizontal-conveyors\/","title":{"rendered":"Horizontalf\u00f6rderer"},"content":{"rendered":"\t\t<div data-elementor-type=\"wp-page\" data-elementor-id=\"12002\" class=\"elementor elementor-12002 elementor-3063\" data-elementor-post-type=\"page\">\n\t\t\t\t\t\t<section class=\"elementor-section elementor-top-section elementor-element elementor-element-a0c3139 elementor-section-height-min-height elementor-section-items-stretch elementor-reverse-mobile elementor-section-boxed elementor-section-height-default\" data-id=\"a0c3139\" data-element_type=\"section\" data-settings=\"{&quot;background_background&quot;:&quot;classic&quot;}\">\n\t\t\t\t\t\t\t<div class=\"elementor-background-overlay\"><\/div>\n\t\t\t\t\t\t\t<div class=\"elementor-container elementor-column-gap-no\">\n\t\t\t\t\t<div class=\"elementor-column elementor-col-50 elementor-top-column elementor-element elementor-element-4fc5590\" data-id=\"4fc5590\" data-element_type=\"column\" data-settings=\"{&quot;background_background&quot;:&quot;classic&quot;}\">\n\t\t\t<div class=\"elementor-widget-wrap elementor-element-populated\">\n\t\t\t\t\t\t<div class=\"elementor-element elementor-element-120ec3f elementor-hidden-phone elementor-widget elementor-widget-breadcrumbs\" data-id=\"120ec3f\" data-element_type=\"widget\" data-widget_type=\"breadcrumbs.default\">\n\t\t\t\t<div class=\"elementor-widget-container\">\n\t\t\t\t\t<p id=\"breadcrumbs\"><span><span><a href=\"https:\/\/www.voltabelting.com\/de\/\">Startseite<\/a><\/span><\/span><\/p>\t\t\t\t<\/div>\n\t\t\t\t<\/div>\n\t\t\t\t<div class=\"elementor-element elementor-element-c8ef725 elementor-widget__width-initial elementor-widget elementor-widget-heading\" data-id=\"c8ef725\" data-element_type=\"widget\" data-widget_type=\"heading.default\">\n\t\t\t\t<div class=\"elementor-widget-container\">\n\t\t\t\t\t<h1 class=\"elementor-heading-title elementor-size-default\">Horizontalf\u00f6rderer<\/h1>\t\t\t\t<\/div>\n\t\t\t\t<\/div>\n\t\t\t\t<div class=\"elementor-element elementor-element-6fd99a4 elementor-widget__width-initial elementor-widget elementor-widget-text-editor\" data-id=\"6fd99a4\" data-element_type=\"widget\" data-widget_type=\"text-editor.default\">\n\t\t\t\t<div class=\"elementor-widget-container\">\n\t\t\t\t\t\t\t\t\t<p>Horizontalf\u00f6rderer sind die einfachsten und am weitesten verbreiteten F\u00f6rderanlagen auf dem Markt. Sie sind ein wichtiger Bestandteil von Montagelinien, der Handhabung von Kleinteilen, der Lebensmittelverarbeitung und werden in anspruchsvollere Maschinen integriert, um einen h\u00f6heren Durchsatz zu erzielen. Sie haben weniger Einschr\u00e4nkungen als andere F\u00f6rderertypen in Bezug auf Abmessungen, Geschwindigkeit, Last und Platzbedarf. Sie eignen sich auch f\u00fcr Akkumulations- oder Teleskopanwendungen. \u00c4hnliches gilt f\u00fcr einfache zweiachsige F\u00f6rderer mit leichtem Steigen. Sie k\u00f6nnen je nach Winkel, Produktart und Durchflussmenge gut funktionieren.<\/p>\t\t\t\t\t\t\t\t<\/div>\n\t\t\t\t<\/div>\n\t\t\t\t\t<\/div>\n\t\t<\/div>\n\t\t\t\t<div class=\"elementor-column elementor-col-50 elementor-top-column elementor-element elementor-element-b07421f\" data-id=\"b07421f\" data-element_type=\"column\">\n\t\t\t<div class=\"elementor-widget-wrap\">\n\t\t\t\t\t\t\t<\/div>\n\t\t<\/div>\n\t\t\t\t\t<\/div>\n\t\t<\/section>\n\t\t\t\t<section class=\"elementor-section elementor-top-section elementor-element elementor-element-3f589b5 elementor-section-height-min-height elementor-reverse-mobile elementor-section-boxed elementor-section-height-default elementor-section-items-middle\" data-id=\"3f589b5\" data-element_type=\"section\">\n\t\t\t\t\t\t<div class=\"elementor-container elementor-column-gap-default\">\n\t\t\t\t\t<div class=\"elementor-column elementor-col-33 elementor-top-column elementor-element elementor-element-6ae4492 vbt-no-bg-mob\" data-id=\"6ae4492\" data-element_type=\"column\" data-settings=\"{&quot;background_background&quot;:&quot;classic&quot;}\">\n\t\t\t<div class=\"elementor-widget-wrap elementor-element-populated\">\n\t\t\t\t\t\t<div class=\"elementor-element elementor-element-7d5fcff vbt-image-carousel elementor-arrows-position-inside elementor-pagination-position-outside elementor-widget elementor-widget-image-carousel\" data-id=\"7d5fcff\" data-element_type=\"widget\" data-settings=\"{&quot;slides_to_show&quot;:&quot;1&quot;,&quot;slides_to_show_tablet&quot;:&quot;1&quot;,&quot;effect&quot;:&quot;fade&quot;,&quot;navigation&quot;:&quot;both&quot;,&quot;autoplay&quot;:&quot;yes&quot;,&quot;pause_on_hover&quot;:&quot;yes&quot;,&quot;pause_on_interaction&quot;:&quot;yes&quot;,&quot;autoplay_speed&quot;:5000,&quot;infinite&quot;:&quot;yes&quot;,&quot;speed&quot;:500}\" data-widget_type=\"image-carousel.default\">\n\t\t\t\t<div class=\"elementor-widget-container\">\n\t\t\t\t\t\t\t<div class=\"elementor-image-carousel-wrapper swiper\" role=\"region\" aria-roledescription=\"carousel\" aria-label=\"Bild Karussell\" dir=\"ltr\">\n\t\t\t<div class=\"elementor-image-carousel swiper-wrapper swiper-image-stretch\" aria-live=\"off\">\n\t\t\t\t\t\t\t\t<div class=\"swiper-slide\" role=\"group\" aria-roledescription=\"slide\" aria-label=\"1 von 1\"><figure class=\"swiper-slide-inner\"><img decoding=\"async\" class=\"swiper-slide-image\" src=\"https:\/\/www.voltabelting.com\/wp-content\/uploads\/horizontal-conveyors-conveyor-construction-min.jpg\" alt=\"horizontal conveyors\" \/><\/figure><\/div>\t\t\t<\/div>\n\t\t\t\t\t<\/div>\n\t\t\t\t\t\t<\/div>\n\t\t\t\t<\/div>\n\t\t\t\t\t<\/div>\n\t\t<\/div>\n\t\t\t\t<div class=\"elementor-column elementor-col-33 elementor-top-column elementor-element elementor-element-ebc33c1\" data-id=\"ebc33c1\" data-element_type=\"column\">\n\t\t\t<div class=\"elementor-widget-wrap\">\n\t\t\t\t\t\t\t<\/div>\n\t\t<\/div>\n\t\t\t\t<div class=\"elementor-column elementor-col-33 elementor-top-column elementor-element elementor-element-254cc00\" data-id=\"254cc00\" data-element_type=\"column\">\n\t\t\t<div class=\"elementor-widget-wrap elementor-element-populated\">\n\t\t\t\t\t\t<div class=\"elementor-element elementor-element-86925d3 elementor-widget elementor-widget-heading\" data-id=\"86925d3\" data-element_type=\"widget\" data-widget_type=\"heading.default\">\n\t\t\t\t<div class=\"elementor-widget-container\">\n\t\t\t\t\t<h2 class=\"elementor-heading-title elementor-size-default\">Konstruktion des F\u00f6rderers<\/h2>\t\t\t\t<\/div>\n\t\t\t\t<\/div>\n\t\t\t\t<div class=\"elementor-element elementor-element-f56598a elementor-widget__width-initial elementor-widget elementor-widget-text-editor\" data-id=\"f56598a\" data-element_type=\"widget\" data-widget_type=\"text-editor.default\">\n\t\t\t\t<div class=\"elementor-widget-container\">\n\t\t\t\t\t\t\t\t\t<p>Der Bandlauf auf einem Horizontalf\u00f6rderer ist einfach; typischerweise ein geradliniges Bett von Mitte zu Mitte, wobei das Band um zwei Scheiben gewickelt ist. Einige Anwendungen k\u00f6nnen zus\u00e4tzliche Rollen oder Funktionen erfordern. Ein falsches F\u00f6rdererkonzept oder eine falsche Bandauswahl k\u00f6nnen zu starkem Verschlei\u00df f\u00fchren.<\/p><p>Die Kapazit\u00e4t des F\u00f6rderers muss ber\u00fccksichtigt werden, um sicherzustellen, dass das Produkt auf dem Band gehalten wird und nicht runterf\u00e4llt.<\/p>\t\t\t\t\t\t\t\t<\/div>\n\t\t\t\t<\/div>\n\t\t\t\t\t<\/div>\n\t\t<\/div>\n\t\t\t\t\t<\/div>\n\t\t<\/section>\n\t\t\t\t<section class=\"elementor-section elementor-top-section elementor-element elementor-element-1548bd8 elementor-section-height-min-height elementor-section-boxed elementor-section-height-default elementor-section-items-middle\" data-id=\"1548bd8\" data-element_type=\"section\">\n\t\t\t\t\t\t<div class=\"elementor-container elementor-column-gap-default\">\n\t\t\t\t\t<div class=\"elementor-column elementor-col-33 elementor-top-column elementor-element elementor-element-3bded3e\" data-id=\"3bded3e\" data-element_type=\"column\">\n\t\t\t<div class=\"elementor-widget-wrap elementor-element-populated\">\n\t\t\t\t\t\t<div class=\"elementor-element elementor-element-cf159d7 elementor-widget elementor-widget-heading\" data-id=\"cf159d7\" data-element_type=\"widget\" data-widget_type=\"heading.default\">\n\t\t\t\t<div class=\"elementor-widget-container\">\n\t\t\t\t\t<h2 class=\"elementor-heading-title elementor-size-default\">Auswahl des F\u00f6rderbandes<\/h2>\t\t\t\t<\/div>\n\t\t\t\t<\/div>\n\t\t\t\t<div class=\"elementor-element elementor-element-98e8fcc elementor-widget__width-initial elementor-widget elementor-widget-text-editor\" data-id=\"98e8fcc\" data-element_type=\"widget\" data-widget_type=\"text-editor.default\">\n\t\t\t\t<div class=\"elementor-widget-container\">\n\t\t\t\t\t\t\t\t\t<p>Ein herk\u00f6mmliches Band, das ohne Produkt l\u00e4uft, kann durch Stopp-Funktionen oder Verbindungsfehler ausfallen. Voltas Positive angetriebenen B\u00e4nder, erm\u00f6glichen die Konstruktion kompakter und kosteng\u00fcnstiger F\u00f6rderb\u00e4nder mit zus\u00e4tzlichen Vorteilen der Selbstf\u00fchrung und der Vermeidung von durchrutschen auf den Antrieben. Die Volta-B\u00e4nder verringern Ausfallzeiten, bieten geringere Wartungskosten und schaffen gleichzeitig eine hygienische und reinigungsf\u00e4hige Arbeitsumgebung f\u00fcr Lebensmittelf\u00f6rderer. Langlebige und unsichtbare Schwei\u00dfverbindungen k\u00f6nnen mehrere Bandwechsel ersparen. Das Hinzuf\u00fcgen von F\u00fchrungen an Flachb\u00e4ndern kann eine Spurf\u00fchrung erm\u00f6glichen, die sich nicht von der Belastung durch Biegen um die Antriebe\/Umlenkungen l\u00f6st.<\/p>\t\t\t\t\t\t\t\t<\/div>\n\t\t\t\t<\/div>\n\t\t\t\t\t<\/div>\n\t\t<\/div>\n\t\t\t\t<div class=\"elementor-column elementor-col-33 elementor-top-column elementor-element elementor-element-66cc749\" data-id=\"66cc749\" data-element_type=\"column\">\n\t\t\t<div class=\"elementor-widget-wrap\">\n\t\t\t\t\t\t\t<\/div>\n\t\t<\/div>\n\t\t\t\t<div class=\"elementor-column elementor-col-33 elementor-top-column elementor-element elementor-element-e5509b9 vbt-no-bg-mob\" data-id=\"e5509b9\" data-element_type=\"column\" data-settings=\"{&quot;background_background&quot;:&quot;classic&quot;}\">\n\t\t\t<div class=\"elementor-widget-wrap elementor-element-populated\">\n\t\t\t\t\t\t<div class=\"elementor-element elementor-element-2313066 vbt-image-carousel vbt-image-carousel--right elementor-pagination-position-inside elementor-arrows-position-inside elementor-widget elementor-widget-image-carousel\" data-id=\"2313066\" data-element_type=\"widget\" data-settings=\"{&quot;slides_to_show&quot;:&quot;1&quot;,&quot;slides_to_show_tablet&quot;:&quot;1&quot;,&quot;effect&quot;:&quot;fade&quot;,&quot;navigation&quot;:&quot;both&quot;,&quot;autoplay&quot;:&quot;yes&quot;,&quot;pause_on_hover&quot;:&quot;yes&quot;,&quot;pause_on_interaction&quot;:&quot;yes&quot;,&quot;autoplay_speed&quot;:5000,&quot;infinite&quot;:&quot;yes&quot;,&quot;speed&quot;:500}\" data-widget_type=\"image-carousel.default\">\n\t\t\t\t<div class=\"elementor-widget-container\">\n\t\t\t\t\t\t\t<div class=\"elementor-image-carousel-wrapper swiper\" role=\"region\" aria-roledescription=\"carousel\" aria-label=\"Bild Karussell\" dir=\"ltr\">\n\t\t\t<div class=\"elementor-image-carousel swiper-wrapper swiper-image-stretch\" aria-live=\"off\">\n\t\t\t\t\t\t\t\t<div class=\"swiper-slide\" role=\"group\" aria-roledescription=\"slide\" aria-label=\"1 von 1\"><figure class=\"swiper-slide-inner\"><img decoding=\"async\" class=\"swiper-slide-image\" src=\"https:\/\/www.voltabelting.com\/wp-content\/uploads\/horizontal-conveyors-choosing-your-belt-min.jpg\" alt=\"horizontal conveyors\" \/><\/figure><\/div>\t\t\t<\/div>\n\t\t\t\t\t<\/div>\n\t\t\t\t\t\t<\/div>\n\t\t\t\t<\/div>\n\t\t\t\t\t<\/div>\n\t\t<\/div>\n\t\t\t\t\t<\/div>\n\t\t<\/section>\n\t\t\t\t<\/div>\n\t\t","protected":false},"excerpt":{"rendered":"<p>Horizontalf\u00f6rderer sind die einfachsten und am weitesten verbreiteten F\u00f6rderanlagen auf dem Markt. Sie sind ein wichtiger Bestandteil von Montagelinien, der Handhabung von Kleinteilen, der Lebensmittelverarbeitung und werden in anspruchsvollere Maschinen integriert, um einen h\u00f6heren Durchsatz zu erzielen. Sie haben weniger Einschr\u00e4nkungen als andere F\u00f6rderertypen in Bezug auf Abmessungen, Geschwindigkeit, Last und Platzbedarf. Sie eignen sich [&hellip;]<\/p>\n","protected":false},"author":5,"featured_media":0,"parent":10767,"menu_order":0,"comment_status":"closed","ping_status":"closed","template":"elementor_header_footer","meta":{"footnotes":""},"class_list":["post-12002","page","type-page","status-publish","hentry"],"yoast_head":"<!-- This site is optimized with the Yoast SEO plugin v26.0 - https:\/\/yoast.com\/wordpress\/plugins\/seo\/ -->\n<title>Horizontalf\u00f6rderer - Volta Belting<\/title>\n<meta name=\"robots\" content=\"index, follow, max-snippet:-1, max-image-preview:large, max-video-preview:-1\" \/>\n<link rel=\"canonical\" href=\"https:\/\/www.voltabelting.com\/de\/solutions-by-conveyor-type\/horizontal-conveyors\/\" \/>\n<meta property=\"og:locale\" content=\"de_DE\" \/>\n<meta property=\"og:type\" content=\"article\" \/>\n<meta property=\"og:title\" content=\"Horizontalf\u00f6rderer - Volta Belting\" \/>\n<meta property=\"og:description\" content=\"Horizontalf\u00f6rderer sind die einfachsten und am weitesten verbreiteten F\u00f6rderanlagen auf dem Markt. Sie sind ein wichtiger Bestandteil von Montagelinien, der Handhabung von Kleinteilen, der Lebensmittelverarbeitung und werden in anspruchsvollere Maschinen integriert, um einen h\u00f6heren Durchsatz zu erzielen. Sie haben weniger Einschr\u00e4nkungen als andere F\u00f6rderertypen in Bezug auf Abmessungen, Geschwindigkeit, Last und Platzbedarf. Sie eignen sich [&hellip;]\" \/>\n<meta property=\"og:url\" content=\"https:\/\/www.voltabelting.com\/de\/solutions-by-conveyor-type\/horizontal-conveyors\/\" \/>\n<meta property=\"og:site_name\" content=\"Volta Belting\" \/>\n<meta property=\"article:publisher\" content=\"https:\/\/www.facebook.com\/BeltingTechnology\/\" \/>\n<meta property=\"article:modified_time\" content=\"2024-10-31T13:26:56+00:00\" \/>\n<meta property=\"og:image\" content=\"https:\/\/www.voltabelting.com\/wp-content\/uploads\/horizontal-conveyors-conveyor-construction-min.jpg\" \/>\n<meta name=\"twitter:card\" content=\"summary_large_image\" \/>\n<meta name=\"twitter:label1\" content=\"Gesch\u00e4tzte Lesezeit\" \/>\n\t<meta name=\"twitter:data1\" content=\"2\u00a0Minuten\" \/>\n<script type=\"application\/ld+json\" class=\"yoast-schema-graph\">{\"@context\":\"https:\/\/schema.org\",\"@graph\":[{\"@type\":\"WebPage\",\"@id\":\"https:\/\/www.voltabelting.com\/de\/solutions-by-conveyor-type\/horizontal-conveyors\/\",\"url\":\"https:\/\/www.voltabelting.com\/de\/solutions-by-conveyor-type\/horizontal-conveyors\/\",\"name\":\"Horizontalf\u00f6rderer - Volta Belting\",\"isPartOf\":{\"@id\":\"https:\/\/www.voltabelting.com\/de\/#website\"},\"primaryImageOfPage\":{\"@id\":\"https:\/\/www.voltabelting.com\/de\/solutions-by-conveyor-type\/horizontal-conveyors\/#primaryimage\"},\"image\":{\"@id\":\"https:\/\/www.voltabelting.com\/de\/solutions-by-conveyor-type\/horizontal-conveyors\/#primaryimage\"},\"thumbnailUrl\":\"https:\/\/www.voltabelting.com\/wp-content\/uploads\/horizontal-conveyors-conveyor-construction-min.jpg\",\"datePublished\":\"2021-03-31T07:58:51+00:00\",\"dateModified\":\"2024-10-31T13:26:56+00:00\",\"breadcrumb\":{\"@id\":\"https:\/\/www.voltabelting.com\/de\/solutions-by-conveyor-type\/horizontal-conveyors\/#breadcrumb\"},\"inLanguage\":\"de\",\"potentialAction\":[{\"@type\":\"ReadAction\",\"target\":[\"https:\/\/www.voltabelting.com\/de\/solutions-by-conveyor-type\/horizontal-conveyors\/\"]}]},{\"@type\":\"ImageObject\",\"inLanguage\":\"de\",\"@id\":\"https:\/\/www.voltabelting.com\/de\/solutions-by-conveyor-type\/horizontal-conveyors\/#primaryimage\",\"url\":\"https:\/\/www.voltabelting.com\/wp-content\/uploads\/horizontal-conveyors-conveyor-construction-min.jpg\",\"contentUrl\":\"https:\/\/www.voltabelting.com\/wp-content\/uploads\/horizontal-conveyors-conveyor-construction-min.jpg\"},{\"@type\":\"BreadcrumbList\",\"@id\":\"https:\/\/www.voltabelting.com\/de\/solutions-by-conveyor-type\/horizontal-conveyors\/#breadcrumb\",\"itemListElement\":[{\"@type\":\"ListItem\",\"position\":1,\"name\":\"Startseite\",\"item\":\"https:\/\/www.voltabelting.com\/de\/\"},{\"@type\":\"ListItem\",\"position\":2,\"name\":\"L\u00f6sungen Nach F\u00f6rderbandtyp\",\"item\":\"https:\/\/www.voltabelting.com\/de\/solutions-by-conveyor-type\/\"},{\"@type\":\"ListItem\",\"position\":3,\"name\":\"Horizontalf\u00f6rderer\"}]},{\"@type\":\"WebSite\",\"@id\":\"https:\/\/www.voltabelting.com\/de\/#website\",\"url\":\"https:\/\/www.voltabelting.com\/de\/\",\"name\":\"Volta Belting\",\"description\":\"The next step in belting\",\"publisher\":{\"@id\":\"https:\/\/www.voltabelting.com\/de\/#organization\"},\"alternateName\":\"Volta Belting\",\"potentialAction\":[{\"@type\":\"SearchAction\",\"target\":{\"@type\":\"EntryPoint\",\"urlTemplate\":\"https:\/\/www.voltabelting.com\/de\/?s={search_term_string}\"},\"query-input\":{\"@type\":\"PropertyValueSpecification\",\"valueRequired\":true,\"valueName\":\"search_term_string\"}}],\"inLanguage\":\"de\"},{\"@type\":\"Organization\",\"@id\":\"https:\/\/www.voltabelting.com\/de\/#organization\",\"name\":\"Volta Belting\",\"alternateName\":\"Volta Belting - The next step in belting\",\"url\":\"https:\/\/www.voltabelting.com\/de\/\",\"logo\":{\"@type\":\"ImageObject\",\"inLanguage\":\"de\",\"@id\":\"https:\/\/www.voltabelting.com\/de\/#\/schema\/logo\/image\/\",\"url\":\"https:\/\/www.voltabelting.com\/wp-content\/uploads\/Logo.svg\",\"contentUrl\":\"https:\/\/www.voltabelting.com\/wp-content\/uploads\/Logo.svg\",\"caption\":\"Volta Belting\"},\"image\":{\"@id\":\"https:\/\/www.voltabelting.com\/de\/#\/schema\/logo\/image\/\"},\"sameAs\":[\"https:\/\/www.facebook.com\/BeltingTechnology\/\",\"https:\/\/www.instagram.com\/voltabelting\/\",\"https:\/\/www.linkedin.com\/company\/volta-belting-technology\/\",\"https:\/\/www.youtube.com\/user\/VOLTABELTING\"]}]}<\/script>\n<!-- \/ Yoast SEO plugin. -->","yoast_head_json":{"title":"Horizontalf\u00f6rderer - Volta Belting","robots":{"index":"index","follow":"follow","max-snippet":"max-snippet:-1","max-image-preview":"max-image-preview:large","max-video-preview":"max-video-preview:-1"},"canonical":"https:\/\/www.voltabelting.com\/de\/solutions-by-conveyor-type\/horizontal-conveyors\/","og_locale":"de_DE","og_type":"article","og_title":"Horizontalf\u00f6rderer - Volta Belting","og_description":"Horizontalf\u00f6rderer sind die einfachsten und am weitesten verbreiteten F\u00f6rderanlagen auf dem Markt. Sie sind ein wichtiger Bestandteil von Montagelinien, der Handhabung von Kleinteilen, der Lebensmittelverarbeitung und werden in anspruchsvollere Maschinen integriert, um einen h\u00f6heren Durchsatz zu erzielen. Sie haben weniger Einschr\u00e4nkungen als andere F\u00f6rderertypen in Bezug auf Abmessungen, Geschwindigkeit, Last und Platzbedarf. Sie eignen sich [&hellip;]","og_url":"https:\/\/www.voltabelting.com\/de\/solutions-by-conveyor-type\/horizontal-conveyors\/","og_site_name":"Volta Belting","article_publisher":"https:\/\/www.facebook.com\/BeltingTechnology\/","article_modified_time":"2024-10-31T13:26:56+00:00","og_image":[{"url":"https:\/\/www.voltabelting.com\/wp-content\/uploads\/horizontal-conveyors-conveyor-construction-min.jpg","type":"","width":"","height":""}],"twitter_card":"summary_large_image","twitter_misc":{"Gesch\u00e4tzte Lesezeit":"2\u00a0Minuten"},"schema":{"@context":"https:\/\/schema.org","@graph":[{"@type":"WebPage","@id":"https:\/\/www.voltabelting.com\/de\/solutions-by-conveyor-type\/horizontal-conveyors\/","url":"https:\/\/www.voltabelting.com\/de\/solutions-by-conveyor-type\/horizontal-conveyors\/","name":"Horizontalf\u00f6rderer - Volta Belting","isPartOf":{"@id":"https:\/\/www.voltabelting.com\/de\/#website"},"primaryImageOfPage":{"@id":"https:\/\/www.voltabelting.com\/de\/solutions-by-conveyor-type\/horizontal-conveyors\/#primaryimage"},"image":{"@id":"https:\/\/www.voltabelting.com\/de\/solutions-by-conveyor-type\/horizontal-conveyors\/#primaryimage"},"thumbnailUrl":"https:\/\/www.voltabelting.com\/wp-content\/uploads\/horizontal-conveyors-conveyor-construction-min.jpg","datePublished":"2021-03-31T07:58:51+00:00","dateModified":"2024-10-31T13:26:56+00:00","breadcrumb":{"@id":"https:\/\/www.voltabelting.com\/de\/solutions-by-conveyor-type\/horizontal-conveyors\/#breadcrumb"},"inLanguage":"de","potentialAction":[{"@type":"ReadAction","target":["https:\/\/www.voltabelting.com\/de\/solutions-by-conveyor-type\/horizontal-conveyors\/"]}]},{"@type":"ImageObject","inLanguage":"de","@id":"https:\/\/www.voltabelting.com\/de\/solutions-by-conveyor-type\/horizontal-conveyors\/#primaryimage","url":"https:\/\/www.voltabelting.com\/wp-content\/uploads\/horizontal-conveyors-conveyor-construction-min.jpg","contentUrl":"https:\/\/www.voltabelting.com\/wp-content\/uploads\/horizontal-conveyors-conveyor-construction-min.jpg"},{"@type":"BreadcrumbList","@id":"https:\/\/www.voltabelting.com\/de\/solutions-by-conveyor-type\/horizontal-conveyors\/#breadcrumb","itemListElement":[{"@type":"ListItem","position":1,"name":"Startseite","item":"https:\/\/www.voltabelting.com\/de\/"},{"@type":"ListItem","position":2,"name":"L\u00f6sungen Nach F\u00f6rderbandtyp","item":"https:\/\/www.voltabelting.com\/de\/solutions-by-conveyor-type\/"},{"@type":"ListItem","position":3,"name":"Horizontalf\u00f6rderer"}]},{"@type":"WebSite","@id":"https:\/\/www.voltabelting.com\/de\/#website","url":"https:\/\/www.voltabelting.com\/de\/","name":"Volta Belting","description":"The next step in belting","publisher":{"@id":"https:\/\/www.voltabelting.com\/de\/#organization"},"alternateName":"Volta Belting","potentialAction":[{"@type":"SearchAction","target":{"@type":"EntryPoint","urlTemplate":"https:\/\/www.voltabelting.com\/de\/?s={search_term_string}"},"query-input":{"@type":"PropertyValueSpecification","valueRequired":true,"valueName":"search_term_string"}}],"inLanguage":"de"},{"@type":"Organization","@id":"https:\/\/www.voltabelting.com\/de\/#organization","name":"Volta Belting","alternateName":"Volta Belting - The next step in belting","url":"https:\/\/www.voltabelting.com\/de\/","logo":{"@type":"ImageObject","inLanguage":"de","@id":"https:\/\/www.voltabelting.com\/de\/#\/schema\/logo\/image\/","url":"https:\/\/www.voltabelting.com\/wp-content\/uploads\/Logo.svg","contentUrl":"https:\/\/www.voltabelting.com\/wp-content\/uploads\/Logo.svg","caption":"Volta Belting"},"image":{"@id":"https:\/\/www.voltabelting.com\/de\/#\/schema\/logo\/image\/"},"sameAs":["https:\/\/www.facebook.com\/BeltingTechnology\/","https:\/\/www.instagram.com\/voltabelting\/","https:\/\/www.linkedin.com\/company\/volta-belting-technology\/","https:\/\/www.youtube.com\/user\/VOLTABELTING"]}]}},"_links":{"self":[{"href":"https:\/\/www.voltabelting.com\/de\/wp-json\/wp\/v2\/pages\/12002","targetHints":{"allow":["GET"]}}],"collection":[{"href":"https:\/\/www.voltabelting.com\/de\/wp-json\/wp\/v2\/pages"}],"about":[{"href":"https:\/\/www.voltabelting.com\/de\/wp-json\/wp\/v2\/types\/page"}],"author":[{"embeddable":true,"href":"https:\/\/www.voltabelting.com\/de\/wp-json\/wp\/v2\/users\/5"}],"replies":[{"embeddable":true,"href":"https:\/\/www.voltabelting.com\/de\/wp-json\/wp\/v2\/comments?post=12002"}],"version-history":[{"count":0,"href":"https:\/\/www.voltabelting.com\/de\/wp-json\/wp\/v2\/pages\/12002\/revisions"}],"up":[{"embeddable":true,"href":"https:\/\/www.voltabelting.com\/de\/wp-json\/wp\/v2\/pages\/10767"}],"wp:attachment":[{"href":"https:\/\/www.voltabelting.com\/de\/wp-json\/wp\/v2\/media?parent=12002"}],"curies":[{"name":"wp","href":"https:\/\/api.w.org\/{rel}","templated":true}]}}