{"id":8302,"date":"2021-03-31T08:58:51","date_gmt":"2021-03-31T07:58:51","guid":{"rendered":"https:\/\/www.voltabelting.com\/solutions-by-conveyor-type\/horizontal-conveyors\/"},"modified":"2024-10-31T13:27:10","modified_gmt":"2024-10-31T13:27:10","slug":"horizontal-conveyors","status":"publish","type":"page","link":"https:\/\/www.voltabelting.com\/es\/soluciones-por-tipo-de-transportador\/horizontal-conveyors\/","title":{"rendered":"Transportadores horizontales"},"content":{"rendered":"\t\t<div data-elementor-type=\"wp-page\" data-elementor-id=\"8302\" class=\"elementor elementor-8302 elementor-3063\" data-elementor-post-type=\"page\">\n\t\t\t\t\t\t<section class=\"elementor-section elementor-top-section elementor-element elementor-element-a0c3139 elementor-section-height-min-height elementor-section-items-stretch elementor-reverse-mobile elementor-section-boxed elementor-section-height-default\" data-id=\"a0c3139\" data-element_type=\"section\" data-settings=\"{&quot;background_background&quot;:&quot;classic&quot;}\">\n\t\t\t\t\t\t\t<div class=\"elementor-background-overlay\"><\/div>\n\t\t\t\t\t\t\t<div class=\"elementor-container elementor-column-gap-no\">\n\t\t\t\t\t<div class=\"elementor-column elementor-col-50 elementor-top-column elementor-element elementor-element-4fc5590\" data-id=\"4fc5590\" data-element_type=\"column\" data-settings=\"{&quot;background_background&quot;:&quot;classic&quot;}\">\n\t\t\t<div class=\"elementor-widget-wrap elementor-element-populated\">\n\t\t\t\t\t\t<div class=\"elementor-element elementor-element-120ec3f elementor-hidden-phone elementor-widget elementor-widget-breadcrumbs\" data-id=\"120ec3f\" data-element_type=\"widget\" data-widget_type=\"breadcrumbs.default\">\n\t\t\t\t<div class=\"elementor-widget-container\">\n\t\t\t\t\t<p id=\"breadcrumbs\"><span><span><a href=\"https:\/\/www.voltabelting.com\/es\/\">P\u00e1gina de inicio<\/a><\/span><\/span><\/p>\t\t\t\t<\/div>\n\t\t\t\t<\/div>\n\t\t\t\t<div class=\"elementor-element elementor-element-c8ef725 elementor-widget__width-initial elementor-widget elementor-widget-heading\" data-id=\"c8ef725\" data-element_type=\"widget\" data-widget_type=\"heading.default\">\n\t\t\t\t<div class=\"elementor-widget-container\">\n\t\t\t\t\t<h1 class=\"elementor-heading-title elementor-size-default\">Transportadores horizontales<\/h1>\t\t\t\t<\/div>\n\t\t\t\t<\/div>\n\t\t\t\t<div class=\"elementor-element elementor-element-6fd99a4 elementor-widget__width-initial elementor-widget elementor-widget-text-editor\" data-id=\"6fd99a4\" data-element_type=\"widget\" data-widget_type=\"text-editor.default\">\n\t\t\t\t<div class=\"elementor-widget-container\">\n\t\t\t\t\t\t\t\t\t<p>Los transportadores horizontales son los m\u00e1s b\u00e1sicos y comunes del mercado. Se utilizan en l\u00edneas de ensamble, manejo de piezas peque\u00f1as, procesamiento de alimentos y se integran a maquinaria sofisticada para aumentar el rendimiento. Tienen menos limitaciones, en t\u00e9rminos de dimensiones, velocidad, carga y espacio necesario. Pueden adecuarse para aplicaciones de acumulaci\u00f3n o telesc\u00f3picas. Igual sucede con los transportadores simples de dos ejes, con inclinaci\u00f3n leve. Funcionan bien dependiendo del \u00e1ngulo, tipo de producto y velocidad de flujo.<\/p>\t\t\t\t\t\t\t\t<\/div>\n\t\t\t\t<\/div>\n\t\t\t\t\t<\/div>\n\t\t<\/div>\n\t\t\t\t<div class=\"elementor-column elementor-col-50 elementor-top-column elementor-element elementor-element-b07421f\" data-id=\"b07421f\" data-element_type=\"column\">\n\t\t\t<div class=\"elementor-widget-wrap\">\n\t\t\t\t\t\t\t<\/div>\n\t\t<\/div>\n\t\t\t\t\t<\/div>\n\t\t<\/section>\n\t\t\t\t<section class=\"elementor-section elementor-top-section elementor-element elementor-element-3f589b5 elementor-section-height-min-height elementor-reverse-mobile elementor-section-boxed elementor-section-height-default elementor-section-items-middle\" data-id=\"3f589b5\" data-element_type=\"section\">\n\t\t\t\t\t\t<div class=\"elementor-container elementor-column-gap-default\">\n\t\t\t\t\t<div class=\"elementor-column elementor-col-33 elementor-top-column elementor-element elementor-element-6ae4492 vbt-no-bg-mob\" data-id=\"6ae4492\" data-element_type=\"column\" data-settings=\"{&quot;background_background&quot;:&quot;classic&quot;}\">\n\t\t\t<div class=\"elementor-widget-wrap elementor-element-populated\">\n\t\t\t\t\t\t<div class=\"elementor-element elementor-element-7d5fcff vbt-image-carousel elementor-arrows-position-inside elementor-pagination-position-outside elementor-widget elementor-widget-image-carousel\" data-id=\"7d5fcff\" data-element_type=\"widget\" data-settings=\"{&quot;slides_to_show&quot;:&quot;1&quot;,&quot;slides_to_show_tablet&quot;:&quot;1&quot;,&quot;effect&quot;:&quot;fade&quot;,&quot;navigation&quot;:&quot;both&quot;,&quot;autoplay&quot;:&quot;yes&quot;,&quot;pause_on_hover&quot;:&quot;yes&quot;,&quot;pause_on_interaction&quot;:&quot;yes&quot;,&quot;autoplay_speed&quot;:5000,&quot;infinite&quot;:&quot;yes&quot;,&quot;speed&quot;:500}\" data-widget_type=\"image-carousel.default\">\n\t\t\t\t<div class=\"elementor-widget-container\">\n\t\t\t\t\t\t\t<div class=\"elementor-image-carousel-wrapper swiper\" role=\"region\" aria-roledescription=\"carousel\" aria-label=\"Carrusel de im\u00e1genes\" dir=\"ltr\">\n\t\t\t<div class=\"elementor-image-carousel swiper-wrapper swiper-image-stretch\" aria-live=\"off\">\n\t\t\t\t\t\t\t\t<div class=\"swiper-slide\" role=\"group\" aria-roledescription=\"slide\" aria-label=\"1 de 1\"><figure class=\"swiper-slide-inner\"><img decoding=\"async\" class=\"swiper-slide-image\" src=\"https:\/\/www.voltabelting.com\/wp-content\/uploads\/horizontal-conveyors-conveyor-construction-min.jpg\" alt=\"horizontal conveyors\" \/><\/figure><\/div>\t\t\t<\/div>\n\t\t\t\t\t<\/div>\n\t\t\t\t\t\t<\/div>\n\t\t\t\t<\/div>\n\t\t\t\t\t<\/div>\n\t\t<\/div>\n\t\t\t\t<div class=\"elementor-column elementor-col-33 elementor-top-column elementor-element elementor-element-ebc33c1\" data-id=\"ebc33c1\" data-element_type=\"column\">\n\t\t\t<div class=\"elementor-widget-wrap\">\n\t\t\t\t\t\t\t<\/div>\n\t\t<\/div>\n\t\t\t\t<div class=\"elementor-column elementor-col-33 elementor-top-column elementor-element elementor-element-254cc00\" data-id=\"254cc00\" data-element_type=\"column\">\n\t\t\t<div class=\"elementor-widget-wrap elementor-element-populated\">\n\t\t\t\t\t\t<div class=\"elementor-element elementor-element-86925d3 elementor-widget elementor-widget-heading\" data-id=\"86925d3\" data-element_type=\"widget\" data-widget_type=\"heading.default\">\n\t\t\t\t<div class=\"elementor-widget-container\">\n\t\t\t\t\t<h2 class=\"elementor-heading-title elementor-size-default\">Construcci\u00f3n del transportador <\/h2>\t\t\t\t<\/div>\n\t\t\t\t<\/div>\n\t\t\t\t<div class=\"elementor-element elementor-element-f56598a elementor-widget__width-initial elementor-widget elementor-widget-text-editor\" data-id=\"f56598a\" data-element_type=\"widget\" data-widget_type=\"text-editor.default\">\n\t\t\t\t<div class=\"elementor-widget-container\">\n\t\t\t\t\t\t\t\t\t<p>La ruta de la banda en un transportador horizontal es simple, por lo general, una cama en l\u00ednea recta centro a centro, con la banda enrollada alrededor de dos poleas. Algunas aplicaciones pueden necesitar m\u00e1s rodillos o caracter\u00edsticas. El dise\u00f1o incorrecto del transportador y la mala elecci\u00f3n de la banda pueden ocasionar mucho desgaste.<\/p><p>La capacidad del transportador se debe tener en cuenta para asegurarse de que el producto quede contenido y no caiga bajo o dentro de la ruta de la banda.<\/p>\t\t\t\t\t\t\t\t<\/div>\n\t\t\t\t<\/div>\n\t\t\t\t\t<\/div>\n\t\t<\/div>\n\t\t\t\t\t<\/div>\n\t\t<\/section>\n\t\t\t\t<section class=\"elementor-section elementor-top-section elementor-element elementor-element-1548bd8 elementor-section-height-min-height elementor-section-boxed elementor-section-height-default elementor-section-items-middle\" data-id=\"1548bd8\" data-element_type=\"section\">\n\t\t\t\t\t\t<div class=\"elementor-container elementor-column-gap-default\">\n\t\t\t\t\t<div class=\"elementor-column elementor-col-33 elementor-top-column elementor-element elementor-element-3bded3e\" data-id=\"3bded3e\" data-element_type=\"column\">\n\t\t\t<div class=\"elementor-widget-wrap elementor-element-populated\">\n\t\t\t\t\t\t<div class=\"elementor-element elementor-element-cf159d7 elementor-widget elementor-widget-heading\" data-id=\"cf159d7\" data-element_type=\"widget\" data-widget_type=\"heading.default\">\n\t\t\t\t<div class=\"elementor-widget-container\">\n\t\t\t\t\t<h2 class=\"elementor-heading-title elementor-size-default\">\u00bfC\u00f3mo elegir la banda?<\/h2>\t\t\t\t<\/div>\n\t\t\t\t<\/div>\n\t\t\t\t<div class=\"elementor-element elementor-element-98e8fcc elementor-widget__width-initial elementor-widget elementor-widget-text-editor\" data-id=\"98e8fcc\" data-element_type=\"widget\" data-widget_type=\"text-editor.default\">\n\t\t\t\t<div class=\"elementor-widget-container\">\n\t\t\t\t\t\t\t\t\t<p>Las bandas convencionales sin producto pueden fallar por el empalme o desviaci\u00f3n de trayectoria. Las bandas de tracci\u00f3n positiva de Volta permiten dise\u00f1ar transportadores m\u00e1s compactos y menos costosos, ofreciendo autoalineamiento y eliminaci\u00f3n del deslizamiento de los rodillos. Las bandas Volta ahorran tiempo de inactividad y mantenimiento, creando un entorno higi\u00e9nico y limpiable para los transportadores de alimentos. Los empalmes duraderos e invisibles ahorran recambios. A\u00f1adir gu\u00edas a las bandas planas ofrece seguimiento que no se desprende por esfuerzo o flexi\u00f3n alrededor de las poleas.<\/p>\t\t\t\t\t\t\t\t<\/div>\n\t\t\t\t<\/div>\n\t\t\t\t\t<\/div>\n\t\t<\/div>\n\t\t\t\t<div class=\"elementor-column elementor-col-33 elementor-top-column elementor-element elementor-element-66cc749\" data-id=\"66cc749\" data-element_type=\"column\">\n\t\t\t<div class=\"elementor-widget-wrap\">\n\t\t\t\t\t\t\t<\/div>\n\t\t<\/div>\n\t\t\t\t<div class=\"elementor-column elementor-col-33 elementor-top-column elementor-element elementor-element-e5509b9 vbt-no-bg-mob\" data-id=\"e5509b9\" data-element_type=\"column\" data-settings=\"{&quot;background_background&quot;:&quot;classic&quot;}\">\n\t\t\t<div class=\"elementor-widget-wrap elementor-element-populated\">\n\t\t\t\t\t\t<div class=\"elementor-element elementor-element-2313066 vbt-image-carousel vbt-image-carousel--right elementor-pagination-position-inside elementor-arrows-position-inside elementor-widget elementor-widget-image-carousel\" data-id=\"2313066\" data-element_type=\"widget\" data-settings=\"{&quot;slides_to_show&quot;:&quot;1&quot;,&quot;slides_to_show_tablet&quot;:&quot;1&quot;,&quot;effect&quot;:&quot;fade&quot;,&quot;navigation&quot;:&quot;both&quot;,&quot;autoplay&quot;:&quot;yes&quot;,&quot;pause_on_hover&quot;:&quot;yes&quot;,&quot;pause_on_interaction&quot;:&quot;yes&quot;,&quot;autoplay_speed&quot;:5000,&quot;infinite&quot;:&quot;yes&quot;,&quot;speed&quot;:500}\" data-widget_type=\"image-carousel.default\">\n\t\t\t\t<div class=\"elementor-widget-container\">\n\t\t\t\t\t\t\t<div class=\"elementor-image-carousel-wrapper swiper\" role=\"region\" aria-roledescription=\"carousel\" aria-label=\"Carrusel de im\u00e1genes\" dir=\"ltr\">\n\t\t\t<div class=\"elementor-image-carousel swiper-wrapper swiper-image-stretch\" aria-live=\"off\">\n\t\t\t\t\t\t\t\t<div class=\"swiper-slide\" role=\"group\" aria-roledescription=\"slide\" aria-label=\"1 de 1\"><figure class=\"swiper-slide-inner\"><img decoding=\"async\" class=\"swiper-slide-image\" src=\"https:\/\/www.voltabelting.com\/wp-content\/uploads\/horizontal-conveyors-choosing-your-belt-min.jpg\" alt=\"horizontal conveyors\" \/><\/figure><\/div>\t\t\t<\/div>\n\t\t\t\t\t<\/div>\n\t\t\t\t\t\t<\/div>\n\t\t\t\t<\/div>\n\t\t\t\t\t<\/div>\n\t\t<\/div>\n\t\t\t\t\t<\/div>\n\t\t<\/section>\n\t\t\t\t<\/div>\n\t\t","protected":false},"excerpt":{"rendered":"<p>Los transportadores horizontales son los m\u00e1s b\u00e1sicos y comunes del mercado. Se utilizan en l\u00edneas de ensamble, manejo de piezas peque\u00f1as, procesamiento de alimentos y se integran a maquinaria sofisticada para aumentar el rendimiento. Tienen menos limitaciones, en t\u00e9rminos de dimensiones, velocidad, carga y espacio necesario. Pueden adecuarse para aplicaciones de acumulaci\u00f3n o telesc\u00f3picas. Igual [&hellip;]<\/p>\n","protected":false},"author":5,"featured_media":0,"parent":8296,"menu_order":0,"comment_status":"closed","ping_status":"closed","template":"elementor_header_footer","meta":{"footnotes":""},"class_list":["post-8302","page","type-page","status-publish","hentry"],"yoast_head":"<!-- This site is optimized with the Yoast SEO plugin v26.0 - https:\/\/yoast.com\/wordpress\/plugins\/seo\/ -->\n<title>Transportadores horizontales - Volta Belting<\/title>\n<meta name=\"robots\" content=\"index, follow, max-snippet:-1, max-image-preview:large, max-video-preview:-1\" \/>\n<link rel=\"canonical\" href=\"https:\/\/www.voltabelting.com\/es\/soluciones-por-tipo-de-transportador\/horizontal-conveyors\/\" \/>\n<meta property=\"og:locale\" content=\"es_ES\" \/>\n<meta property=\"og:type\" content=\"article\" \/>\n<meta property=\"og:title\" content=\"Transportadores horizontales - Volta Belting\" \/>\n<meta property=\"og:description\" content=\"Los transportadores horizontales son los m\u00e1s b\u00e1sicos y comunes del mercado. Se utilizan en l\u00edneas de ensamble, manejo de piezas peque\u00f1as, procesamiento de alimentos y se integran a maquinaria sofisticada para aumentar el rendimiento. Tienen menos limitaciones, en t\u00e9rminos de dimensiones, velocidad, carga y espacio necesario. Pueden adecuarse para aplicaciones de acumulaci\u00f3n o telesc\u00f3picas. Igual [&hellip;]\" \/>\n<meta property=\"og:url\" content=\"https:\/\/www.voltabelting.com\/es\/soluciones-por-tipo-de-transportador\/horizontal-conveyors\/\" \/>\n<meta property=\"og:site_name\" content=\"Volta Belting\" \/>\n<meta property=\"article:publisher\" content=\"https:\/\/www.facebook.com\/BeltingTechnology\/\" \/>\n<meta property=\"article:modified_time\" content=\"2024-10-31T13:27:10+00:00\" \/>\n<meta property=\"og:image\" content=\"https:\/\/www.voltabelting.com\/wp-content\/uploads\/horizontal-conveyors-conveyor-construction-min.jpg\" \/>\n<meta name=\"twitter:card\" content=\"summary_large_image\" \/>\n<meta name=\"twitter:label1\" content=\"Tiempo de lectura\" \/>\n\t<meta name=\"twitter:data1\" content=\"2 minutos\" \/>\n<script type=\"application\/ld+json\" class=\"yoast-schema-graph\">{\"@context\":\"https:\/\/schema.org\",\"@graph\":[{\"@type\":\"WebPage\",\"@id\":\"https:\/\/www.voltabelting.com\/es\/soluciones-por-tipo-de-transportador\/horizontal-conveyors\/\",\"url\":\"https:\/\/www.voltabelting.com\/es\/soluciones-por-tipo-de-transportador\/horizontal-conveyors\/\",\"name\":\"Transportadores horizontales - Volta Belting\",\"isPartOf\":{\"@id\":\"https:\/\/www.voltabelting.com\/es\/#website\"},\"primaryImageOfPage\":{\"@id\":\"https:\/\/www.voltabelting.com\/es\/soluciones-por-tipo-de-transportador\/horizontal-conveyors\/#primaryimage\"},\"image\":{\"@id\":\"https:\/\/www.voltabelting.com\/es\/soluciones-por-tipo-de-transportador\/horizontal-conveyors\/#primaryimage\"},\"thumbnailUrl\":\"https:\/\/www.voltabelting.com\/wp-content\/uploads\/horizontal-conveyors-conveyor-construction-min.jpg\",\"datePublished\":\"2021-03-31T07:58:51+00:00\",\"dateModified\":\"2024-10-31T13:27:10+00:00\",\"breadcrumb\":{\"@id\":\"https:\/\/www.voltabelting.com\/es\/soluciones-por-tipo-de-transportador\/horizontal-conveyors\/#breadcrumb\"},\"inLanguage\":\"es\",\"potentialAction\":[{\"@type\":\"ReadAction\",\"target\":[\"https:\/\/www.voltabelting.com\/es\/soluciones-por-tipo-de-transportador\/horizontal-conveyors\/\"]}]},{\"@type\":\"ImageObject\",\"inLanguage\":\"es\",\"@id\":\"https:\/\/www.voltabelting.com\/es\/soluciones-por-tipo-de-transportador\/horizontal-conveyors\/#primaryimage\",\"url\":\"https:\/\/www.voltabelting.com\/wp-content\/uploads\/horizontal-conveyors-conveyor-construction-min.jpg\",\"contentUrl\":\"https:\/\/www.voltabelting.com\/wp-content\/uploads\/horizontal-conveyors-conveyor-construction-min.jpg\"},{\"@type\":\"BreadcrumbList\",\"@id\":\"https:\/\/www.voltabelting.com\/es\/soluciones-por-tipo-de-transportador\/horizontal-conveyors\/#breadcrumb\",\"itemListElement\":[{\"@type\":\"ListItem\",\"position\":1,\"name\":\"P\u00e1gina de inicio\",\"item\":\"https:\/\/www.voltabelting.com\/es\/\"},{\"@type\":\"ListItem\",\"position\":2,\"name\":\"Soluciones por tipo de transportador\",\"item\":\"https:\/\/www.voltabelting.com\/es\/solutions-by-conveyor-type\/\"},{\"@type\":\"ListItem\",\"position\":3,\"name\":\"Transportadores horizontales\"}]},{\"@type\":\"WebSite\",\"@id\":\"https:\/\/www.voltabelting.com\/es\/#website\",\"url\":\"https:\/\/www.voltabelting.com\/es\/\",\"name\":\"Volta Belting\",\"description\":\"The next step in belting\",\"publisher\":{\"@id\":\"https:\/\/www.voltabelting.com\/es\/#organization\"},\"alternateName\":\"Volta Belting\",\"potentialAction\":[{\"@type\":\"SearchAction\",\"target\":{\"@type\":\"EntryPoint\",\"urlTemplate\":\"https:\/\/www.voltabelting.com\/es\/?s={search_term_string}\"},\"query-input\":{\"@type\":\"PropertyValueSpecification\",\"valueRequired\":true,\"valueName\":\"search_term_string\"}}],\"inLanguage\":\"es\"},{\"@type\":\"Organization\",\"@id\":\"https:\/\/www.voltabelting.com\/es\/#organization\",\"name\":\"Volta Belting\",\"alternateName\":\"Volta Belting - The next step in belting\",\"url\":\"https:\/\/www.voltabelting.com\/es\/\",\"logo\":{\"@type\":\"ImageObject\",\"inLanguage\":\"es\",\"@id\":\"https:\/\/www.voltabelting.com\/es\/#\/schema\/logo\/image\/\",\"url\":\"https:\/\/www.voltabelting.com\/wp-content\/uploads\/Logo.svg\",\"contentUrl\":\"https:\/\/www.voltabelting.com\/wp-content\/uploads\/Logo.svg\",\"caption\":\"Volta Belting\"},\"image\":{\"@id\":\"https:\/\/www.voltabelting.com\/es\/#\/schema\/logo\/image\/\"},\"sameAs\":[\"https:\/\/www.facebook.com\/BeltingTechnology\/\",\"https:\/\/www.instagram.com\/voltabelting\/\",\"https:\/\/www.linkedin.com\/company\/volta-belting-technology\/\",\"https:\/\/www.youtube.com\/user\/VOLTABELTING\"]}]}<\/script>\n<!-- \/ Yoast SEO plugin. -->","yoast_head_json":{"title":"Transportadores horizontales - Volta Belting","robots":{"index":"index","follow":"follow","max-snippet":"max-snippet:-1","max-image-preview":"max-image-preview:large","max-video-preview":"max-video-preview:-1"},"canonical":"https:\/\/www.voltabelting.com\/es\/soluciones-por-tipo-de-transportador\/horizontal-conveyors\/","og_locale":"es_ES","og_type":"article","og_title":"Transportadores horizontales - Volta Belting","og_description":"Los transportadores horizontales son los m\u00e1s b\u00e1sicos y comunes del mercado. Se utilizan en l\u00edneas de ensamble, manejo de piezas peque\u00f1as, procesamiento de alimentos y se integran a maquinaria sofisticada para aumentar el rendimiento. Tienen menos limitaciones, en t\u00e9rminos de dimensiones, velocidad, carga y espacio necesario. Pueden adecuarse para aplicaciones de acumulaci\u00f3n o telesc\u00f3picas. Igual [&hellip;]","og_url":"https:\/\/www.voltabelting.com\/es\/soluciones-por-tipo-de-transportador\/horizontal-conveyors\/","og_site_name":"Volta Belting","article_publisher":"https:\/\/www.facebook.com\/BeltingTechnology\/","article_modified_time":"2024-10-31T13:27:10+00:00","og_image":[{"url":"https:\/\/www.voltabelting.com\/wp-content\/uploads\/horizontal-conveyors-conveyor-construction-min.jpg","type":"","width":"","height":""}],"twitter_card":"summary_large_image","twitter_misc":{"Tiempo de lectura":"2 minutos"},"schema":{"@context":"https:\/\/schema.org","@graph":[{"@type":"WebPage","@id":"https:\/\/www.voltabelting.com\/es\/soluciones-por-tipo-de-transportador\/horizontal-conveyors\/","url":"https:\/\/www.voltabelting.com\/es\/soluciones-por-tipo-de-transportador\/horizontal-conveyors\/","name":"Transportadores horizontales - Volta Belting","isPartOf":{"@id":"https:\/\/www.voltabelting.com\/es\/#website"},"primaryImageOfPage":{"@id":"https:\/\/www.voltabelting.com\/es\/soluciones-por-tipo-de-transportador\/horizontal-conveyors\/#primaryimage"},"image":{"@id":"https:\/\/www.voltabelting.com\/es\/soluciones-por-tipo-de-transportador\/horizontal-conveyors\/#primaryimage"},"thumbnailUrl":"https:\/\/www.voltabelting.com\/wp-content\/uploads\/horizontal-conveyors-conveyor-construction-min.jpg","datePublished":"2021-03-31T07:58:51+00:00","dateModified":"2024-10-31T13:27:10+00:00","breadcrumb":{"@id":"https:\/\/www.voltabelting.com\/es\/soluciones-por-tipo-de-transportador\/horizontal-conveyors\/#breadcrumb"},"inLanguage":"es","potentialAction":[{"@type":"ReadAction","target":["https:\/\/www.voltabelting.com\/es\/soluciones-por-tipo-de-transportador\/horizontal-conveyors\/"]}]},{"@type":"ImageObject","inLanguage":"es","@id":"https:\/\/www.voltabelting.com\/es\/soluciones-por-tipo-de-transportador\/horizontal-conveyors\/#primaryimage","url":"https:\/\/www.voltabelting.com\/wp-content\/uploads\/horizontal-conveyors-conveyor-construction-min.jpg","contentUrl":"https:\/\/www.voltabelting.com\/wp-content\/uploads\/horizontal-conveyors-conveyor-construction-min.jpg"},{"@type":"BreadcrumbList","@id":"https:\/\/www.voltabelting.com\/es\/soluciones-por-tipo-de-transportador\/horizontal-conveyors\/#breadcrumb","itemListElement":[{"@type":"ListItem","position":1,"name":"P\u00e1gina de inicio","item":"https:\/\/www.voltabelting.com\/es\/"},{"@type":"ListItem","position":2,"name":"Soluciones por tipo de transportador","item":"https:\/\/www.voltabelting.com\/es\/solutions-by-conveyor-type\/"},{"@type":"ListItem","position":3,"name":"Transportadores horizontales"}]},{"@type":"WebSite","@id":"https:\/\/www.voltabelting.com\/es\/#website","url":"https:\/\/www.voltabelting.com\/es\/","name":"Volta Belting","description":"The next step in belting","publisher":{"@id":"https:\/\/www.voltabelting.com\/es\/#organization"},"alternateName":"Volta Belting","potentialAction":[{"@type":"SearchAction","target":{"@type":"EntryPoint","urlTemplate":"https:\/\/www.voltabelting.com\/es\/?s={search_term_string}"},"query-input":{"@type":"PropertyValueSpecification","valueRequired":true,"valueName":"search_term_string"}}],"inLanguage":"es"},{"@type":"Organization","@id":"https:\/\/www.voltabelting.com\/es\/#organization","name":"Volta Belting","alternateName":"Volta Belting - The next step in belting","url":"https:\/\/www.voltabelting.com\/es\/","logo":{"@type":"ImageObject","inLanguage":"es","@id":"https:\/\/www.voltabelting.com\/es\/#\/schema\/logo\/image\/","url":"https:\/\/www.voltabelting.com\/wp-content\/uploads\/Logo.svg","contentUrl":"https:\/\/www.voltabelting.com\/wp-content\/uploads\/Logo.svg","caption":"Volta Belting"},"image":{"@id":"https:\/\/www.voltabelting.com\/es\/#\/schema\/logo\/image\/"},"sameAs":["https:\/\/www.facebook.com\/BeltingTechnology\/","https:\/\/www.instagram.com\/voltabelting\/","https:\/\/www.linkedin.com\/company\/volta-belting-technology\/","https:\/\/www.youtube.com\/user\/VOLTABELTING"]}]}},"_links":{"self":[{"href":"https:\/\/www.voltabelting.com\/es\/wp-json\/wp\/v2\/pages\/8302","targetHints":{"allow":["GET"]}}],"collection":[{"href":"https:\/\/www.voltabelting.com\/es\/wp-json\/wp\/v2\/pages"}],"about":[{"href":"https:\/\/www.voltabelting.com\/es\/wp-json\/wp\/v2\/types\/page"}],"author":[{"embeddable":true,"href":"https:\/\/www.voltabelting.com\/es\/wp-json\/wp\/v2\/users\/5"}],"replies":[{"embeddable":true,"href":"https:\/\/www.voltabelting.com\/es\/wp-json\/wp\/v2\/comments?post=8302"}],"version-history":[{"count":0,"href":"https:\/\/www.voltabelting.com\/es\/wp-json\/wp\/v2\/pages\/8302\/revisions"}],"up":[{"embeddable":true,"href":"https:\/\/www.voltabelting.com\/es\/wp-json\/wp\/v2\/pages\/8296"}],"wp:attachment":[{"href":"https:\/\/www.voltabelting.com\/es\/wp-json\/wp\/v2\/media?parent=8302"}],"curies":[{"name":"wp","href":"https:\/\/api.w.org\/{rel}","templated":true}]}}