{"id":8309,"date":"2021-03-31T09:04:50","date_gmt":"2021-03-31T08:04:50","guid":{"rendered":"https:\/\/www.voltabelting.com\/solutions-by-conveyor-type\/elevators\/"},"modified":"2024-10-31T13:24:18","modified_gmt":"2024-10-31T13:24:18","slug":"elevators","status":"publish","type":"page","link":"https:\/\/www.voltabelting.com\/es\/soluciones-por-tipo-de-transportador\/elevators\/","title":{"rendered":"Elevadores"},"content":{"rendered":"\t\t<div data-elementor-type=\"wp-page\" data-elementor-id=\"8309\" class=\"elementor elementor-8309 elementor-3068\" data-elementor-post-type=\"page\">\n\t\t\t\t\t\t<section class=\"elementor-section elementor-top-section elementor-element elementor-element-d031fc3 elementor-section-height-min-height elementor-section-items-stretch elementor-reverse-mobile elementor-section-boxed elementor-section-height-default\" data-id=\"d031fc3\" data-element_type=\"section\" data-e-type=\"section\" data-settings=\"{&quot;background_background&quot;:&quot;classic&quot;}\">\n\t\t\t\t\t\t\t<div class=\"elementor-background-overlay\"><\/div>\n\t\t\t\t\t\t\t<div class=\"elementor-container elementor-column-gap-no\">\n\t\t\t\t\t<div class=\"elementor-column elementor-col-50 elementor-top-column elementor-element elementor-element-6bac44d\" data-id=\"6bac44d\" data-element_type=\"column\" data-e-type=\"column\" data-settings=\"{&quot;background_background&quot;:&quot;classic&quot;}\">\n\t\t\t<div class=\"elementor-widget-wrap elementor-element-populated\">\n\t\t\t\t\t\t<div class=\"elementor-element elementor-element-d34f70d elementor-hidden-phone elementor-widget elementor-widget-breadcrumbs\" data-id=\"d34f70d\" data-element_type=\"widget\" data-e-type=\"widget\" data-widget_type=\"breadcrumbs.default\">\n\t\t\t\t<div class=\"elementor-widget-container\">\n\t\t\t\t\t<p id=\"breadcrumbs\"><span><span><a href=\"https:\/\/www.voltabelting.com\/es\/\">P\u00e1gina de inicio<\/a><\/span><\/span><\/p>\t\t\t\t<\/div>\n\t\t\t\t<\/div>\n\t\t\t\t<div class=\"elementor-element elementor-element-70f8e87 elementor-widget__width-initial elementor-widget elementor-widget-heading\" data-id=\"70f8e87\" data-element_type=\"widget\" data-e-type=\"widget\" data-widget_type=\"heading.default\">\n\t\t\t\t<div class=\"elementor-widget-container\">\n\t\t\t\t\t<h1 class=\"elementor-heading-title elementor-size-default\">Elevadores<\/h1>\t\t\t\t<\/div>\n\t\t\t\t<\/div>\n\t\t\t\t<div class=\"elementor-element elementor-element-77eceac elementor-widget__width-initial elementor-widget elementor-widget-text-editor\" data-id=\"77eceac\" data-element_type=\"widget\" data-e-type=\"widget\" data-widget_type=\"text-editor.default\">\n\t\t\t\t<div class=\"elementor-widget-container\">\n\t\t\t\t\t\t\t\t\t<p>Los elevadores usados en transportadores con tacos empujadores o paredes laterales son la soluci\u00f3n para transferir productos entre alturas. Pueden usarse para elevar o descender un producto, como en la salida de un congelador IQ. Los elevadores pueden tener secciones inclinadas u horizontales que necesitan que la banda haga \u00abtransici\u00f3n\u00bb entre orientaciones. Los elevadores pueden ser transportadores simples de dos ejes, o con una (en forma de L) o dos (en forma de Z y cuello de cisne o ganso) secciones horizontales.<\/p>\t\t\t\t\t\t\t\t<\/div>\n\t\t\t\t<\/div>\n\t\t\t\t\t<\/div>\n\t\t<\/div>\n\t\t\t\t<div class=\"elementor-column elementor-col-50 elementor-top-column elementor-element elementor-element-21fce7c\" data-id=\"21fce7c\" data-element_type=\"column\" data-e-type=\"column\">\n\t\t\t<div class=\"elementor-widget-wrap\">\n\t\t\t\t\t\t\t<\/div>\n\t\t<\/div>\n\t\t\t\t\t<\/div>\n\t\t<\/section>\n\t\t\t\t<section class=\"elementor-section elementor-top-section elementor-element elementor-element-3f589b5 elementor-section-height-min-height elementor-reverse-mobile elementor-section-boxed elementor-section-height-default elementor-section-items-middle\" data-id=\"3f589b5\" data-element_type=\"section\" data-e-type=\"section\">\n\t\t\t\t\t\t<div class=\"elementor-container elementor-column-gap-default\">\n\t\t\t\t\t<div class=\"elementor-column elementor-col-33 elementor-top-column elementor-element elementor-element-6ae4492 vbt-no-bg-mob\" data-id=\"6ae4492\" data-element_type=\"column\" data-e-type=\"column\" data-settings=\"{&quot;background_background&quot;:&quot;classic&quot;}\">\n\t\t\t<div class=\"elementor-widget-wrap elementor-element-populated\">\n\t\t\t\t\t\t<div class=\"elementor-element elementor-element-7d5fcff vbt-image-carousel  elementor-arrows-position-inside elementor-pagination-position-outside elementor-widget elementor-widget-image-carousel\" data-id=\"7d5fcff\" data-element_type=\"widget\" data-e-type=\"widget\" data-settings=\"{&quot;slides_to_show&quot;:&quot;1&quot;,&quot;slides_to_show_tablet&quot;:&quot;1&quot;,&quot;effect&quot;:&quot;fade&quot;,&quot;navigation&quot;:&quot;both&quot;,&quot;autoplay&quot;:&quot;yes&quot;,&quot;pause_on_hover&quot;:&quot;yes&quot;,&quot;pause_on_interaction&quot;:&quot;yes&quot;,&quot;autoplay_speed&quot;:5000,&quot;infinite&quot;:&quot;yes&quot;,&quot;speed&quot;:500}\" data-widget_type=\"image-carousel.default\">\n\t\t\t\t<div class=\"elementor-widget-container\">\n\t\t\t\t\t\t\t<div class=\"elementor-image-carousel-wrapper swiper\" role=\"region\" aria-roledescription=\"carousel\" aria-label=\"Carrusel de im\u00e1genes\" dir=\"ltr\">\n\t\t\t<div class=\"elementor-image-carousel swiper-wrapper swiper-image-stretch\" aria-live=\"off\">\n\t\t\t\t\t\t\t\t<div class=\"swiper-slide\" role=\"group\" aria-roledescription=\"slide\" aria-label=\"1 de 1\"><figure class=\"swiper-slide-inner\"><img decoding=\"async\" class=\"swiper-slide-image\" src=\"https:\/\/www.voltabelting.com\/wp-content\/uploads\/elevators-1-min.jpg\" alt=\"elevators\" \/><\/figure><\/div>\t\t\t<\/div>\n\t\t\t\t\t<\/div>\n\t\t\t\t\t\t<\/div>\n\t\t\t\t<\/div>\n\t\t\t\t\t<\/div>\n\t\t<\/div>\n\t\t\t\t<div class=\"elementor-column elementor-col-33 elementor-top-column elementor-element elementor-element-ebc33c1\" data-id=\"ebc33c1\" data-element_type=\"column\" data-e-type=\"column\">\n\t\t\t<div class=\"elementor-widget-wrap\">\n\t\t\t\t\t\t\t<\/div>\n\t\t<\/div>\n\t\t\t\t<div class=\"elementor-column elementor-col-33 elementor-top-column elementor-element elementor-element-254cc00\" data-id=\"254cc00\" data-element_type=\"column\" data-e-type=\"column\">\n\t\t\t<div class=\"elementor-widget-wrap elementor-element-populated\">\n\t\t\t\t\t\t<div class=\"elementor-element elementor-element-86925d3 elementor-widget elementor-widget-heading\" data-id=\"86925d3\" data-element_type=\"widget\" data-e-type=\"widget\" data-widget_type=\"heading.default\">\n\t\t\t\t<div class=\"elementor-widget-container\">\n\t\t\t\t\t<h2 class=\"elementor-heading-title elementor-size-default\">Construcci\u00f3n del transportador<\/h2>\t\t\t\t<\/div>\n\t\t\t\t<\/div>\n\t\t\t\t<div class=\"elementor-element elementor-element-f56598a elementor-widget__width-initial elementor-widget elementor-widget-text-editor\" data-id=\"f56598a\" data-element_type=\"widget\" data-e-type=\"widget\" data-widget_type=\"text-editor.default\">\n\t\t\t\t<div class=\"elementor-widget-container\">\n\t\t\t\t\t\t\t\t\t<p>Las \u00e1reas de transici\u00f3n generalmente se construyen en forma invertida en la ruta de retorno de la banda y en la zona donde esta se flexiona alrededor de un arco en el lado de trabajo, se flexiona de nuevo en la misma zona bajo el transportador. Dise\u00f1ar estas \u00e1reas correctamente es fundamental para evitar las fallas de la banda. Adem\u00e1s, pueden ser necesarias poleas m\u00e1s grandes para que la banda se flexione, debido a la adici\u00f3n de elementos fabricados como tacos empujadores, paredes laterales y gu\u00edas superiores.<\/p>\t\t\t\t\t\t\t\t<\/div>\n\t\t\t\t<\/div>\n\t\t\t\t\t<\/div>\n\t\t<\/div>\n\t\t\t\t\t<\/div>\n\t\t<\/section>\n\t\t\t\t<section class=\"elementor-section elementor-top-section elementor-element elementor-element-1548bd8 elementor-section-height-min-height elementor-section-boxed elementor-section-height-default elementor-section-items-middle\" data-id=\"1548bd8\" data-element_type=\"section\" data-e-type=\"section\">\n\t\t\t\t\t\t<div class=\"elementor-container elementor-column-gap-default\">\n\t\t\t\t\t<div class=\"elementor-column elementor-col-33 elementor-top-column elementor-element elementor-element-3bded3e\" data-id=\"3bded3e\" data-element_type=\"column\" data-e-type=\"column\">\n\t\t\t<div class=\"elementor-widget-wrap elementor-element-populated\">\n\t\t\t\t\t\t<div class=\"elementor-element elementor-element-cf159d7 elementor-widget elementor-widget-heading\" data-id=\"cf159d7\" data-element_type=\"widget\" data-e-type=\"widget\" data-widget_type=\"heading.default\">\n\t\t\t\t<div class=\"elementor-widget-container\">\n\t\t\t\t\t<h2 class=\"elementor-heading-title elementor-size-default\">C\u00f3mo elegir la banda bas\u00e1ndose en criterios de dise\u00f1o<\/h2>\t\t\t\t<\/div>\n\t\t\t\t<\/div>\n\t\t\t\t<div class=\"elementor-element elementor-element-98e8fcc elementor-widget__width-initial elementor-widget elementor-widget-text-editor\" data-id=\"98e8fcc\" data-element_type=\"widget\" data-e-type=\"widget\" data-widget_type=\"text-editor.default\">\n\t\t\t\t<div class=\"elementor-widget-container\">\n\t\t\t\t\t\t\t\t\t<p>El equipo de servicio de Volta ayuda a dise\u00f1adores y usuarios, tanto a comprender y utilizar las opciones como a evitar errores al subestimar el impacto. Ofrecemos diferentes tipos de tacos empujadores, para manejar el producto, incluso en \u00e1ngulos pronunciados. Estas bandas con cucharas perpendiculares, junto con las bandas de tracci\u00f3n positiva Volta, reemplazan las modulares y los elevadores de cubo. Reducen la limpieza, el mantenimiento, la potencia necesaria del motor, los niveles de ruido y el costo total de propiedad. <\/p>\t\t\t\t\t\t\t\t<\/div>\n\t\t\t\t<\/div>\n\t\t\t\t\t<\/div>\n\t\t<\/div>\n\t\t\t\t<div class=\"elementor-column elementor-col-33 elementor-top-column elementor-element elementor-element-66cc749\" data-id=\"66cc749\" data-element_type=\"column\" data-e-type=\"column\">\n\t\t\t<div class=\"elementor-widget-wrap\">\n\t\t\t\t\t\t\t<\/div>\n\t\t<\/div>\n\t\t\t\t<div class=\"elementor-column elementor-col-33 elementor-top-column elementor-element elementor-element-e5509b9 vbt-no-bg-mob\" data-id=\"e5509b9\" data-element_type=\"column\" data-e-type=\"column\" data-settings=\"{&quot;background_background&quot;:&quot;classic&quot;}\">\n\t\t\t<div class=\"elementor-widget-wrap elementor-element-populated\">\n\t\t\t\t\t\t<div class=\"elementor-element elementor-element-2313066 vbt-image-carousel vbt-image-carousel--right elementor-arrows-position-inside elementor-pagination-position-outside elementor-widget elementor-widget-image-carousel\" data-id=\"2313066\" data-element_type=\"widget\" data-e-type=\"widget\" data-settings=\"{&quot;slides_to_show&quot;:&quot;1&quot;,&quot;slides_to_show_tablet&quot;:&quot;1&quot;,&quot;effect&quot;:&quot;fade&quot;,&quot;navigation&quot;:&quot;both&quot;,&quot;autoplay&quot;:&quot;yes&quot;,&quot;pause_on_hover&quot;:&quot;yes&quot;,&quot;pause_on_interaction&quot;:&quot;yes&quot;,&quot;autoplay_speed&quot;:5000,&quot;infinite&quot;:&quot;yes&quot;,&quot;speed&quot;:500}\" data-widget_type=\"image-carousel.default\">\n\t\t\t\t<div class=\"elementor-widget-container\">\n\t\t\t\t\t\t\t<div class=\"elementor-image-carousel-wrapper swiper\" role=\"region\" aria-roledescription=\"carousel\" aria-label=\"Carrusel de im\u00e1genes\" dir=\"ltr\">\n\t\t\t<div class=\"elementor-image-carousel swiper-wrapper swiper-image-stretch\" aria-live=\"off\">\n\t\t\t\t\t\t\t\t<div class=\"swiper-slide\" role=\"group\" aria-roledescription=\"slide\" aria-label=\"1 de 2\"><figure class=\"swiper-slide-inner\"><img decoding=\"async\" class=\"swiper-slide-image\" src=\"https:\/\/www.voltabelting.com\/wp-content\/uploads\/elevators-3-min.jpg\" alt=\"elevators\" \/><\/figure><\/div><div class=\"swiper-slide\" role=\"group\" aria-roledescription=\"slide\" aria-label=\"2 de 2\"><figure class=\"swiper-slide-inner\"><img decoding=\"async\" class=\"swiper-slide-image\" src=\"https:\/\/www.voltabelting.com\/wp-content\/uploads\/elevators-2-min.jpg\" alt=\"elevators\" \/><\/figure><\/div>\t\t\t<\/div>\n\t\t\t\t\t\t\t\t\t\t\t\t<div class=\"elementor-swiper-button elementor-swiper-button-prev\" role=\"button\" tabindex=\"0\">\n\t\t\t\t\t\t<svg aria-hidden=\"true\" class=\"e-font-icon-svg e-eicon-chevron-left\" viewBox=\"0 0 1000 1000\" xmlns=\"http:\/\/www.w3.org\/2000\/svg\"><path d=\"M646 125C629 125 613 133 604 142L308 442C296 454 292 471 292 487 292 504 296 521 308 533L604 854C617 867 629 875 646 875 663 875 679 871 692 858 704 846 713 829 713 812 713 796 708 779 692 767L438 487 692 225C700 217 708 204 708 187 708 171 704 154 692 142 675 129 663 125 646 125Z\"><\/path><\/svg>\t\t\t\t\t<\/div>\n\t\t\t\t\t<div class=\"elementor-swiper-button elementor-swiper-button-next\" role=\"button\" tabindex=\"0\">\n\t\t\t\t\t\t<svg aria-hidden=\"true\" class=\"e-font-icon-svg e-eicon-chevron-right\" viewBox=\"0 0 1000 1000\" xmlns=\"http:\/\/www.w3.org\/2000\/svg\"><path d=\"M696 533C708 521 713 504 713 487 713 471 708 454 696 446L400 146C388 133 375 125 354 125 338 125 325 129 313 142 300 154 292 171 292 187 292 204 296 221 308 233L563 492 304 771C292 783 288 800 288 817 288 833 296 850 308 863 321 871 338 875 354 875 371 875 388 867 400 854L696 533Z\"><\/path><\/svg>\t\t\t\t\t<\/div>\n\t\t\t\t\n\t\t\t\t\t\t\t\t\t<div class=\"swiper-pagination\"><\/div>\n\t\t\t\t\t\t\t\t\t<\/div>\n\t\t\t\t\t\t<\/div>\n\t\t\t\t<\/div>\n\t\t\t\t\t<\/div>\n\t\t<\/div>\n\t\t\t\t\t<\/div>\n\t\t<\/section>\n\t\t\t\t<\/div>\n\t\t","protected":false},"excerpt":{"rendered":"<p>Los elevadores usados en transportadores con tacos empujadores o paredes laterales son la soluci\u00f3n para transferir productos entre alturas. Pueden usarse para elevar o descender un producto, como en la salida de un congelador IQ. Los elevadores pueden tener secciones inclinadas u horizontales que necesitan que la banda haga \u00abtransici\u00f3n\u00bb entre orientaciones. Los elevadores pueden [&hellip;]<\/p>\n","protected":false},"author":5,"featured_media":0,"parent":8296,"menu_order":0,"comment_status":"closed","ping_status":"closed","template":"elementor_header_footer","meta":{"_acf_changed":false,"footnotes":""},"class_list":["post-8309","page","type-page","status-publish","hentry"],"acf":[],"yoast_head":"<!-- This site is optimized with the Yoast SEO plugin v27.3 - https:\/\/yoast.com\/product\/yoast-seo-wordpress\/ -->\n<title>Elevadores - Volta Belting<\/title>\n<meta name=\"robots\" content=\"index, follow, max-snippet:-1, max-image-preview:large, max-video-preview:-1\" \/>\n<link rel=\"canonical\" href=\"https:\/\/www.voltabelting.com\/es\/soluciones-por-tipo-de-transportador\/elevators\/\" \/>\n<meta property=\"og:locale\" content=\"es_ES\" \/>\n<meta property=\"og:type\" content=\"article\" \/>\n<meta property=\"og:title\" content=\"Elevadores - Volta Belting\" \/>\n<meta property=\"og:description\" content=\"Los elevadores usados en transportadores con tacos empujadores o paredes laterales son la soluci\u00f3n para transferir productos entre alturas. Pueden usarse para elevar o descender un producto, como en la salida de un congelador IQ. Los elevadores pueden tener secciones inclinadas u horizontales que necesitan que la banda haga \u00abtransici\u00f3n\u00bb entre orientaciones. Los elevadores pueden [&hellip;]\" \/>\n<meta property=\"og:url\" content=\"https:\/\/www.voltabelting.com\/es\/soluciones-por-tipo-de-transportador\/elevators\/\" \/>\n<meta property=\"og:site_name\" content=\"Volta Belting\" \/>\n<meta property=\"article:publisher\" content=\"https:\/\/www.facebook.com\/BeltingTechnology\/\" \/>\n<meta property=\"article:modified_time\" content=\"2024-10-31T13:24:18+00:00\" \/>\n<meta property=\"og:image\" content=\"https:\/\/www.voltabelting.com\/wp-content\/uploads\/elevators-1-min.jpg\" \/>\n<meta name=\"twitter:card\" content=\"summary_large_image\" \/>\n<meta name=\"twitter:label1\" content=\"Tiempo de lectura\" \/>\n\t<meta name=\"twitter:data1\" content=\"3 minutos\" \/>\n<script type=\"application\/ld+json\" class=\"yoast-schema-graph\">{\"@context\":\"https:\\\/\\\/schema.org\",\"@graph\":[{\"@type\":\"WebPage\",\"@id\":\"https:\\\/\\\/www.voltabelting.com\\\/es\\\/soluciones-por-tipo-de-transportador\\\/elevators\\\/\",\"url\":\"https:\\\/\\\/www.voltabelting.com\\\/es\\\/soluciones-por-tipo-de-transportador\\\/elevators\\\/\",\"name\":\"Elevadores - Volta Belting\",\"isPartOf\":{\"@id\":\"https:\\\/\\\/www.voltabelting.com\\\/es\\\/#website\"},\"primaryImageOfPage\":{\"@id\":\"https:\\\/\\\/www.voltabelting.com\\\/es\\\/soluciones-por-tipo-de-transportador\\\/elevators\\\/#primaryimage\"},\"image\":{\"@id\":\"https:\\\/\\\/www.voltabelting.com\\\/es\\\/soluciones-por-tipo-de-transportador\\\/elevators\\\/#primaryimage\"},\"thumbnailUrl\":\"https:\\\/\\\/www.voltabelting.com\\\/wp-content\\\/uploads\\\/elevators-1-min.jpg\",\"datePublished\":\"2021-03-31T08:04:50+00:00\",\"dateModified\":\"2024-10-31T13:24:18+00:00\",\"breadcrumb\":{\"@id\":\"https:\\\/\\\/www.voltabelting.com\\\/es\\\/soluciones-por-tipo-de-transportador\\\/elevators\\\/#breadcrumb\"},\"inLanguage\":\"es\",\"potentialAction\":[{\"@type\":\"ReadAction\",\"target\":[\"https:\\\/\\\/www.voltabelting.com\\\/es\\\/soluciones-por-tipo-de-transportador\\\/elevators\\\/\"]}]},{\"@type\":\"ImageObject\",\"inLanguage\":\"es\",\"@id\":\"https:\\\/\\\/www.voltabelting.com\\\/es\\\/soluciones-por-tipo-de-transportador\\\/elevators\\\/#primaryimage\",\"url\":\"https:\\\/\\\/www.voltabelting.com\\\/wp-content\\\/uploads\\\/elevators-1-min.jpg\",\"contentUrl\":\"https:\\\/\\\/www.voltabelting.com\\\/wp-content\\\/uploads\\\/elevators-1-min.jpg\"},{\"@type\":\"BreadcrumbList\",\"@id\":\"https:\\\/\\\/www.voltabelting.com\\\/es\\\/soluciones-por-tipo-de-transportador\\\/elevators\\\/#breadcrumb\",\"itemListElement\":[{\"@type\":\"ListItem\",\"position\":1,\"name\":\"P\u00e1gina de inicio\",\"item\":\"https:\\\/\\\/www.voltabelting.com\\\/es\\\/\"},{\"@type\":\"ListItem\",\"position\":2,\"name\":\"Soluciones por tipo de transportador\",\"item\":\"https:\\\/\\\/www.voltabelting.com\\\/es\\\/solutions-by-conveyor-type\\\/\"},{\"@type\":\"ListItem\",\"position\":3,\"name\":\"Elevadores\"}]},{\"@type\":\"WebSite\",\"@id\":\"https:\\\/\\\/www.voltabelting.com\\\/es\\\/#website\",\"url\":\"https:\\\/\\\/www.voltabelting.com\\\/es\\\/\",\"name\":\"Volta Belting\",\"description\":\"The next step in belting\",\"publisher\":{\"@id\":\"https:\\\/\\\/www.voltabelting.com\\\/es\\\/#organization\"},\"alternateName\":\"Volta Belting\",\"potentialAction\":[{\"@type\":\"SearchAction\",\"target\":{\"@type\":\"EntryPoint\",\"urlTemplate\":\"https:\\\/\\\/www.voltabelting.com\\\/es\\\/?s={search_term_string}\"},\"query-input\":{\"@type\":\"PropertyValueSpecification\",\"valueRequired\":true,\"valueName\":\"search_term_string\"}}],\"inLanguage\":\"es\"},{\"@type\":\"Organization\",\"@id\":\"https:\\\/\\\/www.voltabelting.com\\\/es\\\/#organization\",\"name\":\"Volta Belting\",\"alternateName\":\"Volta Belting - The next step in belting\",\"url\":\"https:\\\/\\\/www.voltabelting.com\\\/es\\\/\",\"logo\":{\"@type\":\"ImageObject\",\"inLanguage\":\"es\",\"@id\":\"https:\\\/\\\/www.voltabelting.com\\\/es\\\/#\\\/schema\\\/logo\\\/image\\\/\",\"url\":\"https:\\\/\\\/www.voltabelting.com\\\/wp-content\\\/uploads\\\/Logo.svg\",\"contentUrl\":\"https:\\\/\\\/www.voltabelting.com\\\/wp-content\\\/uploads\\\/Logo.svg\",\"caption\":\"Volta Belting\"},\"image\":{\"@id\":\"https:\\\/\\\/www.voltabelting.com\\\/es\\\/#\\\/schema\\\/logo\\\/image\\\/\"},\"sameAs\":[\"https:\\\/\\\/www.facebook.com\\\/BeltingTechnology\\\/\",\"https:\\\/\\\/www.instagram.com\\\/voltabelting\\\/\",\"https:\\\/\\\/www.linkedin.com\\\/company\\\/volta-belting-technology\\\/\",\"https:\\\/\\\/www.youtube.com\\\/user\\\/VOLTABELTING\"]}]}<\/script>\n<!-- \/ Yoast SEO plugin. -->","yoast_head_json":{"title":"Elevadores - Volta Belting","robots":{"index":"index","follow":"follow","max-snippet":"max-snippet:-1","max-image-preview":"max-image-preview:large","max-video-preview":"max-video-preview:-1"},"canonical":"https:\/\/www.voltabelting.com\/es\/soluciones-por-tipo-de-transportador\/elevators\/","og_locale":"es_ES","og_type":"article","og_title":"Elevadores - Volta Belting","og_description":"Los elevadores usados en transportadores con tacos empujadores o paredes laterales son la soluci\u00f3n para transferir productos entre alturas. Pueden usarse para elevar o descender un producto, como en la salida de un congelador IQ. Los elevadores pueden tener secciones inclinadas u horizontales que necesitan que la banda haga \u00abtransici\u00f3n\u00bb entre orientaciones. Los elevadores pueden [&hellip;]","og_url":"https:\/\/www.voltabelting.com\/es\/soluciones-por-tipo-de-transportador\/elevators\/","og_site_name":"Volta Belting","article_publisher":"https:\/\/www.facebook.com\/BeltingTechnology\/","article_modified_time":"2024-10-31T13:24:18+00:00","og_image":[{"url":"https:\/\/www.voltabelting.com\/wp-content\/uploads\/elevators-1-min.jpg","type":"","width":"","height":""}],"twitter_card":"summary_large_image","twitter_misc":{"Tiempo de lectura":"3 minutos"},"schema":{"@context":"https:\/\/schema.org","@graph":[{"@type":"WebPage","@id":"https:\/\/www.voltabelting.com\/es\/soluciones-por-tipo-de-transportador\/elevators\/","url":"https:\/\/www.voltabelting.com\/es\/soluciones-por-tipo-de-transportador\/elevators\/","name":"Elevadores - Volta Belting","isPartOf":{"@id":"https:\/\/www.voltabelting.com\/es\/#website"},"primaryImageOfPage":{"@id":"https:\/\/www.voltabelting.com\/es\/soluciones-por-tipo-de-transportador\/elevators\/#primaryimage"},"image":{"@id":"https:\/\/www.voltabelting.com\/es\/soluciones-por-tipo-de-transportador\/elevators\/#primaryimage"},"thumbnailUrl":"https:\/\/www.voltabelting.com\/wp-content\/uploads\/elevators-1-min.jpg","datePublished":"2021-03-31T08:04:50+00:00","dateModified":"2024-10-31T13:24:18+00:00","breadcrumb":{"@id":"https:\/\/www.voltabelting.com\/es\/soluciones-por-tipo-de-transportador\/elevators\/#breadcrumb"},"inLanguage":"es","potentialAction":[{"@type":"ReadAction","target":["https:\/\/www.voltabelting.com\/es\/soluciones-por-tipo-de-transportador\/elevators\/"]}]},{"@type":"ImageObject","inLanguage":"es","@id":"https:\/\/www.voltabelting.com\/es\/soluciones-por-tipo-de-transportador\/elevators\/#primaryimage","url":"https:\/\/www.voltabelting.com\/wp-content\/uploads\/elevators-1-min.jpg","contentUrl":"https:\/\/www.voltabelting.com\/wp-content\/uploads\/elevators-1-min.jpg"},{"@type":"BreadcrumbList","@id":"https:\/\/www.voltabelting.com\/es\/soluciones-por-tipo-de-transportador\/elevators\/#breadcrumb","itemListElement":[{"@type":"ListItem","position":1,"name":"P\u00e1gina de inicio","item":"https:\/\/www.voltabelting.com\/es\/"},{"@type":"ListItem","position":2,"name":"Soluciones por tipo de transportador","item":"https:\/\/www.voltabelting.com\/es\/solutions-by-conveyor-type\/"},{"@type":"ListItem","position":3,"name":"Elevadores"}]},{"@type":"WebSite","@id":"https:\/\/www.voltabelting.com\/es\/#website","url":"https:\/\/www.voltabelting.com\/es\/","name":"Volta Belting","description":"The next step in belting","publisher":{"@id":"https:\/\/www.voltabelting.com\/es\/#organization"},"alternateName":"Volta Belting","potentialAction":[{"@type":"SearchAction","target":{"@type":"EntryPoint","urlTemplate":"https:\/\/www.voltabelting.com\/es\/?s={search_term_string}"},"query-input":{"@type":"PropertyValueSpecification","valueRequired":true,"valueName":"search_term_string"}}],"inLanguage":"es"},{"@type":"Organization","@id":"https:\/\/www.voltabelting.com\/es\/#organization","name":"Volta Belting","alternateName":"Volta Belting - The next step in belting","url":"https:\/\/www.voltabelting.com\/es\/","logo":{"@type":"ImageObject","inLanguage":"es","@id":"https:\/\/www.voltabelting.com\/es\/#\/schema\/logo\/image\/","url":"https:\/\/www.voltabelting.com\/wp-content\/uploads\/Logo.svg","contentUrl":"https:\/\/www.voltabelting.com\/wp-content\/uploads\/Logo.svg","caption":"Volta Belting"},"image":{"@id":"https:\/\/www.voltabelting.com\/es\/#\/schema\/logo\/image\/"},"sameAs":["https:\/\/www.facebook.com\/BeltingTechnology\/","https:\/\/www.instagram.com\/voltabelting\/","https:\/\/www.linkedin.com\/company\/volta-belting-technology\/","https:\/\/www.youtube.com\/user\/VOLTABELTING"]}]}},"_links":{"self":[{"href":"https:\/\/www.voltabelting.com\/es\/wp-json\/wp\/v2\/pages\/8309","targetHints":{"allow":["GET"]}}],"collection":[{"href":"https:\/\/www.voltabelting.com\/es\/wp-json\/wp\/v2\/pages"}],"about":[{"href":"https:\/\/www.voltabelting.com\/es\/wp-json\/wp\/v2\/types\/page"}],"author":[{"embeddable":true,"href":"https:\/\/www.voltabelting.com\/es\/wp-json\/wp\/v2\/users\/5"}],"replies":[{"embeddable":true,"href":"https:\/\/www.voltabelting.com\/es\/wp-json\/wp\/v2\/comments?post=8309"}],"version-history":[{"count":0,"href":"https:\/\/www.voltabelting.com\/es\/wp-json\/wp\/v2\/pages\/8309\/revisions"}],"up":[{"embeddable":true,"href":"https:\/\/www.voltabelting.com\/es\/wp-json\/wp\/v2\/pages\/8296"}],"wp:attachment":[{"href":"https:\/\/www.voltabelting.com\/es\/wp-json\/wp\/v2\/media?parent=8309"}],"curies":[{"name":"wp","href":"https:\/\/api.w.org\/{rel}","templated":true}]}}