{"id":8335,"date":"2021-03-31T09:56:36","date_gmt":"2021-03-31T08:56:36","guid":{"rendered":"https:\/\/www.voltabelting.com\/solutions-by-application-type\/fabricated-timing-applications\/"},"modified":"2025-03-12T10:02:00","modified_gmt":"2025-03-12T10:02:00","slug":"fabricated-timing-applications","status":"publish","type":"page","link":"https:\/\/www.voltabelting.com\/es\/soluciones-por-tipo-de-aplicacion\/fabricated-timing-applications\/","title":{"rendered":"Aplicaciones de sincronizaci\u00f3n fabricadas"},"content":{"rendered":"\t\t<div data-elementor-type=\"wp-page\" data-elementor-id=\"8335\" class=\"elementor elementor-8335 elementor-3107\" data-elementor-post-type=\"page\">\n\t\t\t\t\t\t<section class=\"elementor-section elementor-top-section elementor-element elementor-element-17055eb elementor-section-height-min-height elementor-section-items-stretch elementor-reverse-mobile elementor-section-boxed elementor-section-height-default\" data-id=\"17055eb\" data-element_type=\"section\" data-settings=\"{&quot;background_background&quot;:&quot;classic&quot;}\">\n\t\t\t\t\t\t\t<div class=\"elementor-background-overlay\"><\/div>\n\t\t\t\t\t\t\t<div class=\"elementor-container elementor-column-gap-no\">\n\t\t\t\t\t<div class=\"elementor-column elementor-col-50 elementor-top-column elementor-element elementor-element-189ebbd\" data-id=\"189ebbd\" data-element_type=\"column\" data-settings=\"{&quot;background_background&quot;:&quot;classic&quot;}\">\n\t\t\t<div class=\"elementor-widget-wrap elementor-element-populated\">\n\t\t\t\t\t\t<div class=\"elementor-element elementor-element-f286c1f elementor-hidden-phone elementor-widget elementor-widget-breadcrumbs\" data-id=\"f286c1f\" data-element_type=\"widget\" data-widget_type=\"breadcrumbs.default\">\n\t\t\t\t<div class=\"elementor-widget-container\">\n\t\t\t\t\t<p id=\"breadcrumbs\"><span><span><a href=\"https:\/\/www.voltabelting.com\/es\/\">P\u00e1gina de inicio<\/a><\/span><\/span><\/p>\t\t\t\t<\/div>\n\t\t\t\t<\/div>\n\t\t\t\t<div class=\"elementor-element elementor-element-9a89143 elementor-widget__width-initial elementor-widget elementor-widget-heading\" data-id=\"9a89143\" data-element_type=\"widget\" data-widget_type=\"heading.default\">\n\t\t\t\t<div class=\"elementor-widget-container\">\n\t\t\t\t\t<h1 class=\"elementor-heading-title elementor-size-default\">Aplicaciones de sincronizaci\u00f3n fabricadas<\/h1>\t\t\t\t<\/div>\n\t\t\t\t<\/div>\n\t\t\t\t<div class=\"elementor-element elementor-element-d5b8afa elementor-widget__width-initial elementor-widget elementor-widget-text-editor\" data-id=\"d5b8afa\" data-element_type=\"widget\" data-widget_type=\"text-editor.default\">\n\t\t\t\t<div class=\"elementor-widget-container\">\n\t\t\t\t\t\t\t\t\t<p>Las bandas sincronizadas de extremos abiertos son la elecci\u00f3n perfecta para aplicaciones que requieren un grado de flexibilidad amplio para transporte sincr\u00f3nico y posicionamiento lineal. Volta fabrica bandas de sincronizaci\u00f3n lineal con una diversidad de tipos de dientes, di\u00e1metros de paso y largos. La composici\u00f3n del material TPE ofrece resistencia superior al desgaste y a la abrasi\u00f3n, y se puede fabricar f\u00e1cilmente.<\/p>\t\t\t\t\t\t\t\t<\/div>\n\t\t\t\t<\/div>\n\t\t\t\t<div class=\"elementor-element elementor-element-35c9156 elementor-widget elementor-widget-button\" data-id=\"35c9156\" data-element_type=\"widget\" data-widget_type=\"button.default\">\n\t\t\t\t<div class=\"elementor-widget-container\">\n\t\t\t\t\t\t\t\t\t<div class=\"elementor-button-wrapper\">\n\t\t\t\t\t<a class=\"elementor-button elementor-button-link elementor-size-sm\" href=\"https:\/\/www.voltabelting.com\/wp-content\/uploads\/Fabrication_CAT500EN00-Ver.J.-February-2025.pdf\">\n\t\t\t\t\t\t<span class=\"elementor-button-content-wrapper\">\n\t\t\t\t\t\t\t\t\t<span class=\"elementor-button-text\">Bandas Sincronizadas<\/span>\n\t\t\t\t\t<\/span>\n\t\t\t\t\t<\/a>\n\t\t\t\t<\/div>\n\t\t\t\t\t\t\t\t<\/div>\n\t\t\t\t<\/div>\n\t\t\t\t\t<\/div>\n\t\t<\/div>\n\t\t\t\t<div class=\"elementor-column elementor-col-50 elementor-top-column elementor-element elementor-element-463535a\" data-id=\"463535a\" data-element_type=\"column\">\n\t\t\t<div class=\"elementor-widget-wrap elementor-element-populated\">\n\t\t\t\t\t\t<div class=\"elementor-element elementor-element-f7378d1 elementor-hidden-desktop elementor-hidden-tablet elementor-hidden-phone elementor-widget elementor-widget-image\" data-id=\"f7378d1\" data-element_type=\"widget\" data-widget_type=\"image.default\">\n\t\t\t\t<div class=\"elementor-widget-container\">\n\t\t\t\t\t\t\t\t\t\t\t\t\t\t\t\t<a href=\"#elementor-action%3Aaction%3Dlightbox%26settings%3DeyJ0eXBlIjoidmlkZW8iLCJ2aWRlb1R5cGUiOiJ5b3V0dWJlIiwidXJsIjoiaHR0cHM6XC9cL3d3dy55b3V0dWJlLmNvbVwvZW1iZWRcL19FLVBjVjBvaTcwP2ZlYXR1cmU9b2VtYmVkIn0%3D\">\n\t\t\t\t\t\t\t<img decoding=\"async\" src=\"https:\/\/www.voltabelting.com\/wp-content\/uploads\/Play-2.svg\" class=\"attachment-large size-large wp-image-6383\" alt=\"\" \/>\t\t\t\t\t\t\t\t<\/a>\n\t\t\t\t\t\t\t\t\t\t\t\t\t\t\t<\/div>\n\t\t\t\t<\/div>\n\t\t\t\t\t<\/div>\n\t\t<\/div>\n\t\t\t\t\t<\/div>\n\t\t<\/section>\n\t\t\t\t<section class=\"elementor-section elementor-top-section elementor-element elementor-element-e849590 elementor-section-height-min-height elementor-section-boxed elementor-section-height-default elementor-section-items-middle\" data-id=\"e849590\" data-element_type=\"section\">\n\t\t\t\t\t\t<div class=\"elementor-container elementor-column-gap-default\">\n\t\t\t\t\t<div class=\"elementor-column elementor-col-33 elementor-top-column elementor-element elementor-element-d8280a9 vbt-no-bg-mob\" data-id=\"d8280a9\" data-element_type=\"column\" data-settings=\"{&quot;background_background&quot;:&quot;classic&quot;}\">\n\t\t\t<div class=\"elementor-widget-wrap elementor-element-populated\">\n\t\t\t\t\t\t<div class=\"elementor-element elementor-element-6dd79d4 vbt-image-carousel vbt-image-carousel--left elementor-pagination-position-inside elementor-arrows-position-inside elementor-widget elementor-widget-image-carousel\" data-id=\"6dd79d4\" data-element_type=\"widget\" data-settings=\"{&quot;slides_to_show&quot;:&quot;1&quot;,&quot;slides_to_show_tablet&quot;:&quot;1&quot;,&quot;effect&quot;:&quot;fade&quot;,&quot;navigation&quot;:&quot;both&quot;,&quot;autoplay&quot;:&quot;yes&quot;,&quot;pause_on_hover&quot;:&quot;yes&quot;,&quot;pause_on_interaction&quot;:&quot;yes&quot;,&quot;autoplay_speed&quot;:5000,&quot;infinite&quot;:&quot;yes&quot;,&quot;speed&quot;:500}\" data-widget_type=\"image-carousel.default\">\n\t\t\t\t<div class=\"elementor-widget-container\">\n\t\t\t\t\t\t\t<div class=\"elementor-image-carousel-wrapper swiper\" role=\"region\" aria-roledescription=\"carousel\" aria-label=\"Carrusel de im\u00e1genes\" dir=\"ltr\">\n\t\t\t<div class=\"elementor-image-carousel swiper-wrapper swiper-image-stretch\" aria-live=\"off\">\n\t\t\t\t\t\t\t\t<div class=\"swiper-slide\" role=\"group\" aria-roledescription=\"slide\" aria-label=\"1 de 4\"><figure class=\"swiper-slide-inner\"><img decoding=\"async\" class=\"swiper-slide-image\" src=\"https:\/\/www.voltabelting.com\/wp-content\/uploads\/UTR00.jpg\" alt=\"UTR00\" \/><\/figure><\/div><div class=\"swiper-slide\" role=\"group\" aria-roledescription=\"slide\" aria-label=\"2 de 4\"><figure class=\"swiper-slide-inner\"><img decoding=\"async\" class=\"swiper-slide-image\" src=\"https:\/\/www.voltabelting.com\/wp-content\/uploads\/UTR01.jpg\" alt=\"UTR01\" \/><\/figure><\/div><div class=\"swiper-slide\" role=\"group\" aria-roledescription=\"slide\" aria-label=\"3 de 4\"><figure class=\"swiper-slide-inner\"><img decoding=\"async\" class=\"swiper-slide-image\" src=\"https:\/\/www.voltabelting.com\/wp-content\/uploads\/UTR02.jpg\" alt=\"UTR02\" \/><\/figure><\/div><div class=\"swiper-slide\" role=\"group\" aria-roledescription=\"slide\" aria-label=\"4 de 4\"><figure class=\"swiper-slide-inner\"><img decoding=\"async\" class=\"swiper-slide-image\" src=\"https:\/\/www.voltabelting.com\/wp-content\/uploads\/UTR03.jpg\" alt=\"UTR03\" \/><\/figure><\/div>\t\t\t<\/div>\n\t\t\t\t\t\t\t\t\t\t\t\t<div class=\"elementor-swiper-button elementor-swiper-button-prev\" role=\"button\" tabindex=\"0\">\n\t\t\t\t\t\t<i aria-hidden=\"true\" class=\"eicon-chevron-left\"><\/i>\t\t\t\t\t<\/div>\n\t\t\t\t\t<div class=\"elementor-swiper-button elementor-swiper-button-next\" role=\"button\" tabindex=\"0\">\n\t\t\t\t\t\t<i aria-hidden=\"true\" class=\"eicon-chevron-right\"><\/i>\t\t\t\t\t<\/div>\n\t\t\t\t\n\t\t\t\t\t\t\t\t\t<div class=\"swiper-pagination\"><\/div>\n\t\t\t\t\t\t\t\t\t<\/div>\n\t\t\t\t\t\t<\/div>\n\t\t\t\t<\/div>\n\t\t\t\t\t<\/div>\n\t\t<\/div>\n\t\t\t\t<div class=\"elementor-column elementor-col-33 elementor-top-column elementor-element elementor-element-6d5e83b\" data-id=\"6d5e83b\" data-element_type=\"column\">\n\t\t\t<div class=\"elementor-widget-wrap\">\n\t\t\t\t\t\t\t<\/div>\n\t\t<\/div>\n\t\t\t\t<div class=\"elementor-column elementor-col-33 elementor-top-column elementor-element elementor-element-26352ce\" data-id=\"26352ce\" data-element_type=\"column\">\n\t\t\t<div class=\"elementor-widget-wrap elementor-element-populated\">\n\t\t\t\t\t\t<div class=\"elementor-element elementor-element-7ae194a elementor-widget elementor-widget-heading\" data-id=\"7ae194a\" data-element_type=\"widget\" data-widget_type=\"heading.default\">\n\t\t\t\t<div class=\"elementor-widget-container\">\n\t\t\t\t\t<p class=\"elementor-heading-title elementor-size-default\">Pistas para robots terrestres aut\u00f3nomos<\/p>\t\t\t\t<\/div>\n\t\t\t\t<\/div>\n\t\t\t\t<div class=\"elementor-element elementor-element-e6ce404 elementor-widget__width-initial elementor-widget elementor-widget-text-editor\" data-id=\"e6ce404\" data-element_type=\"widget\" data-widget_type=\"text-editor.default\">\n\t\t\t\t<div class=\"elementor-widget-container\">\n\t\t\t\t\t\t\t\t\t<p>Volta desarroll\u00f3 una l\u00ednea de producci\u00f3n de pistas para robots terrestres y sistemas de gu\u00eda aut\u00f3noma usados por militares, polic\u00edas y agricultores. <\/p><p>Se basan en el sistema de bandas termopl\u00e1sticas especial de Volta. <br \/>Funcionan sobre un enganche de tracci\u00f3n positiva, previniendo el deslizamiento cuando la tracci\u00f3n supera el agarre del material plano normal. Algunos modelos tienen paletas soldadas con alta frecuencia en el lado exterior, manteniendo estable el veh\u00edculo en terreno irregular. <\/p><p>Adoptamos complacidos proyectos de ingenier\u00eda, proporcionando soluciones avanzadas con nuestra experiencia en materiales y mec\u00e1nica.<\/p>\t\t\t\t\t\t\t\t<\/div>\n\t\t\t\t<\/div>\n\t\t\t\t<div class=\"elementor-element elementor-element-cee14d3 elementor-widget elementor-widget-button\" data-id=\"cee14d3\" data-element_type=\"widget\" data-widget_type=\"button.default\">\n\t\t\t\t<div class=\"elementor-widget-container\">\n\t\t\t\t\t\t\t\t\t<div class=\"elementor-button-wrapper\">\n\t\t\t\t\t<a class=\"elementor-button elementor-button-link elementor-size-sm\" href=\"https:\/\/voltabelting.com\/wp-content\/uploads\/Tracks-for-unmanned-vehicles-CAT000EN00-Ver.B-April-2020-min.pdf\">\n\t\t\t\t\t\t<span class=\"elementor-button-content-wrapper\">\n\t\t\t\t\t\t\t\t\t<span class=\"elementor-button-text\">Pistas para robots terrestres aut\u00f3nomos<\/span>\n\t\t\t\t\t<\/span>\n\t\t\t\t\t<\/a>\n\t\t\t\t<\/div>\n\t\t\t\t\t\t\t\t<\/div>\n\t\t\t\t<\/div>\n\t\t\t\t\t<\/div>\n\t\t<\/div>\n\t\t\t\t\t<\/div>\n\t\t<\/section>\n\t\t\t\t<\/div>\n\t\t","protected":false},"excerpt":{"rendered":"<p>Aplicaciones de sincronizaci\u00f3n fabricadas Las bandas sincronizadas de extremos abiertos son la elecci\u00f3n perfecta para aplicaciones que requieren un grado de flexibilidad amplio para transporte sincr\u00f3nico y posicionamiento lineal. Volta fabrica bandas de sincronizaci\u00f3n lineal con una diversidad de tipos de dientes, di\u00e1metros de paso y largos. La composici\u00f3n del material TPE ofrece resistencia superior [&hellip;]<\/p>\n","protected":false},"author":5,"featured_media":0,"parent":8298,"menu_order":0,"comment_status":"closed","ping_status":"closed","template":"elementor_header_footer","meta":{"footnotes":""},"class_list":["post-8335","page","type-page","status-publish","hentry"],"yoast_head":"<!-- This site is optimized with the Yoast SEO plugin v26.0 - https:\/\/yoast.com\/wordpress\/plugins\/seo\/ -->\n<title>Aplicaciones de sincronizaci\u00f3n fabricadas - Volta Belting<\/title>\n<meta name=\"robots\" content=\"index, follow, max-snippet:-1, max-image-preview:large, max-video-preview:-1\" \/>\n<link rel=\"canonical\" href=\"https:\/\/www.voltabelting.com\/es\/soluciones-por-tipo-de-aplicacion\/fabricated-timing-applications\/\" \/>\n<meta property=\"og:locale\" content=\"es_ES\" \/>\n<meta property=\"og:type\" content=\"article\" \/>\n<meta property=\"og:title\" content=\"Aplicaciones de sincronizaci\u00f3n fabricadas - Volta Belting\" \/>\n<meta property=\"og:description\" content=\"Aplicaciones de sincronizaci\u00f3n fabricadas Las bandas sincronizadas de extremos abiertos son la elecci\u00f3n perfecta para aplicaciones que requieren un grado de flexibilidad amplio para transporte sincr\u00f3nico y posicionamiento lineal. Volta fabrica bandas de sincronizaci\u00f3n lineal con una diversidad de tipos de dientes, di\u00e1metros de paso y largos. La composici\u00f3n del material TPE ofrece resistencia superior [&hellip;]\" \/>\n<meta property=\"og:url\" content=\"https:\/\/www.voltabelting.com\/es\/soluciones-por-tipo-de-aplicacion\/fabricated-timing-applications\/\" \/>\n<meta property=\"og:site_name\" content=\"Volta Belting\" \/>\n<meta property=\"article:publisher\" content=\"https:\/\/www.facebook.com\/BeltingTechnology\/\" \/>\n<meta property=\"article:modified_time\" content=\"2025-03-12T10:02:00+00:00\" \/>\n<meta property=\"og:image\" content=\"https:\/\/www.voltabelting.com\/wp-content\/uploads\/Play-2.svg\" \/>\n<meta name=\"twitter:card\" content=\"summary_large_image\" \/>\n<meta name=\"twitter:label1\" content=\"Tiempo de lectura\" \/>\n\t<meta name=\"twitter:data1\" content=\"3 minutos\" \/>\n<script type=\"application\/ld+json\" class=\"yoast-schema-graph\">{\"@context\":\"https:\/\/schema.org\",\"@graph\":[{\"@type\":\"WebPage\",\"@id\":\"https:\/\/www.voltabelting.com\/es\/soluciones-por-tipo-de-aplicacion\/fabricated-timing-applications\/\",\"url\":\"https:\/\/www.voltabelting.com\/es\/soluciones-por-tipo-de-aplicacion\/fabricated-timing-applications\/\",\"name\":\"Aplicaciones de sincronizaci\u00f3n fabricadas - Volta Belting\",\"isPartOf\":{\"@id\":\"https:\/\/www.voltabelting.com\/es\/#website\"},\"primaryImageOfPage\":{\"@id\":\"https:\/\/www.voltabelting.com\/es\/soluciones-por-tipo-de-aplicacion\/fabricated-timing-applications\/#primaryimage\"},\"image\":{\"@id\":\"https:\/\/www.voltabelting.com\/es\/soluciones-por-tipo-de-aplicacion\/fabricated-timing-applications\/#primaryimage\"},\"thumbnailUrl\":\"https:\/\/www.voltabelting.com\/wp-content\/uploads\/Play-2.svg\",\"datePublished\":\"2021-03-31T08:56:36+00:00\",\"dateModified\":\"2025-03-12T10:02:00+00:00\",\"breadcrumb\":{\"@id\":\"https:\/\/www.voltabelting.com\/es\/soluciones-por-tipo-de-aplicacion\/fabricated-timing-applications\/#breadcrumb\"},\"inLanguage\":\"es\",\"potentialAction\":[{\"@type\":\"ReadAction\",\"target\":[\"https:\/\/www.voltabelting.com\/es\/soluciones-por-tipo-de-aplicacion\/fabricated-timing-applications\/\"]}]},{\"@type\":\"ImageObject\",\"inLanguage\":\"es\",\"@id\":\"https:\/\/www.voltabelting.com\/es\/soluciones-por-tipo-de-aplicacion\/fabricated-timing-applications\/#primaryimage\",\"url\":\"https:\/\/www.voltabelting.com\/wp-content\/uploads\/Play-2.svg\",\"contentUrl\":\"https:\/\/www.voltabelting.com\/wp-content\/uploads\/Play-2.svg\"},{\"@type\":\"BreadcrumbList\",\"@id\":\"https:\/\/www.voltabelting.com\/es\/soluciones-por-tipo-de-aplicacion\/fabricated-timing-applications\/#breadcrumb\",\"itemListElement\":[{\"@type\":\"ListItem\",\"position\":1,\"name\":\"P\u00e1gina de inicio\",\"item\":\"https:\/\/www.voltabelting.com\/es\/\"},{\"@type\":\"ListItem\",\"position\":2,\"name\":\"Soluciones por tipo de aplicaci\u00f3n\",\"item\":\"https:\/\/www.voltabelting.com\/es\/soluciones-por-tipo-de-aplicacion\/\"},{\"@type\":\"ListItem\",\"position\":3,\"name\":\"Aplicaciones de sincronizaci\u00f3n fabricadas\"}]},{\"@type\":\"WebSite\",\"@id\":\"https:\/\/www.voltabelting.com\/es\/#website\",\"url\":\"https:\/\/www.voltabelting.com\/es\/\",\"name\":\"Volta Belting\",\"description\":\"The next step in belting\",\"publisher\":{\"@id\":\"https:\/\/www.voltabelting.com\/es\/#organization\"},\"alternateName\":\"Volta Belting\",\"potentialAction\":[{\"@type\":\"SearchAction\",\"target\":{\"@type\":\"EntryPoint\",\"urlTemplate\":\"https:\/\/www.voltabelting.com\/es\/?s={search_term_string}\"},\"query-input\":{\"@type\":\"PropertyValueSpecification\",\"valueRequired\":true,\"valueName\":\"search_term_string\"}}],\"inLanguage\":\"es\"},{\"@type\":\"Organization\",\"@id\":\"https:\/\/www.voltabelting.com\/es\/#organization\",\"name\":\"Volta Belting\",\"alternateName\":\"Volta Belting - The next step in belting\",\"url\":\"https:\/\/www.voltabelting.com\/es\/\",\"logo\":{\"@type\":\"ImageObject\",\"inLanguage\":\"es\",\"@id\":\"https:\/\/www.voltabelting.com\/es\/#\/schema\/logo\/image\/\",\"url\":\"https:\/\/www.voltabelting.com\/wp-content\/uploads\/Logo.svg\",\"contentUrl\":\"https:\/\/www.voltabelting.com\/wp-content\/uploads\/Logo.svg\",\"caption\":\"Volta Belting\"},\"image\":{\"@id\":\"https:\/\/www.voltabelting.com\/es\/#\/schema\/logo\/image\/\"},\"sameAs\":[\"https:\/\/www.facebook.com\/BeltingTechnology\/\",\"https:\/\/www.instagram.com\/voltabelting\/\",\"https:\/\/www.linkedin.com\/company\/volta-belting-technology\/\",\"https:\/\/www.youtube.com\/user\/VOLTABELTING\"]}]}<\/script>\n<!-- \/ Yoast SEO plugin. -->","yoast_head_json":{"title":"Aplicaciones de sincronizaci\u00f3n fabricadas - Volta Belting","robots":{"index":"index","follow":"follow","max-snippet":"max-snippet:-1","max-image-preview":"max-image-preview:large","max-video-preview":"max-video-preview:-1"},"canonical":"https:\/\/www.voltabelting.com\/es\/soluciones-por-tipo-de-aplicacion\/fabricated-timing-applications\/","og_locale":"es_ES","og_type":"article","og_title":"Aplicaciones de sincronizaci\u00f3n fabricadas - Volta Belting","og_description":"Aplicaciones de sincronizaci\u00f3n fabricadas Las bandas sincronizadas de extremos abiertos son la elecci\u00f3n perfecta para aplicaciones que requieren un grado de flexibilidad amplio para transporte sincr\u00f3nico y posicionamiento lineal. Volta fabrica bandas de sincronizaci\u00f3n lineal con una diversidad de tipos de dientes, di\u00e1metros de paso y largos. La composici\u00f3n del material TPE ofrece resistencia superior [&hellip;]","og_url":"https:\/\/www.voltabelting.com\/es\/soluciones-por-tipo-de-aplicacion\/fabricated-timing-applications\/","og_site_name":"Volta Belting","article_publisher":"https:\/\/www.facebook.com\/BeltingTechnology\/","article_modified_time":"2025-03-12T10:02:00+00:00","og_image":[{"url":"https:\/\/www.voltabelting.com\/wp-content\/uploads\/Play-2.svg","type":"","width":"","height":""}],"twitter_card":"summary_large_image","twitter_misc":{"Tiempo de lectura":"3 minutos"},"schema":{"@context":"https:\/\/schema.org","@graph":[{"@type":"WebPage","@id":"https:\/\/www.voltabelting.com\/es\/soluciones-por-tipo-de-aplicacion\/fabricated-timing-applications\/","url":"https:\/\/www.voltabelting.com\/es\/soluciones-por-tipo-de-aplicacion\/fabricated-timing-applications\/","name":"Aplicaciones de sincronizaci\u00f3n fabricadas - Volta Belting","isPartOf":{"@id":"https:\/\/www.voltabelting.com\/es\/#website"},"primaryImageOfPage":{"@id":"https:\/\/www.voltabelting.com\/es\/soluciones-por-tipo-de-aplicacion\/fabricated-timing-applications\/#primaryimage"},"image":{"@id":"https:\/\/www.voltabelting.com\/es\/soluciones-por-tipo-de-aplicacion\/fabricated-timing-applications\/#primaryimage"},"thumbnailUrl":"https:\/\/www.voltabelting.com\/wp-content\/uploads\/Play-2.svg","datePublished":"2021-03-31T08:56:36+00:00","dateModified":"2025-03-12T10:02:00+00:00","breadcrumb":{"@id":"https:\/\/www.voltabelting.com\/es\/soluciones-por-tipo-de-aplicacion\/fabricated-timing-applications\/#breadcrumb"},"inLanguage":"es","potentialAction":[{"@type":"ReadAction","target":["https:\/\/www.voltabelting.com\/es\/soluciones-por-tipo-de-aplicacion\/fabricated-timing-applications\/"]}]},{"@type":"ImageObject","inLanguage":"es","@id":"https:\/\/www.voltabelting.com\/es\/soluciones-por-tipo-de-aplicacion\/fabricated-timing-applications\/#primaryimage","url":"https:\/\/www.voltabelting.com\/wp-content\/uploads\/Play-2.svg","contentUrl":"https:\/\/www.voltabelting.com\/wp-content\/uploads\/Play-2.svg"},{"@type":"BreadcrumbList","@id":"https:\/\/www.voltabelting.com\/es\/soluciones-por-tipo-de-aplicacion\/fabricated-timing-applications\/#breadcrumb","itemListElement":[{"@type":"ListItem","position":1,"name":"P\u00e1gina de inicio","item":"https:\/\/www.voltabelting.com\/es\/"},{"@type":"ListItem","position":2,"name":"Soluciones por tipo de aplicaci\u00f3n","item":"https:\/\/www.voltabelting.com\/es\/soluciones-por-tipo-de-aplicacion\/"},{"@type":"ListItem","position":3,"name":"Aplicaciones de sincronizaci\u00f3n fabricadas"}]},{"@type":"WebSite","@id":"https:\/\/www.voltabelting.com\/es\/#website","url":"https:\/\/www.voltabelting.com\/es\/","name":"Volta Belting","description":"The next step in belting","publisher":{"@id":"https:\/\/www.voltabelting.com\/es\/#organization"},"alternateName":"Volta Belting","potentialAction":[{"@type":"SearchAction","target":{"@type":"EntryPoint","urlTemplate":"https:\/\/www.voltabelting.com\/es\/?s={search_term_string}"},"query-input":{"@type":"PropertyValueSpecification","valueRequired":true,"valueName":"search_term_string"}}],"inLanguage":"es"},{"@type":"Organization","@id":"https:\/\/www.voltabelting.com\/es\/#organization","name":"Volta Belting","alternateName":"Volta Belting - The next step in belting","url":"https:\/\/www.voltabelting.com\/es\/","logo":{"@type":"ImageObject","inLanguage":"es","@id":"https:\/\/www.voltabelting.com\/es\/#\/schema\/logo\/image\/","url":"https:\/\/www.voltabelting.com\/wp-content\/uploads\/Logo.svg","contentUrl":"https:\/\/www.voltabelting.com\/wp-content\/uploads\/Logo.svg","caption":"Volta Belting"},"image":{"@id":"https:\/\/www.voltabelting.com\/es\/#\/schema\/logo\/image\/"},"sameAs":["https:\/\/www.facebook.com\/BeltingTechnology\/","https:\/\/www.instagram.com\/voltabelting\/","https:\/\/www.linkedin.com\/company\/volta-belting-technology\/","https:\/\/www.youtube.com\/user\/VOLTABELTING"]}]}},"_links":{"self":[{"href":"https:\/\/www.voltabelting.com\/es\/wp-json\/wp\/v2\/pages\/8335","targetHints":{"allow":["GET"]}}],"collection":[{"href":"https:\/\/www.voltabelting.com\/es\/wp-json\/wp\/v2\/pages"}],"about":[{"href":"https:\/\/www.voltabelting.com\/es\/wp-json\/wp\/v2\/types\/page"}],"author":[{"embeddable":true,"href":"https:\/\/www.voltabelting.com\/es\/wp-json\/wp\/v2\/users\/5"}],"replies":[{"embeddable":true,"href":"https:\/\/www.voltabelting.com\/es\/wp-json\/wp\/v2\/comments?post=8335"}],"version-history":[{"count":0,"href":"https:\/\/www.voltabelting.com\/es\/wp-json\/wp\/v2\/pages\/8335\/revisions"}],"up":[{"embeddable":true,"href":"https:\/\/www.voltabelting.com\/es\/wp-json\/wp\/v2\/pages\/8298"}],"wp:attachment":[{"href":"https:\/\/www.voltabelting.com\/es\/wp-json\/wp\/v2\/media?parent=8335"}],"curies":[{"name":"wp","href":"https:\/\/api.w.org\/{rel}","templated":true}]}}