{"id":9704,"date":"2021-03-18T13:29:49","date_gmt":"2021-03-18T13:29:49","guid":{"rendered":"https:\/\/www.voltabelting.com\/terms-of-use\/"},"modified":"2024-03-10T12:02:40","modified_gmt":"2024-03-10T12:02:40","slug":"terms-of-use","status":"publish","type":"page","link":"https:\/\/www.voltabelting.com\/es\/terms-of-use\/","title":{"rendered":"Aviso legal y T\u00e9rminos de uso"},"content":{"rendered":"\t\t<div data-elementor-type=\"wp-page\" data-elementor-id=\"9704\" class=\"elementor elementor-9704 elementor-2429\" data-elementor-post-type=\"page\">\n\t\t\t\t\t\t<section class=\"elementor-section elementor-top-section elementor-element elementor-element-6569f63 elementor-section-boxed elementor-section-height-default elementor-section-height-default\" data-id=\"6569f63\" data-element_type=\"section\" data-e-type=\"section\">\n\t\t\t\t\t\t<div class=\"elementor-container elementor-column-gap-default\">\n\t\t\t\t\t<div class=\"elementor-column elementor-col-100 elementor-top-column elementor-element elementor-element-2263f3b\" data-id=\"2263f3b\" data-element_type=\"column\" data-e-type=\"column\">\n\t\t\t<div class=\"elementor-widget-wrap elementor-element-populated\">\n\t\t\t\t\t\t<div class=\"elementor-element elementor-element-2167511 elementor-widget elementor-widget-heading\" data-id=\"2167511\" data-element_type=\"widget\" data-e-type=\"widget\" data-widget_type=\"heading.default\">\n\t\t\t\t<div class=\"elementor-widget-container\">\n\t\t\t\t\t<h1 class=\"elementor-heading-title elementor-size-default\">Aviso legal y T\u00e9rminos de uso<\/h1>\t\t\t\t<\/div>\n\t\t\t\t<\/div>\n\t\t\t\t<div class=\"elementor-element elementor-element-9a104db elementor-widget elementor-widget-text-editor\" data-id=\"9a104db\" data-element_type=\"widget\" data-e-type=\"widget\" data-widget_type=\"text-editor.default\">\n\t\t\t\t<div class=\"elementor-widget-container\">\n\t\t\t\t\t\t\t\t\t<p>El material de este sitio web se proporciona \u00fanicamente para fines de mercadeo e informaci\u00f3n y est\u00e1 dirigido a ayudar a nuestros clientes. Se cree que la informaci\u00f3n es precisa y est\u00e1 actualizada al momento de la publicaci\u00f3n. Volta Belting Technology Ltd. no hace declaraciones ni garant\u00edas respecto a la completitud o precisi\u00f3n de dicha informaci\u00f3n y no est\u00e1 obligada a corregir o actualizar ninguna informaci\u00f3n contenida en este sitio.\u202c\u202c\u202c\u202c\u202c\u202c\u202c\u202c\u202c\u202c\u202c\u202c\u202c\u202c\u202c\u202c\u202c\u202c\u202c\u202c\u202c\u202c\u202c\u202c\u202c\u202c\u202c\u202c\u202c\u202c\u202c\u202c\u202c\u202c\u202c\u202c\u202c\u202c\u202c\u202c\u202c\u202c\u202c<\/p><p>Volta Belting Technology no es responsable por perjuicios de naturaleza alguna que resulten del uso o dependencia en la informaci\u00f3n contenida en este sitio web, ni los productos a los cuales esta se refiere.<\/p><p>La informaci\u00f3n contenida en este sitio y en el material relacionado de la empresa, disponible en forma de archivos para descargar, es propiedad de Volta Belting Technology Ltd. y est\u00e1 prohibida su copia, reproducci\u00f3n o distribuci\u00f3n de cualquier forma sin el permiso expreso por escrito de Volta Belting Technology Ltd.<\/p>\t\t\t\t\t\t\t\t<\/div>\n\t\t\t\t<\/div>\n\t\t\t\t\t<\/div>\n\t\t<\/div>\n\t\t\t\t\t<\/div>\n\t\t<\/section>\n\t\t\t\t<\/div>\n\t\t","protected":false},"excerpt":{"rendered":"<p>El material de este sitio web se proporciona \u00fanicamente para fines de mercadeo e informaci\u00f3n y est\u00e1 dirigido a ayudar a nuestros clientes. Se cree que la informaci\u00f3n es precisa y est\u00e1 actualizada al momento de la publicaci\u00f3n. Volta Belting Technology Ltd. no hace declaraciones ni garant\u00edas respecto a la completitud o precisi\u00f3n de dicha [&hellip;]<\/p>\n","protected":false},"author":569,"featured_media":0,"parent":0,"menu_order":0,"comment_status":"closed","ping_status":"closed","template":"elementor_header_footer","meta":{"footnotes":""},"class_list":["post-9704","page","type-page","status-publish","hentry"],"_links":{"self":[{"href":"https:\/\/www.voltabelting.com\/es\/wp-json\/wp\/v2\/pages\/9704","targetHints":{"allow":["GET"]}}],"collection":[{"href":"https:\/\/www.voltabelting.com\/es\/wp-json\/wp\/v2\/pages"}],"about":[{"href":"https:\/\/www.voltabelting.com\/es\/wp-json\/wp\/v2\/types\/page"}],"author":[{"embeddable":true,"href":"https:\/\/www.voltabelting.com\/es\/wp-json\/wp\/v2\/users\/569"}],"replies":[{"embeddable":true,"href":"https:\/\/www.voltabelting.com\/es\/wp-json\/wp\/v2\/comments?post=9704"}],"version-history":[{"count":0,"href":"https:\/\/www.voltabelting.com\/es\/wp-json\/wp\/v2\/pages\/9704\/revisions"}],"wp:attachment":[{"href":"https:\/\/www.voltabelting.com\/es\/wp-json\/wp\/v2\/media?parent=9704"}],"curies":[{"name":"wp","href":"https:\/\/api.w.org\/{rel}","templated":true}]}}