{"id":13002,"date":"2021-03-31T08:58:51","date_gmt":"2021-03-31T07:58:51","guid":{"rendered":"https:\/\/www.voltabelting.com\/solutions-by-conveyor-type\/horizontal-conveyors\/"},"modified":"2024-10-31T13:26:48","modified_gmt":"2024-10-31T13:26:48","slug":"horizontal-conveyors","status":"publish","type":"page","link":"https:\/\/www.voltabelting.com\/fr\/solutions-by-conveyor-type\/horizontal-conveyors\/","title":{"rendered":"Convoyeurs horizontaux"},"content":{"rendered":"\t\t<div data-elementor-type=\"wp-page\" data-elementor-id=\"13002\" class=\"elementor elementor-13002 elementor-3063\" data-elementor-post-type=\"page\">\n\t\t\t\t\t\t<section class=\"elementor-section elementor-top-section elementor-element elementor-element-a0c3139 elementor-section-height-min-height elementor-section-items-stretch elementor-reverse-mobile elementor-section-boxed elementor-section-height-default\" data-id=\"a0c3139\" data-element_type=\"section\" data-settings=\"{&quot;background_background&quot;:&quot;classic&quot;}\">\n\t\t\t\t\t\t\t<div class=\"elementor-background-overlay\"><\/div>\n\t\t\t\t\t\t\t<div class=\"elementor-container elementor-column-gap-no\">\n\t\t\t\t\t<div class=\"elementor-column elementor-col-50 elementor-top-column elementor-element elementor-element-4fc5590\" data-id=\"4fc5590\" data-element_type=\"column\" data-settings=\"{&quot;background_background&quot;:&quot;classic&quot;}\">\n\t\t\t<div class=\"elementor-widget-wrap elementor-element-populated\">\n\t\t\t\t\t\t<div class=\"elementor-element elementor-element-120ec3f elementor-hidden-phone elementor-widget elementor-widget-breadcrumbs\" data-id=\"120ec3f\" data-element_type=\"widget\" data-widget_type=\"breadcrumbs.default\">\n\t\t\t\t<div class=\"elementor-widget-container\">\n\t\t\t\t\t<p id=\"breadcrumbs\"><span><span><a href=\"https:\/\/www.voltabelting.com\/fr\/\">Home<\/a><\/span><\/span><\/p>\t\t\t\t<\/div>\n\t\t\t\t<\/div>\n\t\t\t\t<div class=\"elementor-element elementor-element-c8ef725 elementor-widget__width-initial elementor-widget elementor-widget-heading\" data-id=\"c8ef725\" data-element_type=\"widget\" data-widget_type=\"heading.default\">\n\t\t\t\t<div class=\"elementor-widget-container\">\n\t\t\t\t\t<h1 class=\"elementor-heading-title elementor-size-default\">Convoyeurs horizontaux<\/h1>\t\t\t\t<\/div>\n\t\t\t\t<\/div>\n\t\t\t\t<div class=\"elementor-element elementor-element-6fd99a4 elementor-widget__width-initial elementor-widget elementor-widget-text-editor\" data-id=\"6fd99a4\" data-element_type=\"widget\" data-widget_type=\"text-editor.default\">\n\t\t\t\t<div class=\"elementor-widget-container\">\n\t\t\t\t\t\t\t\t\t<p>Les convoyeurs horizontaux sont les convoyeurs les plus basics et les plus utilis\u00e9s sur le march\u00e9. Ils sont utilis\u00e9s sur les cha\u00eenes de montage, pour la manutention de petites pi\u00e8ces, dans l\u2019industrie alimentaire et int\u00e9gr\u00e9s \u00e0 l\u2019int\u00e9rieur de machines plus sophistiqu\u00e9es pour augmenter le d\u00e9bit. Ils sont moins limit\u00e9s que les autres types de convoyeurs en termes de dimensions, de vitesses, de charge et d\u2019espace requis. Ils peuvent \u00eatre adapt\u00e9s \u00e0 des applications \u00e0 accumulation ou t\u00e9lescopiques. On peut en dire autant des simples convoyeurs \u00e0 deux essieux, lorsqu\u2019ils sont utilis\u00e9s sur une l\u00e9g\u00e8re inclinaison. Ils peuvent fonctionner correctement en fonction de l\u2019angle, du type de produit et du d\u00e9bit<\/p>\t\t\t\t\t\t\t\t<\/div>\n\t\t\t\t<\/div>\n\t\t\t\t\t<\/div>\n\t\t<\/div>\n\t\t\t\t<div class=\"elementor-column elementor-col-50 elementor-top-column elementor-element elementor-element-b07421f\" data-id=\"b07421f\" data-element_type=\"column\">\n\t\t\t<div class=\"elementor-widget-wrap\">\n\t\t\t\t\t\t\t<\/div>\n\t\t<\/div>\n\t\t\t\t\t<\/div>\n\t\t<\/section>\n\t\t\t\t<section class=\"elementor-section elementor-top-section elementor-element elementor-element-3f589b5 elementor-section-height-min-height elementor-reverse-mobile elementor-section-boxed elementor-section-height-default elementor-section-items-middle\" data-id=\"3f589b5\" data-element_type=\"section\">\n\t\t\t\t\t\t<div class=\"elementor-container elementor-column-gap-default\">\n\t\t\t\t\t<div class=\"elementor-column elementor-col-33 elementor-top-column elementor-element elementor-element-6ae4492 vbt-no-bg-mob\" data-id=\"6ae4492\" data-element_type=\"column\" data-settings=\"{&quot;background_background&quot;:&quot;classic&quot;}\">\n\t\t\t<div class=\"elementor-widget-wrap elementor-element-populated\">\n\t\t\t\t\t\t<div class=\"elementor-element elementor-element-7d5fcff vbt-image-carousel elementor-arrows-position-inside elementor-pagination-position-outside elementor-widget elementor-widget-image-carousel\" data-id=\"7d5fcff\" data-element_type=\"widget\" data-settings=\"{&quot;slides_to_show&quot;:&quot;1&quot;,&quot;slides_to_show_tablet&quot;:&quot;1&quot;,&quot;effect&quot;:&quot;fade&quot;,&quot;navigation&quot;:&quot;both&quot;,&quot;autoplay&quot;:&quot;yes&quot;,&quot;pause_on_hover&quot;:&quot;yes&quot;,&quot;pause_on_interaction&quot;:&quot;yes&quot;,&quot;autoplay_speed&quot;:5000,&quot;infinite&quot;:&quot;yes&quot;,&quot;speed&quot;:500}\" data-widget_type=\"image-carousel.default\">\n\t\t\t\t<div class=\"elementor-widget-container\">\n\t\t\t\t\t\t\t<div class=\"elementor-image-carousel-wrapper swiper\" role=\"region\" aria-roledescription=\"carousel\" aria-label=\"Carrousel d\u2019images\" dir=\"ltr\">\n\t\t\t<div class=\"elementor-image-carousel swiper-wrapper swiper-image-stretch\" aria-live=\"off\">\n\t\t\t\t\t\t\t\t<div class=\"swiper-slide\" role=\"group\" aria-roledescription=\"slide\" aria-label=\"1 sur 1\"><figure class=\"swiper-slide-inner\"><img decoding=\"async\" class=\"swiper-slide-image\" src=\"https:\/\/www.voltabelting.com\/wp-content\/uploads\/horizontal-conveyors-conveyor-construction-min.jpg\" alt=\"horizontal conveyors\" \/><\/figure><\/div>\t\t\t<\/div>\n\t\t\t\t\t<\/div>\n\t\t\t\t\t\t<\/div>\n\t\t\t\t<\/div>\n\t\t\t\t\t<\/div>\n\t\t<\/div>\n\t\t\t\t<div class=\"elementor-column elementor-col-33 elementor-top-column elementor-element elementor-element-ebc33c1\" data-id=\"ebc33c1\" data-element_type=\"column\">\n\t\t\t<div class=\"elementor-widget-wrap\">\n\t\t\t\t\t\t\t<\/div>\n\t\t<\/div>\n\t\t\t\t<div class=\"elementor-column elementor-col-33 elementor-top-column elementor-element elementor-element-254cc00\" data-id=\"254cc00\" data-element_type=\"column\">\n\t\t\t<div class=\"elementor-widget-wrap elementor-element-populated\">\n\t\t\t\t\t\t<div class=\"elementor-element elementor-element-86925d3 elementor-widget elementor-widget-heading\" data-id=\"86925d3\" data-element_type=\"widget\" data-widget_type=\"heading.default\">\n\t\t\t\t<div class=\"elementor-widget-container\">\n\t\t\t\t\t<h2 class=\"elementor-heading-title elementor-size-default\">Construction de convoyeurs<\/h2>\t\t\t\t<\/div>\n\t\t\t\t<\/div>\n\t\t\t\t<div class=\"elementor-element elementor-element-f56598a elementor-widget__width-initial elementor-widget elementor-widget-text-editor\" data-id=\"f56598a\" data-element_type=\"widget\" data-widget_type=\"text-editor.default\">\n\t\t\t\t<div class=\"elementor-widget-container\">\n\t\t\t\t\t\t\t\t\t<p>La trajectoire de la bande sur un convoyeur horizontal est simple : il s\u2019agit g\u00e9n\u00e9ralement d\u2019une ligne droite de centre \u00e0 centre, la bande \u00e9tant enroul\u00e9e autour de deux poulies. Certaines applications peuvent n\u00e9cessiter des rouleaux ou des caract\u00e9ristiques suppl\u00e9mentaires. Une usure importante peut r\u00e9sulter d\u2019une conception de convoyeur et d\u2019une s\u00e9lection de bandes incorrectes.<\/p><p>La capacit\u00e9 du convoyeur doit \u00eatre prise en consid\u00e9ration pour s\u2019assurer que le produit est contenu et ne tombe pas sous et dans le chemin de la bande.<\/p>\t\t\t\t\t\t\t\t<\/div>\n\t\t\t\t<\/div>\n\t\t\t\t\t<\/div>\n\t\t<\/div>\n\t\t\t\t\t<\/div>\n\t\t<\/section>\n\t\t\t\t<section class=\"elementor-section elementor-top-section elementor-element elementor-element-1548bd8 elementor-section-height-min-height elementor-section-boxed elementor-section-height-default elementor-section-items-middle\" data-id=\"1548bd8\" data-element_type=\"section\">\n\t\t\t\t\t\t<div class=\"elementor-container elementor-column-gap-default\">\n\t\t\t\t\t<div class=\"elementor-column elementor-col-33 elementor-top-column elementor-element elementor-element-3bded3e\" data-id=\"3bded3e\" data-element_type=\"column\">\n\t\t\t<div class=\"elementor-widget-wrap elementor-element-populated\">\n\t\t\t\t\t\t<div class=\"elementor-element elementor-element-cf159d7 elementor-widget elementor-widget-heading\" data-id=\"cf159d7\" data-element_type=\"widget\" data-widget_type=\"heading.default\">\n\t\t\t\t<div class=\"elementor-widget-container\">\n\t\t\t\t\t<h2 class=\"elementor-heading-title elementor-size-default\">Choisir sa bande transporteuse<\/h2>\t\t\t\t<\/div>\n\t\t\t\t<\/div>\n\t\t\t\t<div class=\"elementor-element elementor-element-98e8fcc elementor-widget__width-initial elementor-widget elementor-widget-text-editor\" data-id=\"98e8fcc\" data-element_type=\"widget\" data-widget_type=\"text-editor.default\">\n\t\t\t\t<div class=\"elementor-widget-container\">\n\t\t\t\t\t\t\t\t\t<p>Une bande conventionnelle fonctionnant sans produit peut tomber en panne \u00e0 cause d\u2019une d\u00e9viation ou d\u2019une rupture de jonction. Les bandes transporteuses Positive Drive permettent de concevoir des convoyeurs plus compacts et plus rentables, avec des avantages suppl\u00e9mentaires, comme l\u2019autoguidage et de l\u2019\u00e9limination du glissement sur les rouleaux. Les bandes transporteuses Volta permettent de r\u00e9duire les arr\u00eats de production et les co\u00fbts de maintenance tout en cr\u00e9ant un environnement de travail hygi\u00e9nique et nettoyable pour les convoyeurs de l\u2019industrie alimentaire. Ces jointures soud\u00e9es invisibles et durables permettent d\u2019\u00e9viter de multiples changements de bande. Sur les bandes transporteuses plates, l\u2019ajout de guides peut assurer un suivi qui ne se d\u00e9tachera pas sous l\u2019effet de la flexion autour des poulies.<\/p>\t\t\t\t\t\t\t\t<\/div>\n\t\t\t\t<\/div>\n\t\t\t\t\t<\/div>\n\t\t<\/div>\n\t\t\t\t<div class=\"elementor-column elementor-col-33 elementor-top-column elementor-element elementor-element-66cc749\" data-id=\"66cc749\" data-element_type=\"column\">\n\t\t\t<div class=\"elementor-widget-wrap\">\n\t\t\t\t\t\t\t<\/div>\n\t\t<\/div>\n\t\t\t\t<div class=\"elementor-column elementor-col-33 elementor-top-column elementor-element elementor-element-e5509b9 vbt-no-bg-mob\" data-id=\"e5509b9\" data-element_type=\"column\" data-settings=\"{&quot;background_background&quot;:&quot;classic&quot;}\">\n\t\t\t<div class=\"elementor-widget-wrap elementor-element-populated\">\n\t\t\t\t\t\t<div class=\"elementor-element elementor-element-2313066 vbt-image-carousel vbt-image-carousel--right elementor-pagination-position-inside elementor-arrows-position-inside elementor-widget elementor-widget-image-carousel\" data-id=\"2313066\" data-element_type=\"widget\" data-settings=\"{&quot;slides_to_show&quot;:&quot;1&quot;,&quot;slides_to_show_tablet&quot;:&quot;1&quot;,&quot;effect&quot;:&quot;fade&quot;,&quot;navigation&quot;:&quot;both&quot;,&quot;autoplay&quot;:&quot;yes&quot;,&quot;pause_on_hover&quot;:&quot;yes&quot;,&quot;pause_on_interaction&quot;:&quot;yes&quot;,&quot;autoplay_speed&quot;:5000,&quot;infinite&quot;:&quot;yes&quot;,&quot;speed&quot;:500}\" data-widget_type=\"image-carousel.default\">\n\t\t\t\t<div class=\"elementor-widget-container\">\n\t\t\t\t\t\t\t<div class=\"elementor-image-carousel-wrapper swiper\" role=\"region\" aria-roledescription=\"carousel\" aria-label=\"Carrousel d\u2019images\" dir=\"ltr\">\n\t\t\t<div class=\"elementor-image-carousel swiper-wrapper swiper-image-stretch\" aria-live=\"off\">\n\t\t\t\t\t\t\t\t<div class=\"swiper-slide\" role=\"group\" aria-roledescription=\"slide\" aria-label=\"1 sur 1\"><figure class=\"swiper-slide-inner\"><img decoding=\"async\" class=\"swiper-slide-image\" src=\"https:\/\/www.voltabelting.com\/wp-content\/uploads\/horizontal-conveyors-choosing-your-belt-min.jpg\" alt=\"horizontal conveyors\" \/><\/figure><\/div>\t\t\t<\/div>\n\t\t\t\t\t<\/div>\n\t\t\t\t\t\t<\/div>\n\t\t\t\t<\/div>\n\t\t\t\t\t<\/div>\n\t\t<\/div>\n\t\t\t\t\t<\/div>\n\t\t<\/section>\n\t\t\t\t<\/div>\n\t\t","protected":false},"excerpt":{"rendered":"<p>Les convoyeurs horizontaux sont les convoyeurs les plus basics et les plus utilis\u00e9s sur le march\u00e9. Ils sont utilis\u00e9s sur les cha\u00eenes de montage, pour la manutention de petites pi\u00e8ces, dans l\u2019industrie alimentaire et int\u00e9gr\u00e9s \u00e0 l\u2019int\u00e9rieur de machines plus sophistiqu\u00e9es pour augmenter le d\u00e9bit. Ils sont moins limit\u00e9s que les autres types de convoyeurs [&hellip;]<\/p>\n","protected":false},"author":5,"featured_media":0,"parent":12995,"menu_order":0,"comment_status":"closed","ping_status":"closed","template":"elementor_header_footer","meta":{"footnotes":""},"class_list":["post-13002","page","type-page","status-publish","hentry"],"yoast_head":"<!-- This site is optimized with the Yoast SEO plugin v26.0 - https:\/\/yoast.com\/wordpress\/plugins\/seo\/ -->\n<title>Convoyeurs horizontaux - Volta Belting<\/title>\n<meta name=\"robots\" content=\"index, follow, max-snippet:-1, max-image-preview:large, max-video-preview:-1\" \/>\n<link rel=\"canonical\" href=\"https:\/\/www.voltabelting.com\/fr\/solutions-by-conveyor-type\/horizontal-conveyors\/\" \/>\n<meta property=\"og:locale\" content=\"fr_FR\" \/>\n<meta property=\"og:type\" content=\"article\" \/>\n<meta property=\"og:title\" content=\"Convoyeurs horizontaux - Volta Belting\" \/>\n<meta property=\"og:description\" content=\"Les convoyeurs horizontaux sont les convoyeurs les plus basics et les plus utilis\u00e9s sur le march\u00e9. Ils sont utilis\u00e9s sur les cha\u00eenes de montage, pour la manutention de petites pi\u00e8ces, dans l\u2019industrie alimentaire et int\u00e9gr\u00e9s \u00e0 l\u2019int\u00e9rieur de machines plus sophistiqu\u00e9es pour augmenter le d\u00e9bit. Ils sont moins limit\u00e9s que les autres types de convoyeurs [&hellip;]\" \/>\n<meta property=\"og:url\" content=\"https:\/\/www.voltabelting.com\/fr\/solutions-by-conveyor-type\/horizontal-conveyors\/\" \/>\n<meta property=\"og:site_name\" content=\"Volta Belting\" \/>\n<meta property=\"article:publisher\" content=\"https:\/\/www.facebook.com\/BeltingTechnology\/\" \/>\n<meta property=\"article:modified_time\" content=\"2024-10-31T13:26:48+00:00\" \/>\n<meta property=\"og:image\" content=\"https:\/\/www.voltabelting.com\/wp-content\/uploads\/horizontal-conveyors-conveyor-construction-min.jpg\" \/>\n<meta name=\"twitter:card\" content=\"summary_large_image\" \/>\n<meta name=\"twitter:label1\" content=\"Dur\u00e9e de lecture estim\u00e9e\" \/>\n\t<meta name=\"twitter:data1\" content=\"2 minutes\" \/>\n<script type=\"application\/ld+json\" class=\"yoast-schema-graph\">{\"@context\":\"https:\/\/schema.org\",\"@graph\":[{\"@type\":\"WebPage\",\"@id\":\"https:\/\/www.voltabelting.com\/fr\/solutions-by-conveyor-type\/horizontal-conveyors\/\",\"url\":\"https:\/\/www.voltabelting.com\/fr\/solutions-by-conveyor-type\/horizontal-conveyors\/\",\"name\":\"Convoyeurs horizontaux - Volta Belting\",\"isPartOf\":{\"@id\":\"https:\/\/www.voltabelting.com\/fr\/#website\"},\"primaryImageOfPage\":{\"@id\":\"https:\/\/www.voltabelting.com\/fr\/solutions-by-conveyor-type\/horizontal-conveyors\/#primaryimage\"},\"image\":{\"@id\":\"https:\/\/www.voltabelting.com\/fr\/solutions-by-conveyor-type\/horizontal-conveyors\/#primaryimage\"},\"thumbnailUrl\":\"https:\/\/www.voltabelting.com\/wp-content\/uploads\/horizontal-conveyors-conveyor-construction-min.jpg\",\"datePublished\":\"2021-03-31T07:58:51+00:00\",\"dateModified\":\"2024-10-31T13:26:48+00:00\",\"breadcrumb\":{\"@id\":\"https:\/\/www.voltabelting.com\/fr\/solutions-by-conveyor-type\/horizontal-conveyors\/#breadcrumb\"},\"inLanguage\":\"fr-FR\",\"potentialAction\":[{\"@type\":\"ReadAction\",\"target\":[\"https:\/\/www.voltabelting.com\/fr\/solutions-by-conveyor-type\/horizontal-conveyors\/\"]}]},{\"@type\":\"ImageObject\",\"inLanguage\":\"fr-FR\",\"@id\":\"https:\/\/www.voltabelting.com\/fr\/solutions-by-conveyor-type\/horizontal-conveyors\/#primaryimage\",\"url\":\"https:\/\/www.voltabelting.com\/wp-content\/uploads\/horizontal-conveyors-conveyor-construction-min.jpg\",\"contentUrl\":\"https:\/\/www.voltabelting.com\/wp-content\/uploads\/horizontal-conveyors-conveyor-construction-min.jpg\"},{\"@type\":\"BreadcrumbList\",\"@id\":\"https:\/\/www.voltabelting.com\/fr\/solutions-by-conveyor-type\/horizontal-conveyors\/#breadcrumb\",\"itemListElement\":[{\"@type\":\"ListItem\",\"position\":1,\"name\":\"Home\",\"item\":\"https:\/\/www.voltabelting.com\/fr\/\"},{\"@type\":\"ListItem\",\"position\":2,\"name\":\"Solutions par type de convoyeur\",\"item\":\"https:\/\/www.voltabelting.com\/fr\/solutions-by-conveyor-type\/\"},{\"@type\":\"ListItem\",\"position\":3,\"name\":\"Convoyeurs horizontaux\"}]},{\"@type\":\"WebSite\",\"@id\":\"https:\/\/www.voltabelting.com\/fr\/#website\",\"url\":\"https:\/\/www.voltabelting.com\/fr\/\",\"name\":\"Volta Belting\",\"description\":\"The next step in belting\",\"publisher\":{\"@id\":\"https:\/\/www.voltabelting.com\/fr\/#organization\"},\"alternateName\":\"Volta Belting\",\"potentialAction\":[{\"@type\":\"SearchAction\",\"target\":{\"@type\":\"EntryPoint\",\"urlTemplate\":\"https:\/\/www.voltabelting.com\/fr\/?s={search_term_string}\"},\"query-input\":{\"@type\":\"PropertyValueSpecification\",\"valueRequired\":true,\"valueName\":\"search_term_string\"}}],\"inLanguage\":\"fr-FR\"},{\"@type\":\"Organization\",\"@id\":\"https:\/\/www.voltabelting.com\/fr\/#organization\",\"name\":\"Volta Belting\",\"alternateName\":\"Volta Belting - The next step in belting\",\"url\":\"https:\/\/www.voltabelting.com\/fr\/\",\"logo\":{\"@type\":\"ImageObject\",\"inLanguage\":\"fr-FR\",\"@id\":\"https:\/\/www.voltabelting.com\/fr\/#\/schema\/logo\/image\/\",\"url\":\"https:\/\/www.voltabelting.com\/wp-content\/uploads\/Logo.svg\",\"contentUrl\":\"https:\/\/www.voltabelting.com\/wp-content\/uploads\/Logo.svg\",\"caption\":\"Volta Belting\"},\"image\":{\"@id\":\"https:\/\/www.voltabelting.com\/fr\/#\/schema\/logo\/image\/\"},\"sameAs\":[\"https:\/\/www.facebook.com\/BeltingTechnology\/\",\"https:\/\/www.instagram.com\/voltabelting\/\",\"https:\/\/www.linkedin.com\/company\/volta-belting-technology\/\",\"https:\/\/www.youtube.com\/user\/VOLTABELTING\"]}]}<\/script>\n<!-- \/ Yoast SEO plugin. -->","yoast_head_json":{"title":"Convoyeurs horizontaux - Volta Belting","robots":{"index":"index","follow":"follow","max-snippet":"max-snippet:-1","max-image-preview":"max-image-preview:large","max-video-preview":"max-video-preview:-1"},"canonical":"https:\/\/www.voltabelting.com\/fr\/solutions-by-conveyor-type\/horizontal-conveyors\/","og_locale":"fr_FR","og_type":"article","og_title":"Convoyeurs horizontaux - Volta Belting","og_description":"Les convoyeurs horizontaux sont les convoyeurs les plus basics et les plus utilis\u00e9s sur le march\u00e9. Ils sont utilis\u00e9s sur les cha\u00eenes de montage, pour la manutention de petites pi\u00e8ces, dans l\u2019industrie alimentaire et int\u00e9gr\u00e9s \u00e0 l\u2019int\u00e9rieur de machines plus sophistiqu\u00e9es pour augmenter le d\u00e9bit. Ils sont moins limit\u00e9s que les autres types de convoyeurs [&hellip;]","og_url":"https:\/\/www.voltabelting.com\/fr\/solutions-by-conveyor-type\/horizontal-conveyors\/","og_site_name":"Volta Belting","article_publisher":"https:\/\/www.facebook.com\/BeltingTechnology\/","article_modified_time":"2024-10-31T13:26:48+00:00","og_image":[{"url":"https:\/\/www.voltabelting.com\/wp-content\/uploads\/horizontal-conveyors-conveyor-construction-min.jpg","type":"","width":"","height":""}],"twitter_card":"summary_large_image","twitter_misc":{"Dur\u00e9e de lecture estim\u00e9e":"2 minutes"},"schema":{"@context":"https:\/\/schema.org","@graph":[{"@type":"WebPage","@id":"https:\/\/www.voltabelting.com\/fr\/solutions-by-conveyor-type\/horizontal-conveyors\/","url":"https:\/\/www.voltabelting.com\/fr\/solutions-by-conveyor-type\/horizontal-conveyors\/","name":"Convoyeurs horizontaux - Volta Belting","isPartOf":{"@id":"https:\/\/www.voltabelting.com\/fr\/#website"},"primaryImageOfPage":{"@id":"https:\/\/www.voltabelting.com\/fr\/solutions-by-conveyor-type\/horizontal-conveyors\/#primaryimage"},"image":{"@id":"https:\/\/www.voltabelting.com\/fr\/solutions-by-conveyor-type\/horizontal-conveyors\/#primaryimage"},"thumbnailUrl":"https:\/\/www.voltabelting.com\/wp-content\/uploads\/horizontal-conveyors-conveyor-construction-min.jpg","datePublished":"2021-03-31T07:58:51+00:00","dateModified":"2024-10-31T13:26:48+00:00","breadcrumb":{"@id":"https:\/\/www.voltabelting.com\/fr\/solutions-by-conveyor-type\/horizontal-conveyors\/#breadcrumb"},"inLanguage":"fr-FR","potentialAction":[{"@type":"ReadAction","target":["https:\/\/www.voltabelting.com\/fr\/solutions-by-conveyor-type\/horizontal-conveyors\/"]}]},{"@type":"ImageObject","inLanguage":"fr-FR","@id":"https:\/\/www.voltabelting.com\/fr\/solutions-by-conveyor-type\/horizontal-conveyors\/#primaryimage","url":"https:\/\/www.voltabelting.com\/wp-content\/uploads\/horizontal-conveyors-conveyor-construction-min.jpg","contentUrl":"https:\/\/www.voltabelting.com\/wp-content\/uploads\/horizontal-conveyors-conveyor-construction-min.jpg"},{"@type":"BreadcrumbList","@id":"https:\/\/www.voltabelting.com\/fr\/solutions-by-conveyor-type\/horizontal-conveyors\/#breadcrumb","itemListElement":[{"@type":"ListItem","position":1,"name":"Home","item":"https:\/\/www.voltabelting.com\/fr\/"},{"@type":"ListItem","position":2,"name":"Solutions par type de convoyeur","item":"https:\/\/www.voltabelting.com\/fr\/solutions-by-conveyor-type\/"},{"@type":"ListItem","position":3,"name":"Convoyeurs horizontaux"}]},{"@type":"WebSite","@id":"https:\/\/www.voltabelting.com\/fr\/#website","url":"https:\/\/www.voltabelting.com\/fr\/","name":"Volta Belting","description":"The next step in belting","publisher":{"@id":"https:\/\/www.voltabelting.com\/fr\/#organization"},"alternateName":"Volta Belting","potentialAction":[{"@type":"SearchAction","target":{"@type":"EntryPoint","urlTemplate":"https:\/\/www.voltabelting.com\/fr\/?s={search_term_string}"},"query-input":{"@type":"PropertyValueSpecification","valueRequired":true,"valueName":"search_term_string"}}],"inLanguage":"fr-FR"},{"@type":"Organization","@id":"https:\/\/www.voltabelting.com\/fr\/#organization","name":"Volta Belting","alternateName":"Volta Belting - The next step in belting","url":"https:\/\/www.voltabelting.com\/fr\/","logo":{"@type":"ImageObject","inLanguage":"fr-FR","@id":"https:\/\/www.voltabelting.com\/fr\/#\/schema\/logo\/image\/","url":"https:\/\/www.voltabelting.com\/wp-content\/uploads\/Logo.svg","contentUrl":"https:\/\/www.voltabelting.com\/wp-content\/uploads\/Logo.svg","caption":"Volta Belting"},"image":{"@id":"https:\/\/www.voltabelting.com\/fr\/#\/schema\/logo\/image\/"},"sameAs":["https:\/\/www.facebook.com\/BeltingTechnology\/","https:\/\/www.instagram.com\/voltabelting\/","https:\/\/www.linkedin.com\/company\/volta-belting-technology\/","https:\/\/www.youtube.com\/user\/VOLTABELTING"]}]}},"_links":{"self":[{"href":"https:\/\/www.voltabelting.com\/fr\/wp-json\/wp\/v2\/pages\/13002","targetHints":{"allow":["GET"]}}],"collection":[{"href":"https:\/\/www.voltabelting.com\/fr\/wp-json\/wp\/v2\/pages"}],"about":[{"href":"https:\/\/www.voltabelting.com\/fr\/wp-json\/wp\/v2\/types\/page"}],"author":[{"embeddable":true,"href":"https:\/\/www.voltabelting.com\/fr\/wp-json\/wp\/v2\/users\/5"}],"replies":[{"embeddable":true,"href":"https:\/\/www.voltabelting.com\/fr\/wp-json\/wp\/v2\/comments?post=13002"}],"version-history":[{"count":0,"href":"https:\/\/www.voltabelting.com\/fr\/wp-json\/wp\/v2\/pages\/13002\/revisions"}],"up":[{"embeddable":true,"href":"https:\/\/www.voltabelting.com\/fr\/wp-json\/wp\/v2\/pages\/12995"}],"wp:attachment":[{"href":"https:\/\/www.voltabelting.com\/fr\/wp-json\/wp\/v2\/media?parent=13002"}],"curies":[{"name":"wp","href":"https:\/\/api.w.org\/{rel}","templated":true}]}}