{"id":13015,"date":"2021-03-31T09:27:20","date_gmt":"2021-03-31T08:27:20","guid":{"rendered":"https:\/\/www.voltabelting.com\/solutions-by-conveyor-type\/trough-conveyors\/"},"modified":"2024-10-31T13:31:01","modified_gmt":"2024-10-31T13:31:01","slug":"trough-conveyors","status":"publish","type":"page","link":"https:\/\/www.voltabelting.com\/fr\/solutions-by-conveyor-type\/trough-conveyors\/","title":{"rendered":"Convoyeurs en auge"},"content":{"rendered":"\t\t<div data-elementor-type=\"wp-page\" data-elementor-id=\"13015\" class=\"elementor elementor-13015 elementor-3085\" data-elementor-post-type=\"page\">\n\t\t\t\t\t\t<section class=\"elementor-section elementor-top-section elementor-element elementor-element-a65a09e elementor-section-height-min-height elementor-section-items-stretch elementor-reverse-mobile elementor-section-boxed elementor-section-height-default\" data-id=\"a65a09e\" data-element_type=\"section\" data-e-type=\"section\" data-settings=\"{&quot;background_background&quot;:&quot;classic&quot;}\">\n\t\t\t\t\t\t\t<div class=\"elementor-background-overlay\"><\/div>\n\t\t\t\t\t\t\t<div class=\"elementor-container elementor-column-gap-no\">\n\t\t\t\t\t<div class=\"elementor-column elementor-col-50 elementor-top-column elementor-element elementor-element-5dd3702\" data-id=\"5dd3702\" data-element_type=\"column\" data-e-type=\"column\" data-settings=\"{&quot;background_background&quot;:&quot;classic&quot;}\">\n\t\t\t<div class=\"elementor-widget-wrap elementor-element-populated\">\n\t\t\t\t\t\t<div class=\"elementor-element elementor-element-84b9c2f elementor-hidden-phone elementor-widget elementor-widget-breadcrumbs\" data-id=\"84b9c2f\" data-element_type=\"widget\" data-e-type=\"widget\" data-widget_type=\"breadcrumbs.default\">\n\t\t\t\t<div class=\"elementor-widget-container\">\n\t\t\t\t\t<p id=\"breadcrumbs\"><span><span><a href=\"https:\/\/www.voltabelting.com\/fr\/\">Home<\/a><\/span><\/span><\/p>\t\t\t\t<\/div>\n\t\t\t\t<\/div>\n\t\t\t\t<div class=\"elementor-element elementor-element-70f8e87 elementor-widget elementor-widget-heading\" data-id=\"70f8e87\" data-element_type=\"widget\" data-e-type=\"widget\" data-widget_type=\"heading.default\">\n\t\t\t\t<div class=\"elementor-widget-container\">\n\t\t\t\t\t<h1 class=\"elementor-heading-title elementor-size-default\">Convoyeurs en auge<\/h1>\t\t\t\t<\/div>\n\t\t\t\t<\/div>\n\t\t\t\t<div class=\"elementor-element elementor-element-77eceac elementor-widget__width-initial elementor-widget elementor-widget-text-editor\" data-id=\"77eceac\" data-element_type=\"widget\" data-e-type=\"widget\" data-widget_type=\"text-editor.default\">\n\t\t\t\t<div class=\"elementor-widget-container\">\n\t\t\t\t\t\t\t\t\t<p>Les convoyeurs en auge sont couramment utilis\u00e9s sur les lignes de transfert, pour la manutention de petites pi\u00e8ces et la transformation des aliments. Ils partagent la plupart des caract\u00e9ristiques de design des convoyeurs \u00e0 deux essieux, mais avec des bords sur\u00e9lev\u00e9s suppl\u00e9mentaires pour contenir le produit sur la bande. Cette caract\u00e9ristique exige que les bandes transporteuses soient flexibles et conservent leur forme sur les poulies et sur le retour. Ils sont souvent utilis\u00e9s sur les convoyeurs inclin\u00e9s pour contenir le produit de mani\u00e8re hygi\u00e9nique. <\/p>\t\t\t\t\t\t\t\t<\/div>\n\t\t\t\t<\/div>\n\t\t\t\t\t<\/div>\n\t\t<\/div>\n\t\t\t\t<div class=\"elementor-column elementor-col-50 elementor-top-column elementor-element elementor-element-b2bd234\" data-id=\"b2bd234\" data-element_type=\"column\" data-e-type=\"column\">\n\t\t\t<div class=\"elementor-widget-wrap\">\n\t\t\t\t\t\t\t<\/div>\n\t\t<\/div>\n\t\t\t\t\t<\/div>\n\t\t<\/section>\n\t\t\t\t<section class=\"elementor-section elementor-top-section elementor-element elementor-element-3f589b5 elementor-section-height-min-height elementor-reverse-mobile elementor-section-boxed elementor-section-height-default elementor-section-items-middle\" data-id=\"3f589b5\" data-element_type=\"section\" data-e-type=\"section\">\n\t\t\t\t\t\t<div class=\"elementor-container elementor-column-gap-default\">\n\t\t\t\t\t<div class=\"elementor-column elementor-col-33 elementor-top-column elementor-element elementor-element-6ae4492 vbt-no-bg-mob\" data-id=\"6ae4492\" data-element_type=\"column\" data-e-type=\"column\" data-settings=\"{&quot;background_background&quot;:&quot;classic&quot;}\">\n\t\t\t<div class=\"elementor-widget-wrap elementor-element-populated\">\n\t\t\t\t\t\t<div class=\"elementor-element elementor-element-7d5fcff vbt-image-carousel  elementor-arrows-position-inside elementor-pagination-position-outside elementor-widget elementor-widget-image-carousel\" data-id=\"7d5fcff\" data-element_type=\"widget\" data-e-type=\"widget\" data-settings=\"{&quot;slides_to_show&quot;:&quot;1&quot;,&quot;slides_to_show_tablet&quot;:&quot;1&quot;,&quot;effect&quot;:&quot;fade&quot;,&quot;navigation&quot;:&quot;both&quot;,&quot;autoplay&quot;:&quot;yes&quot;,&quot;pause_on_hover&quot;:&quot;yes&quot;,&quot;pause_on_interaction&quot;:&quot;yes&quot;,&quot;autoplay_speed&quot;:5000,&quot;infinite&quot;:&quot;yes&quot;,&quot;speed&quot;:500}\" data-widget_type=\"image-carousel.default\">\n\t\t\t\t<div class=\"elementor-widget-container\">\n\t\t\t\t\t\t\t<div class=\"elementor-image-carousel-wrapper swiper\" role=\"region\" aria-roledescription=\"carousel\" aria-label=\"Carrousel d\u2019images\" dir=\"ltr\">\n\t\t\t<div class=\"elementor-image-carousel swiper-wrapper swiper-image-stretch\" aria-live=\"off\">\n\t\t\t\t\t\t\t\t<div class=\"swiper-slide\" role=\"group\" aria-roledescription=\"slide\" aria-label=\"1 sur 2\"><figure class=\"swiper-slide-inner\"><img decoding=\"async\" class=\"swiper-slide-image\" src=\"https:\/\/www.voltabelting.com\/wp-content\/uploads\/trough-conveyor-construction-min.jpg\" alt=\"Trough Conveyors\" \/><\/figure><\/div><div class=\"swiper-slide\" role=\"group\" aria-roledescription=\"slide\" aria-label=\"2 sur 2\"><figure class=\"swiper-slide-inner\"><img decoding=\"async\" class=\"swiper-slide-image\" src=\"https:\/\/www.voltabelting.com\/wp-content\/uploads\/trough-conveyors-min.jpg\" alt=\"Trough Conveyors\" \/><\/figure><\/div>\t\t\t<\/div>\n\t\t\t\t\t\t\t\t\t\t\t\t<div class=\"elementor-swiper-button elementor-swiper-button-prev\" role=\"button\" tabindex=\"0\">\n\t\t\t\t\t\t<svg aria-hidden=\"true\" class=\"e-font-icon-svg e-eicon-chevron-left\" viewBox=\"0 0 1000 1000\" xmlns=\"http:\/\/www.w3.org\/2000\/svg\"><path d=\"M646 125C629 125 613 133 604 142L308 442C296 454 292 471 292 487 292 504 296 521 308 533L604 854C617 867 629 875 646 875 663 875 679 871 692 858 704 846 713 829 713 812 713 796 708 779 692 767L438 487 692 225C700 217 708 204 708 187 708 171 704 154 692 142 675 129 663 125 646 125Z\"><\/path><\/svg>\t\t\t\t\t<\/div>\n\t\t\t\t\t<div class=\"elementor-swiper-button elementor-swiper-button-next\" role=\"button\" tabindex=\"0\">\n\t\t\t\t\t\t<svg aria-hidden=\"true\" class=\"e-font-icon-svg e-eicon-chevron-right\" viewBox=\"0 0 1000 1000\" xmlns=\"http:\/\/www.w3.org\/2000\/svg\"><path d=\"M696 533C708 521 713 504 713 487 713 471 708 454 696 446L400 146C388 133 375 125 354 125 338 125 325 129 313 142 300 154 292 171 292 187 292 204 296 221 308 233L563 492 304 771C292 783 288 800 288 817 288 833 296 850 308 863 321 871 338 875 354 875 371 875 388 867 400 854L696 533Z\"><\/path><\/svg>\t\t\t\t\t<\/div>\n\t\t\t\t\n\t\t\t\t\t\t\t\t\t<div class=\"swiper-pagination\"><\/div>\n\t\t\t\t\t\t\t\t\t<\/div>\n\t\t\t\t\t\t<\/div>\n\t\t\t\t<\/div>\n\t\t\t\t\t<\/div>\n\t\t<\/div>\n\t\t\t\t<div class=\"elementor-column elementor-col-33 elementor-top-column elementor-element elementor-element-ebc33c1\" data-id=\"ebc33c1\" data-element_type=\"column\" data-e-type=\"column\">\n\t\t\t<div class=\"elementor-widget-wrap\">\n\t\t\t\t\t\t\t<\/div>\n\t\t<\/div>\n\t\t\t\t<div class=\"elementor-column elementor-col-33 elementor-top-column elementor-element elementor-element-254cc00\" data-id=\"254cc00\" data-element_type=\"column\" data-e-type=\"column\">\n\t\t\t<div class=\"elementor-widget-wrap elementor-element-populated\">\n\t\t\t\t\t\t<div class=\"elementor-element elementor-element-86925d3 elementor-widget elementor-widget-heading\" data-id=\"86925d3\" data-element_type=\"widget\" data-e-type=\"widget\" data-widget_type=\"heading.default\">\n\t\t\t\t<div class=\"elementor-widget-container\">\n\t\t\t\t\t<h2 class=\"elementor-heading-title elementor-size-default\">Construction de convoyeurs<\/h2>\t\t\t\t<\/div>\n\t\t\t\t<\/div>\n\t\t\t\t<div class=\"elementor-element elementor-element-f56598a elementor-widget__width-initial elementor-widget elementor-widget-text-editor\" data-id=\"f56598a\" data-element_type=\"widget\" data-e-type=\"widget\" data-widget_type=\"text-editor.default\">\n\t\t\t\t<div class=\"elementor-widget-container\">\n\t\t\t\t\t\t\t\t\t<p>Les auges sont l\u2019une des meilleures solutions pour contenir les produits en vrac, en particulier les poudres ou les produits sous forme de granul\u00e9s. Les produits s\u2019accumulent plus pr\u00e8s du centre de la bande. Bien que cela aille \u00e0 l\u2019encontre d\u2019une r\u00e9partition uniforme du produit sur la surface de la bande, cela donne un meilleur \u00e9quilibre de suivi \u00e0 la bande et \u00e9limine toute n\u00e9cessit\u00e9 de bords de contenance, ce qui \u00e9vite les d\u00e9versements ou les pertes de produit. La profondeur de l\u2019auge peut \u00eatre plus ou moins grande, mais l\u2019angle auquel les c\u00f4t\u00e9s de la courroie peuvent r\u00e9ussir l\u2019auge est d\u00e9termin\u00e9 par des facteurs m\u00e9caniques qui comprennent l\u2019\u00e9paisseur, la flexibilit\u00e9 et la largeur de la courroie.<\/p>\t\t\t\t\t\t\t\t<\/div>\n\t\t\t\t<\/div>\n\t\t\t\t\t<\/div>\n\t\t<\/div>\n\t\t\t\t\t<\/div>\n\t\t<\/section>\n\t\t\t\t<section class=\"elementor-section elementor-top-section elementor-element elementor-element-1548bd8 elementor-section-height-min-height elementor-section-boxed elementor-section-height-default elementor-section-items-middle\" data-id=\"1548bd8\" data-element_type=\"section\" data-e-type=\"section\">\n\t\t\t\t\t\t<div class=\"elementor-container elementor-column-gap-default\">\n\t\t\t\t\t<div class=\"elementor-column elementor-col-33 elementor-top-column elementor-element elementor-element-3bded3e\" data-id=\"3bded3e\" data-element_type=\"column\" data-e-type=\"column\">\n\t\t\t<div class=\"elementor-widget-wrap elementor-element-populated\">\n\t\t\t\t\t\t<div class=\"elementor-element elementor-element-cf159d7 elementor-widget elementor-widget-heading\" data-id=\"cf159d7\" data-element_type=\"widget\" data-e-type=\"widget\" data-widget_type=\"heading.default\">\n\t\t\t\t<div class=\"elementor-widget-container\">\n\t\t\t\t\t<h2 class=\"elementor-heading-title elementor-size-default\">Pourquoi Volta est le choix id\u00e9al<\/h2>\t\t\t\t<\/div>\n\t\t\t\t<\/div>\n\t\t\t\t<div class=\"elementor-element elementor-element-98e8fcc elementor-widget__width-initial elementor-widget elementor-widget-text-editor\" data-id=\"98e8fcc\" data-element_type=\"widget\" data-e-type=\"widget\" data-widget_type=\"text-editor.default\">\n\t\t\t\t<div class=\"elementor-widget-container\">\n\t\t\t\t\t\t\t\t\t<p>Le mat\u00e9riau des bandes transporteuses Volta permet d\u2019\u00e9viter de nombreux pi\u00e8ges li\u00e9s \u00e0 la d\u00e9faillance des bandes transporteuses, ce qui permet de r\u00e9duire les arr\u00eats de production et les co\u00fbts de maintenance. Ils cr\u00e9ent \u00e9galement un environnement de travail hygi\u00e9nique et nettoyable pour les convoyeurs de transformation alimentaire. Les jonctions soud\u00e9es durables de Volta permettent d\u2019\u00e9viter de multiples changements de courroie et le mat\u00e9riau homog\u00e8ne des bandes transporteuses Volta r\u00e9siste aux contraintes de flexion dans et hors de la forme en auge. <\/p><p>La Volta SuperDrive\u2122 et la Mini SuperDrive\u2122 sont particuli\u00e8rement adapt\u00e9es aux convoyeurs en auge et les directives pour les concevoir sont disponibles dans nos manuels techniques <\/p>\t\t\t\t\t\t\t\t<\/div>\n\t\t\t\t<\/div>\n\t\t\t\t\t<\/div>\n\t\t<\/div>\n\t\t\t\t<div class=\"elementor-column elementor-col-33 elementor-top-column elementor-element elementor-element-66cc749\" data-id=\"66cc749\" data-element_type=\"column\" data-e-type=\"column\">\n\t\t\t<div class=\"elementor-widget-wrap\">\n\t\t\t\t\t\t\t<\/div>\n\t\t<\/div>\n\t\t\t\t<div class=\"elementor-column elementor-col-33 elementor-top-column elementor-element elementor-element-e5509b9 vbt-no-bg-mob\" data-id=\"e5509b9\" data-element_type=\"column\" data-e-type=\"column\" data-settings=\"{&quot;background_background&quot;:&quot;classic&quot;}\">\n\t\t\t<div class=\"elementor-widget-wrap elementor-element-populated\">\n\t\t\t\t\t\t<div class=\"elementor-element elementor-element-2313066 vbt-image-carousel vbt-image-carousel--right elementor-arrows-position-inside elementor-pagination-position-outside elementor-widget elementor-widget-image-carousel\" data-id=\"2313066\" data-element_type=\"widget\" data-e-type=\"widget\" data-settings=\"{&quot;slides_to_show&quot;:&quot;1&quot;,&quot;slides_to_show_tablet&quot;:&quot;1&quot;,&quot;effect&quot;:&quot;fade&quot;,&quot;navigation&quot;:&quot;both&quot;,&quot;autoplay&quot;:&quot;yes&quot;,&quot;pause_on_hover&quot;:&quot;yes&quot;,&quot;pause_on_interaction&quot;:&quot;yes&quot;,&quot;autoplay_speed&quot;:5000,&quot;infinite&quot;:&quot;yes&quot;,&quot;speed&quot;:500}\" data-widget_type=\"image-carousel.default\">\n\t\t\t\t<div class=\"elementor-widget-container\">\n\t\t\t\t\t\t\t<div class=\"elementor-image-carousel-wrapper swiper\" role=\"region\" aria-roledescription=\"carousel\" aria-label=\"Carrousel d\u2019images\" dir=\"ltr\">\n\t\t\t<div class=\"elementor-image-carousel swiper-wrapper swiper-image-stretch\" aria-live=\"off\">\n\t\t\t\t\t\t\t\t<div class=\"swiper-slide\" role=\"group\" aria-roledescription=\"slide\" aria-label=\"1 sur 1\"><figure class=\"swiper-slide-inner\"><img decoding=\"async\" class=\"swiper-slide-image\" src=\"https:\/\/www.voltabelting.com\/wp-content\/uploads\/trough-why-volta-min.jpg\" alt=\"Trough Conveyors\" \/><\/figure><\/div>\t\t\t<\/div>\n\t\t\t\t\t<\/div>\n\t\t\t\t\t\t<\/div>\n\t\t\t\t<\/div>\n\t\t\t\t\t<\/div>\n\t\t<\/div>\n\t\t\t\t\t<\/div>\n\t\t<\/section>\n\t\t\t\t<\/div>\n\t\t","protected":false},"excerpt":{"rendered":"<p>Les convoyeurs en auge sont couramment utilis\u00e9s sur les lignes de transfert, pour la manutention de petites pi\u00e8ces et la transformation des aliments. Ils partagent la plupart des caract\u00e9ristiques de design des convoyeurs \u00e0 deux essieux, mais avec des bords sur\u00e9lev\u00e9s suppl\u00e9mentaires pour contenir le produit sur la bande. Cette caract\u00e9ristique exige que les bandes [&hellip;]<\/p>\n","protected":false},"author":569,"featured_media":0,"parent":12995,"menu_order":0,"comment_status":"closed","ping_status":"closed","template":"elementor_header_footer","meta":{"footnotes":""},"class_list":["post-13015","page","type-page","status-publish","hentry"],"yoast_head":"<!-- This site is optimized with the Yoast SEO plugin v27.1.1 - https:\/\/yoast.com\/product\/yoast-seo-wordpress\/ -->\n<title>Convoyeurs en auge - Volta Belting<\/title>\n<meta name=\"robots\" content=\"index, follow, max-snippet:-1, max-image-preview:large, max-video-preview:-1\" \/>\n<link rel=\"canonical\" href=\"https:\/\/www.voltabelting.com\/fr\/solutions-by-conveyor-type\/trough-conveyors\/\" \/>\n<meta property=\"og:locale\" content=\"fr_FR\" \/>\n<meta property=\"og:type\" content=\"article\" \/>\n<meta property=\"og:title\" content=\"Convoyeurs en auge - Volta Belting\" \/>\n<meta property=\"og:description\" content=\"Les convoyeurs en auge sont couramment utilis\u00e9s sur les lignes de transfert, pour la manutention de petites pi\u00e8ces et la transformation des aliments. Ils partagent la plupart des caract\u00e9ristiques de design des convoyeurs \u00e0 deux essieux, mais avec des bords sur\u00e9lev\u00e9s suppl\u00e9mentaires pour contenir le produit sur la bande. Cette caract\u00e9ristique exige que les bandes [&hellip;]\" \/>\n<meta property=\"og:url\" content=\"https:\/\/www.voltabelting.com\/fr\/solutions-by-conveyor-type\/trough-conveyors\/\" \/>\n<meta property=\"og:site_name\" content=\"Volta Belting\" \/>\n<meta property=\"article:publisher\" content=\"https:\/\/www.facebook.com\/BeltingTechnology\/\" \/>\n<meta property=\"article:modified_time\" content=\"2024-10-31T13:31:01+00:00\" \/>\n<meta property=\"og:image\" content=\"https:\/\/www.voltabelting.com\/wp-content\/uploads\/trough-conveyor-construction-min.jpg\" \/>\n<meta name=\"twitter:card\" content=\"summary_large_image\" \/>\n<meta name=\"twitter:label1\" content=\"Dur\u00e9e de lecture estim\u00e9e\" \/>\n\t<meta name=\"twitter:data1\" content=\"3 minutes\" \/>\n<script type=\"application\/ld+json\" class=\"yoast-schema-graph\">{\"@context\":\"https:\/\/schema.org\",\"@graph\":[{\"@type\":\"WebPage\",\"@id\":\"https:\/\/www.voltabelting.com\/fr\/solutions-by-conveyor-type\/trough-conveyors\/\",\"url\":\"https:\/\/www.voltabelting.com\/fr\/solutions-by-conveyor-type\/trough-conveyors\/\",\"name\":\"Convoyeurs en auge - Volta Belting\",\"isPartOf\":{\"@id\":\"https:\/\/www.voltabelting.com\/fr\/#website\"},\"primaryImageOfPage\":{\"@id\":\"https:\/\/www.voltabelting.com\/fr\/solutions-by-conveyor-type\/trough-conveyors\/#primaryimage\"},\"image\":{\"@id\":\"https:\/\/www.voltabelting.com\/fr\/solutions-by-conveyor-type\/trough-conveyors\/#primaryimage\"},\"thumbnailUrl\":\"https:\/\/www.voltabelting.com\/wp-content\/uploads\/trough-conveyor-construction-min.jpg\",\"datePublished\":\"2021-03-31T08:27:20+00:00\",\"dateModified\":\"2024-10-31T13:31:01+00:00\",\"breadcrumb\":{\"@id\":\"https:\/\/www.voltabelting.com\/fr\/solutions-by-conveyor-type\/trough-conveyors\/#breadcrumb\"},\"inLanguage\":\"fr-FR\",\"potentialAction\":[{\"@type\":\"ReadAction\",\"target\":[\"https:\/\/www.voltabelting.com\/fr\/solutions-by-conveyor-type\/trough-conveyors\/\"]}]},{\"@type\":\"ImageObject\",\"inLanguage\":\"fr-FR\",\"@id\":\"https:\/\/www.voltabelting.com\/fr\/solutions-by-conveyor-type\/trough-conveyors\/#primaryimage\",\"url\":\"https:\/\/www.voltabelting.com\/wp-content\/uploads\/trough-conveyor-construction-min.jpg\",\"contentUrl\":\"https:\/\/www.voltabelting.com\/wp-content\/uploads\/trough-conveyor-construction-min.jpg\"},{\"@type\":\"BreadcrumbList\",\"@id\":\"https:\/\/www.voltabelting.com\/fr\/solutions-by-conveyor-type\/trough-conveyors\/#breadcrumb\",\"itemListElement\":[{\"@type\":\"ListItem\",\"position\":1,\"name\":\"Home\",\"item\":\"https:\/\/www.voltabelting.com\/fr\/\"},{\"@type\":\"ListItem\",\"position\":2,\"name\":\"Solutions par type de convoyeur\",\"item\":\"https:\/\/www.voltabelting.com\/fr\/solutions-by-conveyor-type\/\"},{\"@type\":\"ListItem\",\"position\":3,\"name\":\"Convoyeurs en auge\"}]},{\"@type\":\"WebSite\",\"@id\":\"https:\/\/www.voltabelting.com\/fr\/#website\",\"url\":\"https:\/\/www.voltabelting.com\/fr\/\",\"name\":\"Volta Belting\",\"description\":\"The next step in belting\",\"publisher\":{\"@id\":\"https:\/\/www.voltabelting.com\/fr\/#organization\"},\"alternateName\":\"Volta Belting\",\"potentialAction\":[{\"@type\":\"SearchAction\",\"target\":{\"@type\":\"EntryPoint\",\"urlTemplate\":\"https:\/\/www.voltabelting.com\/fr\/?s={search_term_string}\"},\"query-input\":{\"@type\":\"PropertyValueSpecification\",\"valueRequired\":true,\"valueName\":\"search_term_string\"}}],\"inLanguage\":\"fr-FR\"},{\"@type\":\"Organization\",\"@id\":\"https:\/\/www.voltabelting.com\/fr\/#organization\",\"name\":\"Volta Belting\",\"alternateName\":\"Volta Belting - The next step in belting\",\"url\":\"https:\/\/www.voltabelting.com\/fr\/\",\"logo\":{\"@type\":\"ImageObject\",\"inLanguage\":\"fr-FR\",\"@id\":\"https:\/\/www.voltabelting.com\/fr\/#\/schema\/logo\/image\/\",\"url\":\"https:\/\/www.voltabelting.com\/wp-content\/uploads\/Logo.svg\",\"contentUrl\":\"https:\/\/www.voltabelting.com\/wp-content\/uploads\/Logo.svg\",\"caption\":\"Volta Belting\"},\"image\":{\"@id\":\"https:\/\/www.voltabelting.com\/fr\/#\/schema\/logo\/image\/\"},\"sameAs\":[\"https:\/\/www.facebook.com\/BeltingTechnology\/\",\"https:\/\/www.instagram.com\/voltabelting\/\",\"https:\/\/www.linkedin.com\/company\/volta-belting-technology\/\",\"https:\/\/www.youtube.com\/user\/VOLTABELTING\"]}]}<\/script>\n<!-- \/ Yoast SEO plugin. -->","yoast_head_json":{"title":"Convoyeurs en auge - Volta Belting","robots":{"index":"index","follow":"follow","max-snippet":"max-snippet:-1","max-image-preview":"max-image-preview:large","max-video-preview":"max-video-preview:-1"},"canonical":"https:\/\/www.voltabelting.com\/fr\/solutions-by-conveyor-type\/trough-conveyors\/","og_locale":"fr_FR","og_type":"article","og_title":"Convoyeurs en auge - Volta Belting","og_description":"Les convoyeurs en auge sont couramment utilis\u00e9s sur les lignes de transfert, pour la manutention de petites pi\u00e8ces et la transformation des aliments. Ils partagent la plupart des caract\u00e9ristiques de design des convoyeurs \u00e0 deux essieux, mais avec des bords sur\u00e9lev\u00e9s suppl\u00e9mentaires pour contenir le produit sur la bande. Cette caract\u00e9ristique exige que les bandes [&hellip;]","og_url":"https:\/\/www.voltabelting.com\/fr\/solutions-by-conveyor-type\/trough-conveyors\/","og_site_name":"Volta Belting","article_publisher":"https:\/\/www.facebook.com\/BeltingTechnology\/","article_modified_time":"2024-10-31T13:31:01+00:00","og_image":[{"url":"https:\/\/www.voltabelting.com\/wp-content\/uploads\/trough-conveyor-construction-min.jpg","type":"","width":"","height":""}],"twitter_card":"summary_large_image","twitter_misc":{"Dur\u00e9e de lecture estim\u00e9e":"3 minutes"},"schema":{"@context":"https:\/\/schema.org","@graph":[{"@type":"WebPage","@id":"https:\/\/www.voltabelting.com\/fr\/solutions-by-conveyor-type\/trough-conveyors\/","url":"https:\/\/www.voltabelting.com\/fr\/solutions-by-conveyor-type\/trough-conveyors\/","name":"Convoyeurs en auge - Volta Belting","isPartOf":{"@id":"https:\/\/www.voltabelting.com\/fr\/#website"},"primaryImageOfPage":{"@id":"https:\/\/www.voltabelting.com\/fr\/solutions-by-conveyor-type\/trough-conveyors\/#primaryimage"},"image":{"@id":"https:\/\/www.voltabelting.com\/fr\/solutions-by-conveyor-type\/trough-conveyors\/#primaryimage"},"thumbnailUrl":"https:\/\/www.voltabelting.com\/wp-content\/uploads\/trough-conveyor-construction-min.jpg","datePublished":"2021-03-31T08:27:20+00:00","dateModified":"2024-10-31T13:31:01+00:00","breadcrumb":{"@id":"https:\/\/www.voltabelting.com\/fr\/solutions-by-conveyor-type\/trough-conveyors\/#breadcrumb"},"inLanguage":"fr-FR","potentialAction":[{"@type":"ReadAction","target":["https:\/\/www.voltabelting.com\/fr\/solutions-by-conveyor-type\/trough-conveyors\/"]}]},{"@type":"ImageObject","inLanguage":"fr-FR","@id":"https:\/\/www.voltabelting.com\/fr\/solutions-by-conveyor-type\/trough-conveyors\/#primaryimage","url":"https:\/\/www.voltabelting.com\/wp-content\/uploads\/trough-conveyor-construction-min.jpg","contentUrl":"https:\/\/www.voltabelting.com\/wp-content\/uploads\/trough-conveyor-construction-min.jpg"},{"@type":"BreadcrumbList","@id":"https:\/\/www.voltabelting.com\/fr\/solutions-by-conveyor-type\/trough-conveyors\/#breadcrumb","itemListElement":[{"@type":"ListItem","position":1,"name":"Home","item":"https:\/\/www.voltabelting.com\/fr\/"},{"@type":"ListItem","position":2,"name":"Solutions par type de convoyeur","item":"https:\/\/www.voltabelting.com\/fr\/solutions-by-conveyor-type\/"},{"@type":"ListItem","position":3,"name":"Convoyeurs en auge"}]},{"@type":"WebSite","@id":"https:\/\/www.voltabelting.com\/fr\/#website","url":"https:\/\/www.voltabelting.com\/fr\/","name":"Volta Belting","description":"The next step in belting","publisher":{"@id":"https:\/\/www.voltabelting.com\/fr\/#organization"},"alternateName":"Volta Belting","potentialAction":[{"@type":"SearchAction","target":{"@type":"EntryPoint","urlTemplate":"https:\/\/www.voltabelting.com\/fr\/?s={search_term_string}"},"query-input":{"@type":"PropertyValueSpecification","valueRequired":true,"valueName":"search_term_string"}}],"inLanguage":"fr-FR"},{"@type":"Organization","@id":"https:\/\/www.voltabelting.com\/fr\/#organization","name":"Volta Belting","alternateName":"Volta Belting - The next step in belting","url":"https:\/\/www.voltabelting.com\/fr\/","logo":{"@type":"ImageObject","inLanguage":"fr-FR","@id":"https:\/\/www.voltabelting.com\/fr\/#\/schema\/logo\/image\/","url":"https:\/\/www.voltabelting.com\/wp-content\/uploads\/Logo.svg","contentUrl":"https:\/\/www.voltabelting.com\/wp-content\/uploads\/Logo.svg","caption":"Volta Belting"},"image":{"@id":"https:\/\/www.voltabelting.com\/fr\/#\/schema\/logo\/image\/"},"sameAs":["https:\/\/www.facebook.com\/BeltingTechnology\/","https:\/\/www.instagram.com\/voltabelting\/","https:\/\/www.linkedin.com\/company\/volta-belting-technology\/","https:\/\/www.youtube.com\/user\/VOLTABELTING"]}]}},"_links":{"self":[{"href":"https:\/\/www.voltabelting.com\/fr\/wp-json\/wp\/v2\/pages\/13015","targetHints":{"allow":["GET"]}}],"collection":[{"href":"https:\/\/www.voltabelting.com\/fr\/wp-json\/wp\/v2\/pages"}],"about":[{"href":"https:\/\/www.voltabelting.com\/fr\/wp-json\/wp\/v2\/types\/page"}],"author":[{"embeddable":true,"href":"https:\/\/www.voltabelting.com\/fr\/wp-json\/wp\/v2\/users\/569"}],"replies":[{"embeddable":true,"href":"https:\/\/www.voltabelting.com\/fr\/wp-json\/wp\/v2\/comments?post=13015"}],"version-history":[{"count":0,"href":"https:\/\/www.voltabelting.com\/fr\/wp-json\/wp\/v2\/pages\/13015\/revisions"}],"up":[{"embeddable":true,"href":"https:\/\/www.voltabelting.com\/fr\/wp-json\/wp\/v2\/pages\/12995"}],"wp:attachment":[{"href":"https:\/\/www.voltabelting.com\/fr\/wp-json\/wp\/v2\/media?parent=13015"}],"curies":[{"name":"wp","href":"https:\/\/api.w.org\/{rel}","templated":true}]}}