{"id":13027,"date":"2021-02-28T13:11:00","date_gmt":"2021-02-28T13:11:00","guid":{"rendered":"https:\/\/www.voltabelting.com\/solutions-by-application-type\/food-grade-accessories\/"},"modified":"2024-12-22T11:03:07","modified_gmt":"2024-12-22T11:03:07","slug":"food-grade-accessories","status":"publish","type":"page","link":"https:\/\/www.voltabelting.com\/fr\/solutions-par-type-dapplication\/food-grade-accessories\/","title":{"rendered":"Accessoires pour l\u2019agroalimentaire"},"content":{"rendered":"\t\t<div data-elementor-type=\"wp-page\" data-elementor-id=\"13027\" class=\"elementor elementor-13027 elementor-978\" data-elementor-post-type=\"page\">\n\t\t\t\t\t\t<section class=\"elementor-section elementor-top-section elementor-element elementor-element-b856dc9 elementor-section-height-min-height elementor-section-items-stretch elementor-reverse-mobile elementor-section-boxed elementor-section-height-default\" data-id=\"b856dc9\" data-element_type=\"section\" data-e-type=\"section\" data-settings=\"{&quot;background_background&quot;:&quot;classic&quot;}\">\n\t\t\t\t\t\t\t<div class=\"elementor-background-overlay\"><\/div>\n\t\t\t\t\t\t\t<div class=\"elementor-container elementor-column-gap-no\">\n\t\t\t\t\t<div class=\"elementor-column elementor-col-50 elementor-top-column elementor-element elementor-element-f076475\" data-id=\"f076475\" data-element_type=\"column\" data-e-type=\"column\" data-settings=\"{&quot;background_background&quot;:&quot;classic&quot;}\">\n\t\t\t<div class=\"elementor-widget-wrap elementor-element-populated\">\n\t\t\t\t\t\t<div class=\"elementor-element elementor-element-730cdcf elementor-hidden-phone elementor-widget elementor-widget-breadcrumbs\" data-id=\"730cdcf\" data-element_type=\"widget\" data-e-type=\"widget\" data-widget_type=\"breadcrumbs.default\">\n\t\t\t\t<div class=\"elementor-widget-container\">\n\t\t\t\t\t<p id=\"breadcrumbs\"><span><span><a href=\"https:\/\/www.voltabelting.com\/fr\/\">Home<\/a><\/span><\/span><\/p>\t\t\t\t<\/div>\n\t\t\t\t<\/div>\n\t\t\t\t<div class=\"elementor-element elementor-element-70f8e87 elementor-widget__width-initial elementor-widget elementor-widget-heading\" data-id=\"70f8e87\" data-element_type=\"widget\" data-e-type=\"widget\" data-widget_type=\"heading.default\">\n\t\t\t\t<div class=\"elementor-widget-container\">\n\t\t\t\t\t<h1 class=\"elementor-heading-title elementor-size-default\">Accessoires pour l\u2019agroalimentaire<\/h1>\t\t\t\t<\/div>\n\t\t\t\t<\/div>\n\t\t\t\t<div class=\"elementor-element elementor-element-77eceac elementor-widget__width-initial elementor-widget elementor-widget-text-editor\" data-id=\"77eceac\" data-element_type=\"widget\" data-e-type=\"widget\" data-widget_type=\"text-editor.default\">\n\t\t\t\t<div class=\"elementor-widget-container\">\n\t\t\t\t\t\t\t\t\t<p>Les produits Volta sont adapt\u00e9s aux installations statiques o\u00f9 ils peuvent prot\u00e9ger les machines et produits. Les bandes peuvent \u00eatre ajout\u00e9es aux convoyeurs comme plinthes ou form\u00e9es en tabliers ou en rabats de distributeurs. Cela permet d\u2019\u00e9viter les lavages \u00e0 contre-courant de produit et d\u2019aider \u00e0 contenir les d\u00e9versements de produit sur les balances \u00e0 t\u00eates multiples. Les \u00ab hamacs \u00bb de transfert en cascade sont utilis\u00e9s dans l\u2019industrie de confiserie tr\u00e8s abrasive. Le mat\u00e9riau de la bande d\u00e9tectant les m\u00e9taux est g\u00e9n\u00e9ralement utilis\u00e9 \u00e0 cet effet, car ces \u00e9l\u00e9ments en plastique ajout\u00e9s peuvent se d\u00e9tacher accidentellement pendant la phase de nettoyage et d\u2019entretien. Une autre utilisation courante est le rev\u00eatement des goulottes d\u2019admission qui emp\u00eache d\u2019abimer les l\u00e9gumes. Le rev\u00eatement des silos de stockage avec Volta r\u00e9duit l\u2019abrasion du m\u00e9tal.<\/p>\t\t\t\t\t\t\t\t<\/div>\n\t\t\t\t<\/div>\n\t\t\t\t<div class=\"elementor-element elementor-element-ee559a5 elementor-widget__width-auto elementor-widget elementor-widget-button\" data-id=\"ee559a5\" data-element_type=\"widget\" data-e-type=\"widget\" data-widget_type=\"button.default\">\n\t\t\t\t<div class=\"elementor-widget-container\">\n\t\t\t\t\t\t\t\t\t<div class=\"elementor-button-wrapper\">\n\t\t\t\t\t<a class=\"elementor-button elementor-button-link elementor-size-sm\" href=\"https:\/\/www.voltabelting.com\/wp-content\/uploads\/Food-Grade-Accessories-CAT556EN00-ver-B-August-2024-min.pdf\" download=\"\">\n\t\t\t\t\t\t<span class=\"elementor-button-content-wrapper\">\n\t\t\t\t\t\t<span class=\"elementor-button-icon\">\n\t\t\t\t<svg xmlns=\"http:\/\/www.w3.org\/2000\/svg\" id=\"ac1a5c3c-144e-4f6b-b3f6-639d28460183\" data-name=\"bc1bf4d7-bc28-4faa-85e6-408a63d5ecda\" width=\"14\" height=\"17\" viewBox=\"0 0 14 17\"><path d=\"M14,6H10V0H4V6H0l7,7ZM0,15v2H14V15Z\" style=\"fill:#fff\"><\/path><\/svg>\t\t\t<\/span>\n\t\t\t\t\t\t\t\t\t<span class=\"elementor-button-text\">Brochure des accessoires pour le secteur alimentaire<\/span>\n\t\t\t\t\t<\/span>\n\t\t\t\t\t<\/a>\n\t\t\t\t<\/div>\n\t\t\t\t\t\t\t\t<\/div>\n\t\t\t\t<\/div>\n\t\t\t\t\t<\/div>\n\t\t<\/div>\n\t\t\t\t<div class=\"elementor-column elementor-col-50 elementor-top-column elementor-element elementor-element-5891f09\" data-id=\"5891f09\" data-element_type=\"column\" data-e-type=\"column\">\n\t\t\t<div class=\"elementor-widget-wrap elementor-element-populated\">\n\t\t\t\t\t\t<div class=\"elementor-element elementor-element-217e79a elementor-hidden-desktop elementor-hidden-tablet elementor-hidden-phone elementor-widget elementor-widget-image\" data-id=\"217e79a\" data-element_type=\"widget\" data-e-type=\"widget\" data-widget_type=\"image.default\">\n\t\t\t\t<div class=\"elementor-widget-container\">\n\t\t\t\t\t\t\t\t\t\t\t\t\t\t\t\t<a href=\"#elementor-action%3Aaction%3Dlightbox%26settings%3DeyJ0eXBlIjoidmlkZW8iLCJ2aWRlb1R5cGUiOiJ5b3V0dWJlIiwidXJsIjoiaHR0cHM6XC9cL3d3dy55b3V0dWJlLmNvbVwvZW1iZWRcL19FLVBjVjBvaTcwP2ZlYXR1cmU9b2VtYmVkIn0%3D\">\n\t\t\t\t\t\t\t<img decoding=\"async\" src=\"https:\/\/www.voltabelting.com\/wp-content\/uploads\/Play-2.svg\" class=\"attachment-large size-large wp-image-1146\" alt=\"\" \/>\t\t\t\t\t\t\t\t<\/a>\n\t\t\t\t\t\t\t\t\t\t\t\t\t\t\t<\/div>\n\t\t\t\t<\/div>\n\t\t\t\t\t<\/div>\n\t\t<\/div>\n\t\t\t\t\t<\/div>\n\t\t<\/section>\n\t\t\t\t<section class=\"elementor-section elementor-top-section elementor-element elementor-element-10b593e elementor-section-boxed elementor-section-height-default elementor-section-height-default\" data-id=\"10b593e\" data-element_type=\"section\" data-e-type=\"section\">\n\t\t\t\t\t\t<div class=\"elementor-container elementor-column-gap-no\">\n\t\t\t\t\t<div class=\"elementor-column elementor-col-100 elementor-top-column elementor-element elementor-element-780336a\" data-id=\"780336a\" data-element_type=\"column\" data-e-type=\"column\">\n\t\t\t<div class=\"elementor-widget-wrap elementor-element-populated\">\n\t\t\t\t\t\t<div class=\"elementor-element elementor-element-0e8d04c elementor-widget elementor-widget-heading\" data-id=\"0e8d04c\" data-element_type=\"widget\" data-e-type=\"widget\" data-widget_type=\"heading.default\">\n\t\t\t\t<div class=\"elementor-widget-container\">\n\t\t\t\t\t<h2 class=\"elementor-heading-title elementor-size-default\">Avantages du TPU<\/h2>\t\t\t\t<\/div>\n\t\t\t\t<\/div>\n\t\t\t\t<section class=\"elementor-section elementor-inner-section elementor-element elementor-element-499fb01 elementor-section-boxed elementor-section-height-default elementor-section-height-default\" data-id=\"499fb01\" data-element_type=\"section\" data-e-type=\"section\">\n\t\t\t\t\t\t<div class=\"elementor-container elementor-column-gap-default\">\n\t\t\t\t\t<div class=\"elementor-column elementor-col-25 elementor-inner-column elementor-element elementor-element-7f30e55\" data-id=\"7f30e55\" data-element_type=\"column\" data-e-type=\"column\">\n\t\t\t<div class=\"elementor-widget-wrap elementor-element-populated\">\n\t\t\t\t\t\t<div class=\"elementor-element elementor-element-b2171d3 elementor-position-top elementor-widget elementor-widget-image-box\" data-id=\"b2171d3\" data-element_type=\"widget\" data-e-type=\"widget\" data-widget_type=\"image-box.default\">\n\t\t\t\t<div class=\"elementor-widget-container\">\n\t\t\t\t\t<div class=\"elementor-image-box-wrapper\"><figure class=\"elementor-image-box-img\"><img decoding=\"async\" src=\"https:\/\/www.voltabelting.com\/wp-content\/uploads\/LessExpensive.svg\" class=\"attachment-full size-full wp-image-13044\" alt=\"\" \/><\/figure><div class=\"elementor-image-box-content\"><div class=\"elementor-image-box-title\">_<\/div><p class=\"elementor-image-box-description\">Moins cher<\/p><\/div><\/div>\t\t\t\t<\/div>\n\t\t\t\t<\/div>\n\t\t\t\t\t<\/div>\n\t\t<\/div>\n\t\t\t\t<div class=\"elementor-column elementor-col-25 elementor-inner-column elementor-element elementor-element-4e67d4d\" data-id=\"4e67d4d\" data-element_type=\"column\" data-e-type=\"column\">\n\t\t\t<div class=\"elementor-widget-wrap elementor-element-populated\">\n\t\t\t\t\t\t<div class=\"elementor-element elementor-element-4086a85 elementor-position-top elementor-widget elementor-widget-image-box\" data-id=\"4086a85\" data-element_type=\"widget\" data-e-type=\"widget\" data-widget_type=\"image-box.default\">\n\t\t\t\t<div class=\"elementor-widget-container\">\n\t\t\t\t\t<div class=\"elementor-image-box-wrapper\"><figure class=\"elementor-image-box-img\"><img decoding=\"async\" src=\"https:\/\/www.voltabelting.com\/wp-content\/uploads\/WeightLess.svg\" class=\"attachment-full size-full wp-image-13045\" alt=\"\" \/><\/figure><div class=\"elementor-image-box-content\"><div class=\"elementor-image-box-title\">_<\/div><p class=\"elementor-image-box-description\">Moins lourds et donc plus faciles \u00e0 installer <\/p><\/div><\/div>\t\t\t\t<\/div>\n\t\t\t\t<\/div>\n\t\t\t\t\t<\/div>\n\t\t<\/div>\n\t\t\t\t<div class=\"elementor-column elementor-col-25 elementor-inner-column elementor-element elementor-element-50d971c\" data-id=\"50d971c\" data-element_type=\"column\" data-e-type=\"column\">\n\t\t\t<div class=\"elementor-widget-wrap elementor-element-populated\">\n\t\t\t\t\t\t<div class=\"elementor-element elementor-element-a5ae416 elementor-position-top elementor-widget elementor-widget-image-box\" data-id=\"a5ae416\" data-element_type=\"widget\" data-e-type=\"widget\" data-widget_type=\"image-box.default\">\n\t\t\t\t<div class=\"elementor-widget-container\">\n\t\t\t\t\t<div class=\"elementor-image-box-wrapper\"><figure class=\"elementor-image-box-img\"><img decoding=\"async\" src=\"https:\/\/www.voltabelting.com\/wp-content\/uploads\/Flexible.svg\" class=\"attachment-full size-full wp-image-13046\" alt=\"\" \/><\/figure><div class=\"elementor-image-box-content\"><div class=\"elementor-image-box-title\">_<\/div><p class=\"elementor-image-box-description\">Flexible et r\u00e9parable <\/p><\/div><\/div>\t\t\t\t<\/div>\n\t\t\t\t<\/div>\n\t\t\t\t\t<\/div>\n\t\t<\/div>\n\t\t\t\t<div class=\"elementor-column elementor-col-25 elementor-inner-column elementor-element elementor-element-2f0956b\" data-id=\"2f0956b\" data-element_type=\"column\" data-e-type=\"column\">\n\t\t\t<div class=\"elementor-widget-wrap elementor-element-populated\">\n\t\t\t\t\t\t<div class=\"elementor-element elementor-element-f30609d elementor-position-top elementor-widget elementor-widget-image-box\" data-id=\"f30609d\" data-element_type=\"widget\" data-e-type=\"widget\" data-widget_type=\"image-box.default\">\n\t\t\t\t<div class=\"elementor-widget-container\">\n\t\t\t\t\t<div class=\"elementor-image-box-wrapper\"><figure class=\"elementor-image-box-img\"><img decoding=\"async\" src=\"https:\/\/www.voltabelting.com\/wp-content\/uploads\/Transparent.svg\" class=\"attachment-full size-full wp-image-13047\" alt=\"\" \/><\/figure><div class=\"elementor-image-box-content\"><div class=\"elementor-image-box-title\">_<\/div><p class=\"elementor-image-box-description\">Un mat\u00e9riau transparent permettant une inspection digitale.   <\/p><\/div><\/div>\t\t\t\t<\/div>\n\t\t\t\t<\/div>\n\t\t\t\t\t<\/div>\n\t\t<\/div>\n\t\t\t\t\t<\/div>\n\t\t<\/section>\n\t\t\t\t\t<\/div>\n\t\t<\/div>\n\t\t\t\t\t<\/div>\n\t\t<\/section>\n\t\t\t\t<\/div>\n\t\t","protected":false},"excerpt":{"rendered":"<p>Les produits Volta sont adapt\u00e9s aux installations statiques o\u00f9 ils peuvent prot\u00e9ger les machines et produits. Les bandes peuvent \u00eatre ajout\u00e9es aux convoyeurs comme plinthes ou form\u00e9es en tabliers ou en rabats de distributeurs. Cela permet d\u2019\u00e9viter les lavages \u00e0 contre-courant de produit et d\u2019aider \u00e0 contenir les d\u00e9versements de produit sur les balances \u00e0 [&hellip;]<\/p>\n","protected":false},"author":569,"featured_media":0,"parent":12994,"menu_order":0,"comment_status":"closed","ping_status":"closed","template":"elementor_header_footer","meta":{"footnotes":""},"class_list":["post-13027","page","type-page","status-publish","hentry"],"yoast_head":"<!-- This site is optimized with the Yoast SEO plugin v27.1.1 - https:\/\/yoast.com\/product\/yoast-seo-wordpress\/ -->\n<title>Accessoires pour l\u2019agroalimentaire - Volta Belting<\/title>\n<meta name=\"robots\" content=\"index, follow, max-snippet:-1, max-image-preview:large, max-video-preview:-1\" \/>\n<link rel=\"canonical\" href=\"https:\/\/www.voltabelting.com\/fr\/solutions-par-type-dapplication\/food-grade-accessories\/\" \/>\n<meta property=\"og:locale\" content=\"fr_FR\" \/>\n<meta property=\"og:type\" content=\"article\" \/>\n<meta property=\"og:title\" content=\"Accessoires pour l\u2019agroalimentaire - Volta Belting\" \/>\n<meta property=\"og:description\" content=\"Les produits Volta sont adapt\u00e9s aux installations statiques o\u00f9 ils peuvent prot\u00e9ger les machines et produits. Les bandes peuvent \u00eatre ajout\u00e9es aux convoyeurs comme plinthes ou form\u00e9es en tabliers ou en rabats de distributeurs. Cela permet d\u2019\u00e9viter les lavages \u00e0 contre-courant de produit et d\u2019aider \u00e0 contenir les d\u00e9versements de produit sur les balances \u00e0 [&hellip;]\" \/>\n<meta property=\"og:url\" content=\"https:\/\/www.voltabelting.com\/fr\/solutions-par-type-dapplication\/food-grade-accessories\/\" \/>\n<meta property=\"og:site_name\" content=\"Volta Belting\" \/>\n<meta property=\"article:publisher\" content=\"https:\/\/www.facebook.com\/BeltingTechnology\/\" \/>\n<meta property=\"article:modified_time\" content=\"2024-12-22T11:03:07+00:00\" \/>\n<meta property=\"og:image\" content=\"https:\/\/www.voltabelting.com\/wp-content\/uploads\/Play-2.svg\" \/>\n<meta name=\"twitter:card\" content=\"summary_large_image\" \/>\n<meta name=\"twitter:label1\" content=\"Dur\u00e9e de lecture estim\u00e9e\" \/>\n\t<meta name=\"twitter:data1\" content=\"2 minutes\" \/>\n<script type=\"application\/ld+json\" class=\"yoast-schema-graph\">{\"@context\":\"https:\/\/schema.org\",\"@graph\":[{\"@type\":\"WebPage\",\"@id\":\"https:\/\/www.voltabelting.com\/fr\/solutions-par-type-dapplication\/food-grade-accessories\/\",\"url\":\"https:\/\/www.voltabelting.com\/fr\/solutions-par-type-dapplication\/food-grade-accessories\/\",\"name\":\"Accessoires pour l\u2019agroalimentaire - Volta Belting\",\"isPartOf\":{\"@id\":\"https:\/\/www.voltabelting.com\/fr\/#website\"},\"primaryImageOfPage\":{\"@id\":\"https:\/\/www.voltabelting.com\/fr\/solutions-par-type-dapplication\/food-grade-accessories\/#primaryimage\"},\"image\":{\"@id\":\"https:\/\/www.voltabelting.com\/fr\/solutions-par-type-dapplication\/food-grade-accessories\/#primaryimage\"},\"thumbnailUrl\":\"https:\/\/www.voltabelting.com\/wp-content\/uploads\/Play-2.svg\",\"datePublished\":\"2021-02-28T13:11:00+00:00\",\"dateModified\":\"2024-12-22T11:03:07+00:00\",\"breadcrumb\":{\"@id\":\"https:\/\/www.voltabelting.com\/fr\/solutions-par-type-dapplication\/food-grade-accessories\/#breadcrumb\"},\"inLanguage\":\"fr-FR\",\"potentialAction\":[{\"@type\":\"ReadAction\",\"target\":[\"https:\/\/www.voltabelting.com\/fr\/solutions-par-type-dapplication\/food-grade-accessories\/\"]}]},{\"@type\":\"ImageObject\",\"inLanguage\":\"fr-FR\",\"@id\":\"https:\/\/www.voltabelting.com\/fr\/solutions-par-type-dapplication\/food-grade-accessories\/#primaryimage\",\"url\":\"https:\/\/www.voltabelting.com\/wp-content\/uploads\/Play-2.svg\",\"contentUrl\":\"https:\/\/www.voltabelting.com\/wp-content\/uploads\/Play-2.svg\"},{\"@type\":\"BreadcrumbList\",\"@id\":\"https:\/\/www.voltabelting.com\/fr\/solutions-par-type-dapplication\/food-grade-accessories\/#breadcrumb\",\"itemListElement\":[{\"@type\":\"ListItem\",\"position\":1,\"name\":\"Home\",\"item\":\"https:\/\/www.voltabelting.com\/fr\/\"},{\"@type\":\"ListItem\",\"position\":2,\"name\":\"Solutions par type d\u2019application\",\"item\":\"https:\/\/www.voltabelting.com\/fr\/solutions-par-type-dapplication\/\"},{\"@type\":\"ListItem\",\"position\":3,\"name\":\"Accessoires pour l\u2019agroalimentaire\"}]},{\"@type\":\"WebSite\",\"@id\":\"https:\/\/www.voltabelting.com\/fr\/#website\",\"url\":\"https:\/\/www.voltabelting.com\/fr\/\",\"name\":\"Volta Belting\",\"description\":\"The next step in belting\",\"publisher\":{\"@id\":\"https:\/\/www.voltabelting.com\/fr\/#organization\"},\"alternateName\":\"Volta Belting\",\"potentialAction\":[{\"@type\":\"SearchAction\",\"target\":{\"@type\":\"EntryPoint\",\"urlTemplate\":\"https:\/\/www.voltabelting.com\/fr\/?s={search_term_string}\"},\"query-input\":{\"@type\":\"PropertyValueSpecification\",\"valueRequired\":true,\"valueName\":\"search_term_string\"}}],\"inLanguage\":\"fr-FR\"},{\"@type\":\"Organization\",\"@id\":\"https:\/\/www.voltabelting.com\/fr\/#organization\",\"name\":\"Volta Belting\",\"alternateName\":\"Volta Belting - The next step in belting\",\"url\":\"https:\/\/www.voltabelting.com\/fr\/\",\"logo\":{\"@type\":\"ImageObject\",\"inLanguage\":\"fr-FR\",\"@id\":\"https:\/\/www.voltabelting.com\/fr\/#\/schema\/logo\/image\/\",\"url\":\"https:\/\/www.voltabelting.com\/wp-content\/uploads\/Logo.svg\",\"contentUrl\":\"https:\/\/www.voltabelting.com\/wp-content\/uploads\/Logo.svg\",\"caption\":\"Volta Belting\"},\"image\":{\"@id\":\"https:\/\/www.voltabelting.com\/fr\/#\/schema\/logo\/image\/\"},\"sameAs\":[\"https:\/\/www.facebook.com\/BeltingTechnology\/\",\"https:\/\/www.instagram.com\/voltabelting\/\",\"https:\/\/www.linkedin.com\/company\/volta-belting-technology\/\",\"https:\/\/www.youtube.com\/user\/VOLTABELTING\"]}]}<\/script>\n<!-- \/ Yoast SEO plugin. -->","yoast_head_json":{"title":"Accessoires pour l\u2019agroalimentaire - Volta Belting","robots":{"index":"index","follow":"follow","max-snippet":"max-snippet:-1","max-image-preview":"max-image-preview:large","max-video-preview":"max-video-preview:-1"},"canonical":"https:\/\/www.voltabelting.com\/fr\/solutions-par-type-dapplication\/food-grade-accessories\/","og_locale":"fr_FR","og_type":"article","og_title":"Accessoires pour l\u2019agroalimentaire - Volta Belting","og_description":"Les produits Volta sont adapt\u00e9s aux installations statiques o\u00f9 ils peuvent prot\u00e9ger les machines et produits. Les bandes peuvent \u00eatre ajout\u00e9es aux convoyeurs comme plinthes ou form\u00e9es en tabliers ou en rabats de distributeurs. Cela permet d\u2019\u00e9viter les lavages \u00e0 contre-courant de produit et d\u2019aider \u00e0 contenir les d\u00e9versements de produit sur les balances \u00e0 [&hellip;]","og_url":"https:\/\/www.voltabelting.com\/fr\/solutions-par-type-dapplication\/food-grade-accessories\/","og_site_name":"Volta Belting","article_publisher":"https:\/\/www.facebook.com\/BeltingTechnology\/","article_modified_time":"2024-12-22T11:03:07+00:00","og_image":[{"url":"https:\/\/www.voltabelting.com\/wp-content\/uploads\/Play-2.svg","type":"","width":"","height":""}],"twitter_card":"summary_large_image","twitter_misc":{"Dur\u00e9e de lecture estim\u00e9e":"2 minutes"},"schema":{"@context":"https:\/\/schema.org","@graph":[{"@type":"WebPage","@id":"https:\/\/www.voltabelting.com\/fr\/solutions-par-type-dapplication\/food-grade-accessories\/","url":"https:\/\/www.voltabelting.com\/fr\/solutions-par-type-dapplication\/food-grade-accessories\/","name":"Accessoires pour l\u2019agroalimentaire - Volta Belting","isPartOf":{"@id":"https:\/\/www.voltabelting.com\/fr\/#website"},"primaryImageOfPage":{"@id":"https:\/\/www.voltabelting.com\/fr\/solutions-par-type-dapplication\/food-grade-accessories\/#primaryimage"},"image":{"@id":"https:\/\/www.voltabelting.com\/fr\/solutions-par-type-dapplication\/food-grade-accessories\/#primaryimage"},"thumbnailUrl":"https:\/\/www.voltabelting.com\/wp-content\/uploads\/Play-2.svg","datePublished":"2021-02-28T13:11:00+00:00","dateModified":"2024-12-22T11:03:07+00:00","breadcrumb":{"@id":"https:\/\/www.voltabelting.com\/fr\/solutions-par-type-dapplication\/food-grade-accessories\/#breadcrumb"},"inLanguage":"fr-FR","potentialAction":[{"@type":"ReadAction","target":["https:\/\/www.voltabelting.com\/fr\/solutions-par-type-dapplication\/food-grade-accessories\/"]}]},{"@type":"ImageObject","inLanguage":"fr-FR","@id":"https:\/\/www.voltabelting.com\/fr\/solutions-par-type-dapplication\/food-grade-accessories\/#primaryimage","url":"https:\/\/www.voltabelting.com\/wp-content\/uploads\/Play-2.svg","contentUrl":"https:\/\/www.voltabelting.com\/wp-content\/uploads\/Play-2.svg"},{"@type":"BreadcrumbList","@id":"https:\/\/www.voltabelting.com\/fr\/solutions-par-type-dapplication\/food-grade-accessories\/#breadcrumb","itemListElement":[{"@type":"ListItem","position":1,"name":"Home","item":"https:\/\/www.voltabelting.com\/fr\/"},{"@type":"ListItem","position":2,"name":"Solutions par type d\u2019application","item":"https:\/\/www.voltabelting.com\/fr\/solutions-par-type-dapplication\/"},{"@type":"ListItem","position":3,"name":"Accessoires pour l\u2019agroalimentaire"}]},{"@type":"WebSite","@id":"https:\/\/www.voltabelting.com\/fr\/#website","url":"https:\/\/www.voltabelting.com\/fr\/","name":"Volta Belting","description":"The next step in belting","publisher":{"@id":"https:\/\/www.voltabelting.com\/fr\/#organization"},"alternateName":"Volta Belting","potentialAction":[{"@type":"SearchAction","target":{"@type":"EntryPoint","urlTemplate":"https:\/\/www.voltabelting.com\/fr\/?s={search_term_string}"},"query-input":{"@type":"PropertyValueSpecification","valueRequired":true,"valueName":"search_term_string"}}],"inLanguage":"fr-FR"},{"@type":"Organization","@id":"https:\/\/www.voltabelting.com\/fr\/#organization","name":"Volta Belting","alternateName":"Volta Belting - The next step in belting","url":"https:\/\/www.voltabelting.com\/fr\/","logo":{"@type":"ImageObject","inLanguage":"fr-FR","@id":"https:\/\/www.voltabelting.com\/fr\/#\/schema\/logo\/image\/","url":"https:\/\/www.voltabelting.com\/wp-content\/uploads\/Logo.svg","contentUrl":"https:\/\/www.voltabelting.com\/wp-content\/uploads\/Logo.svg","caption":"Volta Belting"},"image":{"@id":"https:\/\/www.voltabelting.com\/fr\/#\/schema\/logo\/image\/"},"sameAs":["https:\/\/www.facebook.com\/BeltingTechnology\/","https:\/\/www.instagram.com\/voltabelting\/","https:\/\/www.linkedin.com\/company\/volta-belting-technology\/","https:\/\/www.youtube.com\/user\/VOLTABELTING"]}]}},"_links":{"self":[{"href":"https:\/\/www.voltabelting.com\/fr\/wp-json\/wp\/v2\/pages\/13027","targetHints":{"allow":["GET"]}}],"collection":[{"href":"https:\/\/www.voltabelting.com\/fr\/wp-json\/wp\/v2\/pages"}],"about":[{"href":"https:\/\/www.voltabelting.com\/fr\/wp-json\/wp\/v2\/types\/page"}],"author":[{"embeddable":true,"href":"https:\/\/www.voltabelting.com\/fr\/wp-json\/wp\/v2\/users\/569"}],"replies":[{"embeddable":true,"href":"https:\/\/www.voltabelting.com\/fr\/wp-json\/wp\/v2\/comments?post=13027"}],"version-history":[{"count":0,"href":"https:\/\/www.voltabelting.com\/fr\/wp-json\/wp\/v2\/pages\/13027\/revisions"}],"up":[{"embeddable":true,"href":"https:\/\/www.voltabelting.com\/fr\/wp-json\/wp\/v2\/pages\/12994"}],"wp:attachment":[{"href":"https:\/\/www.voltabelting.com\/fr\/wp-json\/wp\/v2\/media?parent=13027"}],"curies":[{"name":"wp","href":"https:\/\/api.w.org\/{rel}","templated":true}]}}