{"id":13071,"date":"2021-03-31T09:56:36","date_gmt":"2021-03-31T08:56:36","guid":{"rendered":"https:\/\/www.voltabelting.com\/solutions-by-application-type\/fabricated-timing-applications\/"},"modified":"2025-03-12T10:00:08","modified_gmt":"2025-03-12T10:00:08","slug":"special-fabrications","status":"publish","type":"page","link":"https:\/\/www.voltabelting.com\/fr\/solutions-par-type-dapplication\/special-fabrications\/","title":{"rendered":"Fabrications pour applications synchronis\u00e9es"},"content":{"rendered":"\t\t<div data-elementor-type=\"wp-page\" data-elementor-id=\"13071\" class=\"elementor elementor-13071 elementor-3107\" data-elementor-post-type=\"page\">\n\t\t\t\t\t\t<section class=\"elementor-section elementor-top-section elementor-element elementor-element-17055eb elementor-section-height-min-height elementor-section-items-stretch elementor-reverse-mobile elementor-section-boxed elementor-section-height-default\" data-id=\"17055eb\" data-element_type=\"section\" data-settings=\"{&quot;background_background&quot;:&quot;classic&quot;}\">\n\t\t\t\t\t\t\t<div class=\"elementor-background-overlay\"><\/div>\n\t\t\t\t\t\t\t<div class=\"elementor-container elementor-column-gap-no\">\n\t\t\t\t\t<div class=\"elementor-column elementor-col-50 elementor-top-column elementor-element elementor-element-189ebbd\" data-id=\"189ebbd\" data-element_type=\"column\" data-settings=\"{&quot;background_background&quot;:&quot;classic&quot;}\">\n\t\t\t<div class=\"elementor-widget-wrap elementor-element-populated\">\n\t\t\t\t\t\t<div class=\"elementor-element elementor-element-f286c1f elementor-hidden-phone elementor-widget elementor-widget-breadcrumbs\" data-id=\"f286c1f\" data-element_type=\"widget\" data-widget_type=\"breadcrumbs.default\">\n\t\t\t\t<div class=\"elementor-widget-container\">\n\t\t\t\t\t<p id=\"breadcrumbs\"><span><span><a href=\"https:\/\/www.voltabelting.com\/fr\/\">Home<\/a><\/span><\/span><\/p>\t\t\t\t<\/div>\n\t\t\t\t<\/div>\n\t\t\t\t<div class=\"elementor-element elementor-element-9a89143 elementor-widget__width-initial elementor-widget elementor-widget-heading\" data-id=\"9a89143\" data-element_type=\"widget\" data-widget_type=\"heading.default\">\n\t\t\t\t<div class=\"elementor-widget-container\">\n\t\t\t\t\t<h1 class=\"elementor-heading-title elementor-size-default\">Fabrications<\/h1>\t\t\t\t<\/div>\n\t\t\t\t<\/div>\n\t\t\t\t<div class=\"elementor-element elementor-element-d5b8afa elementor-widget__width-initial elementor-widget elementor-widget-text-editor\" data-id=\"d5b8afa\" data-element_type=\"widget\" data-widget_type=\"text-editor.default\">\n\t\t\t\t<div class=\"elementor-widget-container\">\n\t\t\t\t\t\t\t\t\t<p>Les bandes transporteuses dent\u00e9es \u00e0 bouts libres constituent un choix parfait pour les applications n\u00e9cessitant un grand degr\u00e9 de flexibilit\u00e9 pour le transport synchrone et le positionnement lin\u00e9aire. Volta fabrique des bandes transporteuses dent\u00e9es lin\u00e9aires dans une vari\u00e9t\u00e9 de dents, de pas et de longueurs. La composition du mat\u00e9riau TPE offre un niveau d\u2019usure sup\u00e9rieur, il est r\u00e9sistant \u00e0 l\u2019abrasion et facilement fabriqu\u00e9.<\/p>\t\t\t\t\t\t\t\t<\/div>\n\t\t\t\t<\/div>\n\t\t\t\t<div class=\"elementor-element elementor-element-76b280a elementor-widget elementor-widget-button\" data-id=\"76b280a\" data-element_type=\"widget\" data-widget_type=\"button.default\">\n\t\t\t\t<div class=\"elementor-widget-container\">\n\t\t\t\t\t\t\t\t\t<div class=\"elementor-button-wrapper\">\n\t\t\t\t\t<a class=\"elementor-button elementor-button-link elementor-size-sm\" href=\"https:\/\/www.voltabelting.com\/wp-content\/uploads\/Fabrication_CAT500EN00-Ver.J.-February-2025.pdf\">\n\t\t\t\t\t\t<span class=\"elementor-button-content-wrapper\">\n\t\t\t\t\t\t\t\t\t<span class=\"elementor-button-text\">Fabrications <\/span>\n\t\t\t\t\t<\/span>\n\t\t\t\t\t<\/a>\n\t\t\t\t<\/div>\n\t\t\t\t\t\t\t\t<\/div>\n\t\t\t\t<\/div>\n\t\t\t\t\t<\/div>\n\t\t<\/div>\n\t\t\t\t<div class=\"elementor-column elementor-col-50 elementor-top-column elementor-element elementor-element-463535a\" data-id=\"463535a\" data-element_type=\"column\">\n\t\t\t<div class=\"elementor-widget-wrap elementor-element-populated\">\n\t\t\t\t\t\t<div class=\"elementor-element elementor-element-f7378d1 elementor-hidden-desktop elementor-hidden-tablet elementor-hidden-phone elementor-widget elementor-widget-image\" data-id=\"f7378d1\" data-element_type=\"widget\" data-widget_type=\"image.default\">\n\t\t\t\t<div class=\"elementor-widget-container\">\n\t\t\t\t\t\t\t\t\t\t\t\t\t\t\t\t<a href=\"#elementor-action%3Aaction%3Dlightbox%26settings%3DeyJ0eXBlIjoidmlkZW8iLCJ2aWRlb1R5cGUiOiJ5b3V0dWJlIiwidXJsIjoiaHR0cHM6XC9cL3d3dy55b3V0dWJlLmNvbVwvZW1iZWRcL19FLVBjVjBvaTcwP2ZlYXR1cmU9b2VtYmVkIn0%3D\">\n\t\t\t\t\t\t\t<img decoding=\"async\" src=\"https:\/\/www.voltabelting.com\/wp-content\/uploads\/Play-2.svg\" class=\"attachment-large size-large wp-image-1146\" alt=\"\" \/>\t\t\t\t\t\t\t\t<\/a>\n\t\t\t\t\t\t\t\t\t\t\t\t\t\t\t<\/div>\n\t\t\t\t<\/div>\n\t\t\t\t\t<\/div>\n\t\t<\/div>\n\t\t\t\t\t<\/div>\n\t\t<\/section>\n\t\t\t\t<section class=\"elementor-section elementor-top-section elementor-element elementor-element-e849590 elementor-section-height-min-height elementor-section-boxed elementor-section-height-default elementor-section-items-middle\" data-id=\"e849590\" data-element_type=\"section\">\n\t\t\t\t\t\t<div class=\"elementor-container elementor-column-gap-default\">\n\t\t\t\t\t<div class=\"elementor-column elementor-col-33 elementor-top-column elementor-element elementor-element-d8280a9 vbt-no-bg-mob\" data-id=\"d8280a9\" data-element_type=\"column\" data-settings=\"{&quot;background_background&quot;:&quot;classic&quot;}\">\n\t\t\t<div class=\"elementor-widget-wrap elementor-element-populated\">\n\t\t\t\t\t\t<div class=\"elementor-element elementor-element-6dd79d4 vbt-image-carousel vbt-image-carousel--left elementor-pagination-position-inside elementor-arrows-position-inside elementor-widget elementor-widget-image-carousel\" data-id=\"6dd79d4\" data-element_type=\"widget\" data-settings=\"{&quot;slides_to_show&quot;:&quot;1&quot;,&quot;slides_to_show_tablet&quot;:&quot;1&quot;,&quot;effect&quot;:&quot;fade&quot;,&quot;navigation&quot;:&quot;both&quot;,&quot;autoplay&quot;:&quot;yes&quot;,&quot;pause_on_hover&quot;:&quot;yes&quot;,&quot;pause_on_interaction&quot;:&quot;yes&quot;,&quot;autoplay_speed&quot;:5000,&quot;infinite&quot;:&quot;yes&quot;,&quot;speed&quot;:500}\" data-widget_type=\"image-carousel.default\">\n\t\t\t\t<div class=\"elementor-widget-container\">\n\t\t\t\t\t\t\t<div class=\"elementor-image-carousel-wrapper swiper\" role=\"region\" aria-roledescription=\"carousel\" aria-label=\"Carrousel d\u2019images\" dir=\"ltr\">\n\t\t\t<div class=\"elementor-image-carousel swiper-wrapper swiper-image-stretch\" aria-live=\"off\">\n\t\t\t\t\t\t\t\t<div class=\"swiper-slide\" role=\"group\" aria-roledescription=\"slide\" aria-label=\"1 sur 4\"><figure class=\"swiper-slide-inner\"><img decoding=\"async\" class=\"swiper-slide-image\" src=\"https:\/\/www.voltabelting.com\/wp-content\/uploads\/UTR00.jpg\" alt=\"UTR00\" \/><\/figure><\/div><div class=\"swiper-slide\" role=\"group\" aria-roledescription=\"slide\" aria-label=\"2 sur 4\"><figure class=\"swiper-slide-inner\"><img decoding=\"async\" class=\"swiper-slide-image\" src=\"https:\/\/www.voltabelting.com\/wp-content\/uploads\/UTR01.jpg\" alt=\"UTR01\" \/><\/figure><\/div><div class=\"swiper-slide\" role=\"group\" aria-roledescription=\"slide\" aria-label=\"3 sur 4\"><figure class=\"swiper-slide-inner\"><img decoding=\"async\" class=\"swiper-slide-image\" src=\"https:\/\/www.voltabelting.com\/wp-content\/uploads\/UTR02.jpg\" alt=\"UTR02\" \/><\/figure><\/div><div class=\"swiper-slide\" role=\"group\" aria-roledescription=\"slide\" aria-label=\"4 sur 4\"><figure class=\"swiper-slide-inner\"><img decoding=\"async\" class=\"swiper-slide-image\" src=\"https:\/\/www.voltabelting.com\/wp-content\/uploads\/UTR03.jpg\" alt=\"UTR03\" \/><\/figure><\/div>\t\t\t<\/div>\n\t\t\t\t\t\t\t\t\t\t\t\t<div class=\"elementor-swiper-button elementor-swiper-button-prev\" role=\"button\" tabindex=\"0\">\n\t\t\t\t\t\t<i aria-hidden=\"true\" class=\"eicon-chevron-left\"><\/i>\t\t\t\t\t<\/div>\n\t\t\t\t\t<div class=\"elementor-swiper-button elementor-swiper-button-next\" role=\"button\" tabindex=\"0\">\n\t\t\t\t\t\t<i aria-hidden=\"true\" class=\"eicon-chevron-right\"><\/i>\t\t\t\t\t<\/div>\n\t\t\t\t\n\t\t\t\t\t\t\t\t\t<div class=\"swiper-pagination\"><\/div>\n\t\t\t\t\t\t\t\t\t<\/div>\n\t\t\t\t\t\t<\/div>\n\t\t\t\t<\/div>\n\t\t\t\t\t<\/div>\n\t\t<\/div>\n\t\t\t\t<div class=\"elementor-column elementor-col-33 elementor-top-column elementor-element elementor-element-6d5e83b\" data-id=\"6d5e83b\" data-element_type=\"column\">\n\t\t\t<div class=\"elementor-widget-wrap\">\n\t\t\t\t\t\t\t<\/div>\n\t\t<\/div>\n\t\t\t\t<div class=\"elementor-column elementor-col-33 elementor-top-column elementor-element elementor-element-26352ce\" data-id=\"26352ce\" data-element_type=\"column\">\n\t\t\t<div class=\"elementor-widget-wrap elementor-element-populated\">\n\t\t\t\t\t\t<div class=\"elementor-element elementor-element-7ae194a elementor-widget elementor-widget-heading\" data-id=\"7ae194a\" data-element_type=\"widget\" data-widget_type=\"heading.default\">\n\t\t\t\t<div class=\"elementor-widget-container\">\n\t\t\t\t\t<p class=\"elementor-heading-title elementor-size-default\">Chenilles pour robots terrestres sans pilote<\/p>\t\t\t\t<\/div>\n\t\t\t\t<\/div>\n\t\t\t\t<div class=\"elementor-element elementor-element-e6ce404 elementor-widget__width-initial elementor-widget elementor-widget-text-editor\" data-id=\"e6ce404\" data-element_type=\"widget\" data-widget_type=\"text-editor.default\">\n\t\t\t\t<div class=\"elementor-widget-container\">\n\t\t\t\t\t\t\t\t\t<p>Volta a d\u00e9velopp\u00e9 une ligne de production pour les chenilles utilis\u00e9es sur les robots terrestres sans pilote et les syst\u00e8mes de guidage autonomes utilis\u00e9s par l\u2019arm\u00e9e, la police et l\u2019agriculture. <\/p><p>Les rails sont fond\u00e9s sur le syst\u00e8me unique de bandes transporteuses thermoplastiques de Volta <\/p><p>Ils fonctionnent sur un engagement positif pour emp\u00eacher les glissements lorsque les demandes de couple peuvent d\u00e9passer l\u2019adh\u00e9rence d\u2019un mat\u00e9riau plat ordinaire. Certains mod\u00e8les sont \u00e9quip\u00e9s de palettes personnalis\u00e9es soud\u00e9es \u00e0 haute fr\u00e9quence sur le c\u00f4t\u00e9 ext\u00e9rieur, ce qui permet au v\u00e9hicule de rester stable sur un sol irr\u00e9gulier. <\/p><p>Nous sommes heureux d\u2019entreprendre des projets d\u2019ing\u00e9nierie de cette nature o\u00f9 l\u2019exp\u00e9rience combin\u00e9e de nos mat\u00e9riaux et notre savoir-faire m\u00e9canique se rencontre pour proposer des solutions avanc\u00e9es.<\/p>\t\t\t\t\t\t\t\t<\/div>\n\t\t\t\t<\/div>\n\t\t\t\t<div class=\"elementor-element elementor-element-e6fad2e elementor-widget elementor-widget-button\" data-id=\"e6fad2e\" data-element_type=\"widget\" data-widget_type=\"button.default\">\n\t\t\t\t<div class=\"elementor-widget-container\">\n\t\t\t\t\t\t\t\t\t<div class=\"elementor-button-wrapper\">\n\t\t\t\t\t<a class=\"elementor-button elementor-button-link elementor-size-sm\" href=\"https:\/\/voltabelting.com\/wp-content\/uploads\/Tracks-for-unmanned-vehicles-CAT000EN00-Ver.B-April-2020-min.pdf\">\n\t\t\t\t\t\t<span class=\"elementor-button-content-wrapper\">\n\t\t\t\t\t\t\t\t\t<span class=\"elementor-button-text\">Bandes pour robots terrestres sans pilote<\/span>\n\t\t\t\t\t<\/span>\n\t\t\t\t\t<\/a>\n\t\t\t\t<\/div>\n\t\t\t\t\t\t\t\t<\/div>\n\t\t\t\t<\/div>\n\t\t\t\t\t<\/div>\n\t\t<\/div>\n\t\t\t\t\t<\/div>\n\t\t<\/section>\n\t\t\t\t<\/div>\n\t\t","protected":false},"excerpt":{"rendered":"<p>Fabrications Les bandes transporteuses dent\u00e9es \u00e0 bouts libres constituent un choix parfait pour les applications n\u00e9cessitant un grand degr\u00e9 de flexibilit\u00e9 pour le transport synchrone et le positionnement lin\u00e9aire. Volta fabrique des bandes transporteuses dent\u00e9es lin\u00e9aires dans une vari\u00e9t\u00e9 de dents, de pas et de longueurs. La composition du mat\u00e9riau TPE offre un niveau d\u2019usure [&hellip;]<\/p>\n","protected":false},"author":5,"featured_media":0,"parent":12994,"menu_order":0,"comment_status":"closed","ping_status":"closed","template":"elementor_header_footer","meta":{"footnotes":""},"class_list":["post-13071","page","type-page","status-publish","hentry"],"yoast_head":"<!-- This site is optimized with the Yoast SEO plugin v26.0 - https:\/\/yoast.com\/wordpress\/plugins\/seo\/ -->\n<title>Fabrications pour applications synchronis\u00e9es - Volta Belting<\/title>\n<meta name=\"robots\" content=\"index, follow, max-snippet:-1, max-image-preview:large, max-video-preview:-1\" \/>\n<link rel=\"canonical\" href=\"https:\/\/www.voltabelting.com\/fr\/solutions-par-type-dapplication\/special-fabrications\/\" \/>\n<meta property=\"og:locale\" content=\"fr_FR\" \/>\n<meta property=\"og:type\" content=\"article\" \/>\n<meta property=\"og:title\" content=\"Fabrications pour applications synchronis\u00e9es - Volta Belting\" \/>\n<meta property=\"og:description\" content=\"Fabrications Les bandes transporteuses dent\u00e9es \u00e0 bouts libres constituent un choix parfait pour les applications n\u00e9cessitant un grand degr\u00e9 de flexibilit\u00e9 pour le transport synchrone et le positionnement lin\u00e9aire. Volta fabrique des bandes transporteuses dent\u00e9es lin\u00e9aires dans une vari\u00e9t\u00e9 de dents, de pas et de longueurs. La composition du mat\u00e9riau TPE offre un niveau d\u2019usure [&hellip;]\" \/>\n<meta property=\"og:url\" content=\"https:\/\/www.voltabelting.com\/fr\/solutions-par-type-dapplication\/special-fabrications\/\" \/>\n<meta property=\"og:site_name\" content=\"Volta Belting\" \/>\n<meta property=\"article:publisher\" content=\"https:\/\/www.facebook.com\/BeltingTechnology\/\" \/>\n<meta property=\"article:modified_time\" content=\"2025-03-12T10:00:08+00:00\" \/>\n<meta property=\"og:image\" content=\"https:\/\/www.voltabelting.com\/wp-content\/uploads\/Play-2.svg\" \/>\n<meta name=\"twitter:card\" content=\"summary_large_image\" \/>\n<meta name=\"twitter:label1\" content=\"Dur\u00e9e de lecture estim\u00e9e\" \/>\n\t<meta name=\"twitter:data1\" content=\"2 minutes\" \/>\n<script type=\"application\/ld+json\" class=\"yoast-schema-graph\">{\"@context\":\"https:\/\/schema.org\",\"@graph\":[{\"@type\":\"WebPage\",\"@id\":\"https:\/\/www.voltabelting.com\/fr\/solutions-par-type-dapplication\/special-fabrications\/\",\"url\":\"https:\/\/www.voltabelting.com\/fr\/solutions-par-type-dapplication\/special-fabrications\/\",\"name\":\"Fabrications pour applications synchronis\u00e9es - Volta Belting\",\"isPartOf\":{\"@id\":\"https:\/\/www.voltabelting.com\/fr\/#website\"},\"primaryImageOfPage\":{\"@id\":\"https:\/\/www.voltabelting.com\/fr\/solutions-par-type-dapplication\/special-fabrications\/#primaryimage\"},\"image\":{\"@id\":\"https:\/\/www.voltabelting.com\/fr\/solutions-par-type-dapplication\/special-fabrications\/#primaryimage\"},\"thumbnailUrl\":\"https:\/\/www.voltabelting.com\/wp-content\/uploads\/Play-2.svg\",\"datePublished\":\"2021-03-31T08:56:36+00:00\",\"dateModified\":\"2025-03-12T10:00:08+00:00\",\"breadcrumb\":{\"@id\":\"https:\/\/www.voltabelting.com\/fr\/solutions-par-type-dapplication\/special-fabrications\/#breadcrumb\"},\"inLanguage\":\"fr-FR\",\"potentialAction\":[{\"@type\":\"ReadAction\",\"target\":[\"https:\/\/www.voltabelting.com\/fr\/solutions-par-type-dapplication\/special-fabrications\/\"]}]},{\"@type\":\"ImageObject\",\"inLanguage\":\"fr-FR\",\"@id\":\"https:\/\/www.voltabelting.com\/fr\/solutions-par-type-dapplication\/special-fabrications\/#primaryimage\",\"url\":\"https:\/\/www.voltabelting.com\/wp-content\/uploads\/Play-2.svg\",\"contentUrl\":\"https:\/\/www.voltabelting.com\/wp-content\/uploads\/Play-2.svg\"},{\"@type\":\"BreadcrumbList\",\"@id\":\"https:\/\/www.voltabelting.com\/fr\/solutions-par-type-dapplication\/special-fabrications\/#breadcrumb\",\"itemListElement\":[{\"@type\":\"ListItem\",\"position\":1,\"name\":\"Home\",\"item\":\"https:\/\/www.voltabelting.com\/fr\/\"},{\"@type\":\"ListItem\",\"position\":2,\"name\":\"Solutions par type d\u2019application\",\"item\":\"https:\/\/www.voltabelting.com\/fr\/solutions-par-type-dapplication\/\"},{\"@type\":\"ListItem\",\"position\":3,\"name\":\"Fabrications pour applications synchronis\u00e9es\"}]},{\"@type\":\"WebSite\",\"@id\":\"https:\/\/www.voltabelting.com\/fr\/#website\",\"url\":\"https:\/\/www.voltabelting.com\/fr\/\",\"name\":\"Volta Belting\",\"description\":\"The next step in belting\",\"publisher\":{\"@id\":\"https:\/\/www.voltabelting.com\/fr\/#organization\"},\"alternateName\":\"Volta Belting\",\"potentialAction\":[{\"@type\":\"SearchAction\",\"target\":{\"@type\":\"EntryPoint\",\"urlTemplate\":\"https:\/\/www.voltabelting.com\/fr\/?s={search_term_string}\"},\"query-input\":{\"@type\":\"PropertyValueSpecification\",\"valueRequired\":true,\"valueName\":\"search_term_string\"}}],\"inLanguage\":\"fr-FR\"},{\"@type\":\"Organization\",\"@id\":\"https:\/\/www.voltabelting.com\/fr\/#organization\",\"name\":\"Volta Belting\",\"alternateName\":\"Volta Belting - The next step in belting\",\"url\":\"https:\/\/www.voltabelting.com\/fr\/\",\"logo\":{\"@type\":\"ImageObject\",\"inLanguage\":\"fr-FR\",\"@id\":\"https:\/\/www.voltabelting.com\/fr\/#\/schema\/logo\/image\/\",\"url\":\"https:\/\/www.voltabelting.com\/wp-content\/uploads\/Logo.svg\",\"contentUrl\":\"https:\/\/www.voltabelting.com\/wp-content\/uploads\/Logo.svg\",\"caption\":\"Volta Belting\"},\"image\":{\"@id\":\"https:\/\/www.voltabelting.com\/fr\/#\/schema\/logo\/image\/\"},\"sameAs\":[\"https:\/\/www.facebook.com\/BeltingTechnology\/\",\"https:\/\/www.instagram.com\/voltabelting\/\",\"https:\/\/www.linkedin.com\/company\/volta-belting-technology\/\",\"https:\/\/www.youtube.com\/user\/VOLTABELTING\"]}]}<\/script>\n<!-- \/ Yoast SEO plugin. -->","yoast_head_json":{"title":"Fabrications pour applications synchronis\u00e9es - Volta Belting","robots":{"index":"index","follow":"follow","max-snippet":"max-snippet:-1","max-image-preview":"max-image-preview:large","max-video-preview":"max-video-preview:-1"},"canonical":"https:\/\/www.voltabelting.com\/fr\/solutions-par-type-dapplication\/special-fabrications\/","og_locale":"fr_FR","og_type":"article","og_title":"Fabrications pour applications synchronis\u00e9es - Volta Belting","og_description":"Fabrications Les bandes transporteuses dent\u00e9es \u00e0 bouts libres constituent un choix parfait pour les applications n\u00e9cessitant un grand degr\u00e9 de flexibilit\u00e9 pour le transport synchrone et le positionnement lin\u00e9aire. Volta fabrique des bandes transporteuses dent\u00e9es lin\u00e9aires dans une vari\u00e9t\u00e9 de dents, de pas et de longueurs. La composition du mat\u00e9riau TPE offre un niveau d\u2019usure [&hellip;]","og_url":"https:\/\/www.voltabelting.com\/fr\/solutions-par-type-dapplication\/special-fabrications\/","og_site_name":"Volta Belting","article_publisher":"https:\/\/www.facebook.com\/BeltingTechnology\/","article_modified_time":"2025-03-12T10:00:08+00:00","og_image":[{"url":"https:\/\/www.voltabelting.com\/wp-content\/uploads\/Play-2.svg","type":"","width":"","height":""}],"twitter_card":"summary_large_image","twitter_misc":{"Dur\u00e9e de lecture estim\u00e9e":"2 minutes"},"schema":{"@context":"https:\/\/schema.org","@graph":[{"@type":"WebPage","@id":"https:\/\/www.voltabelting.com\/fr\/solutions-par-type-dapplication\/special-fabrications\/","url":"https:\/\/www.voltabelting.com\/fr\/solutions-par-type-dapplication\/special-fabrications\/","name":"Fabrications pour applications synchronis\u00e9es - Volta Belting","isPartOf":{"@id":"https:\/\/www.voltabelting.com\/fr\/#website"},"primaryImageOfPage":{"@id":"https:\/\/www.voltabelting.com\/fr\/solutions-par-type-dapplication\/special-fabrications\/#primaryimage"},"image":{"@id":"https:\/\/www.voltabelting.com\/fr\/solutions-par-type-dapplication\/special-fabrications\/#primaryimage"},"thumbnailUrl":"https:\/\/www.voltabelting.com\/wp-content\/uploads\/Play-2.svg","datePublished":"2021-03-31T08:56:36+00:00","dateModified":"2025-03-12T10:00:08+00:00","breadcrumb":{"@id":"https:\/\/www.voltabelting.com\/fr\/solutions-par-type-dapplication\/special-fabrications\/#breadcrumb"},"inLanguage":"fr-FR","potentialAction":[{"@type":"ReadAction","target":["https:\/\/www.voltabelting.com\/fr\/solutions-par-type-dapplication\/special-fabrications\/"]}]},{"@type":"ImageObject","inLanguage":"fr-FR","@id":"https:\/\/www.voltabelting.com\/fr\/solutions-par-type-dapplication\/special-fabrications\/#primaryimage","url":"https:\/\/www.voltabelting.com\/wp-content\/uploads\/Play-2.svg","contentUrl":"https:\/\/www.voltabelting.com\/wp-content\/uploads\/Play-2.svg"},{"@type":"BreadcrumbList","@id":"https:\/\/www.voltabelting.com\/fr\/solutions-par-type-dapplication\/special-fabrications\/#breadcrumb","itemListElement":[{"@type":"ListItem","position":1,"name":"Home","item":"https:\/\/www.voltabelting.com\/fr\/"},{"@type":"ListItem","position":2,"name":"Solutions par type d\u2019application","item":"https:\/\/www.voltabelting.com\/fr\/solutions-par-type-dapplication\/"},{"@type":"ListItem","position":3,"name":"Fabrications pour applications synchronis\u00e9es"}]},{"@type":"WebSite","@id":"https:\/\/www.voltabelting.com\/fr\/#website","url":"https:\/\/www.voltabelting.com\/fr\/","name":"Volta Belting","description":"The next step in belting","publisher":{"@id":"https:\/\/www.voltabelting.com\/fr\/#organization"},"alternateName":"Volta Belting","potentialAction":[{"@type":"SearchAction","target":{"@type":"EntryPoint","urlTemplate":"https:\/\/www.voltabelting.com\/fr\/?s={search_term_string}"},"query-input":{"@type":"PropertyValueSpecification","valueRequired":true,"valueName":"search_term_string"}}],"inLanguage":"fr-FR"},{"@type":"Organization","@id":"https:\/\/www.voltabelting.com\/fr\/#organization","name":"Volta Belting","alternateName":"Volta Belting - The next step in belting","url":"https:\/\/www.voltabelting.com\/fr\/","logo":{"@type":"ImageObject","inLanguage":"fr-FR","@id":"https:\/\/www.voltabelting.com\/fr\/#\/schema\/logo\/image\/","url":"https:\/\/www.voltabelting.com\/wp-content\/uploads\/Logo.svg","contentUrl":"https:\/\/www.voltabelting.com\/wp-content\/uploads\/Logo.svg","caption":"Volta Belting"},"image":{"@id":"https:\/\/www.voltabelting.com\/fr\/#\/schema\/logo\/image\/"},"sameAs":["https:\/\/www.facebook.com\/BeltingTechnology\/","https:\/\/www.instagram.com\/voltabelting\/","https:\/\/www.linkedin.com\/company\/volta-belting-technology\/","https:\/\/www.youtube.com\/user\/VOLTABELTING"]}]}},"_links":{"self":[{"href":"https:\/\/www.voltabelting.com\/fr\/wp-json\/wp\/v2\/pages\/13071","targetHints":{"allow":["GET"]}}],"collection":[{"href":"https:\/\/www.voltabelting.com\/fr\/wp-json\/wp\/v2\/pages"}],"about":[{"href":"https:\/\/www.voltabelting.com\/fr\/wp-json\/wp\/v2\/types\/page"}],"author":[{"embeddable":true,"href":"https:\/\/www.voltabelting.com\/fr\/wp-json\/wp\/v2\/users\/5"}],"replies":[{"embeddable":true,"href":"https:\/\/www.voltabelting.com\/fr\/wp-json\/wp\/v2\/comments?post=13071"}],"version-history":[{"count":0,"href":"https:\/\/www.voltabelting.com\/fr\/wp-json\/wp\/v2\/pages\/13071\/revisions"}],"up":[{"embeddable":true,"href":"https:\/\/www.voltabelting.com\/fr\/wp-json\/wp\/v2\/pages\/12994"}],"wp:attachment":[{"href":"https:\/\/www.voltabelting.com\/fr\/wp-json\/wp\/v2\/media?parent=13071"}],"curies":[{"name":"wp","href":"https:\/\/api.w.org\/{rel}","templated":true}]}}