{"id":14169,"date":"2021-03-18T13:29:49","date_gmt":"2021-03-18T13:29:49","guid":{"rendered":"https:\/\/www.voltabelting.com\/terms-of-use\/"},"modified":"2024-03-10T12:03:12","modified_gmt":"2024-03-10T12:03:12","slug":"terms-of-use","status":"publish","type":"page","link":"https:\/\/www.voltabelting.com\/fr\/terms-of-use\/","title":{"rendered":"Clause de non-responsabilit\u00e9 et conditions d\u2019utilisation"},"content":{"rendered":"\t\t<div data-elementor-type=\"wp-page\" data-elementor-id=\"14169\" class=\"elementor elementor-14169 elementor-2429\" data-elementor-post-type=\"page\">\n\t\t\t\t\t\t<section class=\"elementor-section elementor-top-section elementor-element elementor-element-6569f63 elementor-section-boxed elementor-section-height-default elementor-section-height-default\" data-id=\"6569f63\" data-element_type=\"section\">\n\t\t\t\t\t\t<div class=\"elementor-container elementor-column-gap-default\">\n\t\t\t\t\t<div class=\"elementor-column elementor-col-100 elementor-top-column elementor-element elementor-element-2263f3b\" data-id=\"2263f3b\" data-element_type=\"column\">\n\t\t\t<div class=\"elementor-widget-wrap elementor-element-populated\">\n\t\t\t\t\t\t<div class=\"elementor-element elementor-element-2167511 elementor-widget elementor-widget-heading\" data-id=\"2167511\" data-element_type=\"widget\" data-widget_type=\"heading.default\">\n\t\t\t\t<div class=\"elementor-widget-container\">\n\t\t\t\t\t<h1 class=\"elementor-heading-title elementor-size-default\">Clause de non-responsabilit\u00e9 et conditions d\u2019utilisation<\/h1>\t\t\t\t<\/div>\n\t\t\t\t<\/div>\n\t\t\t\t<div class=\"elementor-element elementor-element-9a104db elementor-widget elementor-widget-text-editor\" data-id=\"9a104db\" data-element_type=\"widget\" data-widget_type=\"text-editor.default\">\n\t\t\t\t<div class=\"elementor-widget-container\">\n\t\t\t\t\t\t\t\t\t<p>Le contenu de ce site Web est uniquement fourni dans le cadre d\u2019une d\u00e9marche marketing et \u00e0 titre informatif, il est destin\u00e9 \u00e0 aider nos clients. L\u2019information est cens\u00e9e \u00eatre exacte et \u00e0 jour au moment de sa publication. Volta Belting Technology Ltd. ne fait aucune d\u00e9claration et ne donne aucune garantie quant \u00e0 l\u2019exhaustivit\u00e9 ou \u00e0 l\u2019exactitude de ces informations et n\u2019est pas tenue de corriger ou de mettre \u00e0 jour les informations figurant sur ledit site..\u202c\u202c\u202c\u202c\u202c\u202c\u202c\u202c\u202c\u202c\u202c\u202c\u202c\u202c\u202c\u202c\u202c\u202c\u202c\u202c\u202c\u202c\u202c\u202c\u202c\u202c\u202c\u202c\u202c\u202c\u202c\u202c\u202c\u202c\u202c\u202c\u202c\u202c\u202c\u202c\u202c\u202c\u202c\u202c<\/p><p>Volta Belting Technology n\u2019est en aucun cas responsable de tout type de dommages r\u00e9sultant de l\u2019utilisation ou de la confiance accord\u00e9e aux informations de ce site Web, ou au(x) produit(s) auquel(s) ces informations font r\u00e9f\u00e9rence.<\/p><p>Les informations figurant sur ce site et dans les documents de l\u2019entreprise disponibles sous forme de fichiers t\u00e9l\u00e9chargeables sont la propri\u00e9t\u00e9 de Volta Belting Technology Ltd. et ne peuvent \u00eatre copi\u00e9es, reproduites ou distribu\u00e9es de quelque mani\u00e8re que ce soit sans l\u2019autorisation \u00e9crite expresse de Volta Belting Technology Ltd.<\/p>\t\t\t\t\t\t\t\t<\/div>\n\t\t\t\t<\/div>\n\t\t\t\t\t<\/div>\n\t\t<\/div>\n\t\t\t\t\t<\/div>\n\t\t<\/section>\n\t\t\t\t<\/div>\n\t\t","protected":false},"excerpt":{"rendered":"<p>Clause de non-responsabilit\u00e9 et conditions d\u2019utilisation Le contenu de ce site Web est uniquement fourni dans le cadre d\u2019une d\u00e9marche marketing et \u00e0 titre informatif, il est destin\u00e9 \u00e0 aider nos clients. L\u2019information est cens\u00e9e \u00eatre exacte et \u00e0 jour au moment de sa publication. Volta Belting Technology Ltd. ne fait aucune d\u00e9claration et ne [&hellip;]<\/p>\n","protected":false},"author":5,"featured_media":0,"parent":0,"menu_order":0,"comment_status":"closed","ping_status":"closed","template":"elementor_header_footer","meta":{"footnotes":""},"class_list":["post-14169","page","type-page","status-publish","hentry"],"yoast_head":"<!-- This site is optimized with the Yoast SEO plugin v26.0 - https:\/\/yoast.com\/wordpress\/plugins\/seo\/ -->\n<title>Website Disclaimer: User Agreement - Volta Belting<\/title>\n<meta name=\"description\" content=\"&quot;Volta Belting&#039;s terms offer assistance without liability; reproduction needs written consent.&quot;\" \/>\n<meta name=\"robots\" content=\"index, follow, max-snippet:-1, max-image-preview:large, max-video-preview:-1\" \/>\n<link rel=\"canonical\" href=\"https:\/\/www.voltabelting.com\/fr\/terms-of-use\/\" \/>\n<meta property=\"og:locale\" content=\"fr_FR\" \/>\n<meta property=\"og:type\" content=\"article\" \/>\n<meta property=\"og:title\" content=\"Website Disclaimer: User Agreement - Volta Belting\" \/>\n<meta property=\"og:description\" content=\"&quot;Volta Belting&#039;s terms offer assistance without liability; reproduction needs written consent.&quot;\" \/>\n<meta property=\"og:url\" content=\"https:\/\/www.voltabelting.com\/fr\/terms-of-use\/\" \/>\n<meta property=\"og:site_name\" content=\"Volta Belting\" \/>\n<meta property=\"article:publisher\" content=\"https:\/\/www.facebook.com\/BeltingTechnology\/\" \/>\n<meta property=\"article:modified_time\" content=\"2024-03-10T12:03:12+00:00\" \/>\n<meta property=\"og:image\" content=\"https:\/\/www.voltabelting.com\/wp-content\/uploads\/Volta-Belting.jpg\" \/>\n\t<meta property=\"og:image:width\" content=\"1080\" \/>\n\t<meta property=\"og:image:height\" content=\"1080\" \/>\n\t<meta property=\"og:image:type\" content=\"image\/jpeg\" \/>\n<meta name=\"twitter:card\" content=\"summary_large_image\" \/>\n<meta name=\"twitter:label1\" content=\"Dur\u00e9e de lecture estim\u00e9e\" \/>\n\t<meta name=\"twitter:data1\" content=\"1 minute\" \/>\n<script type=\"application\/ld+json\" class=\"yoast-schema-graph\">{\"@context\":\"https:\/\/schema.org\",\"@graph\":[{\"@type\":\"WebPage\",\"@id\":\"https:\/\/www.voltabelting.com\/fr\/terms-of-use\/\",\"url\":\"https:\/\/www.voltabelting.com\/fr\/terms-of-use\/\",\"name\":\"Website Disclaimer: User Agreement - Volta Belting\",\"isPartOf\":{\"@id\":\"https:\/\/www.voltabelting.com\/fr\/#website\"},\"datePublished\":\"2021-03-18T13:29:49+00:00\",\"dateModified\":\"2024-03-10T12:03:12+00:00\",\"description\":\"\\\"Volta Belting's terms offer assistance without liability; reproduction needs written consent.\\\"\",\"breadcrumb\":{\"@id\":\"https:\/\/www.voltabelting.com\/fr\/terms-of-use\/#breadcrumb\"},\"inLanguage\":\"fr-FR\",\"potentialAction\":[{\"@type\":\"ReadAction\",\"target\":[\"https:\/\/www.voltabelting.com\/fr\/terms-of-use\/\"]}]},{\"@type\":\"BreadcrumbList\",\"@id\":\"https:\/\/www.voltabelting.com\/fr\/terms-of-use\/#breadcrumb\",\"itemListElement\":[{\"@type\":\"ListItem\",\"position\":1,\"name\":\"Home\",\"item\":\"https:\/\/www.voltabelting.com\/fr\/\"},{\"@type\":\"ListItem\",\"position\":2,\"name\":\"Clause de non-responsabilit\u00e9 et conditions d\u2019utilisation\"}]},{\"@type\":\"WebSite\",\"@id\":\"https:\/\/www.voltabelting.com\/fr\/#website\",\"url\":\"https:\/\/www.voltabelting.com\/fr\/\",\"name\":\"Volta Belting\",\"description\":\"The next step in belting\",\"publisher\":{\"@id\":\"https:\/\/www.voltabelting.com\/fr\/#organization\"},\"alternateName\":\"Volta Belting\",\"potentialAction\":[{\"@type\":\"SearchAction\",\"target\":{\"@type\":\"EntryPoint\",\"urlTemplate\":\"https:\/\/www.voltabelting.com\/fr\/?s={search_term_string}\"},\"query-input\":{\"@type\":\"PropertyValueSpecification\",\"valueRequired\":true,\"valueName\":\"search_term_string\"}}],\"inLanguage\":\"fr-FR\"},{\"@type\":\"Organization\",\"@id\":\"https:\/\/www.voltabelting.com\/fr\/#organization\",\"name\":\"Volta Belting\",\"alternateName\":\"Volta Belting - The next step in belting\",\"url\":\"https:\/\/www.voltabelting.com\/fr\/\",\"logo\":{\"@type\":\"ImageObject\",\"inLanguage\":\"fr-FR\",\"@id\":\"https:\/\/www.voltabelting.com\/fr\/#\/schema\/logo\/image\/\",\"url\":\"https:\/\/www.voltabelting.com\/wp-content\/uploads\/Logo.svg\",\"contentUrl\":\"https:\/\/www.voltabelting.com\/wp-content\/uploads\/Logo.svg\",\"caption\":\"Volta Belting\"},\"image\":{\"@id\":\"https:\/\/www.voltabelting.com\/fr\/#\/schema\/logo\/image\/\"},\"sameAs\":[\"https:\/\/www.facebook.com\/BeltingTechnology\/\",\"https:\/\/www.instagram.com\/voltabelting\/\",\"https:\/\/www.linkedin.com\/company\/volta-belting-technology\/\",\"https:\/\/www.youtube.com\/user\/VOLTABELTING\"]}]}<\/script>\n<!-- \/ Yoast SEO plugin. -->","yoast_head_json":{"title":"Website Disclaimer: User Agreement - Volta Belting","description":"\"Volta Belting's terms offer assistance without liability; reproduction needs written consent.\"","robots":{"index":"index","follow":"follow","max-snippet":"max-snippet:-1","max-image-preview":"max-image-preview:large","max-video-preview":"max-video-preview:-1"},"canonical":"https:\/\/www.voltabelting.com\/fr\/terms-of-use\/","og_locale":"fr_FR","og_type":"article","og_title":"Website Disclaimer: User Agreement - Volta Belting","og_description":"\"Volta Belting's terms offer assistance without liability; reproduction needs written consent.\"","og_url":"https:\/\/www.voltabelting.com\/fr\/terms-of-use\/","og_site_name":"Volta Belting","article_publisher":"https:\/\/www.facebook.com\/BeltingTechnology\/","article_modified_time":"2024-03-10T12:03:12+00:00","og_image":[{"width":1080,"height":1080,"url":"https:\/\/www.voltabelting.com\/wp-content\/uploads\/Volta-Belting.jpg","type":"image\/jpeg"}],"twitter_card":"summary_large_image","twitter_misc":{"Dur\u00e9e de lecture estim\u00e9e":"1 minute"},"schema":{"@context":"https:\/\/schema.org","@graph":[{"@type":"WebPage","@id":"https:\/\/www.voltabelting.com\/fr\/terms-of-use\/","url":"https:\/\/www.voltabelting.com\/fr\/terms-of-use\/","name":"Website Disclaimer: User Agreement - Volta Belting","isPartOf":{"@id":"https:\/\/www.voltabelting.com\/fr\/#website"},"datePublished":"2021-03-18T13:29:49+00:00","dateModified":"2024-03-10T12:03:12+00:00","description":"\"Volta Belting's terms offer assistance without liability; reproduction needs written consent.\"","breadcrumb":{"@id":"https:\/\/www.voltabelting.com\/fr\/terms-of-use\/#breadcrumb"},"inLanguage":"fr-FR","potentialAction":[{"@type":"ReadAction","target":["https:\/\/www.voltabelting.com\/fr\/terms-of-use\/"]}]},{"@type":"BreadcrumbList","@id":"https:\/\/www.voltabelting.com\/fr\/terms-of-use\/#breadcrumb","itemListElement":[{"@type":"ListItem","position":1,"name":"Home","item":"https:\/\/www.voltabelting.com\/fr\/"},{"@type":"ListItem","position":2,"name":"Clause de non-responsabilit\u00e9 et conditions d\u2019utilisation"}]},{"@type":"WebSite","@id":"https:\/\/www.voltabelting.com\/fr\/#website","url":"https:\/\/www.voltabelting.com\/fr\/","name":"Volta Belting","description":"The next step in belting","publisher":{"@id":"https:\/\/www.voltabelting.com\/fr\/#organization"},"alternateName":"Volta Belting","potentialAction":[{"@type":"SearchAction","target":{"@type":"EntryPoint","urlTemplate":"https:\/\/www.voltabelting.com\/fr\/?s={search_term_string}"},"query-input":{"@type":"PropertyValueSpecification","valueRequired":true,"valueName":"search_term_string"}}],"inLanguage":"fr-FR"},{"@type":"Organization","@id":"https:\/\/www.voltabelting.com\/fr\/#organization","name":"Volta Belting","alternateName":"Volta Belting - The next step in belting","url":"https:\/\/www.voltabelting.com\/fr\/","logo":{"@type":"ImageObject","inLanguage":"fr-FR","@id":"https:\/\/www.voltabelting.com\/fr\/#\/schema\/logo\/image\/","url":"https:\/\/www.voltabelting.com\/wp-content\/uploads\/Logo.svg","contentUrl":"https:\/\/www.voltabelting.com\/wp-content\/uploads\/Logo.svg","caption":"Volta Belting"},"image":{"@id":"https:\/\/www.voltabelting.com\/fr\/#\/schema\/logo\/image\/"},"sameAs":["https:\/\/www.facebook.com\/BeltingTechnology\/","https:\/\/www.instagram.com\/voltabelting\/","https:\/\/www.linkedin.com\/company\/volta-belting-technology\/","https:\/\/www.youtube.com\/user\/VOLTABELTING"]}]}},"_links":{"self":[{"href":"https:\/\/www.voltabelting.com\/fr\/wp-json\/wp\/v2\/pages\/14169","targetHints":{"allow":["GET"]}}],"collection":[{"href":"https:\/\/www.voltabelting.com\/fr\/wp-json\/wp\/v2\/pages"}],"about":[{"href":"https:\/\/www.voltabelting.com\/fr\/wp-json\/wp\/v2\/types\/page"}],"author":[{"embeddable":true,"href":"https:\/\/www.voltabelting.com\/fr\/wp-json\/wp\/v2\/users\/5"}],"replies":[{"embeddable":true,"href":"https:\/\/www.voltabelting.com\/fr\/wp-json\/wp\/v2\/comments?post=14169"}],"version-history":[{"count":0,"href":"https:\/\/www.voltabelting.com\/fr\/wp-json\/wp\/v2\/pages\/14169\/revisions"}],"wp:attachment":[{"href":"https:\/\/www.voltabelting.com\/fr\/wp-json\/wp\/v2\/media?parent=14169"}],"curies":[{"name":"wp","href":"https:\/\/api.w.org\/{rel}","templated":true}]}}