{"id":25116,"date":"2021-07-07T08:05:12","date_gmt":"2021-07-07T07:05:12","guid":{"rendered":"https:\/\/www.voltabelting.com\/?page_id=25116"},"modified":"2024-09-15T08:52:13","modified_gmt":"2024-09-15T07:52:13","slug":"technical-thank-you-vi","status":"publish","type":"page","link":"https:\/\/www.voltabelting.com\/vi\/technical-thank-you-vi\/","title":{"rendered":"Technical Thank you VI"},"content":{"rendered":"\t\t<div data-elementor-type=\"wp-page\" data-elementor-id=\"25116\" class=\"elementor elementor-25116 elementor-9841\" data-elementor-post-type=\"page\">\n\t\t\t\t\t\t<section class=\"elementor-section elementor-top-section elementor-element elementor-element-3c86013 elementor-section-height-min-height elementor-section-items-top elementor-section-boxed elementor-section-height-default\" data-id=\"3c86013\" data-element_type=\"section\" data-settings=\"{&quot;background_background&quot;:&quot;classic&quot;}\">\n\t\t\t\t\t\t\t<div class=\"elementor-background-overlay\"><\/div>\n\t\t\t\t\t\t\t<div class=\"elementor-container elementor-column-gap-default\">\n\t\t\t\t\t<div class=\"elementor-column elementor-col-100 elementor-top-column elementor-element elementor-element-e83a417\" data-id=\"e83a417\" data-element_type=\"column\">\n\t\t\t<div class=\"elementor-widget-wrap elementor-element-populated\">\n\t\t\t\t\t\t<div class=\"elementor-element elementor-element-cf48da3 elementor-hidden-phone elementor-widget elementor-widget-breadcrumbs\" data-id=\"cf48da3\" data-element_type=\"widget\" data-widget_type=\"breadcrumbs.default\">\n\t\t\t\t<div class=\"elementor-widget-container\">\n\t\t\t\t\t<p id=\"breadcrumbs\"><span><span><a href=\"https:\/\/www.voltabelting.com\/vi\/\">TRANG CH\u1ee6<\/a><\/span><\/span><\/p>\t\t\t\t<\/div>\n\t\t\t\t<\/div>\n\t\t\t\t<div class=\"elementor-element elementor-element-2cdad6c elementor-widget elementor-widget-heading\" data-id=\"2cdad6c\" data-element_type=\"widget\" data-widget_type=\"heading.default\">\n\t\t\t\t<div class=\"elementor-widget-container\">\n\t\t\t\t\t<h2 class=\"elementor-heading-title elementor-size-default\">C\u1ea3m \u01a1n!<\/h2>\t\t\t\t<\/div>\n\t\t\t\t<\/div>\n\t\t\t\t<div class=\"elementor-element elementor-element-3241cb3 elementor-widget__width-initial elementor-widget-tablet__width-initial elementor-widget elementor-widget-text-editor\" data-id=\"3241cb3\" data-element_type=\"widget\" data-widget_type=\"text-editor.default\">\n\t\t\t\t<div class=\"elementor-widget-container\">\n\t\t\t\t\t\t\t\t\t<p><span style=\"font-weight: 400;\">Th\u00f4ng \u0111i\u1ec7p c\u1ee7a b\u1ea1n \u0111\u00e3 \u0111\u01b0\u1ee3c nh\u1eadn. \u0110\u1ea1i di\u1ec7n c\u1ee7a ch\u00fang t\u00f4i s\u1ebd s\u1edbm li\u00ean h\u1ec7 l\u1ea1i v\u1edbi b\u1ea1n.<\/span><\/p>\t\t\t\t\t\t\t\t<\/div>\n\t\t\t\t<\/div>\n\t\t\t\t\t<\/div>\n\t\t<\/div>\n\t\t\t\t\t<\/div>\n\t\t<\/section>\n\t\t\t\t<section class=\"elementor-section elementor-top-section elementor-element elementor-element-aaf4c7e elementor-section-height-min-height elementor-section-items-top elementor-hidden-tablet elementor-hidden-mobile elementor-section-boxed elementor-section-height-default\" data-id=\"aaf4c7e\" data-element_type=\"section\" data-settings=\"{&quot;background_background&quot;:&quot;classic&quot;}\">\n\t\t\t\t\t\t\t<div class=\"elementor-background-overlay\"><\/div>\n\t\t\t\t\t\t\t<div class=\"elementor-container elementor-column-gap-default\">\n\t\t\t\t\t<div class=\"elementor-column elementor-col-50 elementor-top-column elementor-element elementor-element-8437f25\" data-id=\"8437f25\" data-element_type=\"column\">\n\t\t\t<div class=\"elementor-widget-wrap\">\n\t\t\t\t\t\t\t<\/div>\n\t\t<\/div>\n\t\t\t\t<div class=\"elementor-column elementor-col-50 elementor-top-column elementor-element elementor-element-5aaa470\" data-id=\"5aaa470\" data-element_type=\"column\">\n\t\t\t<div class=\"elementor-widget-wrap elementor-element-populated\">\n\t\t\t\t\t\t<section class=\"elementor-section elementor-inner-section elementor-element elementor-element-1390ec2 elementor-section-height-min-height elementor-section-boxed elementor-section-height-default\" data-id=\"1390ec2\" data-element_type=\"section\" data-settings=\"{&quot;background_background&quot;:&quot;classic&quot;}\">\n\t\t\t\t\t\t<div class=\"elementor-container elementor-column-gap-default\">\n\t\t\t\t\t<div class=\"elementor-column elementor-col-100 elementor-inner-column elementor-element elementor-element-3df071e\" data-id=\"3df071e\" data-element_type=\"column\" data-settings=\"{&quot;background_background&quot;:&quot;classic&quot;}\">\n\t\t\t<div class=\"elementor-widget-wrap elementor-element-populated\">\n\t\t\t\t\t\t<div class=\"elementor-element elementor-element-c6edd7d elementor-widget elementor-widget-heading\" data-id=\"c6edd7d\" data-element_type=\"widget\" data-widget_type=\"heading.default\">\n\t\t\t\t<div class=\"elementor-widget-container\">\n\t\t\t\t\t<h2 class=\"elementor-heading-title elementor-size-default\">Khi b\u1ea1n \u1edf \u0111\u00e2y, h\u00e3y xem gi\u1ea3i ph\u00e1p s\u00e1ng t\u1ea1o nh\u1ea5t cho ng\u00e0nh c\u1ee7a b\u1ea1n<\/h2>\t\t\t\t<\/div>\n\t\t\t\t<\/div>\n\t\t\t\t<div class=\"elementor-element elementor-element-1cb05bc elementor-align-right elementor-tablet-align-right elementor-widget__width-auto elementor-widget elementor-widget-button\" data-id=\"1cb05bc\" data-element_type=\"widget\" data-widget_type=\"button.default\">\n\t\t\t\t<div class=\"elementor-widget-container\">\n\t\t\t\t\t\t\t\t\t<div class=\"elementor-button-wrapper\">\n\t\t\t\t\t<a class=\"elementor-button elementor-button-link elementor-size-sm\" href=\"https:\/\/voltabelting.com\/vi\/category\/truong-hop-dien-hinh\/\">\n\t\t\t\t\t\t<span class=\"elementor-button-content-wrapper\">\n\t\t\t\t\t\t\t\t\t<span class=\"elementor-button-text\">Tr\u01b0\u1eddng h\u1ee3p \u0111i\u1ec3n h\u00ecnh<\/span>\n\t\t\t\t\t<\/span>\n\t\t\t\t\t<\/a>\n\t\t\t\t<\/div>\n\t\t\t\t\t\t\t\t<\/div>\n\t\t\t\t<\/div>\n\t\t\t\t\t<\/div>\n\t\t<\/div>\n\t\t\t\t\t<\/div>\n\t\t<\/section>\n\t\t\t\t\t<\/div>\n\t\t<\/div>\n\t\t\t\t\t<\/div>\n\t\t<\/section>\n\t\t\t\t<section class=\"elementor-section elementor-top-section elementor-element elementor-element-2276db3 elementor-section-height-min-height elementor-section-items-top elementor-hidden-desktop elementor-section-boxed elementor-section-height-default\" data-id=\"2276db3\" data-element_type=\"section\" data-settings=\"{&quot;background_background&quot;:&quot;gradient&quot;}\">\n\t\t\t\t\t\t\t<div class=\"elementor-background-overlay\"><\/div>\n\t\t\t\t\t\t\t<div class=\"elementor-container elementor-column-gap-default\">\n\t\t\t\t\t<div class=\"elementor-column elementor-col-50 elementor-top-column elementor-element elementor-element-92bc25a\" data-id=\"92bc25a\" data-element_type=\"column\">\n\t\t\t<div class=\"elementor-widget-wrap elementor-element-populated\">\n\t\t\t\t\t\t<div class=\"elementor-element elementor-element-4e4daff elementor-widget elementor-widget-image\" data-id=\"4e4daff\" data-element_type=\"widget\" data-widget_type=\"image.default\">\n\t\t\t\t<div class=\"elementor-widget-container\">\n\t\t\t\t\t\t\t\t\t\t\t\t\t\t\t<img fetchpriority=\"high\" decoding=\"async\" width=\"404\" height=\"319\" src=\"https:\/\/www.voltabelting.com\/wp-content\/uploads\/Box-icon-1.webp\" class=\"attachment-large size-large wp-image-32757\" alt=\"\" srcset=\"https:\/\/www.voltabelting.com\/wp-content\/uploads\/Box-icon-1.webp 404w, https:\/\/www.voltabelting.com\/wp-content\/uploads\/Box-icon-1-375x296.webp 375w\" sizes=\"(max-width: 404px) 100vw, 404px\" \/>\t\t\t\t\t\t\t\t\t\t\t\t\t\t\t<\/div>\n\t\t\t\t<\/div>\n\t\t\t\t\t<\/div>\n\t\t<\/div>\n\t\t\t\t<div class=\"elementor-column elementor-col-50 elementor-top-column elementor-element elementor-element-59195d0\" data-id=\"59195d0\" data-element_type=\"column\">\n\t\t\t<div class=\"elementor-widget-wrap elementor-element-populated\">\n\t\t\t\t\t\t<section class=\"elementor-section elementor-inner-section elementor-element elementor-element-35d6704 elementor-section-height-min-height elementor-section-boxed elementor-section-height-default\" data-id=\"35d6704\" data-element_type=\"section\" data-settings=\"{&quot;background_background&quot;:&quot;classic&quot;}\">\n\t\t\t\t\t\t<div class=\"elementor-container elementor-column-gap-default\">\n\t\t\t\t\t<div class=\"elementor-column elementor-col-100 elementor-inner-column elementor-element elementor-element-607d6c1\" data-id=\"607d6c1\" data-element_type=\"column\" data-settings=\"{&quot;background_background&quot;:&quot;classic&quot;}\">\n\t\t\t<div class=\"elementor-widget-wrap elementor-element-populated\">\n\t\t\t\t\t\t<div class=\"elementor-element elementor-element-f926415 elementor-widget elementor-widget-heading\" data-id=\"f926415\" data-element_type=\"widget\" data-widget_type=\"heading.default\">\n\t\t\t\t<div class=\"elementor-widget-container\">\n\t\t\t\t\t<h2 class=\"elementor-heading-title elementor-size-default\">Khi b\u1ea1n \u1edf \u0111\u00e2y, h\u00e3y xem gi\u1ea3i ph\u00e1p s\u00e1ng t\u1ea1o nh\u1ea5t cho ng\u00e0nh c\u1ee7a b\u1ea1n<\/h2>\t\t\t\t<\/div>\n\t\t\t\t<\/div>\n\t\t\t\t<div class=\"elementor-element elementor-element-6f3d9de elementor-align-right elementor-tablet-align-right elementor-widget__width-auto elementor-widget elementor-widget-button\" data-id=\"6f3d9de\" data-element_type=\"widget\" data-widget_type=\"button.default\">\n\t\t\t\t<div class=\"elementor-widget-container\">\n\t\t\t\t\t\t\t\t\t<div class=\"elementor-button-wrapper\">\n\t\t\t\t\t<a class=\"elementor-button elementor-button-link elementor-size-sm\" href=\"https:\/\/voltabelting.com\/case-studies\/\">\n\t\t\t\t\t\t<span class=\"elementor-button-content-wrapper\">\n\t\t\t\t\t\t\t\t\t<span class=\"elementor-button-text\">Tr\u01b0\u1eddng h\u1ee3p \u0111i\u1ec3n h\u00ecnh<\/span>\n\t\t\t\t\t<\/span>\n\t\t\t\t\t<\/a>\n\t\t\t\t<\/div>\n\t\t\t\t\t\t\t\t<\/div>\n\t\t\t\t<\/div>\n\t\t\t\t\t<\/div>\n\t\t<\/div>\n\t\t\t\t\t<\/div>\n\t\t<\/section>\n\t\t\t\t\t<\/div>\n\t\t<\/div>\n\t\t\t\t\t<\/div>\n\t\t<\/section>\n\t\t\t\t<section class=\"elementor-section elementor-top-section elementor-element elementor-element-42683a5 elementor-section-boxed elementor-section-height-default elementor-section-height-default\" data-id=\"42683a5\" data-element_type=\"section\">\n\t\t\t\t\t\t<div class=\"elementor-container elementor-column-gap-default\">\n\t\t\t\t\t<div class=\"elementor-column elementor-col-100 elementor-top-column elementor-element elementor-element-ec4d689\" data-id=\"ec4d689\" data-element_type=\"column\">\n\t\t\t<div class=\"elementor-widget-wrap elementor-element-populated\">\n\t\t\t\t\t\t<div class=\"elementor-element elementor-element-786503e elementor-align-center elementor-tablet-align-right elementor-widget elementor-widget-button\" data-id=\"786503e\" data-element_type=\"widget\" data-widget_type=\"button.default\">\n\t\t\t\t<div class=\"elementor-widget-container\">\n\t\t\t\t\t\t\t\t\t<div class=\"elementor-button-wrapper\">\n\t\t\t\t\t<a class=\"elementor-button elementor-button-link elementor-size-sm\" href=\"https:\/\/voltabelting.com\/vi\/\">\n\t\t\t\t\t\t<span class=\"elementor-button-content-wrapper\">\n\t\t\t\t\t\t\t\t\t<span class=\"elementor-button-text\">Tr\u1edf v\u1ec1 trang ch\u1ee7<\/span>\n\t\t\t\t\t<\/span>\n\t\t\t\t\t<\/a>\n\t\t\t\t<\/div>\n\t\t\t\t\t\t\t\t<\/div>\n\t\t\t\t<\/div>\n\t\t\t\t\t<\/div>\n\t\t<\/div>\n\t\t\t\t\t<\/div>\n\t\t<\/section>\n\t\t\t\t<\/div>\n\t\t","protected":false},"excerpt":{"rendered":"<p>C\u1ea3m \u01a1n! Th\u00f4ng \u0111i\u1ec7p c\u1ee7a b\u1ea1n \u0111\u00e3 \u0111\u01b0\u1ee3c nh\u1eadn. \u0110\u1ea1i di\u1ec7n c\u1ee7a ch\u00fang t\u00f4i s\u1ebd s\u1edbm li\u00ean h\u1ec7 l\u1ea1i v\u1edbi b\u1ea1n. Khi b\u1ea1n \u1edf \u0111\u00e2y, h\u00e3y xem gi\u1ea3i ph\u00e1p s\u00e1ng t\u1ea1o nh\u1ea5t cho ng\u00e0nh c\u1ee7a b\u1ea1n Tr\u01b0\u1eddng h\u1ee3p \u0111i\u1ec3n h\u00ecnh Khi b\u1ea1n \u1edf \u0111\u00e2y, h\u00e3y xem gi\u1ea3i ph\u00e1p s\u00e1ng t\u1ea1o nh\u1ea5t cho ng\u00e0nh c\u1ee7a b\u1ea1n [&hellip;]<\/p>\n","protected":false},"author":474,"featured_media":0,"parent":0,"menu_order":0,"comment_status":"closed","ping_status":"closed","template":"elementor_header_footer","meta":{"footnotes":""},"class_list":["post-25116","page","type-page","status-publish","hentry"],"yoast_head":"<!-- This site is optimized with the Yoast SEO plugin v26.0 - https:\/\/yoast.com\/wordpress\/plugins\/seo\/ -->\n<title>Technical Thank you VI - Volta Belting<\/title>\n<meta name=\"robots\" content=\"index, follow, max-snippet:-1, max-image-preview:large, max-video-preview:-1\" \/>\n<link rel=\"canonical\" href=\"https:\/\/www.voltabelting.com\/vi\/technical-thank-you-vi\/\" \/>\n<meta property=\"og:locale\" content=\"vi_VN\" \/>\n<meta property=\"og:type\" content=\"article\" \/>\n<meta property=\"og:title\" content=\"Technical Thank you VI - Volta Belting\" \/>\n<meta property=\"og:description\" content=\"C\u1ea3m \u01a1n! Th\u00f4ng \u0111i\u1ec7p c\u1ee7a b\u1ea1n \u0111\u00e3 \u0111\u01b0\u1ee3c nh\u1eadn. \u0110\u1ea1i di\u1ec7n c\u1ee7a ch\u00fang t\u00f4i s\u1ebd s\u1edbm li\u00ean h\u1ec7 l\u1ea1i v\u1edbi b\u1ea1n. Khi b\u1ea1n \u1edf \u0111\u00e2y, h\u00e3y xem gi\u1ea3i ph\u00e1p s\u00e1ng t\u1ea1o nh\u1ea5t cho ng\u00e0nh c\u1ee7a b\u1ea1n Tr\u01b0\u1eddng h\u1ee3p \u0111i\u1ec3n h\u00ecnh Khi b\u1ea1n \u1edf \u0111\u00e2y, h\u00e3y xem gi\u1ea3i ph\u00e1p s\u00e1ng t\u1ea1o nh\u1ea5t cho ng\u00e0nh c\u1ee7a b\u1ea1n [&hellip;]\" \/>\n<meta property=\"og:url\" content=\"https:\/\/www.voltabelting.com\/vi\/technical-thank-you-vi\/\" \/>\n<meta property=\"og:site_name\" content=\"Volta Belting\" \/>\n<meta property=\"article:publisher\" content=\"https:\/\/www.facebook.com\/BeltingTechnology\/\" \/>\n<meta property=\"article:modified_time\" content=\"2024-09-15T07:52:13+00:00\" \/>\n<meta property=\"og:image\" content=\"https:\/\/www.voltabelting.com\/wp-content\/uploads\/Box-icon-1.webp\" \/>\n<meta name=\"twitter:card\" content=\"summary_large_image\" \/>\n<meta name=\"twitter:label1\" content=\"Est. reading time\" \/>\n\t<meta name=\"twitter:data1\" content=\"1 minute\" \/>\n<script type=\"application\/ld+json\" class=\"yoast-schema-graph\">{\"@context\":\"https:\/\/schema.org\",\"@graph\":[{\"@type\":\"WebPage\",\"@id\":\"https:\/\/www.voltabelting.com\/vi\/technical-thank-you-vi\/\",\"url\":\"https:\/\/www.voltabelting.com\/vi\/technical-thank-you-vi\/\",\"name\":\"Technical Thank you VI - Volta Belting\",\"isPartOf\":{\"@id\":\"https:\/\/www.voltabelting.com\/vi\/#website\"},\"primaryImageOfPage\":{\"@id\":\"https:\/\/www.voltabelting.com\/vi\/technical-thank-you-vi\/#primaryimage\"},\"image\":{\"@id\":\"https:\/\/www.voltabelting.com\/vi\/technical-thank-you-vi\/#primaryimage\"},\"thumbnailUrl\":\"https:\/\/www.voltabelting.com\/wp-content\/uploads\/Box-icon-1.webp\",\"datePublished\":\"2021-07-07T07:05:12+00:00\",\"dateModified\":\"2024-09-15T07:52:13+00:00\",\"breadcrumb\":{\"@id\":\"https:\/\/www.voltabelting.com\/vi\/technical-thank-you-vi\/#breadcrumb\"},\"inLanguage\":\"vi-VN\",\"potentialAction\":[{\"@type\":\"ReadAction\",\"target\":[\"https:\/\/www.voltabelting.com\/vi\/technical-thank-you-vi\/\"]}]},{\"@type\":\"ImageObject\",\"inLanguage\":\"vi-VN\",\"@id\":\"https:\/\/www.voltabelting.com\/vi\/technical-thank-you-vi\/#primaryimage\",\"url\":\"https:\/\/www.voltabelting.com\/wp-content\/uploads\/Box-icon-1.webp\",\"contentUrl\":\"https:\/\/www.voltabelting.com\/wp-content\/uploads\/Box-icon-1.webp\"},{\"@type\":\"BreadcrumbList\",\"@id\":\"https:\/\/www.voltabelting.com\/vi\/technical-thank-you-vi\/#breadcrumb\",\"itemListElement\":[{\"@type\":\"ListItem\",\"position\":1,\"name\":\"TRANG CH\u1ee6\",\"item\":\"https:\/\/www.voltabelting.com\/vi\/\"},{\"@type\":\"ListItem\",\"position\":2,\"name\":\"Technical Thank you VI\"}]},{\"@type\":\"WebSite\",\"@id\":\"https:\/\/www.voltabelting.com\/vi\/#website\",\"url\":\"https:\/\/www.voltabelting.com\/vi\/\",\"name\":\"Volta Belting\",\"description\":\"The next step in belting\",\"publisher\":{\"@id\":\"https:\/\/www.voltabelting.com\/vi\/#organization\"},\"alternateName\":\"Volta Belting\",\"potentialAction\":[{\"@type\":\"SearchAction\",\"target\":{\"@type\":\"EntryPoint\",\"urlTemplate\":\"https:\/\/www.voltabelting.com\/vi\/?s={search_term_string}\"},\"query-input\":{\"@type\":\"PropertyValueSpecification\",\"valueRequired\":true,\"valueName\":\"search_term_string\"}}],\"inLanguage\":\"vi-VN\"},{\"@type\":\"Organization\",\"@id\":\"https:\/\/www.voltabelting.com\/vi\/#organization\",\"name\":\"Volta Belting\",\"alternateName\":\"Volta Belting - The next step in belting\",\"url\":\"https:\/\/www.voltabelting.com\/vi\/\",\"logo\":{\"@type\":\"ImageObject\",\"inLanguage\":\"vi-VN\",\"@id\":\"https:\/\/www.voltabelting.com\/vi\/#\/schema\/logo\/image\/\",\"url\":\"https:\/\/www.voltabelting.com\/wp-content\/uploads\/Logo.svg\",\"contentUrl\":\"https:\/\/www.voltabelting.com\/wp-content\/uploads\/Logo.svg\",\"caption\":\"Volta Belting\"},\"image\":{\"@id\":\"https:\/\/www.voltabelting.com\/vi\/#\/schema\/logo\/image\/\"},\"sameAs\":[\"https:\/\/www.facebook.com\/BeltingTechnology\/\",\"https:\/\/www.instagram.com\/voltabelting\/\",\"https:\/\/www.linkedin.com\/company\/volta-belting-technology\/\",\"https:\/\/www.youtube.com\/user\/VOLTABELTING\"]}]}<\/script>\n<!-- \/ Yoast SEO plugin. -->","yoast_head_json":{"title":"Technical Thank you VI - Volta Belting","robots":{"index":"index","follow":"follow","max-snippet":"max-snippet:-1","max-image-preview":"max-image-preview:large","max-video-preview":"max-video-preview:-1"},"canonical":"https:\/\/www.voltabelting.com\/vi\/technical-thank-you-vi\/","og_locale":"vi_VN","og_type":"article","og_title":"Technical Thank you VI - Volta Belting","og_description":"C\u1ea3m \u01a1n! Th\u00f4ng \u0111i\u1ec7p c\u1ee7a b\u1ea1n \u0111\u00e3 \u0111\u01b0\u1ee3c nh\u1eadn. \u0110\u1ea1i di\u1ec7n c\u1ee7a ch\u00fang t\u00f4i s\u1ebd s\u1edbm li\u00ean h\u1ec7 l\u1ea1i v\u1edbi b\u1ea1n. Khi b\u1ea1n \u1edf \u0111\u00e2y, h\u00e3y xem gi\u1ea3i ph\u00e1p s\u00e1ng t\u1ea1o nh\u1ea5t cho ng\u00e0nh c\u1ee7a b\u1ea1n Tr\u01b0\u1eddng h\u1ee3p \u0111i\u1ec3n h\u00ecnh Khi b\u1ea1n \u1edf \u0111\u00e2y, h\u00e3y xem gi\u1ea3i ph\u00e1p s\u00e1ng t\u1ea1o nh\u1ea5t cho ng\u00e0nh c\u1ee7a b\u1ea1n [&hellip;]","og_url":"https:\/\/www.voltabelting.com\/vi\/technical-thank-you-vi\/","og_site_name":"Volta Belting","article_publisher":"https:\/\/www.facebook.com\/BeltingTechnology\/","article_modified_time":"2024-09-15T07:52:13+00:00","og_image":[{"url":"https:\/\/www.voltabelting.com\/wp-content\/uploads\/Box-icon-1.webp","type":"","width":"","height":""}],"twitter_card":"summary_large_image","twitter_misc":{"Est. reading time":"1 minute"},"schema":{"@context":"https:\/\/schema.org","@graph":[{"@type":"WebPage","@id":"https:\/\/www.voltabelting.com\/vi\/technical-thank-you-vi\/","url":"https:\/\/www.voltabelting.com\/vi\/technical-thank-you-vi\/","name":"Technical Thank you VI - Volta Belting","isPartOf":{"@id":"https:\/\/www.voltabelting.com\/vi\/#website"},"primaryImageOfPage":{"@id":"https:\/\/www.voltabelting.com\/vi\/technical-thank-you-vi\/#primaryimage"},"image":{"@id":"https:\/\/www.voltabelting.com\/vi\/technical-thank-you-vi\/#primaryimage"},"thumbnailUrl":"https:\/\/www.voltabelting.com\/wp-content\/uploads\/Box-icon-1.webp","datePublished":"2021-07-07T07:05:12+00:00","dateModified":"2024-09-15T07:52:13+00:00","breadcrumb":{"@id":"https:\/\/www.voltabelting.com\/vi\/technical-thank-you-vi\/#breadcrumb"},"inLanguage":"vi-VN","potentialAction":[{"@type":"ReadAction","target":["https:\/\/www.voltabelting.com\/vi\/technical-thank-you-vi\/"]}]},{"@type":"ImageObject","inLanguage":"vi-VN","@id":"https:\/\/www.voltabelting.com\/vi\/technical-thank-you-vi\/#primaryimage","url":"https:\/\/www.voltabelting.com\/wp-content\/uploads\/Box-icon-1.webp","contentUrl":"https:\/\/www.voltabelting.com\/wp-content\/uploads\/Box-icon-1.webp"},{"@type":"BreadcrumbList","@id":"https:\/\/www.voltabelting.com\/vi\/technical-thank-you-vi\/#breadcrumb","itemListElement":[{"@type":"ListItem","position":1,"name":"TRANG CH\u1ee6","item":"https:\/\/www.voltabelting.com\/vi\/"},{"@type":"ListItem","position":2,"name":"Technical Thank you VI"}]},{"@type":"WebSite","@id":"https:\/\/www.voltabelting.com\/vi\/#website","url":"https:\/\/www.voltabelting.com\/vi\/","name":"Volta Belting","description":"The next step in belting","publisher":{"@id":"https:\/\/www.voltabelting.com\/vi\/#organization"},"alternateName":"Volta Belting","potentialAction":[{"@type":"SearchAction","target":{"@type":"EntryPoint","urlTemplate":"https:\/\/www.voltabelting.com\/vi\/?s={search_term_string}"},"query-input":{"@type":"PropertyValueSpecification","valueRequired":true,"valueName":"search_term_string"}}],"inLanguage":"vi-VN"},{"@type":"Organization","@id":"https:\/\/www.voltabelting.com\/vi\/#organization","name":"Volta Belting","alternateName":"Volta Belting - The next step in belting","url":"https:\/\/www.voltabelting.com\/vi\/","logo":{"@type":"ImageObject","inLanguage":"vi-VN","@id":"https:\/\/www.voltabelting.com\/vi\/#\/schema\/logo\/image\/","url":"https:\/\/www.voltabelting.com\/wp-content\/uploads\/Logo.svg","contentUrl":"https:\/\/www.voltabelting.com\/wp-content\/uploads\/Logo.svg","caption":"Volta Belting"},"image":{"@id":"https:\/\/www.voltabelting.com\/vi\/#\/schema\/logo\/image\/"},"sameAs":["https:\/\/www.facebook.com\/BeltingTechnology\/","https:\/\/www.instagram.com\/voltabelting\/","https:\/\/www.linkedin.com\/company\/volta-belting-technology\/","https:\/\/www.youtube.com\/user\/VOLTABELTING"]}]}},"_links":{"self":[{"href":"https:\/\/www.voltabelting.com\/vi\/wp-json\/wp\/v2\/pages\/25116","targetHints":{"allow":["GET"]}}],"collection":[{"href":"https:\/\/www.voltabelting.com\/vi\/wp-json\/wp\/v2\/pages"}],"about":[{"href":"https:\/\/www.voltabelting.com\/vi\/wp-json\/wp\/v2\/types\/page"}],"author":[{"embeddable":true,"href":"https:\/\/www.voltabelting.com\/vi\/wp-json\/wp\/v2\/users\/474"}],"replies":[{"embeddable":true,"href":"https:\/\/www.voltabelting.com\/vi\/wp-json\/wp\/v2\/comments?post=25116"}],"version-history":[{"count":0,"href":"https:\/\/www.voltabelting.com\/vi\/wp-json\/wp\/v2\/pages\/25116\/revisions"}],"wp:attachment":[{"href":"https:\/\/www.voltabelting.com\/vi\/wp-json\/wp\/v2\/media?parent=25116"}],"curies":[{"name":"wp","href":"https:\/\/api.w.org\/{rel}","templated":true}]}}